{"id":734,"date":"2022-03-22T15:17:02","date_gmt":"2022-03-22T18:17:02","guid":{"rendered":"https:\/\/www.ufsm.br\/cursos\/graduacao\/santa-maria\/fisica\/?page_id=734"},"modified":"2025-01-24T11:37:03","modified_gmt":"2025-01-24T14:37:03","slug":"laboratorios","status":"publish","type":"page","link":"https:\/\/www.ufsm.br\/cursos\/graduacao\/santa-maria\/fisica\/laboratorios","title":{"rendered":"Laborat\u00f3rios de Pesquisa"},"content":{"rendered":"\n<ul class=\"wp-block-list\">\n<li><a href=\"https:\/\/www.ufsm.br\/unidades-universitarias\/ccne\/grupos-academicos-do-ccne\/grupos-academicos-na-area-da-fisica\" target=\"_blank\" rel=\"noreferrer noopener\">Laborat\u00f3rio Computacional de Nanomateriais (LCN)<\/a><\/li>\n\n\n\n<li><a href=\"https:\/\/www.ufsm.br\/unidades-universitarias\/ccne\/grupos-academicos-do-ccne\/grupos-academicos-na-area-da-fisica\" target=\"_blank\" rel=\"noreferrer noopener\">Laborat\u00f3rio Coulomb de Eletrost\u00e1tica e Mecanoqu\u00edmica (LCEM)<\/a><\/li>\n\n\n\n<li><a href=\"https:\/\/www.ufsm.br\/unidades-universitarias\/ccne\/grupos-academicos-do-ccne\/grupos-academicos-na-area-da-fisica\" target=\"_blank\" rel=\"noreferrer noopener\">Laborat\u00f3rio de Espectroscopia e Pol\u00edmeros (LEPOL)<\/a><\/li>\n\n\n\n<li><a rel=\"noreferrer noopener\" href=\"https:\/\/www.ufsm.br\/laboratorios\/leelmat\/\" target=\"_blank\">Laborat\u00f3rio de Estrutura Eletr\u00f4nica dos Materiais (LEELMAT)<\/a><\/li>\n\n\n\n<li><a rel=\"noreferrer noopener\" href=\"http:\/\/sites.google.com\/site\/lmmmrs\/\" target=\"_blank\">Laborat\u00f3rio de Magnetismo e Materiais Magn\u00e9ticos (LMMM)<\/a><\/li>\n\n\n\n<li><a rel=\"noreferrer noopener\" href=\"https:\/\/www.ufsm.br\/laboratorios\/labtmc\/\" target=\"_blank\">Laborat\u00f3rio de Teoria da Mat\u00e9ria Condensada (LABTMC)<\/a><\/li>\n\n\n\n<li><a href=\"https:\/\/www.ufsm.br\/unidades-universitarias\/ccne\/grupos-academicos-do-ccne\/grupos-academicos-na-area-da-fisica\" target=\"_blank\" rel=\"noreferrer noopener\">Laborat\u00f3rio de Gases do Efeito Estufa (LabGEE)<\/a><\/li>\n<\/ul>\n","protected":false},"excerpt":{"rendered":"","protected":false},"author":4867,"featured_media":0,"parent":0,"menu_order":0,"comment_status":"closed","ping_status":"closed","template":"","meta":{"footnotes":""},"categories":[],"tags":[],"class_list":["post-734","page","type-page","status-publish","hentry"],"acf":[],"_links":{"self":[{"href":"https:\/\/www.ufsm.br\/cursos\/graduacao\/santa-maria\/fisica\/wp-json\/wp\/v2\/pages\/734","targetHints":{"allow":["GET"]}}],"collection":[{"href":"https:\/\/www.ufsm.br\/cursos\/graduacao\/santa-maria\/fisica\/wp-json\/wp\/v2\/pages"}],"about":[{"href":"https:\/\/www.ufsm.br\/cursos\/graduacao\/santa-maria\/fisica\/wp-json\/wp\/v2\/types\/page"}],"author":[{"embeddable":true,"href":"https:\/\/www.ufsm.br\/cursos\/graduacao\/santa-maria\/fisica\/wp-json\/wp\/v2\/users\/4867"}],"replies":[{"embeddable":true,"href":"https:\/\/www.ufsm.br\/cursos\/graduacao\/santa-maria\/fisica\/wp-json\/wp\/v2\/comments?post=734"}],"version-history":[{"count":0,"href":"https:\/\/www.ufsm.br\/cursos\/graduacao\/santa-maria\/fisica\/wp-json\/wp\/v2\/pages\/734\/revisions"}],"wp:attachment":[{"href":"https:\/\/www.ufsm.br\/cursos\/graduacao\/santa-maria\/fisica\/wp-json\/wp\/v2\/media?parent=734"}],"wp:term":[{"taxonomy":"category","embeddable":true,"href":"https:\/\/www.ufsm.br\/cursos\/graduacao\/santa-maria\/fisica\/wp-json\/wp\/v2\/categories?post=734"},{"taxonomy":"post_tag","embeddable":true,"href":"https:\/\/www.ufsm.br\/cursos\/graduacao\/santa-maria\/fisica\/wp-json\/wp\/v2\/tags?post=734"}],"curies":[{"name":"wp","href":"https:\/\/api.w.org\/{rel}","templated":true}]}}