{"id":737,"date":"2022-03-22T16:13:45","date_gmt":"2022-03-22T19:13:45","guid":{"rendered":"https:\/\/www.ufsm.br\/cursos\/graduacao\/santa-maria\/fisica\/?page_id=737"},"modified":"2025-03-13T09:40:47","modified_gmt":"2025-03-13T12:40:47","slug":"ensino-pesquisa-e-extensao","status":"publish","type":"page","link":"https:\/\/www.ufsm.br\/cursos\/graduacao\/santa-maria\/fisica\/ensino-pesquisa-e-extensao","title":{"rendered":"Grupos de Ensino e Pesquisa"},"content":{"rendered":"\n<ul class=\"wp-block-list\">\n<li><a href=\"https:\/\/ensinofisica.com\/\">Grupo de Ensino de F\u00edsica (GEF)<\/a><\/li>\n\n\n\n<li><a href=\"https:\/\/sites.google.com\/view\/gepecid\" target=\"_blank\" rel=\"noreferrer noopener\">Grupo de Estudos e Pesquisa Educa\u00e7\u00e3o em Ci\u00eancias em Di\u00e1logo (GEPECiD)<\/a><\/li>\n\n\n\n<li><a href=\"https:\/\/www.ufsm.br\/unidades-universitarias\/ccne\/grupos-academicos-do-ccne\/grupos-academicos-na-area-de-educacao\" target=\"_blank\" rel=\"noreferrer noopener\">Grupo de Pesquisa em Ensino e Aprendizagem de Ci\u00eancias e Matem\u00e1tica (GPEACIM)<\/a><\/li>\n\n\n\n<li><a href=\"https:\/\/www.ufsm.br\/unidades-universitarias\/ccne\/grupos-academicos-do-ccne\/grupos-academicos-na-area-de-educacao\" target=\"_blank\" rel=\"noreferrer noopener\">Grupo de Estudos e Pesquisas em TDIC &#8211; Ensino e Aprendizagem de Ci\u00eancias (GEPTDIC)<\/a><\/li>\n\n\n\n<li><a rel=\"noreferrer noopener\" href=\"https:\/\/www.ufsm.br\/grupos\/mpeac\" target=\"_blank\">M\u00e9todos e Processos de Ensino e Aprendizagem de Ci\u00eancias (MPEAC)<\/a><\/li>\n\n\n\n<li><a href=\"http:\/\/dgp.cnpq.br\/dgp\/espelhogrupo\/4789436474550785\" target=\"_blank\" rel=\"noreferrer noopener\">PRATFORM &#8211; Grupo de Estudos, Pesquisas e Interven\u00e7\u00f5es &#8220;Pr\u00e1ticas Educativas e Forma\u00e7\u00e3o de Professores&#8221;<\/a><\/li>\n\n\n\n<li><a href=\"http:\/\/dgp.cnpq.br\/dgp\/espelhogrupo\/8066704979218979\" target=\"_blank\" rel=\"noreferrer noopener\">DOCI\u00caNCIA &#8211; Grupo de Pesquisa em Pol\u00edticas Educacionais, Escola e Trabalho Docente<\/a><\/li>\n\n\n\n<li><a href=\"http:\/\/ufsm.br\/grupos\/ideia\" target=\"_blank\" rel=\"noreferrer noopener\">Grupo IDEIA &#8211; Educa\u00e7\u00e3o em Ci\u00eancias<\/a><\/li>\n\n\n\n<li><a rel=\"noreferrer noopener\" href=\"https:\/\/www.ufsm.br\/grupos\/astrofisica\/\" target=\"_blank\">Grupo de Astrof\u00edsica<\/a><\/li>\n\n\n\n<li><a rel=\"noreferrer noopener\" href=\"https:\/\/sites.google.com\/site\/qiepufsm\" target=\"_blank\">Grupo de Informa\u00e7\u00e3o Qu\u00e2ntica e Fen\u00f4menos Emergentes (GIQFE)<\/a><\/li>\n\n\n\n<li><a href=\"https:\/\/www.ufsm.br\/unidades-universitarias\/ccne\/grupos-academicos-do-ccne\/grupos-academicos-na-area-da-fisica\" target=\"_blank\" rel=\"noreferrer noopener\">Strong Interacting Matter in Extreme Environments (SIMEE)<\/a><\/li>\n<\/ul>\n","protected":false},"excerpt":{"rendered":"","protected":false},"author":4867,"featured_media":0,"parent":0,"menu_order":0,"comment_status":"closed","ping_status":"closed","template":"","meta":{"footnotes":""},"categories":[],"tags":[],"class_list":["post-737","page","type-page","status-publish","hentry"],"acf":[],"_links":{"self":[{"href":"https:\/\/www.ufsm.br\/cursos\/graduacao\/santa-maria\/fisica\/wp-json\/wp\/v2\/pages\/737","targetHints":{"allow":["GET"]}}],"collection":[{"href":"https:\/\/www.ufsm.br\/cursos\/graduacao\/santa-maria\/fisica\/wp-json\/wp\/v2\/pages"}],"about":[{"href":"https:\/\/www.ufsm.br\/cursos\/graduacao\/santa-maria\/fisica\/wp-json\/wp\/v2\/types\/page"}],"author":[{"embeddable":true,"href":"https:\/\/www.ufsm.br\/cursos\/graduacao\/santa-maria\/fisica\/wp-json\/wp\/v2\/users\/4867"}],"replies":[{"embeddable":true,"href":"https:\/\/www.ufsm.br\/cursos\/graduacao\/santa-maria\/fisica\/wp-json\/wp\/v2\/comments?post=737"}],"version-history":[{"count":0,"href":"https:\/\/www.ufsm.br\/cursos\/graduacao\/santa-maria\/fisica\/wp-json\/wp\/v2\/pages\/737\/revisions"}],"wp:attachment":[{"href":"https:\/\/www.ufsm.br\/cursos\/graduacao\/santa-maria\/fisica\/wp-json\/wp\/v2\/media?parent=737"}],"wp:term":[{"taxonomy":"category","embeddable":true,"href":"https:\/\/www.ufsm.br\/cursos\/graduacao\/santa-maria\/fisica\/wp-json\/wp\/v2\/categories?post=737"},{"taxonomy":"post_tag","embeddable":true,"href":"https:\/\/www.ufsm.br\/cursos\/graduacao\/santa-maria\/fisica\/wp-json\/wp\/v2\/tags?post=737"}],"curies":[{"name":"wp","href":"https:\/\/api.w.org\/{rel}","templated":true}]}}