{"id":758,"date":"2022-03-23T15:53:46","date_gmt":"2022-03-23T18:53:46","guid":{"rendered":"https:\/\/www.ufsm.br\/cursos\/graduacao\/santa-maria\/fisica\/?page_id=758"},"modified":"2025-12-01T09:18:36","modified_gmt":"2025-12-01T12:18:36","slug":"colegiado-2","status":"publish","type":"page","link":"https:\/\/www.ufsm.br\/cursos\/graduacao\/santa-maria\/fisica\/colegiado-2","title":{"rendered":"Colegiado"},"content":{"rendered":"\t\t<div data-elementor-type=\"wp-page\" data-elementor-id=\"758\" class=\"elementor elementor-758\">\n\t\t\t\t\t\t<section class=\"elementor-section elementor-top-section elementor-element elementor-element-745bf199 elementor-section-boxed elementor-section-height-default elementor-section-height-default\" data-id=\"745bf199\" data-element_type=\"section\">\n\t\t\t\t\t\t<div class=\"elementor-container elementor-column-gap-default\">\n\t\t\t\t\t<div class=\"elementor-column elementor-col-100 elementor-top-column elementor-element elementor-element-62b83187\" data-id=\"62b83187\" data-element_type=\"column\">\n\t\t\t<div class=\"elementor-widget-wrap elementor-element-populated\">\n\t\t\t\t\t\t<div class=\"elementor-element elementor-element-1496d0e7 elementor-widget elementor-widget-text-editor\" data-id=\"1496d0e7\" data-element_type=\"widget\" data-widget_type=\"text-editor.default\">\n\t\t\t\t<div class=\"elementor-widget-container\">\n\t\t\t\t\t\t\t<p class=\"has-medium-font-size\"><strong>ATRIBUI\u00c7\u00d5ES<\/strong><\/p>\n<p><!-- \/wp:paragraph --><!-- wp:paragraph --><\/p>\n<p>O colegiado de curso tem como fun\u00e7\u00e3o administrar e coordenar as atividades did\u00e1ticas relativas ao respectivo curso, estando suas atribui\u00e7\u00f5es espec\u00edficas regulamentadas pelo <a href=\"https:\/\/www.ufsm.br\/pro-reitorias\/proplan\/regimento-geral-da-ufsm-com-alteracoes-compiladas-pela-resolucao-n-016-2019\/\" target=\"_blank\" rel=\"noreferrer noopener\">Regimento Geral da UFSM<\/a>, artigo 94. Dessa forma, cabe ao colegiado do curso de F\u00edsica:<\/p>\n<p><!-- \/wp:paragraph --><!-- wp:paragraph --><\/p>\n<p>I \u2013 propor ao CEPE, por interm\u00e9dio do conselho do Centro de Ci\u00eancias Naturais e Exatas, os projetos pedag\u00f3gicos de curso, assim como as reformula\u00e7\u00f5es curriculares;<\/p>\n<p><!-- \/wp:paragraph --><!-- wp:paragraph --><\/p>\n<p>II \u2013 estabelecer a oferta de disciplina de cada per\u00edodo letivo, inclusive as Disciplinas Complementares de Gradua\u00e7\u00e3o \u2013 DCG;<\/p>\n<p><!-- \/wp:paragraph --><!-- wp:paragraph --><\/p>\n<p>III \u2013 acompanhar a implementa\u00e7\u00e3o dos Projetos Pedag\u00f3gicos de Curso;<\/p>\n<p><!-- \/wp:paragraph --><!-- wp:paragraph --><\/p>\n<p>IV \u2013 aprovar as Atividades Complementares de Gradua\u00e7\u00e3o \u2013 ACG;<\/p>\n<p><!-- \/wp:paragraph --><!-- wp:paragraph --><\/p>\n<p>V \u2013 propor a substitui\u00e7\u00e3o ou qualifica\u00e7\u00e3o de professores ou outras provid\u00eancias necess\u00e1rias \u00e0 melhoria do ensino ministrado;<\/p>\n<p><!-- \/wp:paragraph --><!-- wp:paragraph --><\/p>\n<p>VI \u2013 representar junto aos \u00f3rg\u00e3os competentes em caso de infra\u00e7\u00e3o disciplinar discente;<\/p>\n<p><!-- \/wp:paragraph --><!-- wp:paragraph --><\/p>\n<p>VII \u2013 deliberar sobre o aproveitamento de estudo, consultado o departamento respectivo, se necess\u00e1rio;<\/p>\n<p><!-- \/wp:paragraph --><!-- wp:paragraph --><\/p>\n<p>VIII \u2013 estabelecer, semestralmente, os crit\u00e9rios de sele\u00e7\u00e3o para preenchimento de vagas destinadas a ingresso, reingresso e transfer\u00eancias internas e externas;<\/p>\n<p><!-- \/wp:paragraph --><!-- wp:paragraph --><\/p>\n<p>IX \u2013 decidir sobre todos os aspectos da vida acad\u00eamica do corpo discente, tais como: adapta\u00e7\u00e3o curricular, matr\u00edcula, trancamento, op\u00e7\u00f5es, dispensas e cancelamento de matr\u00edcula, bem como estabelecer o controle da respectiva integraliza\u00e7\u00e3o curricular;<\/p>\n<p><!-- \/wp:paragraph --><!-- wp:paragraph --><\/p>\n<p>X \u2013 zelar para que os hor\u00e1rios das disciplinas sejam adequados \u00e0 sua natureza e do Curso;<\/p>\n<p><!-- \/wp:paragraph --><!-- wp:paragraph --><\/p>\n<p>XI \u2013 exercer as demais atribui\u00e7\u00f5es que lhe sejam previstas em lei ou estabelecidas pelo Conselho de Ensino, Pesquisa e Extens\u00e3o.<\/p>\n<p><!-- \/wp:paragraph --><!-- wp:paragraph --><\/p>\n<p>Das decis\u00f5es do colegiado do curso de F\u00edsica, cabe recurso em primeira inst\u00e2ncia ao conselho do Centro de Ci\u00eancias Naturais e Exatas e, posteriormente, ao Conselho de Ensino, Pesquisa e Extens\u00e3o.<\/p>\n<p><!-- \/wp:paragraph --><!-- wp:paragraph --><\/p>\n<p>O colegiado do curso de F\u00edsica se re\u00fane, ordinariamente, duas vezes por semestre ou, extraordinariamente, sempre que convocado pelo presidente ou maioria de seus membros, e deliberando somente com a maioria de seus membros, de acordo com o Artigo 95 do <a href=\"http:\/\/ufsm.br\/pro-reitorias\/proplan\/regimento-geral-da-ufsm-com-alteracoes-compiladas-pela-resolucao-n-016-2019\/\" target=\"_blank\" rel=\"noreferrer noopener\">Regimento Geral da UFSM<\/a>.<\/p>\n<p>\u00a0<\/p>\n<p><!-- \/wp:paragraph --><!-- wp:paragraph --><\/p>\n<p><!-- \/wp:paragraph --><!-- wp:paragraph {\"fontSize\":\"medium\"} --><\/p>\n<p class=\"has-medium-font-size\"><strong>MEMBROS (DOCENTES E DISCENTES)<\/strong><\/p>\n<p><!-- \/wp:paragraph --><!-- wp:paragraph --><\/p>\n<p>A portaria que designa os membros\u00a0<span style=\"color: #000000;font-size: 16px\">do colegiado do curso de F\u00edsica<\/span>\u00a0pode ser acessada clicando <strong><a href=\"https:\/\/drive.google.com\/file\/d\/1PR1orKyzfz8AJjlgsAyyC_acFo767HxK\/view?usp=sharing\" target=\"_blank\" rel=\"noreferrer noopener\">aqui<\/a><\/strong>.<\/p>\n<p>\u00a0<\/p>\n<p><!-- \/wp:paragraph --><!-- wp:paragraph --><\/p>\n<p><!-- \/wp:paragraph --><!-- wp:paragraph {\"fontSize\":\"medium\"} --><\/p>\n<p class=\"has-medium-font-size\"><strong>PAUTAS E ATAS<\/strong><\/p>\n<p><!-- \/wp:paragraph --><!-- wp:paragraph --><\/p>\n<p>As pautas e atas das reuni\u00f5es do colegiado do curso de F\u00edsica podem ser acessadas clicando <strong><a href=\"https:\/\/drive.google.com\/drive\/folders\/10VyO0_Pa0dfVsfALTmUQ53LnkFENkwlt?usp=sharing\" target=\"_blank\" rel=\"noreferrer noopener\">aqui<\/a><\/strong>.<\/p>\n<p><!-- \/wp:paragraph --><\/p>\t\t\t\t\t\t<\/div>\n\t\t\t\t<\/div>\n\t\t\t\t\t<\/div>\n\t\t<\/div>\n\t\t\t\t\t<\/div>\n\t\t<\/section>\n\t\t\t\t<\/div>\n\t\t","protected":false},"excerpt":{"rendered":"<p>ATRIBUI\u00c7\u00d5ES O colegiado de curso tem como fun\u00e7\u00e3o administrar e coordenar as atividades did\u00e1ticas relativas ao respectivo curso, estando suas atribui\u00e7\u00f5es espec\u00edficas regulamentadas pelo Regimento Geral da UFSM, artigo 94. Dessa forma, cabe ao colegiado do curso de F\u00edsica: I \u2013 propor ao CEPE, por interm\u00e9dio do conselho do Centro de Ci\u00eancias Naturais e Exatas, [&hellip;]<\/p>\n","protected":false},"author":4867,"featured_media":0,"parent":0,"menu_order":0,"comment_status":"closed","ping_status":"closed","template":"","meta":{"footnotes":""},"categories":[],"tags":[],"class_list":["post-758","page","type-page","status-publish","hentry"],"acf":[],"_links":{"self":[{"href":"https:\/\/www.ufsm.br\/cursos\/graduacao\/santa-maria\/fisica\/wp-json\/wp\/v2\/pages\/758","targetHints":{"allow":["GET"]}}],"collection":[{"href":"https:\/\/www.ufsm.br\/cursos\/graduacao\/santa-maria\/fisica\/wp-json\/wp\/v2\/pages"}],"about":[{"href":"https:\/\/www.ufsm.br\/cursos\/graduacao\/santa-maria\/fisica\/wp-json\/wp\/v2\/types\/page"}],"author":[{"embeddable":true,"href":"https:\/\/www.ufsm.br\/cursos\/graduacao\/santa-maria\/fisica\/wp-json\/wp\/v2\/users\/4867"}],"replies":[{"embeddable":true,"href":"https:\/\/www.ufsm.br\/cursos\/graduacao\/santa-maria\/fisica\/wp-json\/wp\/v2\/comments?post=758"}],"version-history":[{"count":0,"href":"https:\/\/www.ufsm.br\/cursos\/graduacao\/santa-maria\/fisica\/wp-json\/wp\/v2\/pages\/758\/revisions"}],"wp:attachment":[{"href":"https:\/\/www.ufsm.br\/cursos\/graduacao\/santa-maria\/fisica\/wp-json\/wp\/v2\/media?parent=758"}],"wp:term":[{"taxonomy":"category","embeddable":true,"href":"https:\/\/www.ufsm.br\/cursos\/graduacao\/santa-maria\/fisica\/wp-json\/wp\/v2\/categories?post=758"},{"taxonomy":"post_tag","embeddable":true,"href":"https:\/\/www.ufsm.br\/cursos\/graduacao\/santa-maria\/fisica\/wp-json\/wp\/v2\/tags?post=758"}],"curies":[{"name":"wp","href":"https:\/\/api.w.org\/{rel}","templated":true}]}}