{"id":760,"date":"2022-03-24T10:46:55","date_gmt":"2022-03-24T13:46:55","guid":{"rendered":"https:\/\/www.ufsm.br\/cursos\/graduacao\/santa-maria\/fisica\/?page_id=760"},"modified":"2025-01-24T10:33:25","modified_gmt":"2025-01-24T13:33:25","slug":"dispensa-de-disciplina","status":"publish","type":"page","link":"https:\/\/www.ufsm.br\/cursos\/graduacao\/santa-maria\/fisica\/dispensa-de-disciplina","title":{"rendered":"Dispensa de disciplina"},"content":{"rendered":"\n<p>A solicita\u00e7\u00e3o de dispensa de disciplinas \u00e9 realizada pelo discente a partir do sistema virtual de dispensa de disciplina de gradua\u00e7\u00e3o, que est\u00e1 dispon\u00edvel no <a href=\"https:\/\/portal.ufsm.br\/estudantil\/\" target=\"_blank\" rel=\"noreferrer noopener\">Portal Estudantil<\/a>, na aba \u201cAltera\u00e7\u00e3o Curricular&#8221;.<\/p>\n\n\n\n<p>A dispensa pode ser solicitada para disciplinas cursadas em cursos de mesmo n\u00edvel ou de n\u00edvel superior, internos ou externos \u00e0 UFSM.<\/p>\n\n\n\n<p>Antes de realizar a solicita\u00e7\u00e3o, \u00e9 importante a leitura do Cap\u00edtulo I da <a rel=\"noreferrer noopener\" href=\"https:\/\/www.ufsm.br\/orgaos-executivos\/derca\/wp-content\/uploads\/sites\/51\/2018\/08\/Resolu%C3%A7%C3%A3o-N.-025.2017-DISPENSA-DE-DISCIPLINAS-DE-GRADUA%C3%87%C3%83O.pdf\" target=\"_blank\">Resolu\u00e7\u00e3o N. 025\/2017 da UFSM<\/a>, que regulamenta o processo de dispensa de disciplinas de gradua\u00e7\u00e3o.<\/p>\n\n\n\n<p>Maiores informa\u00e7\u00f5es podem ser encontradas na p\u00e1gina <a href=\"https:\/\/www.ufsm.br\/pro-reitorias\/prograd\/cofre-corem\/dispensa-de-disciplinas\/\" target=\"_blank\" rel=\"noreferrer noopener\">Dispensa de Disciplina<\/a>, da PROGRAD. <\/p>\n\n\n\n<p>J\u00e1 o passo a passo para realizar a solicita\u00e7\u00e3o da dispensa est\u00e1 contido no <a href=\"https:\/\/www.ufsm.br\/pro-reitorias\/prograd\/cofre-corem\/dispensa-de-disciplinas-aluno\" target=\"_blank\" rel=\"noreferrer noopener\">Tutorial de Dispensa.<\/a><\/p>\n","protected":false},"excerpt":{"rendered":"<p>A solicita\u00e7\u00e3o de dispensa de disciplinas \u00e9 realizada pelo discente a partir do sistema virtual de dispensa de disciplina de gradua\u00e7\u00e3o, que est\u00e1 dispon\u00edvel no Portal Estudantil, na aba \u201cAltera\u00e7\u00e3o Curricular&#8221;. A dispensa pode ser solicitada para disciplinas cursadas em cursos de mesmo n\u00edvel ou de n\u00edvel superior, internos ou externos \u00e0 UFSM. Antes de [&hellip;]<\/p>\n","protected":false},"author":4867,"featured_media":0,"parent":0,"menu_order":0,"comment_status":"closed","ping_status":"closed","template":"","meta":{"footnotes":""},"categories":[],"tags":[],"class_list":["post-760","page","type-page","status-publish","hentry"],"acf":[],"_links":{"self":[{"href":"https:\/\/www.ufsm.br\/cursos\/graduacao\/santa-maria\/fisica\/wp-json\/wp\/v2\/pages\/760","targetHints":{"allow":["GET"]}}],"collection":[{"href":"https:\/\/www.ufsm.br\/cursos\/graduacao\/santa-maria\/fisica\/wp-json\/wp\/v2\/pages"}],"about":[{"href":"https:\/\/www.ufsm.br\/cursos\/graduacao\/santa-maria\/fisica\/wp-json\/wp\/v2\/types\/page"}],"author":[{"embeddable":true,"href":"https:\/\/www.ufsm.br\/cursos\/graduacao\/santa-maria\/fisica\/wp-json\/wp\/v2\/users\/4867"}],"replies":[{"embeddable":true,"href":"https:\/\/www.ufsm.br\/cursos\/graduacao\/santa-maria\/fisica\/wp-json\/wp\/v2\/comments?post=760"}],"version-history":[{"count":0,"href":"https:\/\/www.ufsm.br\/cursos\/graduacao\/santa-maria\/fisica\/wp-json\/wp\/v2\/pages\/760\/revisions"}],"wp:attachment":[{"href":"https:\/\/www.ufsm.br\/cursos\/graduacao\/santa-maria\/fisica\/wp-json\/wp\/v2\/media?parent=760"}],"wp:term":[{"taxonomy":"category","embeddable":true,"href":"https:\/\/www.ufsm.br\/cursos\/graduacao\/santa-maria\/fisica\/wp-json\/wp\/v2\/categories?post=760"},{"taxonomy":"post_tag","embeddable":true,"href":"https:\/\/www.ufsm.br\/cursos\/graduacao\/santa-maria\/fisica\/wp-json\/wp\/v2\/tags?post=760"}],"curies":[{"name":"wp","href":"https:\/\/api.w.org\/{rel}","templated":true}]}}