{"id":853,"date":"2025-01-24T15:26:48","date_gmt":"2025-01-24T18:26:48","guid":{"rendered":"https:\/\/www.ufsm.br\/cursos\/graduacao\/santa-maria\/fisica\/?page_id=853"},"modified":"2025-01-24T15:34:50","modified_gmt":"2025-01-24T18:34:50","slug":"atendimento-psicologico","status":"publish","type":"page","link":"https:\/\/www.ufsm.br\/cursos\/graduacao\/santa-maria\/fisica\/atendimento-psicologico","title":{"rendered":"Atendimento Psicol\u00f3gico"},"content":{"rendered":"\t\t<div data-elementor-type=\"wp-page\" data-elementor-id=\"853\" class=\"elementor elementor-853\">\n\t\t\t\t\t\t<section class=\"elementor-section elementor-top-section elementor-element elementor-element-9512058 elementor-section-boxed elementor-section-height-default elementor-section-height-default\" data-id=\"9512058\" data-element_type=\"section\">\n\t\t\t\t\t\t<div class=\"elementor-container elementor-column-gap-default\">\n\t\t\t\t\t<div class=\"elementor-column elementor-col-100 elementor-top-column elementor-element elementor-element-217db25a\" data-id=\"217db25a\" data-element_type=\"column\">\n\t\t\t<div class=\"elementor-widget-wrap elementor-element-populated\">\n\t\t\t\t\t\t<div class=\"elementor-element elementor-element-312c8ce0 elementor-widget elementor-widget-text-editor\" data-id=\"312c8ce0\" data-element_type=\"widget\" data-widget_type=\"text-editor.default\">\n\t\t\t\t<div class=\"elementor-widget-container\">\n\t\t\t\t\t\t\t<!-- wp:paragraph -->\n<p>A UFSM, atrav\u00e9s da Coordenadoria de A\u00e7\u00f5es Educacionais (CAEd), realiza a\u00e7\u00f5es de preven\u00e7\u00e3o e promo\u00e7\u00e3o \u00e0 sa\u00fade mental da comunidade acad\u00eamica. Nesse sentido, prop\u00f5e espa\u00e7os de escuta \u00e0s demandas dos estudantes e promove a\u00e7\u00f5es com as unidades acad\u00eamicas no que diz respeito \u00e0 tem\u00e1tica educa\u00e7\u00e3o e sa\u00fade na universidade.<\/p>\n<!-- \/wp:paragraph --><!-- wp:paragraph -->\n<p>As a\u00e7\u00f5es oferecidas s\u00e3o as seguintes:<\/p>\n<!-- \/wp:paragraph --><!-- wp:paragraph \/--><!-- wp:paragraph -->\n<ul>\n<li><strong>Grupos e oficinas em sa\u00fade mental<\/strong>: trata-se de inscri\u00e7\u00e3o para participa\u00e7\u00e3o em grupos coletivos e oficinas que contemplam demandas distintas. Os grupos e oficinas existentes, bem como os passos para realizar a inscri\u00e7\u00e3o, podem ser acessados clicando <strong><a href=\"https:\/\/www.ufsm.br\/pro-reitorias\/prograd\/caed\/servicos\/grupos-e-oficinas-em-saude-mental\" target=\"_blank\" rel=\"noreferrer noopener\">aqui<\/a><\/strong>.<\/li>\n<\/ul>\n<!-- \/wp:paragraph --><!-- wp:paragraph -->\n<ul>\n<li><strong>Solicita\u00e7\u00e3o de escuta psicol\u00f3gica de acolhimento em sa\u00fade mental<\/strong>: trata-se de inscri\u00e7\u00e3o para escuta psicol\u00f3gica individual de acolhimento \u00e0s demandas de sa\u00fade mental dos estudantes. Neste caso, \u00e9 preciso entrar em contato com a coordena\u00e7\u00e3o do curso de F\u00edsica, que far\u00e1 a solicita\u00e7\u00e3o \u00e0 CAEd.<\/li>\n<\/ul>\n<p>Mais informa\u00e7\u00f5es sobre as referidas a\u00e7\u00f5es podem ser acessadas no site da CAEd &#8211; UFSM, clicando <strong><a href=\"https:\/\/www.ufsm.br\/pro-reitorias\/prograd\/caed\/saude-mental\" target=\"_blank\" rel=\"noreferrer noopener\">aqui<\/a><\/strong>.<\/p>\n<p>\u00c9 importante destacar que essas a\u00e7\u00f5es s\u00e3o disponibilizada para estudantes da UFSM que estejam com a matr\u00edcula em situa\u00e7\u00e3o REGULAR. N\u00e3o podem estar em situa\u00e7\u00e3o de trancamento, abandono, cancelamento ou desligamento.<\/p>\n<p>No caso de estudantes que sejam moradores da Casa do Estudante Universit\u00e1rio (CEU), esses devem procurar o Setor de Aten\u00e7\u00e3o Integral ao Estudante (SATIE), vinculado \u00e0 Pr\u00f3-Reitoria de A\u00e7\u00f5es Estudantis (PRAE), que conta com uma equipe voltada ao trabalho em psicologia e assist\u00eancia social a este p\u00fablico espec\u00edfico. Mais informa\u00e7\u00f5es podem ser acessadas clicando <a href=\"https:\/\/www.ufsm.br\/pro-reitorias\/prae\/setor-de-atendimento-integral-ao-estudante-satie\" target=\"_blank\" rel=\"noopener\"><strong>aqui<\/strong><\/a>.<\/p>\n<!-- \/wp:paragraph --><!-- wp:paragraph \/--><!-- wp:paragraph -->\n<p>Em casos de urg\u00eancia\/emerg\u00eancia (alucina\u00e7\u00f5es, desorganiza\u00e7\u00e3o emocional intensa, com riscos para si ou para outros), orienta-se buscar um servi\u00e7o de pronto atendimento, como PA ou UPA 24h. Caso a urg\u00eancia esteja ocorrendo nas depend\u00eancias do campus da UFSM, deve-se acionar o <a href=\"https:\/\/www.ufsm.br\/servico-de-emergencia\" target=\"_blank\" rel=\"noopener\">Servi\u00e7o de Emerg\u00eancia Universit\u00e1rio (SEU)<\/a> pelo telefone (55) 99197-4769.<\/p>\n<!-- \/wp:paragraph --><!-- wp:paragraph \/--><!-- wp:paragraph \/-->\t\t\t\t\t\t<\/div>\n\t\t\t\t<\/div>\n\t\t\t\t\t<\/div>\n\t\t<\/div>\n\t\t\t\t\t<\/div>\n\t\t<\/section>\n\t\t\t\t<\/div>\n\t\t","protected":false},"excerpt":{"rendered":"<p>A UFSM, atrav\u00e9s da Coordenadoria de A\u00e7\u00f5es Educacionais (CAEd), realiza a\u00e7\u00f5es de preven\u00e7\u00e3o e promo\u00e7\u00e3o \u00e0 sa\u00fade mental da comunidade acad\u00eamica. Nesse sentido, prop\u00f5e espa\u00e7os de escuta \u00e0s demandas dos estudantes e promove a\u00e7\u00f5es com as unidades acad\u00eamicas no que diz respeito \u00e0 tem\u00e1tica educa\u00e7\u00e3o e sa\u00fade na universidade. As a\u00e7\u00f5es oferecidas s\u00e3o as seguintes: [&hellip;]<\/p>\n","protected":false},"author":4867,"featured_media":0,"parent":0,"menu_order":0,"comment_status":"closed","ping_status":"closed","template":"","meta":{"footnotes":""},"categories":[],"tags":[],"class_list":["post-853","page","type-page","status-publish","hentry"],"acf":[],"_links":{"self":[{"href":"https:\/\/www.ufsm.br\/cursos\/graduacao\/santa-maria\/fisica\/wp-json\/wp\/v2\/pages\/853","targetHints":{"allow":["GET"]}}],"collection":[{"href":"https:\/\/www.ufsm.br\/cursos\/graduacao\/santa-maria\/fisica\/wp-json\/wp\/v2\/pages"}],"about":[{"href":"https:\/\/www.ufsm.br\/cursos\/graduacao\/santa-maria\/fisica\/wp-json\/wp\/v2\/types\/page"}],"author":[{"embeddable":true,"href":"https:\/\/www.ufsm.br\/cursos\/graduacao\/santa-maria\/fisica\/wp-json\/wp\/v2\/users\/4867"}],"replies":[{"embeddable":true,"href":"https:\/\/www.ufsm.br\/cursos\/graduacao\/santa-maria\/fisica\/wp-json\/wp\/v2\/comments?post=853"}],"version-history":[{"count":0,"href":"https:\/\/www.ufsm.br\/cursos\/graduacao\/santa-maria\/fisica\/wp-json\/wp\/v2\/pages\/853\/revisions"}],"wp:attachment":[{"href":"https:\/\/www.ufsm.br\/cursos\/graduacao\/santa-maria\/fisica\/wp-json\/wp\/v2\/media?parent=853"}],"wp:term":[{"taxonomy":"category","embeddable":true,"href":"https:\/\/www.ufsm.br\/cursos\/graduacao\/santa-maria\/fisica\/wp-json\/wp\/v2\/categories?post=853"},{"taxonomy":"post_tag","embeddable":true,"href":"https:\/\/www.ufsm.br\/cursos\/graduacao\/santa-maria\/fisica\/wp-json\/wp\/v2\/tags?post=853"}],"curies":[{"name":"wp","href":"https:\/\/api.w.org\/{rel}","templated":true}]}}