{"id":861,"date":"2025-01-27T15:15:02","date_gmt":"2025-01-27T18:15:02","guid":{"rendered":"https:\/\/www.ufsm.br\/cursos\/graduacao\/santa-maria\/fisica\/?page_id=861"},"modified":"2025-01-27T16:52:46","modified_gmt":"2025-01-27T19:52:46","slug":"atividades-complementares-de-graduacao-acg","status":"publish","type":"page","link":"https:\/\/www.ufsm.br\/cursos\/graduacao\/santa-maria\/fisica\/atividades-complementares-de-graduacao-acg","title":{"rendered":"ACG"},"content":{"rendered":"\t\t<div data-elementor-type=\"wp-page\" data-elementor-id=\"861\" class=\"elementor elementor-861\">\n\t\t\t\t\t\t<section class=\"elementor-section elementor-top-section elementor-element elementor-element-55df9a7 elementor-section-boxed elementor-section-height-default elementor-section-height-default\" data-id=\"55df9a7\" data-element_type=\"section\">\n\t\t\t\t\t\t<div class=\"elementor-container elementor-column-gap-default\">\n\t\t\t\t\t<div class=\"elementor-column elementor-col-100 elementor-top-column elementor-element elementor-element-171e4ea\" data-id=\"171e4ea\" data-element_type=\"column\">\n\t\t\t<div class=\"elementor-widget-wrap elementor-element-populated\">\n\t\t\t\t\t\t<div class=\"elementor-element elementor-element-a544dbc elementor-widget elementor-widget-text-editor\" data-id=\"a544dbc\" data-element_type=\"widget\" data-widget_type=\"text-editor.default\">\n\t\t\t\t<div class=\"elementor-widget-container\">\n\t\t\t\t\t\t\t<p><strong><span style=\"font-size: 18pt\">CARACTERIZA\u00c7\u00c3O<\/span><\/strong><\/p><p>De acordo com a <a href=\"https:\/\/www.ufsm.br\/pro-reitorias\/proplan\/resolucao-n-025-2017\" target=\"_blank\" rel=\"noopener\">Resolu\u00e7\u00e3o N. 025\/2017<\/a> da UFSM, entende-se Atividade Complementar de Gradua\u00e7\u00e3o (ACG) como aquelas atividades pertinentes e \u00fateis para a forma\u00e7\u00e3o humana e profissional do acad\u00eamico, aceitas para compor a carga hor\u00e1ria necess\u00e1ria, prevista no Projeto Pedag\u00f3gico de Curso.<\/p><p>S\u00e3o consideradas ACGs:<\/p><ul><li>participa\u00e7\u00e3o em eventos cient\u00edficos;<\/li><li>est\u00e1gios extracurriculares;<\/li><li>atividades de inicia\u00e7\u00e3o cient\u00edfica e de pesquisa;<\/li><li>atividades de inicia\u00e7\u00e3o \u00e0 doc\u00eancia;<\/li><li>publica\u00e7\u00e3o de trabalhos;<\/li><li>participa\u00e7\u00e3o em \u00f3rg\u00e3os colegiados;<\/li><li>monitoria; e<\/li><li>participa\u00e7\u00e3o em Movimento Estudantil, mediante comprova\u00e7\u00e3o atrav\u00e9s de declara\u00e7\u00e3o da diretoria do respectivo DA ou do DCE.<\/li><\/ul><p>\u00a0<\/p><p><strong><span style=\"font-size: 18pt\">REGISTRO<\/span><\/strong><\/p><p>O registro de ACGs precisa ser solicitado pelo(a) discente via <a href=\"https:\/\/portal.ufsm.br\/estudantil\/\" target=\"_blank\" rel=\"noopener\">Portal Estudantil<\/a>. O tutorial para essa solicita\u00e7\u00e3o pode ser acessado clicando <a href=\"https:\/\/www.ufsm.br\/pro-reitorias\/prograd\/cofre-corem\/solicitacao-de-registro-de-acg\" target=\"_blank\" rel=\"noopener\"><strong>aqui<\/strong><\/a>. Esse registro pode ser solicitado a qualquer tempo, considerando apenas a necessidade de o(a) discente ter cursado, com aprova\u00e7\u00e3o, pelo menos 50% da carga hor\u00e1ria do curso.<\/p><p>No \u00e2mbito dos cursos de F\u00edsica (bacharelado, licenciatura integral e licenciatura noturno), \u00e9 exigida uma carga hor\u00e1ria m\u00ednima de 100 (cem) horas de ACGs.<\/p><p>\u00a0<\/p><p><strong><span style=\"font-size: 18pt\">EQUIVAL\u00caNCIA DE CARGA HOR\u00c1RIA<\/span><\/strong><\/p><p>Em linhas gerais, 1 hora de atividade realizada equivale \u00e0 1 hora de ACG. As exce\u00e7\u00f5es s\u00e3o as seguintes:<\/p><ul><li>publica\u00e7\u00e3o de artigo como primeiro(a) autor(a): 100 h de ACG. Caso o(a) discente n\u00e3o seja primeiro(a) autor(a), a carga hor\u00e1ria ser\u00e1 100 h\/p, em que <strong>p<\/strong> corresponde \u00e0 ordem de autoria do(a) discente. Por exemplo, se o(a) discente for segundo autor(a), ent\u00e3o o artigo publicado valer\u00e1 50 h de ACG;<\/li><li>apresenta\u00e7\u00e3o de trabalho em evento: 25 h de ACG;<\/li><li>coautoria de trabalho apresentado em evento: 25 h\/p horas de ACG,\u00a0em que <strong>p<\/strong> corresponde \u00e0 ordem de autoria do(a) discente. Se a autoria for em ordem alfab\u00e9tica, o(a) orientador(a) deve informar a ordem de autoria do(a) discente.<\/li><\/ul>\t\t\t\t\t\t<\/div>\n\t\t\t\t<\/div>\n\t\t\t\t\t<\/div>\n\t\t<\/div>\n\t\t\t\t\t<\/div>\n\t\t<\/section>\n\t\t\t\t<\/div>\n\t\t","protected":false},"excerpt":{"rendered":"<p>CARACTERIZA\u00c7\u00c3O De acordo com a Resolu\u00e7\u00e3o N. 025\/2017 da UFSM, entende-se Atividade Complementar de Gradua\u00e7\u00e3o (ACG) como aquelas atividades pertinentes e \u00fateis para a forma\u00e7\u00e3o humana e profissional do acad\u00eamico, aceitas para compor a carga hor\u00e1ria necess\u00e1ria, prevista no Projeto Pedag\u00f3gico de Curso. S\u00e3o consideradas ACGs: participa\u00e7\u00e3o em eventos cient\u00edficos; est\u00e1gios extracurriculares; atividades de inicia\u00e7\u00e3o [&hellip;]<\/p>\n","protected":false},"author":4867,"featured_media":0,"parent":0,"menu_order":0,"comment_status":"closed","ping_status":"closed","template":"","meta":{"footnotes":""},"categories":[],"tags":[],"class_list":["post-861","page","type-page","status-publish","hentry"],"acf":[],"_links":{"self":[{"href":"https:\/\/www.ufsm.br\/cursos\/graduacao\/santa-maria\/fisica\/wp-json\/wp\/v2\/pages\/861","targetHints":{"allow":["GET"]}}],"collection":[{"href":"https:\/\/www.ufsm.br\/cursos\/graduacao\/santa-maria\/fisica\/wp-json\/wp\/v2\/pages"}],"about":[{"href":"https:\/\/www.ufsm.br\/cursos\/graduacao\/santa-maria\/fisica\/wp-json\/wp\/v2\/types\/page"}],"author":[{"embeddable":true,"href":"https:\/\/www.ufsm.br\/cursos\/graduacao\/santa-maria\/fisica\/wp-json\/wp\/v2\/users\/4867"}],"replies":[{"embeddable":true,"href":"https:\/\/www.ufsm.br\/cursos\/graduacao\/santa-maria\/fisica\/wp-json\/wp\/v2\/comments?post=861"}],"version-history":[{"count":0,"href":"https:\/\/www.ufsm.br\/cursos\/graduacao\/santa-maria\/fisica\/wp-json\/wp\/v2\/pages\/861\/revisions"}],"wp:attachment":[{"href":"https:\/\/www.ufsm.br\/cursos\/graduacao\/santa-maria\/fisica\/wp-json\/wp\/v2\/media?parent=861"}],"wp:term":[{"taxonomy":"category","embeddable":true,"href":"https:\/\/www.ufsm.br\/cursos\/graduacao\/santa-maria\/fisica\/wp-json\/wp\/v2\/categories?post=861"},{"taxonomy":"post_tag","embeddable":true,"href":"https:\/\/www.ufsm.br\/cursos\/graduacao\/santa-maria\/fisica\/wp-json\/wp\/v2\/tags?post=861"}],"curies":[{"name":"wp","href":"https:\/\/api.w.org\/{rel}","templated":true}]}}