{"id":880,"date":"2025-01-30T10:44:42","date_gmt":"2025-01-30T13:44:42","guid":{"rendered":"https:\/\/www.ufsm.br\/cursos\/graduacao\/santa-maria\/fisica\/?page_id=880"},"modified":"2025-07-21T17:22:40","modified_gmt":"2025-07-21T20:22:40","slug":"pre-requisitos","status":"publish","type":"page","link":"https:\/\/www.ufsm.br\/cursos\/graduacao\/santa-maria\/fisica\/pre-requisitos","title":{"rendered":"Pr\u00e9-Requisitos"},"content":{"rendered":"\t\t<div data-elementor-type=\"wp-page\" data-elementor-id=\"880\" class=\"elementor elementor-880\">\n\t\t\t\t\t\t<section class=\"elementor-section elementor-top-section elementor-element elementor-element-f44e437 elementor-section-boxed elementor-section-height-default elementor-section-height-default\" data-id=\"f44e437\" data-element_type=\"section\">\n\t\t\t\t\t\t<div class=\"elementor-container elementor-column-gap-default\">\n\t\t\t\t\t<div class=\"elementor-column elementor-col-100 elementor-top-column elementor-element elementor-element-1a15f1b9\" data-id=\"1a15f1b9\" data-element_type=\"column\">\n\t\t\t<div class=\"elementor-widget-wrap elementor-element-populated\">\n\t\t\t\t\t\t<div class=\"elementor-element elementor-element-470b73b5 elementor-widget elementor-widget-text-editor\" data-id=\"470b73b5\" data-element_type=\"widget\" data-widget_type=\"text-editor.default\">\n\t\t\t\t<div class=\"elementor-widget-container\">\n\t\t\t\t\t\t\t<!-- wp:paragraph -->\n<p><strong>DISCIPLINAS COM PR\u00c9-REQUISITO<\/strong><\/p>\n<p>Antes de realizar a solicita\u00e7\u00e3o de matr\u00edcula em disciplinas, \u00e9 recomendado que o(a) discente verifique a <a href=\"https:\/\/www.ufsm.br\/cursos\/graduacao\/santa-maria\/fisica\/informacoes-do-curriculo\" target=\"_blank\" rel=\"noopener\">grade curricular<\/a> de pr\u00e9-requisitos de acesso \u00e0s demais disciplinas.<\/p>\n<p>No \u00e2mbito do curso de bacharelado em F\u00edsica, n\u00e3o existem pr\u00e9-requisitos cadastrados.<\/p>\n<p>J\u00e1 nos cursos de licenciatura em F\u00edsica (integral e noturno), as disciplinas com pr\u00e9-requisitos s\u00e3o as seguintes:<\/p>\n<ul>\n<li>Livro Did\u00e1tico (FSC1170)<\/li>\n<li>Experimentos em Sala de Aula (FSC1181)<\/li>\n<li>Metodologia Para Ensino de Ci\u00eancias (MEN1305)<\/li>\n<li>Planejamentos de Ensino e Extens\u00e3o (FSC1171)<\/li>\n<li>Pr\u00e1ticas de Ensino de Ci\u00eancias (FSC1183)<\/li>\n<li>Pr\u00e1ticas de Ensino de F\u00edsica (FSC1172)<\/li>\n<li>Est\u00e1gio Supervisionado em Ensino de Ci\u00eancias A (FSC1182)<\/li>\n<li>Est\u00e1gio Supervisionado em Ensino de Ci\u00eancias B (FSC1184)<\/li>\n<li>Est\u00e1gio Supervisionado em Ensino de F\u00edsica A (FSC1186)<\/li>\n<li>Est\u00e1gio Supervisionado em Ensino de F\u00edsica B (FSC1187)<\/li>\n<li>Trabalho de Conclus\u00e3o do Curso (FSC1188)<\/li>\n<\/ul>\n<p>\u00a0<\/p>\n<p><strong>QUEBRA DE PR\u00c9-REQUISITO<\/strong><\/p>\n<p>Conforme consta na <a href=\"https:\/\/www.ufsm.br\/app\/uploads\/sites\/450\/2025\/01\/Ata-N-005-2024_colegiado.pdf\" target=\"_blank\" rel=\"noopener\">Ata N\u00ba 005\/2024<\/a> da reuni\u00e3o do Colegiado dos Cursos de F\u00edsica da UFSM, o(a) discente poder\u00e1 solicitar a quebra de pr\u00e9-requisito, que ser\u00e1 analisada de acordo com as diretrizes abaixo:<\/p>\n<ul>\n<li>A condi\u00e7\u00e3o necess\u00e1ria para a aprova\u00e7\u00e3o da solicita\u00e7\u00e3o de quebra de pr\u00e9-requisito \u00e9: ter cursado e n\u00e3o ter reprova\u00e7\u00e3o por frequ\u00eancia na(s) disciplina(s) que \u00e9(s\u00e3o) pr\u00e9-requisito(s) da disciplina solicitada.<\/li>\n<li>A matr\u00edcula na disciplina solicitada depender\u00e1 da exist\u00eancia de vaga.<\/li>\n<li>Em caso de reprova\u00e7\u00e3o na disciplina solicitada, o(a) discente perder\u00e1 o direito de fazer nova solicita\u00e7\u00e3o.<\/li>\n<li>No decorrer do curso, o(a) discente poder\u00e1 ter deferido, no m\u00e1ximo, tr\u00eas (03) processos de quebra de pr\u00e9-requisitos.<\/li>\n<\/ul>\n<p>\u00a0<\/p>\n<p><strong>COMO SOLICITAR<\/strong><\/p>\n<p>As solicita\u00e7\u00f5es de quebra de pr\u00e9-requisito poder\u00e3o ser enviadas pelo PEN-SIE at\u00e9 o final da primeira semana do respectivo semestre letivo, considerando o calend\u00e1rio acad\u00eamico vigente.<\/p>\n<p>No caso de mais de uma solicita\u00e7\u00e3o, cada uma delas dever\u00e1 ser feita separadamente.<\/p>\n<p>Para fazer a solicita\u00e7\u00e3o, o(a) discente precisa seguir as etapas descritas abaixo:<\/p>\n<ol>\n<li>Verificar as disciplinas que s\u00e3o pr\u00e9-requisitos no site do curso, no item \u201c<a href=\"https:\/\/www.ufsm.br\/cursos\/graduacao\/santa-maria\/fisica\/informacoes-do-curriculo\" target=\"_blank\" rel=\"noopener\">Informa\u00e7\u00f5es Curriculares<\/a>\u201d;<\/li>\n<li>Acessar o <a href=\"https:\/\/portal.ufsm.br\/documentos\/usuario\/documento\/form.html\" target=\"_blank\" rel=\"noopener\">Portal de Documentos<\/a> da UFSM, fazer o login e abrir um Novo Processo Eletr\u00f4nico;<\/li>\n<li>No campo \u201cTipo documental\u201d, realizar a busca textual e selecionar a op\u00e7\u00e3o \u2018Processo de quebra de pr\u00e9-requisitos de gradua\u00e7\u00e3o (125.22)\u2019. O campo \u201cProced\u00eancia\u201d ser\u00e1 preenchido automaticamente com seu nome.<\/li>\n<li>Em \u201cDescri\u00e7\u00e3o\u201d, informar o c\u00f3digo e o nome da disciplina para a qual est\u00e1 solicitando quebra de pr\u00e9-requisito.<\/li>\n<li>Na pr\u00f3xima tela, \u00e9 preciso incluir o arquivo com o <a href=\"https:\/\/www.ufsm.br\/app\/uploads\/sites\/450\/2025\/01\/Formulario-de-solicitacao-1.docx\" target=\"_blank\" rel=\"noopener\">Formul\u00e1rio de solicita\u00e7\u00e3o de quebra de pr\u00e9-requisito<\/a>, devidamente preenchido e em formato .pdf.<\/li>\n<li>Esse documento precisa ser assinado eletronicamente. Para se cadastrar (caso o(a) discente n\u00e3o tenha cadastrado sua assinatura eletr\u00f4nica), \u00e9 preciso seguir o <a href=\"https:\/\/www.ufsm.br\/orgaos-suplementares\/dag\/pen\/apoio-ao-usuario\/tutorial-assinatura-do-termo-de-concordancia-assinatura-eletronica-cadastrada-no-sie\" target=\"_blank\" rel=\"noopener\">Tutorial de Assinatura do Termo de Concord\u00e2ncia &#8211; Assinatura Eletr\u00f4nica<\/a>;<\/li>\n<li>Uma vez assinado o documento, \u00e9 preciso clicar em \u201cTramitar\u201d, de modo a tramitar o processo para a Divis\u00e3o de Protocolo, que se encarrega de encaminhar o processo para a coordena\u00e7\u00e3o do curso.<\/li>\n<li>Ap\u00f3s a an\u00e1lise da coordena\u00e7\u00e3o, o(a) discente receber\u00e1 de volta o processo eletr\u00f4nico, no qual ir\u00e1 constar, no despacho final, o parecer quanto ao pedido de quebra de pr\u00e9-requisito.<\/li>\n<li>Estando ciente do parecer, o(a) discente tramita o processo para a Coordena\u00e7\u00e3o do Curso de F\u00edsica, que se encarrega de encaminhar o processo para arquivamento.<\/li>\n<\/ol>\n<!-- \/wp:paragraph -->\t\t\t\t\t\t<\/div>\n\t\t\t\t<\/div>\n\t\t\t\t\t<\/div>\n\t\t<\/div>\n\t\t\t\t\t<\/div>\n\t\t<\/section>\n\t\t\t\t<\/div>\n\t\t","protected":false},"excerpt":{"rendered":"<p>DISCIPLINAS COM PR\u00c9-REQUISITO Antes de realizar a solicita\u00e7\u00e3o de matr\u00edcula em disciplinas, \u00e9 recomendado que o(a) discente verifique a grade curricular de pr\u00e9-requisitos de acesso \u00e0s demais disciplinas. No \u00e2mbito do curso de bacharelado em F\u00edsica, n\u00e3o existem pr\u00e9-requisitos cadastrados. J\u00e1 nos cursos de licenciatura em F\u00edsica (integral e noturno), as disciplinas com pr\u00e9-requisitos s\u00e3o [&hellip;]<\/p>\n","protected":false},"author":4867,"featured_media":0,"parent":0,"menu_order":0,"comment_status":"closed","ping_status":"closed","template":"","meta":{"footnotes":""},"categories":[],"tags":[],"class_list":["post-880","page","type-page","status-publish","hentry"],"acf":[],"_links":{"self":[{"href":"https:\/\/www.ufsm.br\/cursos\/graduacao\/santa-maria\/fisica\/wp-json\/wp\/v2\/pages\/880","targetHints":{"allow":["GET"]}}],"collection":[{"href":"https:\/\/www.ufsm.br\/cursos\/graduacao\/santa-maria\/fisica\/wp-json\/wp\/v2\/pages"}],"about":[{"href":"https:\/\/www.ufsm.br\/cursos\/graduacao\/santa-maria\/fisica\/wp-json\/wp\/v2\/types\/page"}],"author":[{"embeddable":true,"href":"https:\/\/www.ufsm.br\/cursos\/graduacao\/santa-maria\/fisica\/wp-json\/wp\/v2\/users\/4867"}],"replies":[{"embeddable":true,"href":"https:\/\/www.ufsm.br\/cursos\/graduacao\/santa-maria\/fisica\/wp-json\/wp\/v2\/comments?post=880"}],"version-history":[{"count":0,"href":"https:\/\/www.ufsm.br\/cursos\/graduacao\/santa-maria\/fisica\/wp-json\/wp\/v2\/pages\/880\/revisions"}],"wp:attachment":[{"href":"https:\/\/www.ufsm.br\/cursos\/graduacao\/santa-maria\/fisica\/wp-json\/wp\/v2\/media?parent=880"}],"wp:term":[{"taxonomy":"category","embeddable":true,"href":"https:\/\/www.ufsm.br\/cursos\/graduacao\/santa-maria\/fisica\/wp-json\/wp\/v2\/categories?post=880"},{"taxonomy":"post_tag","embeddable":true,"href":"https:\/\/www.ufsm.br\/cursos\/graduacao\/santa-maria\/fisica\/wp-json\/wp\/v2\/tags?post=880"}],"curies":[{"name":"wp","href":"https:\/\/api.w.org\/{rel}","templated":true}]}}