{"id":29,"date":"2018-01-18T09:10:07","date_gmt":"2018-01-18T11:10:07","guid":{"rendered":"https:\/\/www.ufsm.br\/cursos\/graduacao\/nutricao\/12352\/?page_id=29"},"modified":"2018-12-18T08:37:09","modified_gmt":"2018-12-18T10:37:09","slug":"contato","status":"publish","type":"page","link":"https:\/\/www.ufsm.br\/cursos\/graduacao\/santa-maria\/fisioterapia\/contato","title":{"rendered":"Contato"},"content":{"rendered":"\n<div>Universidade Federal de Santa Maria<br \/>Centro de Ci\u00eancias da Sa\u00fade &#8211; Pr\u00e9dio 26 A<br \/><strong>Sala 1430<\/strong><\/div>\n<div>Faixa de Camobi, Km 09 &#8211; Campus Universit\u00e1rio\u00a0<br \/>Santa Maria\/RS \u2013 97105-900<\/div>\n<div>\u00a0<\/div>\n<div>(55)\u00a03220-8479<\/div>\n<div><span id=\"cloakbce1d3778f23bc52a845dd7225451637\"><a href=\"mailto:fisioufsm@gmail.com\">fisioufsm@gmail.com<\/a><\/span>\u00a0<\/div>\n","protected":false},"excerpt":{"rendered":"<p>Universidade Federal de Santa MariaCentro de Ci\u00eancias da Sa\u00fade &#8211; Pr\u00e9dio 26 ASala 1430 Faixa de Camobi, Km 09 &#8211; Campus Universit\u00e1rio\u00a0Santa Maria\/RS \u2013 97105-900 \u00a0 (55)\u00a03220-8479 fisioufsm@gmail.com\u00a0<\/p>\n","protected":false},"author":8,"featured_media":0,"parent":0,"menu_order":0,"comment_status":"closed","ping_status":"closed","template":"","meta":{"footnotes":""},"categories":[],"tags":[],"class_list":["post-29","page","type-page","status-publish","hentry"],"acf":[],"_links":{"self":[{"href":"https:\/\/www.ufsm.br\/cursos\/graduacao\/santa-maria\/fisioterapia\/wp-json\/wp\/v2\/pages\/29","targetHints":{"allow":["GET"]}}],"collection":[{"href":"https:\/\/www.ufsm.br\/cursos\/graduacao\/santa-maria\/fisioterapia\/wp-json\/wp\/v2\/pages"}],"about":[{"href":"https:\/\/www.ufsm.br\/cursos\/graduacao\/santa-maria\/fisioterapia\/wp-json\/wp\/v2\/types\/page"}],"author":[{"embeddable":true,"href":"https:\/\/www.ufsm.br\/cursos\/graduacao\/santa-maria\/fisioterapia\/wp-json\/wp\/v2\/users\/8"}],"replies":[{"embeddable":true,"href":"https:\/\/www.ufsm.br\/cursos\/graduacao\/santa-maria\/fisioterapia\/wp-json\/wp\/v2\/comments?post=29"}],"version-history":[{"count":0,"href":"https:\/\/www.ufsm.br\/cursos\/graduacao\/santa-maria\/fisioterapia\/wp-json\/wp\/v2\/pages\/29\/revisions"}],"wp:attachment":[{"href":"https:\/\/www.ufsm.br\/cursos\/graduacao\/santa-maria\/fisioterapia\/wp-json\/wp\/v2\/media?parent=29"}],"wp:term":[{"taxonomy":"category","embeddable":true,"href":"https:\/\/www.ufsm.br\/cursos\/graduacao\/santa-maria\/fisioterapia\/wp-json\/wp\/v2\/categories?post=29"},{"taxonomy":"post_tag","embeddable":true,"href":"https:\/\/www.ufsm.br\/cursos\/graduacao\/santa-maria\/fisioterapia\/wp-json\/wp\/v2\/tags?post=29"}],"curies":[{"name":"wp","href":"https:\/\/api.w.org\/{rel}","templated":true}]}}