{"id":365,"date":"2019-04-02T14:48:28","date_gmt":"2019-04-02T17:48:28","guid":{"rendered":"https:\/\/www.ufsm.br\/cursos\/graduacao\/santa-maria\/fonoaudiologia\/?page_id=365"},"modified":"2022-07-13T15:58:15","modified_gmt":"2022-07-13T18:58:15","slug":"grupos-de-pesquisa","status":"publish","type":"page","link":"https:\/\/www.ufsm.br\/cursos\/graduacao\/santa-maria\/fonoaudiologia\/grupos-de-pesquisa","title":{"rendered":"Grupos de Pesquisa"},"content":{"rendered":"<p><\/p>\n\n\n<\/p>\n<ul>\n<li><a style=\"font-size: 1rem;background-color: var(--bs-body-bg);text-align: var(--bs-body-text-align)\" href=\"https:\/\/www.ufsm.br\/cursos\/graduacao\/santa-maria\/fonoaudiologia\/wp-content\/uploads\/sites\/440\/2019\/04\/GEAAC-3.pdf\">Grupo de Eletrofisiologia da Audi\u00e7\u00e3o e Avalia\u00e7\u00e3o Comportamental &#8211; Prof\u00aa Michele<\/a><\/li>\n<li><a style=\"font-size: 1rem;background-color: var(--bs-body-bg);text-align: var(--bs-body-text-align)\" href=\"https:\/\/www.ufsm.br\/cursos\/graduacao\/santa-maria\/fonoaudiologia\/wp-content\/uploads\/sites\/440\/2019\/04\/Escrita-Site-Curso-de-Fono-LOE.pdf\">Laborat\u00f3rio de Otoneurologia &#8211; Prof\u00aa Valdete<\/a><\/li>\n<\/ul>\n<p>\u00a0<\/p>\n<p>Para saber o processo seletivo para participar de cada grupo fa\u00e7a contato com o coordenador do projeto. Observe se o arquivo j\u00e1 cont\u00e9m as informa\u00e7\u00f5es de pesquisa e extens\u00e3o.<\/p>\n<p>\n\n\n<p><\/p>","protected":false},"excerpt":{"rendered":"<p>Grupo de Eletrofisiologia da Audi\u00e7\u00e3o e Avalia\u00e7\u00e3o Comportamental &#8211; Prof\u00aa Michele Laborat\u00f3rio de Otoneurologia &#8211; Prof\u00aa Valdete \u00a0 Para saber o processo seletivo para participar de cada grupo fa\u00e7a contato com o coordenador do projeto. Observe se o arquivo j\u00e1 cont\u00e9m as informa\u00e7\u00f5es de pesquisa e extens\u00e3o.<\/p>\n","protected":false},"author":723,"featured_media":0,"parent":0,"menu_order":0,"comment_status":"closed","ping_status":"closed","template":"","meta":{"footnotes":""},"categories":[],"tags":[],"class_list":["post-365","page","type-page","status-publish","hentry"],"acf":[],"_links":{"self":[{"href":"https:\/\/www.ufsm.br\/cursos\/graduacao\/santa-maria\/fonoaudiologia\/wp-json\/wp\/v2\/pages\/365","targetHints":{"allow":["GET"]}}],"collection":[{"href":"https:\/\/www.ufsm.br\/cursos\/graduacao\/santa-maria\/fonoaudiologia\/wp-json\/wp\/v2\/pages"}],"about":[{"href":"https:\/\/www.ufsm.br\/cursos\/graduacao\/santa-maria\/fonoaudiologia\/wp-json\/wp\/v2\/types\/page"}],"author":[{"embeddable":true,"href":"https:\/\/www.ufsm.br\/cursos\/graduacao\/santa-maria\/fonoaudiologia\/wp-json\/wp\/v2\/users\/723"}],"replies":[{"embeddable":true,"href":"https:\/\/www.ufsm.br\/cursos\/graduacao\/santa-maria\/fonoaudiologia\/wp-json\/wp\/v2\/comments?post=365"}],"version-history":[{"count":0,"href":"https:\/\/www.ufsm.br\/cursos\/graduacao\/santa-maria\/fonoaudiologia\/wp-json\/wp\/v2\/pages\/365\/revisions"}],"wp:attachment":[{"href":"https:\/\/www.ufsm.br\/cursos\/graduacao\/santa-maria\/fonoaudiologia\/wp-json\/wp\/v2\/media?parent=365"}],"wp:term":[{"taxonomy":"category","embeddable":true,"href":"https:\/\/www.ufsm.br\/cursos\/graduacao\/santa-maria\/fonoaudiologia\/wp-json\/wp\/v2\/categories?post=365"},{"taxonomy":"post_tag","embeddable":true,"href":"https:\/\/www.ufsm.br\/cursos\/graduacao\/santa-maria\/fonoaudiologia\/wp-json\/wp\/v2\/tags?post=365"}],"curies":[{"name":"wp","href":"https:\/\/api.w.org\/{rel}","templated":true}]}}