{"id":432,"date":"2019-04-02T17:17:25","date_gmt":"2019-04-02T20:17:25","guid":{"rendered":"https:\/\/www.ufsm.br\/cursos\/graduacao\/santa-maria\/fonoaudiologia\/?page_id=432"},"modified":"2019-04-02T17:20:46","modified_gmt":"2019-04-02T20:20:46","slug":"demais-documentos","status":"publish","type":"page","link":"https:\/\/www.ufsm.br\/cursos\/graduacao\/santa-maria\/fonoaudiologia\/demais-documentos","title":{"rendered":"Demais documentos"},"content":{"rendered":"\n<p><strong>Boletins SBFa<\/strong><\/p>\n<p><a href=\"https:\/\/www.ufsm.br\/cursos\/graduacao\/santa-maria\/fonoaudiologia\/wp-content\/uploads\/sites\/440\/2019\/04\/boletim-n68-2018.pdf\">Boletim Informativo &#8211; N\u00ba 68 \/ Outubro de 2018 &#8211; Departamento de Linguagem<\/a><\/p>\n<p>\u00a0<\/p>\n<p><strong>Ata de Exame<\/strong><\/p>\n<p>Voc\u00ea pode fazer o download de um modelo de Ata de Exame <strong><a href=\"https:\/\/www.ufsm.br\/cursos\/graduacao\/santa-maria\/fonoaudiologia\/wp-content\/uploads\/sites\/440\/2019\/04\/Ata-de-exame.pdf\">clicando aqui<\/a>.<\/strong><\/p>\n<p>\u00a0<\/p>\n<p><strong>Interc\u00e2mbio<\/strong><\/p>\n<p><a href=\"https:\/\/www.ufsm.br\/cursos\/graduacao\/santa-maria\/fonoaudiologia\/wp-content\/uploads\/sites\/440\/2019\/04\/CONVOCATRIA_Alunos_UFSM__BILATERAIS__2018.1.pdf\">Interc\u00e2mbio<\/a><\/p>\n<p><a href=\"https:\/\/www.ufsm.br\/cursos\/graduacao\/santa-maria\/fonoaudiologia\/wp-content\/uploads\/sites\/440\/2019\/04\/EDITAL-INTERCAMBIO-UTALCA-2017-2018.pdf\">Interc\u00e2mbio Talca &#8211; Edital<\/a><\/p>\n<p>\u00a0<\/p>\n<p><strong>Disciplinas Obrigat\u00f3rias<\/strong><\/p>\n<ul>\n<li>A matriz curricular, com a sequ\u00eancia aconselhada das disciplinas para as turmas at\u00e9 2020, pode ser acessada <strong><a href=\"https:\/\/www.ufsm.br\/cursos\/graduacao\/santa-maria\/fonoaudiologia\/wp-content\/uploads\/sites\/440\/2019\/04\/matrizcurricular.pdf\">clicando aqui<\/a><\/strong>.<\/li>\n<li>A matriz curricular, com a sequ\u00eancia aconselhada das disciplinas para as turmas de 2021 em diante, pode ser acessada <a href=\"https:\/\/www.ufsm.br\/cursos\/graduacao\/santa-maria\/fonoaudiologia\/wp-content\/uploads\/sites\/440\/2019\/04\/matriz-curricular-2021-em-diante.pdf\"><strong>clicando aqui<\/strong>.<\/a><\/li>\n<li>A lista com os pr\u00e9-requisitos das disciplinas obrigat\u00f3rias pode ser acessada <a href=\"https:\/\/www.ufsm.br\/cursos\/graduacao\/santa-maria\/fonoaudiologia\/wp-content\/uploads\/sites\/440\/2019\/04\/Pre-requisitos-curriculo-2018.pdf\"><strong>clicando aqui<\/strong>.<\/a><\/li>\n<li>A lista com as equival\u00eancias do curr\u00edculo de 2011 para 2018 pode ser acessada<strong> <a href=\"https:\/\/www.ufsm.br\/cursos\/graduacao\/santa-maria\/fonoaudiologia\/wp-content\/uploads\/sites\/440\/2019\/04\/Equivalencia-atualizada.pdf\">clicando aqui.<\/a><\/strong><\/li>\n<li><strong><a href=\"https:\/\/www.ufsm.br\/cursos\/graduacao\/santa-maria\/fonoaudiologia\/wp-content\/uploads\/sites\/440\/2019\/04\/Termo-de-notificao.pdf\">Termo de notifica\u00e7\u00e3o de integraliza\u00e7\u00e3o curricular<\/a>.<\/strong><\/li>\n<\/ul>\n<p>\u00a0<\/p>\n<p><strong>Atividades Complementares de Gradua\u00e7\u00e3o (ACG)<\/strong><\/p>\n<p><a href=\"https:\/\/www.ufsm.br\/cursos\/graduacao\/santa-maria\/fonoaudiologia\/wp-content\/uploads\/sites\/440\/2019\/04\/Planilha-acgs-resumida-14-de-setembro-2018.pdf\">Planilha de ACG&#8217;s para solicita\u00e7\u00f5es ao Colegiado do Curso<\/a><\/p>\n<p><a href=\"https:\/\/www.ufsm.br\/cursos\/graduacao\/santa-maria\/fonoaudiologia\/wp-content\/uploads\/sites\/440\/2019\/04\/Planilha-acgs-explicada-14-de-setembro-2018.pdf\">Planilha de ACG&#8217;S com explica\u00e7\u00f5es<\/a><\/p>\n<p>\u00a0<\/p>\n<p><strong>Disciplinas Complementares de Gradua\u00e7\u00e3o (DCG)<\/strong><\/p>\n<p><a href=\"https:\/\/www.ufsm.br\/cursos\/graduacao\/santa-maria\/fonoaudiologia\/wp-content\/uploads\/sites\/440\/2019\/04\/Manual-Dispensa-Online.pdf\">Manual Dispensa online<\/a><\/p>\n<p><a href=\"https:\/\/www.ufsm.br\/cursos\/graduacao\/santa-maria\/fonoaudiologia\/wp-content\/uploads\/sites\/440\/2019\/04\/Dispensa.pdf\">Requerimento de dispensa ou aproveitamento de disciplina<\/a><\/p>\n<p><a href=\"https:\/\/www.ufsm.br\/cursos\/graduacao\/santa-maria\/fonoaudiologia\/wp-content\/uploads\/sites\/440\/2019\/04\/Dcgs-aceitas-pelo-curso-fono-site.pdf\">Lista de DCGs aceitas pelo Curso de Fonoaudiologia<\/a><\/p>\n<p><a href=\"https:\/\/www.ufsm.br\/cursos\/graduacao\/santa-maria\/fonoaudiologia\/wp-content\/uploads\/sites\/440\/2019\/04\/Tpicos-adicionais-em-fono-site.pdf\">T\u00f3picos Adicionais em Fonoaudiologia<\/a><\/p>\n<p><a href=\"https:\/\/www.ufsm.br\/cursos\/graduacao\/santa-maria\/fonoaudiologia\/wp-content\/uploads\/sites\/440\/2019\/04\/Disciplinas-do-Curso-que-podem-ser-usadas-como-DCG-ou-aproveitamento-2019-1-sem.pdf\">Disciplinas do Curso de Fonoaudiologia que podem ser usadas como DCG ou para aproveitamento de disciplinas por alunos de outros cursos<\/a><\/p>\n<p><a href=\"https:\/\/www.ufsm.br\/cursos\/graduacao\/santa-maria\/fonoaudiologia\/wp-content\/uploads\/sites\/440\/2019\/04\/Tpicos-adicionais-em-fono-site.pdf\">Resolu\u00e7\u00e3o N. 027\/99 &#8211; Cria\u00e7\u00e3o de DCG<\/a><\/p>\n<p>\u00a0<\/p>\n<p>\u00a0<\/p>\n<p>\u00a0<\/p>\n<p>\u00a0<\/p>\n<p>\u00a0<\/p>\n<p>\u00a0<\/p>\n<p>\u00a0<\/p>\n","protected":false},"excerpt":{"rendered":"<p>Boletins SBFa Boletim Informativo &#8211; N\u00ba 68 \/ Outubro de 2018 &#8211; Departamento de Linguagem \u00a0 Ata de Exame Voc\u00ea pode fazer o download de um modelo de Ata de Exame clicando aqui. \u00a0 Interc\u00e2mbio Interc\u00e2mbio Interc\u00e2mbio Talca &#8211; Edital \u00a0 Disciplinas Obrigat\u00f3rias A matriz curricular, com a sequ\u00eancia aconselhada das disciplinas para as turmas [&hellip;]<\/p>\n","protected":false},"author":723,"featured_media":0,"parent":0,"menu_order":0,"comment_status":"closed","ping_status":"closed","template":"","meta":{"footnotes":""},"categories":[],"tags":[],"class_list":["post-432","page","type-page","status-publish","hentry"],"acf":[],"_links":{"self":[{"href":"https:\/\/www.ufsm.br\/cursos\/graduacao\/santa-maria\/fonoaudiologia\/wp-json\/wp\/v2\/pages\/432","targetHints":{"allow":["GET"]}}],"collection":[{"href":"https:\/\/www.ufsm.br\/cursos\/graduacao\/santa-maria\/fonoaudiologia\/wp-json\/wp\/v2\/pages"}],"about":[{"href":"https:\/\/www.ufsm.br\/cursos\/graduacao\/santa-maria\/fonoaudiologia\/wp-json\/wp\/v2\/types\/page"}],"author":[{"embeddable":true,"href":"https:\/\/www.ufsm.br\/cursos\/graduacao\/santa-maria\/fonoaudiologia\/wp-json\/wp\/v2\/users\/723"}],"replies":[{"embeddable":true,"href":"https:\/\/www.ufsm.br\/cursos\/graduacao\/santa-maria\/fonoaudiologia\/wp-json\/wp\/v2\/comments?post=432"}],"version-history":[{"count":0,"href":"https:\/\/www.ufsm.br\/cursos\/graduacao\/santa-maria\/fonoaudiologia\/wp-json\/wp\/v2\/pages\/432\/revisions"}],"wp:attachment":[{"href":"https:\/\/www.ufsm.br\/cursos\/graduacao\/santa-maria\/fonoaudiologia\/wp-json\/wp\/v2\/media?parent=432"}],"wp:term":[{"taxonomy":"category","embeddable":true,"href":"https:\/\/www.ufsm.br\/cursos\/graduacao\/santa-maria\/fonoaudiologia\/wp-json\/wp\/v2\/categories?post=432"},{"taxonomy":"post_tag","embeddable":true,"href":"https:\/\/www.ufsm.br\/cursos\/graduacao\/santa-maria\/fonoaudiologia\/wp-json\/wp\/v2\/tags?post=432"}],"curies":[{"name":"wp","href":"https:\/\/api.w.org\/{rel}","templated":true}]}}