{"id":157,"date":"2018-12-05T16:36:00","date_gmt":"2018-12-05T18:36:00","guid":{"rendered":"https:\/\/www.ufsm.br\/cursos\/graduacao\/santa-maria\/geografia\/?page_id=157"},"modified":"2018-12-05T16:36:01","modified_gmt":"2018-12-05T18:36:01","slug":"carreiras","status":"publish","type":"page","link":"https:\/\/www.ufsm.br\/cursos\/graduacao\/santa-maria\/geografia\/carreiras","title":{"rendered":"Carreiras"},"content":{"rendered":"<p><strong>O BACHAREL EM GEOGRAFIA<\/strong><\/p>\n<p>Ge\u00f3grafo\u00a0\u00e9 o profissional cuja \u00e1rea de estudo \u00e9 a intera\u00e7\u00e3o entre a natureza e a sociedade. O Bacharel possui habilita\u00e7\u00e3o para trabalhar com estudos ambientais, planejamento regional, mapeamentos e diversas outras atribui\u00e7\u00f5es. Este profissional possui suas atribui\u00e7\u00f5es definidas pela Lei Federal n\u00b0 6.664 de 1979 e o \u00f3rg\u00e3o que fiscaliza a atua\u00e7\u00e3o profissional no Brasil \u00e9 o CONFEA e suas regionais CREAs.<\/p>\n<p>Os Ge\u00f3grafos s\u00e3o historicamente conhecidos como profissionais ou cientistas que elaboram mapas\u00a0<a title=\"Mapas\" href=\"http:\/\/pt.wikipedia.org\/wiki\/Mapas\">\u00a0<\/a>que mais especificamente \u00e9 a \u00e1rea de estudo chamada de cartografia, um dos temas da Geografia, assim como a climatologia e a geomorfologia. Os estudos de um Ge\u00f3grafo n\u00e3o s\u00e3o apenas os detalhes f\u00edsicos do ambiente, mas tamb\u00e9m seus impactos sobre as pessoas e sobre a natureza, percorrendo a ecologia, o clima e os padr\u00f5es naturais de cada localiza\u00e7\u00e3o, sem contar a economia e tamb\u00e9m a cultura<a title=\"Cultura\" href=\"http:\/\/pt.wikipedia.org\/wiki\/Cultura\">\u00a0<\/a>. Esses estudos s\u00e3o muitas vezes especialmente centrados nas rela\u00e7\u00f5es entre estes elementos.<\/p>\n<p>Os Ge\u00f3grafos identificam, analisam e interpretam a distribui\u00e7\u00e3o e disposi\u00e7\u00e3o das formas e de outras caracter\u00edsticas da superf\u00edcie terrestre. Os mais modernos ge\u00f3grafos est\u00e3o frequentemente envolvidos na resolu\u00e7\u00e3o de problemas ambientais (aquecimento global, por exemplo).<\/p>\n<p>O mercado de trabalho est\u00e1 muito aquecido e em constante crescimento para os Ge\u00f3grafos em fun\u00e7\u00e3o da crescente preocupa\u00e7\u00e3o da sociedade com o meio ambiente. As transforma\u00e7\u00f5es ambientais despertaram a sociedade para a necessidade planejamento de sua atua\u00e7\u00e3o sobre o meio em que vive.<\/p>\n<p>Deslizamentos de terra, enchentes, esgotamentos de recursos, polui\u00e7\u00e3o das \u00e1guas e do ar s\u00e3o preocupa\u00e7\u00f5es da sociedade atual. O Ge\u00f3grafo \u00e9 um dos profissionais que trabalha para solucionar essas quest\u00f5es e planejar a melhor ocupa\u00e7\u00e3o do espa\u00e7o pelo homem. Os Ge\u00f3grafos trabalham em ag\u00eancias p\u00fablicas e privadas (que lidam com impactos ambientais), planejamento e gest\u00e3o ambiental e territorial. Pode-se destacar a atua\u00e7\u00e3o dos Ge\u00f3grafos em institui\u00e7\u00f5es como o IBGE, Minist\u00e9rio do Planejamento, Ag\u00eancia Nacional de \u00c1guas e diversos \u00f3rg\u00e3os estaduais e municipais no setor p\u00fablico e tamb\u00e9m em empresas de engenharia, consultoria ambiental, gest\u00e3o ambiental, geomarketing entre outras no setor privado.<\/p>\n<p>A famosa pintura, intitulada\u00a0<i>O Ge\u00f3grafo<\/i>, de Johannes Vermeer \u00e9 muitas vezes ligada ao astr\u00f4nomo Vermeer. Essa pintura representa a crescente influ\u00eancia e o aumento da proemin\u00eancia da investiga\u00e7\u00e3o cient\u00edfica na Europa<a title=\"Europa\" href=\"http:\/\/pt.wikipedia.org\/wiki\/Europa\">\u00a0<\/a>\u00a0na \u00e9poca em que fora pintada, entre 1668 e 1669.<\/p>\n<p>&nbsp;<\/p>\n<p><img fetchpriority=\"high\" decoding=\"async\" class=\"alignnone\" src=\"http:\/\/w3.ufsm.br\/geografia\/images\/250px-The_Geographer.jpg\" alt=\"250px-The Geographer\" width=\"250\" height=\"280\" \/><\/p>\n<p><em>O Ge\u00f3grafo, de Johannes Vermeer.<\/em><\/p>\n<p><strong>O LICENCIADO EM GEOGRAFIA<\/strong><\/p>\n<p>O Licenciado em Geografia ministra aulas de Geografia nas s\u00e9ries finais do Ensino Fundamental e Ensino M\u00e9dio. Realiza assessoria pedag\u00f3gica na \u00e1rea de Geografia e est\u00e1 capacitado para ministrar cursos de curta dura\u00e7\u00e3o em temas pertinentes \u00e0s \u00e1reas de estudo afins \u00e0 Geografia.<\/p>\n<p>Desenvolve projetos de pesquisas em educa\u00e7\u00e3o e ensino de Geografia e educa\u00e7\u00e3o brasileira. Atua ainda no reconhecimento, levantamento, planejamento e pesquisa nas \u00e1reas da geografia f\u00edsica e geografia humana, considerando o ambiente urbano e rural nas caracteriza\u00e7\u00f5es das unidades de estudos geogr\u00e1ficos em escala nacional, regional e local, atinentes \u00e0s quest\u00f5es ambientais; condi\u00e7\u00f5es hidrol\u00f3gicas e fluviais; estudos de impactos ambientais e relat\u00f3rios de impactos ao meio ambiente; mapeamento e gerenciamento de informa\u00e7\u00f5es geogr\u00e1ficas.<\/p>\n<p>Este profissional pode atuar na educa\u00e7\u00e3o b\u00e1sica em escolas federais, estaduais, municipais e distritais; em escolas privadas, atuando nas s\u00e9ries finais do Ensino Fundamental e Ensino M\u00e9dio; em centros de forma\u00e7\u00e3o n\u00e3o-formais e espa\u00e7os de produ\u00e7\u00e3o do conhecimento, como: museus e organiza\u00e7\u00f5es n\u00e3o-governamentais em projetos de educa\u00e7\u00e3o ambiental.<\/p>\n<p>&nbsp;<\/p>\n<p><img decoding=\"async\" src=\"http:\/\/w3.ufsm.br\/geografia\/images\/prof_geo.jpg\" alt=\"prof geo\" width=\"260\" height=\"263\" \/><\/p>\n","protected":false},"excerpt":{"rendered":"<p>O BACHAREL EM GEOGRAFIA Ge\u00f3grafo\u00a0\u00e9 o profissional cuja \u00e1rea de estudo \u00e9 a intera\u00e7\u00e3o entre a natureza e a sociedade. O Bacharel possui habilita\u00e7\u00e3o para trabalhar com estudos ambientais, planejamento regional, mapeamentos e diversas outras atribui\u00e7\u00f5es. Este profissional possui suas atribui\u00e7\u00f5es definidas pela Lei Federal n\u00b0 6.664 de 1979 e o \u00f3rg\u00e3o que fiscaliza a [&hellip;]<\/p>\n","protected":false},"author":117,"featured_media":0,"parent":0,"menu_order":0,"comment_status":"closed","ping_status":"closed","template":"","meta":{"footnotes":""},"categories":[],"tags":[],"class_list":["post-157","page","type-page","status-publish","hentry"],"acf":[],"_links":{"self":[{"href":"https:\/\/www.ufsm.br\/cursos\/graduacao\/santa-maria\/geografia\/wp-json\/wp\/v2\/pages\/157","targetHints":{"allow":["GET"]}}],"collection":[{"href":"https:\/\/www.ufsm.br\/cursos\/graduacao\/santa-maria\/geografia\/wp-json\/wp\/v2\/pages"}],"about":[{"href":"https:\/\/www.ufsm.br\/cursos\/graduacao\/santa-maria\/geografia\/wp-json\/wp\/v2\/types\/page"}],"author":[{"embeddable":true,"href":"https:\/\/www.ufsm.br\/cursos\/graduacao\/santa-maria\/geografia\/wp-json\/wp\/v2\/users\/117"}],"replies":[{"embeddable":true,"href":"https:\/\/www.ufsm.br\/cursos\/graduacao\/santa-maria\/geografia\/wp-json\/wp\/v2\/comments?post=157"}],"version-history":[{"count":0,"href":"https:\/\/www.ufsm.br\/cursos\/graduacao\/santa-maria\/geografia\/wp-json\/wp\/v2\/pages\/157\/revisions"}],"wp:attachment":[{"href":"https:\/\/www.ufsm.br\/cursos\/graduacao\/santa-maria\/geografia\/wp-json\/wp\/v2\/media?parent=157"}],"wp:term":[{"taxonomy":"category","embeddable":true,"href":"https:\/\/www.ufsm.br\/cursos\/graduacao\/santa-maria\/geografia\/wp-json\/wp\/v2\/categories?post=157"},{"taxonomy":"post_tag","embeddable":true,"href":"https:\/\/www.ufsm.br\/cursos\/graduacao\/santa-maria\/geografia\/wp-json\/wp\/v2\/tags?post=157"}],"curies":[{"name":"wp","href":"https:\/\/api.w.org\/{rel}","templated":true}]}}