{"id":160,"date":"2018-12-05T16:40:45","date_gmt":"2018-12-05T18:40:45","guid":{"rendered":"https:\/\/www.ufsm.br\/cursos\/graduacao\/santa-maria\/geografia\/?page_id=160"},"modified":"2018-12-05T16:40:46","modified_gmt":"2018-12-05T18:40:46","slug":"acgs","status":"publish","type":"page","link":"https:\/\/www.ufsm.br\/cursos\/graduacao\/santa-maria\/geografia\/acgs","title":{"rendered":"ACG\u00b4s"},"content":{"rendered":"<p><img fetchpriority=\"high\" decoding=\"async\" class=\"aligncenter\" src=\"http:\/\/w3.ufsm.br\/geografia\/images\/atividades-complementares-1.jpg\" alt=\"atividades-complementares-1\" width=\"642\" height=\"112\" \/><\/p>\n<p>&nbsp;<\/p>\n<p>Entende-se como Atividade Complementar de Gradua\u00e7\u00e3o (ACG) da UFSM toda e qualquer atividade pertinente e \u00fatil para a forma\u00e7\u00e3o humana e profissional do acad\u00eamico de gradua\u00e7\u00e3o, aceita para compor o plano de estudos durante a realiza\u00e7\u00e3o de seu curso.<\/p>\n<p>&nbsp;<\/p>\n<p><img decoding=\"async\" class=\"aligncenter\" src=\"http:\/\/w3.ufsm.br\/geografia\/images\/acg.JPG\" alt=\"acg\" width=\"642\" height=\"348\" \/><\/p>\n<p><img decoding=\"async\" class=\"aligncenter\" src=\"http:\/\/w3.ufsm.br\/geografia\/images\/DCG_geo.jpg\" alt=\"DCG geo\" \/><\/p>\n","protected":false},"excerpt":{"rendered":"<p>&nbsp; Entende-se como Atividade Complementar de Gradua\u00e7\u00e3o (ACG) da UFSM toda e qualquer atividade pertinente e \u00fatil para a forma\u00e7\u00e3o humana e profissional do acad\u00eamico de gradua\u00e7\u00e3o, aceita para compor o plano de estudos durante a realiza\u00e7\u00e3o de seu curso. &nbsp;<\/p>\n","protected":false},"author":117,"featured_media":0,"parent":0,"menu_order":0,"comment_status":"closed","ping_status":"closed","template":"","meta":{"footnotes":""},"categories":[],"tags":[],"class_list":["post-160","page","type-page","status-publish","hentry"],"acf":[],"_links":{"self":[{"href":"https:\/\/www.ufsm.br\/cursos\/graduacao\/santa-maria\/geografia\/wp-json\/wp\/v2\/pages\/160","targetHints":{"allow":["GET"]}}],"collection":[{"href":"https:\/\/www.ufsm.br\/cursos\/graduacao\/santa-maria\/geografia\/wp-json\/wp\/v2\/pages"}],"about":[{"href":"https:\/\/www.ufsm.br\/cursos\/graduacao\/santa-maria\/geografia\/wp-json\/wp\/v2\/types\/page"}],"author":[{"embeddable":true,"href":"https:\/\/www.ufsm.br\/cursos\/graduacao\/santa-maria\/geografia\/wp-json\/wp\/v2\/users\/117"}],"replies":[{"embeddable":true,"href":"https:\/\/www.ufsm.br\/cursos\/graduacao\/santa-maria\/geografia\/wp-json\/wp\/v2\/comments?post=160"}],"version-history":[{"count":0,"href":"https:\/\/www.ufsm.br\/cursos\/graduacao\/santa-maria\/geografia\/wp-json\/wp\/v2\/pages\/160\/revisions"}],"wp:attachment":[{"href":"https:\/\/www.ufsm.br\/cursos\/graduacao\/santa-maria\/geografia\/wp-json\/wp\/v2\/media?parent=160"}],"wp:term":[{"taxonomy":"category","embeddable":true,"href":"https:\/\/www.ufsm.br\/cursos\/graduacao\/santa-maria\/geografia\/wp-json\/wp\/v2\/categories?post=160"},{"taxonomy":"post_tag","embeddable":true,"href":"https:\/\/www.ufsm.br\/cursos\/graduacao\/santa-maria\/geografia\/wp-json\/wp\/v2\/tags?post=160"}],"curies":[{"name":"wp","href":"https:\/\/api.w.org\/{rel}","templated":true}]}}