{"id":168,"date":"2018-12-10T12:01:48","date_gmt":"2018-12-10T14:01:48","guid":{"rendered":"https:\/\/www.ufsm.br\/cursos\/graduacao\/santa-maria\/geografia\/?page_id=168"},"modified":"2019-08-14T14:05:27","modified_gmt":"2019-08-14T17:05:27","slug":"estagio-curricular","status":"publish","type":"page","link":"https:\/\/www.ufsm.br\/cursos\/graduacao\/santa-maria\/geografia\/estagio-curricular","title":{"rendered":"Est\u00e1gio Curricular"},"content":{"rendered":"<p><img decoding=\"async\" class=\"size-medium wp-image-169 aligncenter\" src=\"https:\/\/www.ufsm.br\/cursos\/graduacao\/santa-maria\/geografia\/wp-content\/uploads\/sites\/451\/2018\/12\/banner-geografia-300x130.jpg\" alt=\"\" width=\"300\" height=\"130\" srcset=\"https:\/\/www.ufsm.br\/app\/uploads\/sites\/451\/2018\/12\/banner-geografia-300x130.jpg 300w, https:\/\/www.ufsm.br\/app\/uploads\/sites\/451\/2018\/12\/banner-geografia-768x333.jpg 768w, https:\/\/www.ufsm.br\/app\/uploads\/sites\/451\/2018\/12\/banner-geografia.jpg 1000w\" sizes=\"(max-width: 300px) 100vw, 300px\" \/><\/p>\n<p>Os objetivos ligados \u00e0 realiza\u00e7\u00e3o de um est\u00e1gio no final do curso de gradua\u00e7\u00e3o residem em proporcionar ao aluno-estagi\u00e1rio informa\u00e7\u00f5es complementares de ordem te\u00f3rico-pr\u00e1tica, indispens\u00e1veis a sua profiss\u00e3o, bem como capacit\u00e1-lo com vistas a sua integra\u00e7\u00e3o com o mercado de trabalho, propiciando o desenvolvimento no aluno de uma vis\u00e3o do mercado de trabalho e sua intera\u00e7\u00e3o com a sociedade e com o contexto s\u00f3cio-pol\u00edtico-econ\u00f4mico atual.<\/p>\n<p>Os alunos devem ter ci\u00eancia de que a concess\u00e3o de est\u00e1gios, normas e conv\u00eanios, no \u00e2mbito da UFSM, \u00e9 regulamentada pela&nbsp;Resolu\u00e7\u00e3o 025\/10.<\/p>\n<p>Al\u00e9m disso, \u00e9 sempre importante realizar est\u00e1gios em locais conveniados com a nossa universidade, pois os estagi\u00e1rios da UFSM possuem seguro contra acidentes pessoais e coletivos, garantido pela coopera\u00e7\u00e3o entre a universidade e uma seguradora.<\/p>\n<p>O atual seguro dos alunos \u00e9 feito pela&nbsp;<strong>Uni\u00e3o Seguradora<\/strong>. A ap\u00f3lice e demais informa\u00e7\u00f5es podem ser conferidas logo abaixo.<\/p>\n<p>Nos links abaixo, voc\u00ea pode baixar as normas, termos e cartas de apresenta\u00e7\u00e3o, indispens\u00e1veis no processo de matr\u00edcula e in\u00edcio da atividade de est\u00e1gio.<\/p>\n","protected":false},"excerpt":{"rendered":"<p>Os objetivos ligados \u00e0 realiza\u00e7\u00e3o de um est\u00e1gio no final do curso de gradua\u00e7\u00e3o residem em proporcionar ao aluno-estagi\u00e1rio informa\u00e7\u00f5es complementares de ordem te\u00f3rico-pr\u00e1tica, indispens\u00e1veis a sua profiss\u00e3o, bem como capacit\u00e1-lo com vistas a sua integra\u00e7\u00e3o com o mercado de trabalho, propiciando o desenvolvimento no aluno de uma vis\u00e3o do mercado de trabalho e sua [&hellip;]<\/p>\n","protected":false},"author":117,"featured_media":0,"parent":0,"menu_order":0,"comment_status":"closed","ping_status":"closed","template":"","meta":{"footnotes":""},"categories":[],"tags":[],"class_list":["post-168","page","type-page","status-publish","hentry"],"acf":[],"_links":{"self":[{"href":"https:\/\/www.ufsm.br\/cursos\/graduacao\/santa-maria\/geografia\/wp-json\/wp\/v2\/pages\/168","targetHints":{"allow":["GET"]}}],"collection":[{"href":"https:\/\/www.ufsm.br\/cursos\/graduacao\/santa-maria\/geografia\/wp-json\/wp\/v2\/pages"}],"about":[{"href":"https:\/\/www.ufsm.br\/cursos\/graduacao\/santa-maria\/geografia\/wp-json\/wp\/v2\/types\/page"}],"author":[{"embeddable":true,"href":"https:\/\/www.ufsm.br\/cursos\/graduacao\/santa-maria\/geografia\/wp-json\/wp\/v2\/users\/117"}],"replies":[{"embeddable":true,"href":"https:\/\/www.ufsm.br\/cursos\/graduacao\/santa-maria\/geografia\/wp-json\/wp\/v2\/comments?post=168"}],"version-history":[{"count":0,"href":"https:\/\/www.ufsm.br\/cursos\/graduacao\/santa-maria\/geografia\/wp-json\/wp\/v2\/pages\/168\/revisions"}],"wp:attachment":[{"href":"https:\/\/www.ufsm.br\/cursos\/graduacao\/santa-maria\/geografia\/wp-json\/wp\/v2\/media?parent=168"}],"wp:term":[{"taxonomy":"category","embeddable":true,"href":"https:\/\/www.ufsm.br\/cursos\/graduacao\/santa-maria\/geografia\/wp-json\/wp\/v2\/categories?post=168"},{"taxonomy":"post_tag","embeddable":true,"href":"https:\/\/www.ufsm.br\/cursos\/graduacao\/santa-maria\/geografia\/wp-json\/wp\/v2\/tags?post=168"}],"curies":[{"name":"wp","href":"https:\/\/api.w.org\/{rel}","templated":true}]}}