{"id":195,"date":"2018-12-10T12:14:29","date_gmt":"2018-12-10T14:14:29","guid":{"rendered":"https:\/\/www.ufsm.br\/cursos\/graduacao\/santa-maria\/geografia\/?page_id=195"},"modified":"2018-12-10T12:14:30","modified_gmt":"2018-12-10T14:14:30","slug":"monitoria","status":"publish","type":"page","link":"https:\/\/www.ufsm.br\/cursos\/graduacao\/santa-maria\/geografia\/monitoria","title":{"rendered":"Monitoria"},"content":{"rendered":"<p><img fetchpriority=\"high\" decoding=\"async\" src=\"http:\/\/w3.ufsm.br\/geografia\/images\/monitoria.JPG\" alt=\"monitoria\" width=\"641\" height=\"122\" \/><\/p>\n<p>&nbsp;<\/p>\n<p>A monitoria \u00e9 entendida como instrumento para a melhoria do ensino de gradua\u00e7\u00e3o, atrav\u00e9s do estabelecimento de novas pr\u00e1ticas e experi\u00eancias pedag\u00f3gicas que visem fortalecer a articula\u00e7\u00e3o entre teoria e pr\u00e1tica e a integra\u00e7\u00e3o curricular em seus diferentes aspectos. Tem como finalidade promover a coopera\u00e7\u00e3o m\u00fatua entre discentes e docentes e a viv\u00eancia com o professor e com as suas atividades t\u00e9cnico-did\u00e1ticas.<\/p>\n<p>Existem duas categorias de monitores: a dos bolsistas, que ter\u00e3o uma retribui\u00e7\u00e3o financeira, sob forma de bolsa no decorrer do semestre de ocorr\u00eancia da disciplina \u00e0 qual o aluno exerce a atividade de monitor, e a dos volunt\u00e1rios ou n\u00e3o-subsidiados, que n\u00e3o ter\u00e3o nenhuma compensa\u00e7\u00e3o financeira pelo exerc\u00edcio de monitoria, mas ambas com mesmo valor de aprendizagem e de valora\u00e7\u00e3o como atividade complementar de gradua\u00e7\u00e3o.<\/p>\n<p>As seguintes normas regem as atividades de monitoria tanto na UFSM quanto no \u00e2mbito do Curso de Geografia, al\u00e9m das fichas de inscri\u00e7\u00e3o no programa.<\/p>\n<p>A Resolu\u00e7\u00e3o 007\/2000, em seu Art. 5\u00b0, \u00e9 clara ao colocar que s\u00f3 poder\u00e3o participar da modalidade de monitores n\u00e3o-subsidiados os alunos que n\u00e3o possu\u00edrem qualquer bolsa de pesquisa de inicia\u00e7\u00e3o cient\u00edfica, seja fomentada pela UFSM, seja por \u00f3rg\u00e3os de pesquisa estadual ou nacional.<\/p>\n","protected":false},"excerpt":{"rendered":"<p>&nbsp; A monitoria \u00e9 entendida como instrumento para a melhoria do ensino de gradua\u00e7\u00e3o, atrav\u00e9s do estabelecimento de novas pr\u00e1ticas e experi\u00eancias pedag\u00f3gicas que visem fortalecer a articula\u00e7\u00e3o entre teoria e pr\u00e1tica e a integra\u00e7\u00e3o curricular em seus diferentes aspectos. Tem como finalidade promover a coopera\u00e7\u00e3o m\u00fatua entre discentes e docentes e a viv\u00eancia com [&hellip;]<\/p>\n","protected":false},"author":117,"featured_media":0,"parent":0,"menu_order":0,"comment_status":"closed","ping_status":"closed","template":"","meta":{"footnotes":""},"categories":[],"tags":[],"class_list":["post-195","page","type-page","status-publish","hentry"],"acf":[],"_links":{"self":[{"href":"https:\/\/www.ufsm.br\/cursos\/graduacao\/santa-maria\/geografia\/wp-json\/wp\/v2\/pages\/195","targetHints":{"allow":["GET"]}}],"collection":[{"href":"https:\/\/www.ufsm.br\/cursos\/graduacao\/santa-maria\/geografia\/wp-json\/wp\/v2\/pages"}],"about":[{"href":"https:\/\/www.ufsm.br\/cursos\/graduacao\/santa-maria\/geografia\/wp-json\/wp\/v2\/types\/page"}],"author":[{"embeddable":true,"href":"https:\/\/www.ufsm.br\/cursos\/graduacao\/santa-maria\/geografia\/wp-json\/wp\/v2\/users\/117"}],"replies":[{"embeddable":true,"href":"https:\/\/www.ufsm.br\/cursos\/graduacao\/santa-maria\/geografia\/wp-json\/wp\/v2\/comments?post=195"}],"version-history":[{"count":0,"href":"https:\/\/www.ufsm.br\/cursos\/graduacao\/santa-maria\/geografia\/wp-json\/wp\/v2\/pages\/195\/revisions"}],"wp:attachment":[{"href":"https:\/\/www.ufsm.br\/cursos\/graduacao\/santa-maria\/geografia\/wp-json\/wp\/v2\/media?parent=195"}],"wp:term":[{"taxonomy":"category","embeddable":true,"href":"https:\/\/www.ufsm.br\/cursos\/graduacao\/santa-maria\/geografia\/wp-json\/wp\/v2\/categories?post=195"},{"taxonomy":"post_tag","embeddable":true,"href":"https:\/\/www.ufsm.br\/cursos\/graduacao\/santa-maria\/geografia\/wp-json\/wp\/v2\/tags?post=195"}],"curies":[{"name":"wp","href":"https:\/\/api.w.org\/{rel}","templated":true}]}}