{"id":205,"date":"2018-12-10T12:22:27","date_gmt":"2018-12-10T14:22:27","guid":{"rendered":"https:\/\/www.ufsm.br\/cursos\/graduacao\/santa-maria\/geografia\/?page_id=205"},"modified":"2018-12-10T12:22:27","modified_gmt":"2018-12-10T14:22:27","slug":"convenios-internacionais","status":"publish","type":"page","link":"https:\/\/www.ufsm.br\/cursos\/graduacao\/santa-maria\/geografia\/convenios-internacionais","title":{"rendered":"Conv\u00eanios Internacionais"},"content":{"rendered":"<p>Os conv\u00eanios internacionais para os cursos de gradua\u00e7\u00e3o da UFSM s\u00e3o gerenciados pela Secretaria de Apoio Internacional (SAI), que \u00e9 institucionalmente vinculada ao Gabinete do Reitor da Universidade Federal de Santa Maria, com a fun\u00e7\u00e3o de assessorar o reitor em assuntos internacionais atrav\u00e9s de um professor designado para assumir a fun\u00e7\u00e3o de Assessor do Reitor para Assuntos Internacionais.<\/p>\n<p>As atividades da SAI t\u00eam aumentado desde sua cria\u00e7\u00e3o tendo em vista a grande procura que vem ocorrendo, por parte de professores, t\u00e9cnico-administrativos e alunos, que desejam informa\u00e7\u00f5es sobre os conv\u00eanios existentes; as possibilidades de interc\u00e2mbios internacionais; as facilidades e cursos oferecidos pelas mais diversas Universidades.<\/p>\n<p>Para mais informa\u00e7\u00f5es, acesse o site da SAI\/UFSM\u00a0<a href=\"http:\/\/w3.ufsm.br\/sai\/\" target=\"_blank\" rel=\"noopener\">aqui<\/a>.<\/p>\n","protected":false},"excerpt":{"rendered":"<p>Os conv\u00eanios internacionais para os cursos de gradua\u00e7\u00e3o da UFSM s\u00e3o gerenciados pela Secretaria de Apoio Internacional (SAI), que \u00e9 institucionalmente vinculada ao Gabinete do Reitor da Universidade Federal de Santa Maria, com a fun\u00e7\u00e3o de assessorar o reitor em assuntos internacionais atrav\u00e9s de um professor designado para assumir a fun\u00e7\u00e3o de Assessor do Reitor [&hellip;]<\/p>\n","protected":false},"author":117,"featured_media":0,"parent":0,"menu_order":0,"comment_status":"closed","ping_status":"closed","template":"","meta":{"footnotes":""},"categories":[],"tags":[],"class_list":["post-205","page","type-page","status-publish","hentry"],"acf":[],"_links":{"self":[{"href":"https:\/\/www.ufsm.br\/cursos\/graduacao\/santa-maria\/geografia\/wp-json\/wp\/v2\/pages\/205","targetHints":{"allow":["GET"]}}],"collection":[{"href":"https:\/\/www.ufsm.br\/cursos\/graduacao\/santa-maria\/geografia\/wp-json\/wp\/v2\/pages"}],"about":[{"href":"https:\/\/www.ufsm.br\/cursos\/graduacao\/santa-maria\/geografia\/wp-json\/wp\/v2\/types\/page"}],"author":[{"embeddable":true,"href":"https:\/\/www.ufsm.br\/cursos\/graduacao\/santa-maria\/geografia\/wp-json\/wp\/v2\/users\/117"}],"replies":[{"embeddable":true,"href":"https:\/\/www.ufsm.br\/cursos\/graduacao\/santa-maria\/geografia\/wp-json\/wp\/v2\/comments?post=205"}],"version-history":[{"count":0,"href":"https:\/\/www.ufsm.br\/cursos\/graduacao\/santa-maria\/geografia\/wp-json\/wp\/v2\/pages\/205\/revisions"}],"wp:attachment":[{"href":"https:\/\/www.ufsm.br\/cursos\/graduacao\/santa-maria\/geografia\/wp-json\/wp\/v2\/media?parent=205"}],"wp:term":[{"taxonomy":"category","embeddable":true,"href":"https:\/\/www.ufsm.br\/cursos\/graduacao\/santa-maria\/geografia\/wp-json\/wp\/v2\/categories?post=205"},{"taxonomy":"post_tag","embeddable":true,"href":"https:\/\/www.ufsm.br\/cursos\/graduacao\/santa-maria\/geografia\/wp-json\/wp\/v2\/tags?post=205"}],"curies":[{"name":"wp","href":"https:\/\/api.w.org\/{rel}","templated":true}]}}