{"id":210,"date":"2018-12-10T12:25:53","date_gmt":"2018-12-10T14:25:53","guid":{"rendered":"https:\/\/www.ufsm.br\/cursos\/graduacao\/santa-maria\/geografia\/?page_id=210"},"modified":"2018-12-10T12:25:54","modified_gmt":"2018-12-10T14:25:54","slug":"pre-requisitos","status":"publish","type":"page","link":"https:\/\/www.ufsm.br\/cursos\/graduacao\/santa-maria\/geografia\/pre-requisitos","title":{"rendered":"Pr\u00e9-requisitos"},"content":{"rendered":"<p><img fetchpriority=\"high\" decoding=\"async\" src=\"http:\/\/w3.ufsm.br\/geografia\/images\/maos.JPG\" alt=\"maos\" width=\"635\" height=\"108\" \/><\/p>\n<p class=\"links\">Antes de realizar qualquer matr\u00edcula em disciplinas, verifique a grade de pr\u00e9-requisitos de acesso \u00e0s disciplinas. Qualquer matr\u00edcula realizada sem a observ\u00e2ncia do respectivo pr\u00e9-requisito poder\u00e1 ser cancelada em qualquer \u00e9poca do semestre, ficando sem validade todas as atividades at\u00e9 ent\u00e3o realizadas.<\/p>\n<p class=\"links\">O acad\u00eamico, deve-se observar atentamente os pr\u00e9-requisitos no ato da matricula, a solicita\u00e7\u00e3o de quebra de pr\u00e9-requisitos s\u00e3o decididas somente pelo colegiado do curso em casos de prov\u00e1vel formando(a).<\/p>\n","protected":false},"excerpt":{"rendered":"<p>Antes de realizar qualquer matr\u00edcula em disciplinas, verifique a grade de pr\u00e9-requisitos de acesso \u00e0s disciplinas. Qualquer matr\u00edcula realizada sem a observ\u00e2ncia do respectivo pr\u00e9-requisito poder\u00e1 ser cancelada em qualquer \u00e9poca do semestre, ficando sem validade todas as atividades at\u00e9 ent\u00e3o realizadas. O acad\u00eamico, deve-se observar atentamente os pr\u00e9-requisitos no ato da matricula, a solicita\u00e7\u00e3o [&hellip;]<\/p>\n","protected":false},"author":117,"featured_media":0,"parent":0,"menu_order":0,"comment_status":"closed","ping_status":"closed","template":"","meta":{"footnotes":""},"categories":[],"tags":[],"class_list":["post-210","page","type-page","status-publish","hentry"],"acf":[],"_links":{"self":[{"href":"https:\/\/www.ufsm.br\/cursos\/graduacao\/santa-maria\/geografia\/wp-json\/wp\/v2\/pages\/210","targetHints":{"allow":["GET"]}}],"collection":[{"href":"https:\/\/www.ufsm.br\/cursos\/graduacao\/santa-maria\/geografia\/wp-json\/wp\/v2\/pages"}],"about":[{"href":"https:\/\/www.ufsm.br\/cursos\/graduacao\/santa-maria\/geografia\/wp-json\/wp\/v2\/types\/page"}],"author":[{"embeddable":true,"href":"https:\/\/www.ufsm.br\/cursos\/graduacao\/santa-maria\/geografia\/wp-json\/wp\/v2\/users\/117"}],"replies":[{"embeddable":true,"href":"https:\/\/www.ufsm.br\/cursos\/graduacao\/santa-maria\/geografia\/wp-json\/wp\/v2\/comments?post=210"}],"version-history":[{"count":0,"href":"https:\/\/www.ufsm.br\/cursos\/graduacao\/santa-maria\/geografia\/wp-json\/wp\/v2\/pages\/210\/revisions"}],"wp:attachment":[{"href":"https:\/\/www.ufsm.br\/cursos\/graduacao\/santa-maria\/geografia\/wp-json\/wp\/v2\/media?parent=210"}],"wp:term":[{"taxonomy":"category","embeddable":true,"href":"https:\/\/www.ufsm.br\/cursos\/graduacao\/santa-maria\/geografia\/wp-json\/wp\/v2\/categories?post=210"},{"taxonomy":"post_tag","embeddable":true,"href":"https:\/\/www.ufsm.br\/cursos\/graduacao\/santa-maria\/geografia\/wp-json\/wp\/v2\/tags?post=210"}],"curies":[{"name":"wp","href":"https:\/\/api.w.org\/{rel}","templated":true}]}}