{"id":220,"date":"2018-12-10T12:37:27","date_gmt":"2018-12-10T14:37:27","guid":{"rendered":"https:\/\/www.ufsm.br\/cursos\/graduacao\/santa-maria\/geografia\/?page_id=220"},"modified":"2018-12-10T12:37:28","modified_gmt":"2018-12-10T14:37:28","slug":"provaveis-formandos","status":"publish","type":"page","link":"https:\/\/www.ufsm.br\/cursos\/graduacao\/santa-maria\/geografia\/provaveis-formandos","title":{"rendered":"Prov\u00e1veis Formandos"},"content":{"rendered":"<p><strong>PROV\u00c1VEIS FORMANDOS:<\/strong><\/p>\n<p>ENTREGAR na Coordena\u00e7\u00e3o at\u00e9 o dia solicitado os itens abaixo:<\/p>\n<p>Este prazo deve ser cumprido rigorosamente, caso contr\u00e1rio o aluno n\u00e3o poder\u00e1 se formar.<\/p>\n<p>Entregar ainda os seguintes documentos:<\/p>\n<ul>\n<li>Fotoc\u00f3pia do T\u00edtulo de Eleitor<\/li>\n<li>Fotoc\u00f3pia da Carteira de Identidade (RG)<\/li>\n<li>Fotoc\u00f3pia do Documento Militar.<\/li>\n<li>Fotoc\u00f3pia da Certid\u00e3o de Nascimento ou Casamento.<\/li>\n<li>Fotoc\u00f3pia do CPF.<\/li>\n<\/ul>\n<p>Estes documentos s\u00e3o pedidos pelo DERCA para emiss\u00e3o do Diploma<\/p>\n<p>Ainda, os alunos devem ter ci\u00eancia de que as solenidades de formatura devem obedecer a\u00a0Resolu\u00e7\u00e3o 001\/11, que normatiza as cerim\u00f4nias e revoga normas anteriores.<\/p>\n","protected":false},"excerpt":{"rendered":"<p>PROV\u00c1VEIS FORMANDOS: ENTREGAR na Coordena\u00e7\u00e3o at\u00e9 o dia solicitado os itens abaixo: Este prazo deve ser cumprido rigorosamente, caso contr\u00e1rio o aluno n\u00e3o poder\u00e1 se formar. Entregar ainda os seguintes documentos: Fotoc\u00f3pia do T\u00edtulo de Eleitor Fotoc\u00f3pia da Carteira de Identidade (RG) Fotoc\u00f3pia do Documento Militar. Fotoc\u00f3pia da Certid\u00e3o de Nascimento ou Casamento. Fotoc\u00f3pia do [&hellip;]<\/p>\n","protected":false},"author":117,"featured_media":0,"parent":0,"menu_order":0,"comment_status":"closed","ping_status":"closed","template":"","meta":{"footnotes":""},"categories":[],"tags":[],"class_list":["post-220","page","type-page","status-publish","hentry"],"acf":[],"_links":{"self":[{"href":"https:\/\/www.ufsm.br\/cursos\/graduacao\/santa-maria\/geografia\/wp-json\/wp\/v2\/pages\/220","targetHints":{"allow":["GET"]}}],"collection":[{"href":"https:\/\/www.ufsm.br\/cursos\/graduacao\/santa-maria\/geografia\/wp-json\/wp\/v2\/pages"}],"about":[{"href":"https:\/\/www.ufsm.br\/cursos\/graduacao\/santa-maria\/geografia\/wp-json\/wp\/v2\/types\/page"}],"author":[{"embeddable":true,"href":"https:\/\/www.ufsm.br\/cursos\/graduacao\/santa-maria\/geografia\/wp-json\/wp\/v2\/users\/117"}],"replies":[{"embeddable":true,"href":"https:\/\/www.ufsm.br\/cursos\/graduacao\/santa-maria\/geografia\/wp-json\/wp\/v2\/comments?post=220"}],"version-history":[{"count":0,"href":"https:\/\/www.ufsm.br\/cursos\/graduacao\/santa-maria\/geografia\/wp-json\/wp\/v2\/pages\/220\/revisions"}],"wp:attachment":[{"href":"https:\/\/www.ufsm.br\/cursos\/graduacao\/santa-maria\/geografia\/wp-json\/wp\/v2\/media?parent=220"}],"wp:term":[{"taxonomy":"category","embeddable":true,"href":"https:\/\/www.ufsm.br\/cursos\/graduacao\/santa-maria\/geografia\/wp-json\/wp\/v2\/categories?post=220"},{"taxonomy":"post_tag","embeddable":true,"href":"https:\/\/www.ufsm.br\/cursos\/graduacao\/santa-maria\/geografia\/wp-json\/wp\/v2\/tags?post=220"}],"curies":[{"name":"wp","href":"https:\/\/api.w.org\/{rel}","templated":true}]}}