{"id":235,"date":"2018-12-10T13:09:46","date_gmt":"2018-12-10T15:09:46","guid":{"rendered":"https:\/\/www.ufsm.br\/cursos\/graduacao\/santa-maria\/geografia\/?page_id=235"},"modified":"2018-12-10T13:09:47","modified_gmt":"2018-12-10T15:09:47","slug":"atas-do-colegiado","status":"publish","type":"page","link":"https:\/\/www.ufsm.br\/cursos\/graduacao\/santa-maria\/geografia\/atas-do-colegiado","title":{"rendered":"Atas do Colegiado"},"content":{"rendered":"<p><span id=\"caixaselidiomatable\">A Ata do Colegiado \u00e9 uma transcri\u00e7\u00e3o oficial de uma reuni\u00e3o (funciona como um resumo fiel e claro das ocorr\u00eancias e\/ou atos que aconteceram em uma reuni\u00e3o\/a\u00e7\u00e3o\/assembleia). Nela \u00e9 poss\u00edvel saber todos os dados relativos a uma reuni\u00e3o. Normalmente \u00e9 lavrada pelo secret\u00e1rio(a), e consta com a data, hor\u00e1rio, local, n\u00famero e nome dos presentes, a ordem do dia, as aprova\u00e7\u00f5es e delibera\u00e7\u00f5es tomadas durante a reuni\u00e3o.<\/span><\/p>\n<p><span id=\"caixaselidiomatable\">\u00c9 um documento que prova a realiza\u00e7\u00e3o da reuni\u00e3o e tudo o que aconteceu. Ao ler uma ata \u00e9 poss\u00edvel saber exatamente o que aconteceu minuciosamente durante o transcorrer da reuni\u00e3o e \u00e9 poss\u00edvel encontrar o que cada integrante da reuni\u00e3o ficou encarregado em executar.<\/span><\/p>\n<p>Confira as Atas da Geografia, pois nelas constam as delibera\u00e7\u00f5es do Colegiado, que regem a vida acad\u00eamica dentro dos cursos de Bacharelado e Licenciatura Plena.<\/p>\n","protected":false},"excerpt":{"rendered":"<p>A Ata do Colegiado \u00e9 uma transcri\u00e7\u00e3o oficial de uma reuni\u00e3o (funciona como um resumo fiel e claro das ocorr\u00eancias e\/ou atos que aconteceram em uma reuni\u00e3o\/a\u00e7\u00e3o\/assembleia). Nela \u00e9 poss\u00edvel saber todos os dados relativos a uma reuni\u00e3o. Normalmente \u00e9 lavrada pelo secret\u00e1rio(a), e consta com a data, hor\u00e1rio, local, n\u00famero e nome dos presentes, [&hellip;]<\/p>\n","protected":false},"author":117,"featured_media":0,"parent":0,"menu_order":0,"comment_status":"closed","ping_status":"closed","template":"","meta":{"footnotes":""},"categories":[],"tags":[],"class_list":["post-235","page","type-page","status-publish","hentry"],"acf":[],"_links":{"self":[{"href":"https:\/\/www.ufsm.br\/cursos\/graduacao\/santa-maria\/geografia\/wp-json\/wp\/v2\/pages\/235","targetHints":{"allow":["GET"]}}],"collection":[{"href":"https:\/\/www.ufsm.br\/cursos\/graduacao\/santa-maria\/geografia\/wp-json\/wp\/v2\/pages"}],"about":[{"href":"https:\/\/www.ufsm.br\/cursos\/graduacao\/santa-maria\/geografia\/wp-json\/wp\/v2\/types\/page"}],"author":[{"embeddable":true,"href":"https:\/\/www.ufsm.br\/cursos\/graduacao\/santa-maria\/geografia\/wp-json\/wp\/v2\/users\/117"}],"replies":[{"embeddable":true,"href":"https:\/\/www.ufsm.br\/cursos\/graduacao\/santa-maria\/geografia\/wp-json\/wp\/v2\/comments?post=235"}],"version-history":[{"count":0,"href":"https:\/\/www.ufsm.br\/cursos\/graduacao\/santa-maria\/geografia\/wp-json\/wp\/v2\/pages\/235\/revisions"}],"wp:attachment":[{"href":"https:\/\/www.ufsm.br\/cursos\/graduacao\/santa-maria\/geografia\/wp-json\/wp\/v2\/media?parent=235"}],"wp:term":[{"taxonomy":"category","embeddable":true,"href":"https:\/\/www.ufsm.br\/cursos\/graduacao\/santa-maria\/geografia\/wp-json\/wp\/v2\/categories?post=235"},{"taxonomy":"post_tag","embeddable":true,"href":"https:\/\/www.ufsm.br\/cursos\/graduacao\/santa-maria\/geografia\/wp-json\/wp\/v2\/tags?post=235"}],"curies":[{"name":"wp","href":"https:\/\/api.w.org\/{rel}","templated":true}]}}