{"id":261,"date":"2018-12-12T10:05:35","date_gmt":"2018-12-12T12:05:35","guid":{"rendered":"https:\/\/www.ufsm.br\/cursos\/graduacao\/santa-maria\/geografia\/?page_id=261"},"modified":"2018-12-12T10:05:36","modified_gmt":"2018-12-12T12:05:36","slug":"downloads","status":"publish","type":"page","link":"https:\/\/www.ufsm.br\/cursos\/graduacao\/santa-maria\/geografia\/downloads","title":{"rendered":"Downloads"},"content":{"rendered":"<p><strong>Links, Sites e Downloads &#8211; Conte\u00fados Geogr\u00e1ficos diversos<\/strong><\/p>\n<p><a href=\"http:\/\/www.relevobr.cnpm.embrapa.br\/download\/index.htm\" target=\"_blank\" rel=\"noopener\">Brasil em Relevo &#8211; Imagens SRTM<\/a><\/p>\n<p><a href=\"http:\/\/www.youtube.com\/watch?v=_8F2T2oTPZ8&amp;feature=youtu.be\" target=\"_blank\" rel=\"noopener\">V\u00eddeo Youtube &#8211; GPS: Instru\u00e7\u00e3o Pr\u00e1tica<\/a><\/p>\n<p><a href=\"https:\/\/www8.garmin.com\/support\/download_details.jsp?id=591\" target=\"_blank\" rel=\"noopener\">Driver GPS Garmin<\/a><\/p>\n<p><a href=\"http:\/\/www.trackmaker.com\/index.php?lang=port\" target=\"_blank\" rel=\"noopener\">Download &#8211; Software TrackMaker<\/a><\/p>\n<p><a href=\"http:\/\/www.ibge.gov.br\/home\/geociencias\/geodesia\/param_transf\/default_param_transf.shtm\" target=\"_blank\" rel=\"noopener\">ProGid &#8211; IBGE<\/a><\/p>\n<p><a href=\"http:\/\/w3.ufsm.br\/geografia\/images\/Tutorial-ArcGIS-9-3-Nivel-Basico.rar\" target=\"_blank\" rel=\"noopener\">Tutorial B\u00e1sico &#8211; ArcGIS 9.3<\/a><\/p>\n<p><a href=\"http:\/\/www.ined.fr\/fr\/tout_savoir_population\/atlas_population\/\" target=\"_blank\" rel=\"noopener\">Atlas da Popula\u00e7\u00e3o Mundial<\/a><\/p>\n<p><a href=\"http:\/\/www.unep.org\/dewa\/africa\/AfricaAtlas\/\" target=\"_blank\" rel=\"noopener\">Atlas &#8211; \u00c1frica<\/a><\/p>\n<p><a href=\"http:\/\/www.atlasdebuenosaires.gov.ar\/aaba\/index.php?option=com_registration&amp;task=register&amp;lang=es\" target=\"_blank\" rel=\"noopener\">Atlas de Buenos Aires<\/a><\/p>\n<p><a href=\"http:\/\/www.ibge.gov.br\/home\/presidencia\/noticias\/vocabulario.pdf\" target=\"_blank\" rel=\"noopener\">IBGE &#8211; Livro de Vocabul\u00e1rio B\u00e1sico de Recursos Naturais e Meio Ambiente<\/a><\/p>\n<p><a href=\"http:\/\/www.prb.org\/\" target=\"_blank\" rel=\"noopener\">Population Reference Bureau<\/a><\/p>\n<p>&nbsp;<\/p>\n","protected":false},"excerpt":{"rendered":"<p>Links, Sites e Downloads &#8211; Conte\u00fados Geogr\u00e1ficos diversos Brasil em Relevo &#8211; Imagens SRTM V\u00eddeo Youtube &#8211; GPS: Instru\u00e7\u00e3o Pr\u00e1tica Driver GPS Garmin Download &#8211; Software TrackMaker ProGid &#8211; IBGE Tutorial B\u00e1sico &#8211; ArcGIS 9.3 Atlas da Popula\u00e7\u00e3o Mundial Atlas &#8211; \u00c1frica Atlas de Buenos Aires IBGE &#8211; Livro de Vocabul\u00e1rio B\u00e1sico de Recursos Naturais [&hellip;]<\/p>\n","protected":false},"author":117,"featured_media":0,"parent":0,"menu_order":0,"comment_status":"closed","ping_status":"closed","template":"","meta":{"footnotes":""},"categories":[],"tags":[],"class_list":["post-261","page","type-page","status-publish","hentry"],"acf":[],"_links":{"self":[{"href":"https:\/\/www.ufsm.br\/cursos\/graduacao\/santa-maria\/geografia\/wp-json\/wp\/v2\/pages\/261","targetHints":{"allow":["GET"]}}],"collection":[{"href":"https:\/\/www.ufsm.br\/cursos\/graduacao\/santa-maria\/geografia\/wp-json\/wp\/v2\/pages"}],"about":[{"href":"https:\/\/www.ufsm.br\/cursos\/graduacao\/santa-maria\/geografia\/wp-json\/wp\/v2\/types\/page"}],"author":[{"embeddable":true,"href":"https:\/\/www.ufsm.br\/cursos\/graduacao\/santa-maria\/geografia\/wp-json\/wp\/v2\/users\/117"}],"replies":[{"embeddable":true,"href":"https:\/\/www.ufsm.br\/cursos\/graduacao\/santa-maria\/geografia\/wp-json\/wp\/v2\/comments?post=261"}],"version-history":[{"count":0,"href":"https:\/\/www.ufsm.br\/cursos\/graduacao\/santa-maria\/geografia\/wp-json\/wp\/v2\/pages\/261\/revisions"}],"wp:attachment":[{"href":"https:\/\/www.ufsm.br\/cursos\/graduacao\/santa-maria\/geografia\/wp-json\/wp\/v2\/media?parent=261"}],"wp:term":[{"taxonomy":"category","embeddable":true,"href":"https:\/\/www.ufsm.br\/cursos\/graduacao\/santa-maria\/geografia\/wp-json\/wp\/v2\/categories?post=261"},{"taxonomy":"post_tag","embeddable":true,"href":"https:\/\/www.ufsm.br\/cursos\/graduacao\/santa-maria\/geografia\/wp-json\/wp\/v2\/tags?post=261"}],"curies":[{"name":"wp","href":"https:\/\/api.w.org\/{rel}","templated":true}]}}