{"id":271,"date":"2018-12-12T10:09:15","date_gmt":"2018-12-12T12:09:15","guid":{"rendered":"https:\/\/www.ufsm.br\/cursos\/graduacao\/santa-maria\/geografia\/?page_id=271"},"modified":"2018-12-12T10:09:15","modified_gmt":"2018-12-12T12:09:15","slug":"links-uteis","status":"publish","type":"page","link":"https:\/\/www.ufsm.br\/cursos\/graduacao\/santa-maria\/geografia\/links-uteis","title":{"rendered":"Links \u00dateis"},"content":{"rendered":"<div class=\"conteudo\">\n<div class=\"item-page\">\n<h3><strong>Links UFSM<\/strong><\/h3>\n<p><a href=\"http:\/\/w3.ufsm.br\/biblioteca\/\" target=\"_blank\" rel=\"noopener\">Biblioteca<\/a><\/p>\n<p><a href=\"http:\/\/portal.ufsm.br\/aluno\/\" target=\"_blank\" rel=\"noopener\">Portal do Aluno<\/a><\/p>\n<p><a href=\"http:\/\/w3.ufsm.br\/ru\/\" target=\"_blank\" rel=\"noopener\">Restaurante Universit\u00e1rio<\/a><\/p>\n<p><a href=\"http:\/\/sucuri.cpd.ufsm.br\/_docs\/diversos\/calendarioacademico2014.pdf\" target=\"_blank\" rel=\"noopener\">Calend\u00e1rio Letivo UFSM<\/a><\/p>\n<p><a href=\"http:\/\/nte.ufsm.br\/moodle2_UAB\/\" target=\"_blank\" rel=\"noopener\">Moodle<\/a><\/p>\n<p><a href=\"http:\/\/sucuri.cpd.ufsm.br\/portalweb\/conteudo\/onibus.php\" target=\"_blank\" rel=\"noopener\">Hor\u00e1rio de \u00d4nibus<\/a><\/p>\n<p><a href=\"http:\/\/w3.ufsm.br\/prae\/\" target=\"_blank\" rel=\"noopener\">PRAE<\/a><\/p>\n<p><a href=\"http:\/\/w3.ufsm.br\/ceu2\/site\/\" target=\"_blank\" rel=\"noopener\">Casa do Estudante UFSM<\/a><\/p>\n<p><a href=\"http:\/\/sucuri.cpd.ufsm.br\/_pdf\/docs\/guiadoestudante2014.pdf\" target=\"_blank\" rel=\"noopener\">Guia do Estudante UFSM<\/a><\/p>\n<p><a href=\"http:\/\/www.cptec.inpe.br\/cidades\/tempo\/4599\" target=\"_blank\" rel=\"noopener\">Previs\u00e3o do Tempo<\/a><\/p>\n<p><a href=\"http:\/\/w3.ufsm.br\/ppggeo\/\" target=\"_blank\" rel=\"noopener\">PPGGEO<\/a><\/p>\n<p><a href=\"http:\/\/w3.ufsm.br\/ccne\/\" target=\"_blank\" rel=\"noopener\">CCNE<\/a><\/p>\n<p><a href=\"http:\/\/coral.ufsm.br\/eged\/images\/mapa_campus_editado.JPG\" target=\"_blank\" rel=\"noopener\">Mapa da UFSM<\/a><\/p>\n<p><a href=\"http:\/\/w3.ufsm.br\/sai\/\" target=\"_blank\" rel=\"noopener\">SAI-UFSM<\/a><\/p>\n<p>&nbsp;<\/p>\n<h3><strong>Revistas<\/strong><\/h3>\n<p><a href=\"http:\/\/cascavel.ufsm.br\/revistas\/ojs-2.2.2\/index.php\/geografia\/index\" target=\"_blank\" rel=\"noopener\">Geografia: Ensino &amp; Pesquisa<\/a><\/p>\n<p><a href=\"http:\/\/cascavel.ufsm.br\/revista_ccne\/ojs\/index.php\/cienciaenatura\" target=\"_blank\" rel=\"noopener\">Revista Ci\u00eancia &amp; Natura<\/a><\/p>\n<p><a href=\"http:\/\/cascavel.ufsm.br\/revistas\/ojs-2.2.2\/index.php\/remoa\" target=\"_blank\" rel=\"noopener\">ReMoA &#8211; CCNE\/UFSM<\/a><\/p>\n<p><a href=\"http:\/\/cascavel.ufsm.br\/revistas\/ojs-2.2.2\/index.php\/reget\" target=\"_blank\" rel=\"noopener\">ReGET &#8211; CCNE\/UFSM<\/a><\/p>\n<p>&nbsp;<\/p>\n<\/div>\n<\/div>\n<div class=\"direita\">\n<div class=\"moduletablex\">\n<div class=\"customx\">\n<div>\n<h3>Outros Links<\/h3>\n<p><a href=\"http:\/\/w3.ufsm.br\/geografia\/images\/Guide_-_GEOGRAFIA.pdf\" target=\"_blank\" rel=\"noopener\">Guia &#8211; A Geografia nas Am\u00e9ricas<\/a><\/p>\n<p><a href=\"http:\/\/enadeies.inep.gov.br\/enadeIes\/\" target=\"_blank\" rel=\"noopener\">ENADE &#8211; Estudantes 2014<\/a><\/p>\n<p><a href=\"http:\/\/w3.ufsm.br\/geografia\/images\/mapa_site.JPG\" target=\"_blank\" rel=\"noopener\">Mapa do Site<\/a><\/p>\n<p><a href=\"http:\/\/lattes.cnpq.br\/\" target=\"_blank\" rel=\"noopener\">Plataforma Lattes<\/a><\/p>\n<p><a href=\"http:\/\/www.crea-rs.org.br\/site\/index.php\" target=\"_blank\" rel=\"noopener\">CREA-RS<\/a><\/p>\n<p><a href=\"http:\/\/www.mec.gov.br\/\" target=\"_blank\" rel=\"noopener\">MEC<\/a><\/p>\n<p><a href=\"http:\/\/www.ibge.gov.br\/home\/\" target=\"_blank\" rel=\"noopener\">IBGE<\/a><\/p>\n<p><a href=\"http:\/\/www.agb.org.br\/\" target=\"_blank\" rel=\"noopener\">AGB<\/a><\/p>\n<p><a href=\"http:\/\/agb-portoalegre.webnode.com.br\/\" target=\"_blank\" rel=\"noopener\">AGB-POA<\/a><\/p>\n<p><a href=\"http:\/\/www.anpege.org.br\/\" target=\"_blank\" rel=\"noopener\">ANPEGE<\/a><\/p>\n<p><a href=\"http:\/\/www.igu-online.org\/site\/\" target=\"_blank\" rel=\"noopener\">UGI<\/a><\/p>\n<p><a href=\"http:\/\/www.sedufsm.org.br\/\" target=\"_blank\" rel=\"noopener\">SEDUFSM<\/a><\/p>\n<p><a href=\"http:\/\/sites.multiweb.ufsm.br\/assufsm\/\" target=\"_blank\" rel=\"noopener\">ASSUFSM<\/a><\/p>\n<\/div>\n<\/div>\n<\/div>\n<div class=\"moduletablex\">\n<div><\/div>\n<\/div>\n<\/div>\n","protected":false},"excerpt":{"rendered":"<p>Links UFSM Biblioteca Portal do Aluno Restaurante Universit\u00e1rio Calend\u00e1rio Letivo UFSM Moodle Hor\u00e1rio de \u00d4nibus PRAE Casa do Estudante UFSM Guia do Estudante UFSM Previs\u00e3o do Tempo PPGGEO CCNE Mapa da UFSM SAI-UFSM &nbsp; Revistas Geografia: Ensino &amp; Pesquisa Revista Ci\u00eancia &amp; Natura ReMoA &#8211; CCNE\/UFSM ReGET &#8211; CCNE\/UFSM &nbsp; Outros Links Guia &#8211; A [&hellip;]<\/p>\n","protected":false},"author":117,"featured_media":0,"parent":0,"menu_order":0,"comment_status":"closed","ping_status":"closed","template":"","meta":{"footnotes":""},"categories":[],"tags":[],"class_list":["post-271","page","type-page","status-publish","hentry"],"acf":[],"_links":{"self":[{"href":"https:\/\/www.ufsm.br\/cursos\/graduacao\/santa-maria\/geografia\/wp-json\/wp\/v2\/pages\/271","targetHints":{"allow":["GET"]}}],"collection":[{"href":"https:\/\/www.ufsm.br\/cursos\/graduacao\/santa-maria\/geografia\/wp-json\/wp\/v2\/pages"}],"about":[{"href":"https:\/\/www.ufsm.br\/cursos\/graduacao\/santa-maria\/geografia\/wp-json\/wp\/v2\/types\/page"}],"author":[{"embeddable":true,"href":"https:\/\/www.ufsm.br\/cursos\/graduacao\/santa-maria\/geografia\/wp-json\/wp\/v2\/users\/117"}],"replies":[{"embeddable":true,"href":"https:\/\/www.ufsm.br\/cursos\/graduacao\/santa-maria\/geografia\/wp-json\/wp\/v2\/comments?post=271"}],"version-history":[{"count":0,"href":"https:\/\/www.ufsm.br\/cursos\/graduacao\/santa-maria\/geografia\/wp-json\/wp\/v2\/pages\/271\/revisions"}],"wp:attachment":[{"href":"https:\/\/www.ufsm.br\/cursos\/graduacao\/santa-maria\/geografia\/wp-json\/wp\/v2\/media?parent=271"}],"wp:term":[{"taxonomy":"category","embeddable":true,"href":"https:\/\/www.ufsm.br\/cursos\/graduacao\/santa-maria\/geografia\/wp-json\/wp\/v2\/categories?post=271"},{"taxonomy":"post_tag","embeddable":true,"href":"https:\/\/www.ufsm.br\/cursos\/graduacao\/santa-maria\/geografia\/wp-json\/wp\/v2\/tags?post=271"}],"curies":[{"name":"wp","href":"https:\/\/api.w.org\/{rel}","templated":true}]}}