{"id":278,"date":"2018-12-12T10:38:15","date_gmt":"2018-12-12T12:38:15","guid":{"rendered":"https:\/\/www.ufsm.br\/cursos\/graduacao\/santa-maria\/geografia\/?page_id=278"},"modified":"2018-12-12T10:38:17","modified_gmt":"2018-12-12T12:38:17","slug":"atlas-climatico-da-estacao-ecologica-do-taim","status":"publish","type":"page","link":"https:\/\/www.ufsm.br\/cursos\/graduacao\/santa-maria\/geografia\/atlas-climatico-da-estacao-ecologica-do-taim","title":{"rendered":"Atlas Clim\u00e1tico da Esta\u00e7\u00e3o Ecol\u00f3gica do Taim"},"content":{"rendered":"<h2>Contribui\u00e7\u00e3o ao estudo do clima em unidades de conserva\u00e7\u00e3o no Rio Grande do Sul<\/h2>\n<p><img fetchpriority=\"high\" decoding=\"async\" src=\"http:\/\/w3.ufsm.br\/geografia\/images\/taim.jpg\" alt=\"taim\" width=\"643\" height=\"121\" \/><\/p>\n<p>&nbsp;<\/p>\n<p>O Atlas Clim\u00e1tico da Esta\u00e7\u00e3o Ecol\u00f3gica do Taim (ESEC Taim) \u00e9 um produto cient\u00edfico de natureza geogr\u00e1fica, compreendendo principalmente as \u00e1reas da climatologia e cartografia, com emprego de t\u00e9cnicas de geoprocessamento. Foi concebido atrav\u00e9s de projetos de pesquisa e parcerias entre o Curso de Geografia da Universidade Federal de Santa Maria (UFSM\/RS), a Funda\u00e7\u00e3o de Amparo \u00e0 Pesquisa do Estado do Rio Grande do Sul (FAPERGS) e o Instituto Chico Mendes de Conserva\u00e7\u00e3o da Biodiversidade (<i>ICMBio<\/i>), que iniciaram em 2012, e chegam nesta etapa em 2015 com a publica\u00e7\u00e3o deste material.<\/p>\n<p>O Atlas da ESEC Taim teve por objetivo principal suprir humildemente uma lacuna nos estudos de climatologia aplicado \u00e0s Unidades de Conserva\u00e7\u00e3o, utilizando como espa\u00e7o de an\u00e1lise uma \u00e1rea protegida do Estado do Rio Grande do Sul, sob condi\u00e7\u00f5es clim\u00e1ticas subtropicais, com informa\u00e7\u00f5es clim\u00e1ticas detalhadas orientadas principalmente \u00e0 formula\u00e7\u00e3o de pol\u00edticas de gest\u00e3o das unidades protegidas, bem como servir de subs\u00eddio aos estudos realizados pelas mais diversas \u00e1reas da ci\u00eancia, como Geografia, Biologia, Meteorologia, Hidrologia, Ecologia, Oceanografia e demais ci\u00eancias da Terra.<\/p>\n<p>Os mapas, organizados em cap\u00edtulos, foram montados a partir de dados meteorol\u00f3gicos coletados em pontos estrat\u00e9gicos da Esta\u00e7\u00e3o Ecol\u00f3gica do Taim do per\u00edodo de mar\u00e7o de 2013 a mar\u00e7o de 2014, que inclui an\u00e1lise espacial de dados mensais, sazonais e anuais de precipita\u00e7\u00e3o, temperatura m\u00e9dia, m\u00e1xima e m\u00ednima m\u00e9dia e m\u00e1xima e m\u00ednima absoluta, umidade relativa do ar m\u00e9dia, m\u00e1xima e m\u00ednima m\u00e9dia e m\u00e1xima e m\u00ednima absoluta, evapotranspira\u00e7\u00e3o e, o n\u00famero de horas de frio do per\u00edodo de abril-outubro, maio-agosto e maio-setembro abaixo de 10\u00b0C e 7\u00b0C.<\/p>\n<p>N\u00e3o se trata de um trabalho clim\u00e1tico e cartogr\u00e1fico utilizando-se a normal climatol\u00f3gica padr\u00e3o, ou de registros clim\u00e1ticos de longo prazo, mas de um experimento de 12 meses que obviamente esteve sob influ\u00eancia de desvios meteorol\u00f3gicos e\/ou eventos clim\u00e1ticos inerentes \u00e0s hierarquias superiores da atmosfera, que influenciaram a variabilidade nas escalas inferiores tratadas aqui. Dessa forma, esta pesquisa pode n\u00e3o representar a realidade de clima de acordo com a an\u00e1lise de, pelo menos, 30 anos, conforme orienta a Organiza\u00e7\u00e3o Mundial Meteorol\u00f3gica.<\/p>\n<p>Ainda, justamente por se tratar de uma medi\u00e7\u00e3o em um ambiente pouco ou nada alterado, \u00e9 que pode servir de par\u00e2metro para o que realmente vem a ser a variabilidade clim\u00e1tica em ambientes naturais e o que ocorre em ambientes j\u00e1 alterados pela atividade humana, desde que comparados com os mesmos fatores geogr\u00e1ficos, paisagens e escala clim\u00e1tica de an\u00e1lise.<\/p>\n<p>Desejamos uma boa leitura e uma viagem atrav\u00e9s das fotografias desse para\u00edso quase intocado!<\/p>\n<p><a href=\"http:\/\/lattes.cnpq.br\/9512055876805245\" target=\"_blank\" rel=\"noopener\">C\u00e1ssio Arthur Wollmann<\/a><\/p>\n<p><a href=\"http:\/\/lattes.cnpq.br\/2406294046012576\" target=\"_blank\" rel=\"noopener\">Jo\u00e3o Paulo Delapasse Simioni<\/a><\/p>\n<p><a href=\"http:\/\/lattes.cnpq.br\/5846852891675596\" target=\"_blank\" rel=\"noopener\">Amanda Comassetto Iensse<\/a><\/p>\n","protected":false},"excerpt":{"rendered":"<p>Contribui\u00e7\u00e3o ao estudo do clima em unidades de conserva\u00e7\u00e3o no Rio Grande do Sul &nbsp; O Atlas Clim\u00e1tico da Esta\u00e7\u00e3o Ecol\u00f3gica do Taim (ESEC Taim) \u00e9 um produto cient\u00edfico de natureza geogr\u00e1fica, compreendendo principalmente as \u00e1reas da climatologia e cartografia, com emprego de t\u00e9cnicas de geoprocessamento. Foi concebido atrav\u00e9s de projetos de pesquisa e parcerias [&hellip;]<\/p>\n","protected":false},"author":117,"featured_media":0,"parent":0,"menu_order":0,"comment_status":"closed","ping_status":"closed","template":"","meta":{"footnotes":""},"categories":[],"tags":[],"class_list":["post-278","page","type-page","status-publish","hentry"],"acf":[],"_links":{"self":[{"href":"https:\/\/www.ufsm.br\/cursos\/graduacao\/santa-maria\/geografia\/wp-json\/wp\/v2\/pages\/278","targetHints":{"allow":["GET"]}}],"collection":[{"href":"https:\/\/www.ufsm.br\/cursos\/graduacao\/santa-maria\/geografia\/wp-json\/wp\/v2\/pages"}],"about":[{"href":"https:\/\/www.ufsm.br\/cursos\/graduacao\/santa-maria\/geografia\/wp-json\/wp\/v2\/types\/page"}],"author":[{"embeddable":true,"href":"https:\/\/www.ufsm.br\/cursos\/graduacao\/santa-maria\/geografia\/wp-json\/wp\/v2\/users\/117"}],"replies":[{"embeddable":true,"href":"https:\/\/www.ufsm.br\/cursos\/graduacao\/santa-maria\/geografia\/wp-json\/wp\/v2\/comments?post=278"}],"version-history":[{"count":0,"href":"https:\/\/www.ufsm.br\/cursos\/graduacao\/santa-maria\/geografia\/wp-json\/wp\/v2\/pages\/278\/revisions"}],"wp:attachment":[{"href":"https:\/\/www.ufsm.br\/cursos\/graduacao\/santa-maria\/geografia\/wp-json\/wp\/v2\/media?parent=278"}],"wp:term":[{"taxonomy":"category","embeddable":true,"href":"https:\/\/www.ufsm.br\/cursos\/graduacao\/santa-maria\/geografia\/wp-json\/wp\/v2\/categories?post=278"},{"taxonomy":"post_tag","embeddable":true,"href":"https:\/\/www.ufsm.br\/cursos\/graduacao\/santa-maria\/geografia\/wp-json\/wp\/v2\/tags?post=278"}],"curies":[{"name":"wp","href":"https:\/\/api.w.org\/{rel}","templated":true}]}}