{"id":222,"date":"2023-03-31T17:59:43","date_gmt":"2023-03-31T20:59:43","guid":{"rendered":"https:\/\/www.ufsm.br\/cursos\/graduacao\/santa-maria\/historia\/?page_id=222"},"modified":"2025-08-19T14:32:12","modified_gmt":"2025-08-19T17:32:12","slug":"tutorial-para-aproveitamento-e-dispensa-de-disciplinas","status":"publish","type":"page","link":"https:\/\/www.ufsm.br\/cursos\/graduacao\/santa-maria\/historia\/tutorial-para-aproveitamento-e-dispensa-de-disciplinas","title":{"rendered":"Tutorial para aproveitamento e dispensa de disciplinas"},"content":{"rendered":"\t\t<div data-elementor-type=\"wp-page\" data-elementor-id=\"222\" class=\"elementor elementor-222\">\n\t\t\t\t\t\t<section class=\"elementor-section elementor-top-section elementor-element elementor-element-6bcb26ff elementor-section-boxed elementor-section-height-default elementor-section-height-default\" data-id=\"6bcb26ff\" data-element_type=\"section\">\n\t\t\t\t\t\t<div class=\"elementor-container elementor-column-gap-default\">\n\t\t\t\t\t<div class=\"elementor-column elementor-col-100 elementor-top-column elementor-element elementor-element-37dedd1d\" data-id=\"37dedd1d\" data-element_type=\"column\">\n\t\t\t<div class=\"elementor-widget-wrap elementor-element-populated\">\n\t\t\t\t\t\t<div class=\"elementor-element elementor-element-2bb1044f elementor-widget elementor-widget-text-editor\" data-id=\"2bb1044f\" data-element_type=\"widget\" data-widget_type=\"text-editor.default\">\n\t\t\t\t<div class=\"elementor-widget-container\">\n\t\t\t\t\t\t\t<h3><strong>Tutorial de dispensa<\/strong><\/h3><p>Para acessar o tutorial para solicita\u00e7\u00e3o de aproveitamento e dispensa de disciplinas no Portal do Aluno em PDF,<strong> <a href=\"https:\/\/www.ufsm.br\/app\/uploads\/sites\/463\/2025\/07\/Tutorial-Dispensa-de-Disciplinas-2.pdf\">clique aqui<\/a>.<\/strong> Se deseja a vers\u00e3o em v\u00eddeo, <strong><a href=\"https:\/\/www.youtube.com\/watch?v=pg4g1LJH2dM&amp;list=PL9sT1YYvGlxFcp9XLM_jSPxrUUtuhfF2P&amp;index=4\">clique aqui<\/a><\/strong>.<\/p><h3><strong>Observa\u00e7\u00f5es importantes<\/strong><\/h3><p><strong>\u00a0<\/strong><strong>Como devo proceder para realizar dispensa\/aproveitamento de disciplinas?<\/strong><\/p><p>O sistema\u00a0virtual de dispensa de disciplina de gradua\u00e7\u00e3o est\u00e1 dispon\u00edvel no\u00a0<a href=\"https:\/\/portal.ufsm.br\/aluno\/\">portal do aluno<\/a> na aba \u201cDISPENSAS, T\u00d3PICOS ACG E ACEx\u201d e pode ser usado por acad\u00eamicos interessados em solicitar a dispensa de disciplinas cursadas em cursos de mesmo n\u00edvel ou de n\u00edvel superior, internos ou externos \u00e0 UFSM. Acesse o\u00a0manual\u00a0<a href=\"https:\/\/www.ufsm.br\/app\/uploads\/sites\/463\/2025\/07\/Tutorial-Dispensa-de-Disciplinas-2.pdf\">clicando aqui<\/a>\u00a0para saber como solicitar a dispensa via portal do aluno.<\/p><p>ATEN\u00c7\u00c3O<\/p><ul><li>As coordena\u00e7\u00f5es de curso devem acompanhar os pedidos de dispensa de disciplinas, por meio de suas caixas postais individuais, no sistema Web da UFSM.<\/li><li>A implementa\u00e7\u00e3o da dispensa de disciplinas de gradua\u00e7\u00e3o por autodidatismo no ambiente virtual encontra-se em fase final de desenvolvimento. Portanto, continuam sendo solicitadas e processadas pelo m\u00e9todo at\u00e9 agora utilizado.\u00a0<\/li><li>A resolu\u00e7\u00e3o sobre os processos de dispensa de disciplinas de gradua\u00e7\u00e3o, autodidatismo e outras formas pode ser vista no link a seguir. <a href=\"https:\/\/portal.ufsm.br\/documentos\/download.html?action=arquivosIndexados&amp;id=15431105&amp;download=false\">Resolu\u00e7\u00e3o N. 209\/2025\u2013 DISPENSA DE DISCIPLINAS DE GRADUA\u00c7\u00c3O<\/a><\/li><\/ul><p><strong>Como os autodidatas podem requerer aproveitamento de seus estudos?<\/strong><\/p><p>De acordo com a\u00a0<a href=\"https:\/\/portal.ufsm.br\/documentos\/download.html?action=arquivosIndexados&amp;id=15431105&amp;download=false\" target=\"_blank\" rel=\"noopener\">RESOLU\u00c7\u00c3O UFSM N\u00b0 209, DE 30 DE ABRIL DE 2025<\/a>, os autodidatas interessados na obten\u00e7\u00e3o de aproveitamento de estudos que apresentarem conhecimentos adquiridos por pr\u00e1tica sistem\u00e1tica, a exemplo de profici\u00eancia em l\u00ednguas \u2013 inform\u00e1tica e\/ou outros conte\u00fados, poder\u00e3o solicitar avalia\u00e7\u00e3o espec\u00edfica, aplicada por Banca Examinadora, especialmente designada para esse fim. Cabe ao departamento no qual estiver(em) lotada(s) a(s) disciplina(s) definir a banca examinadora mediante requerimento do interessado. A decis\u00e3o avaliativa da banca examinadora, atestando o aproveitamento de estudos, ser\u00e1 encaminhada pelo Departamento Did\u00e1tico \u00e0 PROGRAD, PRPGP ou \u00e0 Coordenadoria de Ensino M\u00e9dio, conforme o caso, para o devido registro no hist\u00f3rico escolar do aluno.<\/p><p>ATEN\u00c7\u00c3O<\/p><ul><li>O deferimento\/indeferimento da solicita\u00e7\u00e3o de dispensa de disciplinas da gradua\u00e7\u00e3o \u00e9 prerrogativa de cada Curso;<\/li><li>Quando se tratar de documentos oriundos de institui\u00e7\u00f5es estrangeiras, os mesmos dever\u00e3o estar acompanhados das respectivas tradu\u00e7\u00f5es oficiais, bem como da forma de avalia\u00e7\u00e3o (nota\/conceito) utilizada naquelas institui\u00e7\u00f5es;<\/li><li>Em caso de disciplinas em que os alunos j\u00e1 estejam matriculados antes do pedido de dispensa, orienta-se que, enquanto n\u00e3o for lan\u00e7ado no sistema o aproveitamento\/dispensa, o aluno dever\u00e1 cursar normalmente a disciplina;<\/li><li>Somente constar\u00e1 no hist\u00f3rico escolar a nota da disciplina dispensada se o c\u00f3digo e a nomenclatura da disciplina cursada for id\u00eantico, caso contr\u00e1rio, constar\u00e1 \u201cdispensado\/aproveitamento sem nota\u201d;<\/li><li>No caso da dispensa por autodidatismo, \u00e9 importante o preenchimento correto do formul\u00e1rio: n\u00famero de matr\u00edcula e nome do aluno, c\u00f3digo e nome do curso, c\u00f3digo e nome da disciplina a ser dispensada e, em determinados casos, carga hor\u00e1ria a ser lan\u00e7ada.<\/li><\/ul><p><!-- \/wp:tadv\/classic-paragraph --><\/p>\t\t\t\t\t\t<\/div>\n\t\t\t\t<\/div>\n\t\t\t\t\t<\/div>\n\t\t<\/div>\n\t\t\t\t\t<\/div>\n\t\t<\/section>\n\t\t\t\t<\/div>\n\t\t","protected":false},"excerpt":{"rendered":"<p>Tutorial de dispensa Para acessar o tutorial para solicita\u00e7\u00e3o de aproveitamento e dispensa de disciplinas no Portal do Aluno em PDF, clique aqui. Se deseja a vers\u00e3o em v\u00eddeo, clique aqui. Observa\u00e7\u00f5es importantes \u00a0Como devo proceder para realizar dispensa\/aproveitamento de disciplinas? O sistema\u00a0virtual de dispensa de disciplina de gradua\u00e7\u00e3o est\u00e1 dispon\u00edvel no\u00a0portal do aluno na [&hellip;]<\/p>\n","protected":false},"author":4916,"featured_media":0,"parent":0,"menu_order":0,"comment_status":"closed","ping_status":"closed","template":"","meta":{"footnotes":""},"categories":[],"tags":[],"class_list":["post-222","page","type-page","status-publish","hentry"],"acf":[],"_links":{"self":[{"href":"https:\/\/www.ufsm.br\/cursos\/graduacao\/santa-maria\/historia\/wp-json\/wp\/v2\/pages\/222","targetHints":{"allow":["GET"]}}],"collection":[{"href":"https:\/\/www.ufsm.br\/cursos\/graduacao\/santa-maria\/historia\/wp-json\/wp\/v2\/pages"}],"about":[{"href":"https:\/\/www.ufsm.br\/cursos\/graduacao\/santa-maria\/historia\/wp-json\/wp\/v2\/types\/page"}],"author":[{"embeddable":true,"href":"https:\/\/www.ufsm.br\/cursos\/graduacao\/santa-maria\/historia\/wp-json\/wp\/v2\/users\/4916"}],"replies":[{"embeddable":true,"href":"https:\/\/www.ufsm.br\/cursos\/graduacao\/santa-maria\/historia\/wp-json\/wp\/v2\/comments?post=222"}],"version-history":[{"count":0,"href":"https:\/\/www.ufsm.br\/cursos\/graduacao\/santa-maria\/historia\/wp-json\/wp\/v2\/pages\/222\/revisions"}],"wp:attachment":[{"href":"https:\/\/www.ufsm.br\/cursos\/graduacao\/santa-maria\/historia\/wp-json\/wp\/v2\/media?parent=222"}],"wp:term":[{"taxonomy":"category","embeddable":true,"href":"https:\/\/www.ufsm.br\/cursos\/graduacao\/santa-maria\/historia\/wp-json\/wp\/v2\/categories?post=222"},{"taxonomy":"post_tag","embeddable":true,"href":"https:\/\/www.ufsm.br\/cursos\/graduacao\/santa-maria\/historia\/wp-json\/wp\/v2\/tags?post=222"}],"curies":[{"name":"wp","href":"https:\/\/api.w.org\/{rel}","templated":true}]}}