{"id":29,"date":"2018-01-18T09:10:07","date_gmt":"2018-01-18T11:10:07","guid":{"rendered":"https:\/\/www.ufsm.br\/cursos\/graduacao\/nutricao\/12352\/?page_id=29"},"modified":"2026-03-31T10:22:46","modified_gmt":"2026-03-31T13:22:46","slug":"contato","status":"publish","type":"page","link":"https:\/\/www.ufsm.br\/cursos\/graduacao\/santa-maria\/historia\/contato","title":{"rendered":"Contato Coordena\u00e7\u00e3o"},"content":{"rendered":"\t\t<div data-elementor-type=\"wp-page\" data-elementor-id=\"29\" class=\"elementor elementor-29\">\n\t\t\t\t\t\t<section class=\"elementor-section elementor-top-section elementor-element elementor-element-31ec4861 elementor-section-boxed elementor-section-height-default elementor-section-height-default\" data-id=\"31ec4861\" data-element_type=\"section\">\n\t\t\t\t\t\t<div class=\"elementor-container elementor-column-gap-default\">\n\t\t\t\t\t<div class=\"elementor-column elementor-col-100 elementor-top-column elementor-element elementor-element-484bdd88\" data-id=\"484bdd88\" data-element_type=\"column\">\n\t\t\t<div class=\"elementor-widget-wrap elementor-element-populated\">\n\t\t\t\t\t\t<div class=\"elementor-element elementor-element-1e0242f8 elementor-widget elementor-widget-text-editor\" data-id=\"1e0242f8\" data-element_type=\"widget\" data-widget_type=\"text-editor.default\">\n\t\t\t\t<div class=\"elementor-widget-container\">\n\t\t\t\t\t\t\t<h3><strong>Licenciatura em Hist\u00f3ria<\/strong><\/h3>\n<p><strong>E-mail Coordena\u00e7\u00e3o:<\/strong> coord.historia.licenciatura@ufsm.br<\/p>\n<p><strong>Coordenador do Curso<\/strong> PROF. DR. JO\u00c3O MANUEL CASQUINHA MALAIA SANTOS<\/p>\n<p><strong>Hor\u00e1rio de atendimento:&nbsp;<\/strong><\/p>\n<p>Ter\u00e7as e quintas, \u00e0 tarde.&nbsp;<\/p>\n<p>Sala 2104. T\u00e9rreo.<\/p>\n<p>___<\/p>\n<h3><strong>Bacharelado em Hist\u00f3ria<\/strong><\/h3>\n<p><strong>E-mail Coordena\u00e7\u00e3o:<\/strong> coord.historia.bacharelado@ufsm.br<\/p>\n<p><strong>Coordenador do Curso<\/strong>: PROF. DR.&nbsp;CARLOS HENRIQUE ARMANI<\/p>\n<p><span style=\"font-weight: bolder;font-size: 16px\">Hor\u00e1rio de atendimento:&nbsp;<\/span><\/p>\n<p>Quartas e quintas, \u00e0 tarde.<\/p>\n<p><span style=\"font-size: 16px\">Sala 2102<\/span><\/p>\n<p>___<\/p>\n<h4><strong>Secretaria Integrada de Gradua\u00e7\u00e3o I (cursos 74A)<\/strong><\/h4>\n<p>E-mail:&nbsp;graduacao74a.ccsh@ufsm.br<\/p>\n<p>Telefone: (55) 3178-0598<\/p>\n<p>Sala 2111\/74A &#8211; t\u00e9rreo<\/p>\n<p><strong>Hor\u00e1rio de atendimento:&nbsp;<\/strong><\/p>\n<p>Segunda &#8211; Sexta: 8h \u00e0s 20h<\/p>\t\t\t\t\t\t<\/div>\n\t\t\t\t<\/div>\n\t\t\t\t\t<\/div>\n\t\t<\/div>\n\t\t\t\t\t<\/div>\n\t\t<\/section>\n\t\t\t\t<\/div>\n\t\t","protected":false},"excerpt":{"rendered":"<p>Licenciatura em Hist\u00f3ria E-mail Coordena\u00e7\u00e3o: coord.historia.licenciatura@ufsm.br Coordenador do Curso PROF. DR. JO\u00c3O MANUEL CASQUINHA MALAIA SANTOS Hor\u00e1rio de atendimento:&nbsp; Ter\u00e7as e quintas, \u00e0 tarde.&nbsp; Sala 2104. T\u00e9rreo. ___ Bacharelado em Hist\u00f3ria E-mail Coordena\u00e7\u00e3o: coord.historia.bacharelado@ufsm.br Coordenador do Curso: PROF. DR.&nbsp;CARLOS HENRIQUE ARMANI Hor\u00e1rio de atendimento:&nbsp; Quartas e quintas, \u00e0 tarde. Sala 2102 ___ Secretaria Integrada de [&hellip;]<\/p>\n","protected":false},"author":8,"featured_media":0,"parent":0,"menu_order":0,"comment_status":"closed","ping_status":"closed","template":"","meta":{"footnotes":""},"categories":[],"tags":[],"class_list":["post-29","page","type-page","status-publish","hentry"],"acf":[],"_links":{"self":[{"href":"https:\/\/www.ufsm.br\/cursos\/graduacao\/santa-maria\/historia\/wp-json\/wp\/v2\/pages\/29","targetHints":{"allow":["GET"]}}],"collection":[{"href":"https:\/\/www.ufsm.br\/cursos\/graduacao\/santa-maria\/historia\/wp-json\/wp\/v2\/pages"}],"about":[{"href":"https:\/\/www.ufsm.br\/cursos\/graduacao\/santa-maria\/historia\/wp-json\/wp\/v2\/types\/page"}],"author":[{"embeddable":true,"href":"https:\/\/www.ufsm.br\/cursos\/graduacao\/santa-maria\/historia\/wp-json\/wp\/v2\/users\/8"}],"replies":[{"embeddable":true,"href":"https:\/\/www.ufsm.br\/cursos\/graduacao\/santa-maria\/historia\/wp-json\/wp\/v2\/comments?post=29"}],"version-history":[{"count":0,"href":"https:\/\/www.ufsm.br\/cursos\/graduacao\/santa-maria\/historia\/wp-json\/wp\/v2\/pages\/29\/revisions"}],"wp:attachment":[{"href":"https:\/\/www.ufsm.br\/cursos\/graduacao\/santa-maria\/historia\/wp-json\/wp\/v2\/media?parent=29"}],"wp:term":[{"taxonomy":"category","embeddable":true,"href":"https:\/\/www.ufsm.br\/cursos\/graduacao\/santa-maria\/historia\/wp-json\/wp\/v2\/categories?post=29"},{"taxonomy":"post_tag","embeddable":true,"href":"https:\/\/www.ufsm.br\/cursos\/graduacao\/santa-maria\/historia\/wp-json\/wp\/v2\/tags?post=29"}],"curies":[{"name":"wp","href":"https:\/\/api.w.org\/{rel}","templated":true}]}}