{"id":160,"date":"2018-12-13T10:46:15","date_gmt":"2018-12-13T12:46:15","guid":{"rendered":"https:\/\/www.ufsm.br\/cursos\/graduacao\/santa-maria\/jornalismo\/?page_id=160"},"modified":"2018-12-13T10:46:15","modified_gmt":"2018-12-13T12:46:15","slug":"politicas-institucionais","status":"publish","type":"page","link":"https:\/\/www.ufsm.br\/cursos\/graduacao\/santa-maria\/jornalismo\/politicas-institucionais","title":{"rendered":"Pol\u00edticas Institucionais"},"content":{"rendered":"<p>O Curso de Jornalismo integra o\u00a0<a href=\"http:\/\/w3.ufsm.br\/ccsh\/\"><strong>Centro de Ci\u00eancias Sociais e Humanas<\/strong><\/a>\u00a0(CCSH). O CSSH da Universidade Federal de Santa Maria foi criado em 1970, originalmente chamado de Centro de Ci\u00eancias Jur\u00eddicas, Econ\u00f4micas e Administrativas. Com a implementa\u00e7\u00e3o dos cursos de Arquivologia, Comunica\u00e7\u00e3o Social e Hist\u00f3ria, o Centro passou a ter a denomina\u00e7\u00e3o atual. Os cursos que comp\u00f5em o CCSH fundamentam-se na capacita\u00e7\u00e3o social e humana dos seus acad\u00eamicos. A principal preocupa\u00e7\u00e3o \u00e9 garantir a qualidade em ensino superior, pesquisa e extens\u00e3o. Assim, o CCSH pretende ser uma refer\u00eancia, n\u00e3o s\u00f3 na UFSM, mas tamb\u00e9m em todo o Brasil. Para dar apoio \u00e0s atividades desenvolvidas, o CCSH possui quatro \u00f3rg\u00e3os suplementares: Assist\u00eancia Judici\u00e1ria Gratuita (AJUFSM), Biblioteca Setorial, Gabinete de Estudos e Apoio Institucional Comunit\u00e1rio (GEAIC) e o N\u00facleo de Inform\u00e1tica &#8211; al\u00e9m de diversos laborat\u00f3rios de suporte a disciplinas pr\u00e1ticas ligados aos Departamentos de Ensino.<\/p>\n<p>O curso de Comunica\u00e7\u00e3o Social \u2013 Jornalismo integra o CCSH. Neste sentido, a oferta do curso de Comunica\u00e7\u00e3o Social \u2013 Jornalismo da UFSM est\u00e1 alinhada \u00e0s disciplinas ofertadas pelos demais Cursos de Comunica\u00e7\u00e3o Social \u2013 Produ\u00e7\u00e3o Editorial, Publicidade e Propaganda e Rela\u00e7\u00f5es P\u00fablicas, mediante a proposta de um curr\u00edculo de Estrutura\u00e7\u00e3o comum, capaz de promover aos acad\u00eamicos uma forma\u00e7\u00e3o sist\u00eamica, global e interdisciplinar com enfoque nas Ci\u00eancias da Comunica\u00e7\u00e3o. Como parte fundamental na forma\u00e7\u00e3o dos alunos, os professores prop\u00f5em uma reflex\u00e3o sobre as rela\u00e7\u00f5es entre a \u00e9tica e a pr\u00e1tica profissional, incentivando o pensamento cr\u00edtico e o fazer respons\u00e1vel do comunicador social. O objetivo contempla a promo\u00e7\u00e3o de uma forma\u00e7\u00e3o human\u00edstica, te\u00f3rica, cient\u00edfica e t\u00e9cnica, de modo a desenvolver saberes e compet\u00eancias que configuram um profissional apto a atuar no campo profissional do Jornalismo.<\/p>\n<p>O\u00a0<strong>Departamento de Ci\u00eancias da Comunica\u00e7\u00e3o<\/strong>\u00a0tamb\u00e9m abriga o\u00a0<a href=\"http:\/\/w3.ufsm.br\/poscom\/\"><strong>Programa de P\u00f3s-Gradua\u00e7\u00e3o em Comunica\u00e7\u00e3o<\/strong><\/a>, com cursos de Mestrado (desde 2006) e Doutorado (desde 2012), conceito 5 pela Capes. A rela\u00e7\u00e3o com a gradua\u00e7\u00e3o se d\u00e1, sobretudo, atrav\u00e9s: a) do conv\u00edvio di\u00e1rio com professores da P\u00f3s-Gradua\u00e7\u00e3o; b) dos grupos de pesquisa; c) da doc\u00eancia orientada, que \u00e9 oferecida aos alunos do Mestrado e do Doutorado como atividade complementar; d) da participa\u00e7\u00e3o em eventos organizados pela p\u00f3s-gradua\u00e7\u00e3o; e) da participa\u00e7\u00e3o de mestrandos e doutorandos e p\u00f3s-doutorandos como (co)orientadores e bancas de Trabalhos de Conclus\u00e3o de Curso.<\/p>\n","protected":false},"excerpt":{"rendered":"<p>O Curso de Jornalismo integra o\u00a0Centro de Ci\u00eancias Sociais e Humanas\u00a0(CCSH). O CSSH da Universidade Federal de Santa Maria foi criado em 1970, originalmente chamado de Centro de Ci\u00eancias Jur\u00eddicas, Econ\u00f4micas e Administrativas. Com a implementa\u00e7\u00e3o dos cursos de Arquivologia, Comunica\u00e7\u00e3o Social e Hist\u00f3ria, o Centro passou a ter a denomina\u00e7\u00e3o atual. Os cursos que [&hellip;]<\/p>\n","protected":false},"author":194,"featured_media":0,"parent":0,"menu_order":0,"comment_status":"closed","ping_status":"closed","template":"","meta":{"footnotes":""},"categories":[],"tags":[],"class_list":["post-160","page","type-page","status-publish","hentry"],"acf":[],"_links":{"self":[{"href":"https:\/\/www.ufsm.br\/cursos\/graduacao\/santa-maria\/jornalismo\/wp-json\/wp\/v2\/pages\/160","targetHints":{"allow":["GET"]}}],"collection":[{"href":"https:\/\/www.ufsm.br\/cursos\/graduacao\/santa-maria\/jornalismo\/wp-json\/wp\/v2\/pages"}],"about":[{"href":"https:\/\/www.ufsm.br\/cursos\/graduacao\/santa-maria\/jornalismo\/wp-json\/wp\/v2\/types\/page"}],"author":[{"embeddable":true,"href":"https:\/\/www.ufsm.br\/cursos\/graduacao\/santa-maria\/jornalismo\/wp-json\/wp\/v2\/users\/194"}],"replies":[{"embeddable":true,"href":"https:\/\/www.ufsm.br\/cursos\/graduacao\/santa-maria\/jornalismo\/wp-json\/wp\/v2\/comments?post=160"}],"version-history":[{"count":0,"href":"https:\/\/www.ufsm.br\/cursos\/graduacao\/santa-maria\/jornalismo\/wp-json\/wp\/v2\/pages\/160\/revisions"}],"wp:attachment":[{"href":"https:\/\/www.ufsm.br\/cursos\/graduacao\/santa-maria\/jornalismo\/wp-json\/wp\/v2\/media?parent=160"}],"wp:term":[{"taxonomy":"category","embeddable":true,"href":"https:\/\/www.ufsm.br\/cursos\/graduacao\/santa-maria\/jornalismo\/wp-json\/wp\/v2\/categories?post=160"},{"taxonomy":"post_tag","embeddable":true,"href":"https:\/\/www.ufsm.br\/cursos\/graduacao\/santa-maria\/jornalismo\/wp-json\/wp\/v2\/tags?post=160"}],"curies":[{"name":"wp","href":"https:\/\/api.w.org\/{rel}","templated":true}]}}