{"id":161,"date":"2018-12-13T10:47:27","date_gmt":"2018-12-13T12:47:27","guid":{"rendered":"https:\/\/www.ufsm.br\/cursos\/graduacao\/santa-maria\/jornalismo\/?page_id=161"},"modified":"2018-12-13T10:47:27","modified_gmt":"2018-12-13T12:47:27","slug":"perfil-profissional","status":"publish","type":"page","link":"https:\/\/www.ufsm.br\/cursos\/graduacao\/santa-maria\/jornalismo\/perfil-profissional","title":{"rendered":"Perfil Profissional"},"content":{"rendered":"<p class=\"caption\">O concluinte do Curso de Comunica\u00e7\u00e3o Social &#8211; Jornalismo deve estar apto ao desempenho profissional de jornalista, com forma\u00e7\u00e3o acad\u00eamica generalista, humanista, cr\u00edtica, \u00e9tica e reflexiva. Deve ser capaz de atuar como produtor intelectual e agente da cidadania, respondendo \u00e0 complexidade e ao pluralismo caracter\u00edsticos da sociedade e da cultura contempor\u00e2neas. Deve possuir os fundamentos te\u00f3ricos e t\u00e9cnicos especializados no campo jornal\u00edstico. Deve ter clareza e seguran\u00e7a para o exerc\u00edcio de sua fun\u00e7\u00e3o social espec\u00edfica, com identidade profissional singular e diferenciada em rela\u00e7\u00e3o ao campo maior da Comunica\u00e7\u00e3o Social.<\/p>\n<p class=\"caption\">O perfil do egresso em Comunica\u00e7\u00e3o Social &#8211; Jornalismo se caracteriza: a) pela produ\u00e7\u00e3o de conhecimentos voltados para sele\u00e7\u00f5es de acontecimentos factuais sobre a atualidade, bem como pela estrutura\u00e7\u00e3o e disponibiliza\u00e7\u00e3o de informa\u00e7\u00f5es que atendam a necessidades e interesses sociais no que se refere ao conhecimento dos fatos, das circunst\u00e2ncias e dos contextos sociais; b) pelo exerc\u00edcio da apura\u00e7\u00e3o, interpreta\u00e7\u00e3o, registro e divulga\u00e7\u00e3o dos fatos sociais; c) pelo exerc\u00edcio da tradu\u00e7\u00e3o social dos fen\u00f4menos contempor\u00e2neos e dissemina\u00e7\u00e3o de conhecimento sobre a atualidade de modo a qualificar o senso comum; d) pelo trabalho em ve\u00edculos de comunica\u00e7\u00e3o e institui\u00e7\u00f5es que incluam atividades caracterizadas como de imprensa e de informa\u00e7\u00e3o jornal\u00edstica, de interesse geral ou setorial, e de divulga\u00e7\u00e3o de informa\u00e7\u00f5es; e) pelo exerc\u00edcio de rela\u00e7\u00f5es entre as fun\u00e7\u00f5es t\u00edpicas de jornalismo e as demais fun\u00e7\u00f5es profissionais ou empresariais existentes na \u00e1rea da Comunica\u00e7\u00e3o, e ainda com outras \u00e1reas sociais, culturais e econ\u00f4micas com as quais o jornalismo faz interface; f) pelo exerc\u00edcio de todas as demais atividades que, no estado vigente da profiss\u00e3o, sejam reconhecidas pelo bom senso, pelas entidades representativas ou pela legisla\u00e7\u00e3o pertinente, como caracter\u00edsticas do jornalista.<\/p>\n<p class=\"caption\">Tamb\u00e9m fazem parte do perfil do formando de Comunica\u00e7\u00e3o Social &#8211; Jornalismo as capacidades de: a) compreender o jornalismo como produ\u00e7\u00e3o de informa\u00e7\u00e3o e conhecimento para a cidadania; b) informar, interpretar, opinar, explicar, contextualizar, traduzir, selecionar, hierarquizar e organizar os fatos para relatar o real e instrumentalizar o cidad\u00e3o a entender seu contexto s\u00f3cio-pol\u00edtico e econ\u00f4mico; c) constituir-se como um mediador de sentidos que d\u00ea vaz\u00e3o \u00e0s m\u00faltiplas vis\u00f5es de mundo; d) apurar informa\u00e7\u00f5es em diferentes \u00e1reas do conhecimento e redigi-las com dom\u00ednio do idioma; e) conduzir entrevistas que se configurem num processo dial\u00f3gico de comunica\u00e7\u00e3o; f) objetivar n\u00e3o a simples not\u00edcia do fato, mas a compreens\u00e3o do jornalismo como construtor de realidades; g) manter curiosidade intelectual e autocr\u00edtica permanente; h) adequar o texto jornal\u00edstico a p\u00fablicos amplos e espec\u00edficos, percebendo as nuances que configuram as diversas linguagens, de acordo com a realidade de cada camada da popula\u00e7\u00e3o; i) dominar a linguagem jornal\u00edstica para as diferentes m\u00eddias e segmentos sociais; j) ser capaz de elaborar cr\u00edticas \u00e0 m\u00eddia e de propor alternativas inovadoras; k) compreender os mecanismos envolvidos no processo de recep\u00e7\u00e3o das mensagens e seu impacto sobre os diversos setores da sociedade, aperfei\u00e7oando o trabalho de edi\u00e7\u00e3o de informa\u00e7\u00f5es jornal\u00edsticas; l) ser exigente na busca da verdade, com postura \u00e9tica e compromisso com a cidadania.<\/p>\n","protected":false},"excerpt":{"rendered":"<p>O concluinte do Curso de Comunica\u00e7\u00e3o Social &#8211; Jornalismo deve estar apto ao desempenho profissional de jornalista, com forma\u00e7\u00e3o acad\u00eamica generalista, humanista, cr\u00edtica, \u00e9tica e reflexiva. Deve ser capaz de atuar como produtor intelectual e agente da cidadania, respondendo \u00e0 complexidade e ao pluralismo caracter\u00edsticos da sociedade e da cultura contempor\u00e2neas. Deve possuir os fundamentos [&hellip;]<\/p>\n","protected":false},"author":194,"featured_media":0,"parent":0,"menu_order":0,"comment_status":"closed","ping_status":"closed","template":"","meta":{"footnotes":""},"categories":[],"tags":[],"class_list":["post-161","page","type-page","status-publish","hentry"],"acf":[],"_links":{"self":[{"href":"https:\/\/www.ufsm.br\/cursos\/graduacao\/santa-maria\/jornalismo\/wp-json\/wp\/v2\/pages\/161","targetHints":{"allow":["GET"]}}],"collection":[{"href":"https:\/\/www.ufsm.br\/cursos\/graduacao\/santa-maria\/jornalismo\/wp-json\/wp\/v2\/pages"}],"about":[{"href":"https:\/\/www.ufsm.br\/cursos\/graduacao\/santa-maria\/jornalismo\/wp-json\/wp\/v2\/types\/page"}],"author":[{"embeddable":true,"href":"https:\/\/www.ufsm.br\/cursos\/graduacao\/santa-maria\/jornalismo\/wp-json\/wp\/v2\/users\/194"}],"replies":[{"embeddable":true,"href":"https:\/\/www.ufsm.br\/cursos\/graduacao\/santa-maria\/jornalismo\/wp-json\/wp\/v2\/comments?post=161"}],"version-history":[{"count":0,"href":"https:\/\/www.ufsm.br\/cursos\/graduacao\/santa-maria\/jornalismo\/wp-json\/wp\/v2\/pages\/161\/revisions"}],"wp:attachment":[{"href":"https:\/\/www.ufsm.br\/cursos\/graduacao\/santa-maria\/jornalismo\/wp-json\/wp\/v2\/media?parent=161"}],"wp:term":[{"taxonomy":"category","embeddable":true,"href":"https:\/\/www.ufsm.br\/cursos\/graduacao\/santa-maria\/jornalismo\/wp-json\/wp\/v2\/categories?post=161"},{"taxonomy":"post_tag","embeddable":true,"href":"https:\/\/www.ufsm.br\/cursos\/graduacao\/santa-maria\/jornalismo\/wp-json\/wp\/v2\/tags?post=161"}],"curies":[{"name":"wp","href":"https:\/\/api.w.org\/{rel}","templated":true}]}}