{"id":162,"date":"2018-12-13T10:47:53","date_gmt":"2018-12-13T12:47:53","guid":{"rendered":"https:\/\/www.ufsm.br\/cursos\/graduacao\/santa-maria\/jornalismo\/?page_id=162"},"modified":"2018-12-13T10:47:54","modified_gmt":"2018-12-13T12:47:54","slug":"areas-de-atuacao","status":"publish","type":"page","link":"https:\/\/www.ufsm.br\/cursos\/graduacao\/santa-maria\/jornalismo\/areas-de-atuacao","title":{"rendered":"\u00c1reas de Atua\u00e7\u00e3o"},"content":{"rendered":"<p>O profissional egresso do Curso de Jornalismo da UFSM estar\u00e1 apto a atuar em diferentes contextos da pr\u00e1tica profissional em Jornalismo, como em reda\u00e7\u00f5es de ve\u00edculos jornal\u00edsticos de modelos tradicionais: jornais, revistas, r\u00e1dio, televis\u00e3o e internet. Nesses contextos, entretanto, ser\u00e1 competente para executar, al\u00e9m das rotinas tradicionais, as t\u00e9cnicas multimidi\u00e1ticas em not\u00edcia e reportagem, podendo exercer atividades jornal\u00edsticas em reda\u00e7\u00f5es organizadas em modelos de multiplataforma.<\/p>\n<p>Al\u00e9m disso, o perfil profissional deste Curso tamb\u00e9m prepara o futuro jornalista para atuar nos novos campos da comunica\u00e7\u00e3o digital no ciberespa\u00e7o, em diferentes plataformas, como sites de redes sociais, portais, sites, blogs, entre outros. Nesse contexto, tamb\u00e9m destacam-se as oportunidades de constru\u00e7\u00e3o independente de conte\u00fados, com sentido empreendedor. Da mesma forma, a atua\u00e7\u00e3o profissional do jornalista proposta neste Projeto Pedag\u00f3gico de Curso inclui as atividades de assessoria de comunica\u00e7\u00e3oem contextos governamentais e n\u00e3o governamentais, institucionais, associativos e\/ou sindicais, al\u00e9m de meios de comunica\u00e7\u00e3o comunit\u00e1rios.<\/p>\n<p>O Projeto Pedag\u00f3gico do Curso tamb\u00e9m permite que o profissional egresso inicie sua carreira de pesquisador e professor, por interm\u00e9dio da continuidade dos estudos em cursos de P\u00f3s-Gradua\u00e7\u00e3o, como especializa\u00e7\u00e3o, mestrado e doutorado.<\/p>\n","protected":false},"excerpt":{"rendered":"<p>O profissional egresso do Curso de Jornalismo da UFSM estar\u00e1 apto a atuar em diferentes contextos da pr\u00e1tica profissional em Jornalismo, como em reda\u00e7\u00f5es de ve\u00edculos jornal\u00edsticos de modelos tradicionais: jornais, revistas, r\u00e1dio, televis\u00e3o e internet. Nesses contextos, entretanto, ser\u00e1 competente para executar, al\u00e9m das rotinas tradicionais, as t\u00e9cnicas multimidi\u00e1ticas em not\u00edcia e reportagem, podendo [&hellip;]<\/p>\n","protected":false},"author":194,"featured_media":0,"parent":0,"menu_order":0,"comment_status":"closed","ping_status":"closed","template":"","meta":{"footnotes":""},"categories":[],"tags":[],"class_list":["post-162","page","type-page","status-publish","hentry"],"acf":[],"_links":{"self":[{"href":"https:\/\/www.ufsm.br\/cursos\/graduacao\/santa-maria\/jornalismo\/wp-json\/wp\/v2\/pages\/162","targetHints":{"allow":["GET"]}}],"collection":[{"href":"https:\/\/www.ufsm.br\/cursos\/graduacao\/santa-maria\/jornalismo\/wp-json\/wp\/v2\/pages"}],"about":[{"href":"https:\/\/www.ufsm.br\/cursos\/graduacao\/santa-maria\/jornalismo\/wp-json\/wp\/v2\/types\/page"}],"author":[{"embeddable":true,"href":"https:\/\/www.ufsm.br\/cursos\/graduacao\/santa-maria\/jornalismo\/wp-json\/wp\/v2\/users\/194"}],"replies":[{"embeddable":true,"href":"https:\/\/www.ufsm.br\/cursos\/graduacao\/santa-maria\/jornalismo\/wp-json\/wp\/v2\/comments?post=162"}],"version-history":[{"count":0,"href":"https:\/\/www.ufsm.br\/cursos\/graduacao\/santa-maria\/jornalismo\/wp-json\/wp\/v2\/pages\/162\/revisions"}],"wp:attachment":[{"href":"https:\/\/www.ufsm.br\/cursos\/graduacao\/santa-maria\/jornalismo\/wp-json\/wp\/v2\/media?parent=162"}],"wp:term":[{"taxonomy":"category","embeddable":true,"href":"https:\/\/www.ufsm.br\/cursos\/graduacao\/santa-maria\/jornalismo\/wp-json\/wp\/v2\/categories?post=162"},{"taxonomy":"post_tag","embeddable":true,"href":"https:\/\/www.ufsm.br\/cursos\/graduacao\/santa-maria\/jornalismo\/wp-json\/wp\/v2\/tags?post=162"}],"curies":[{"name":"wp","href":"https:\/\/api.w.org\/{rel}","templated":true}]}}