{"id":165,"date":"2018-12-13T10:51:58","date_gmt":"2018-12-13T12:51:58","guid":{"rendered":"https:\/\/www.ufsm.br\/cursos\/graduacao\/santa-maria\/jornalismo\/?page_id=165"},"modified":"2025-08-31T18:10:57","modified_gmt":"2025-08-31T21:10:57","slug":"colegiado","status":"publish","type":"page","link":"https:\/\/www.ufsm.br\/cursos\/graduacao\/santa-maria\/jornalismo\/colegiado","title":{"rendered":"Colegiado"},"content":{"rendered":"<p>O Colegiado do Curso de Comunica\u00e7\u00e3o Social \u2013 Jornalismo da UFSM \u00e9 assim constitu\u00eddo (desde agosto\/2025):<\/p>\n<p><strong>Docentes:<\/strong><\/p>\n<p>Luciana Menezes Carvalho<\/p>\n<p>Reges Toni Schwaab<\/p>\n<p>C\u00e1ssio dos Santos Tomaim<\/p>\n<p>Maicon Elias Kroth<\/p>\n<p><strong>Discente:<\/strong><\/p>\n<p>Camille Silveira de Moraes<\/p>\n<p><strong>Representante Profissional:<\/strong><\/p>\n<p>O funcionamento do Colegiado de Curso \u00e9 regrado pelas normas institucionais da UFSM (Regimento Geral da UFSM, Resolu\u00e7\u00e3o 017\/00 da UFSM e Regimento Interno do Centro de Ci\u00eancias Sociais e Humanas). O Colegiado de Curso se re\u00fane, ordinariamente, duas vezes por semestre ou, extraordinariamente, sempre que convocado pelo presidente ou maioria absoluta de seus membros. Ao Colegiado de Curso de Gradua\u00e7\u00e3o compete: a. propor ao Conselho de Pesquisa e Extens\u00e3o (CEPE) da UFSM, atrav\u00e9s do Conselho do Centro, os curr\u00edculos plenos e suas atividades; b. estabelecer a oferta de disciplina de cada per\u00edodo letivo; c. definir as cargas hor\u00e1rias e os crit\u00e9rios dos curr\u00edculos dos cursos, em articula\u00e7\u00e3o direta com os departamentos, principalmente para compatibilizar as situa\u00e7\u00f5es em que a disciplina pertence a mais de um curso; d. fixar e propor ao CEPE, atrav\u00e9s do Conselho do Centro, o termo m\u00e9dio de integraliza\u00e7\u00e3o curricular, dentro dos prazos m\u00ednimos e m\u00e1ximos estabelecidos pelo CEPE; e. fixar e propor ao CEPE, atrav\u00e9s do Conselho do Centro, a carga hor\u00e1ria e os cr\u00e9ditos de cada disciplina do curr\u00edculo; f. orientar, fiscalizar e coordenar a realiza\u00e7\u00e3o do curso respectivo; g. avaliar os curr\u00edculos e estabelecer o controle did\u00e1tico-pedag\u00f3gico, propondo aos departamentos competentes as modifica\u00e7\u00f5es necess\u00e1rias; h. tra\u00e7ar as diretrizes gerais dos programas e estabelecer os objetivos das disciplinas\u00a0 e do curso respectivo; i. estabelecer o perfil do profissional a ser formado; j. harmonizar os programas a serem submetidos a aprecia\u00e7\u00e3o do CEPE atrav\u00e9s do Conselho do Centro respectivo; k. propor a substitui\u00e7\u00e3o ou treinamento de professores ou outras provid\u00eancias necess\u00e1rias \u00e0 melhoria do ensino ministrado; l. representar aos \u00f3rg\u00e3os competentes em caso de infra\u00e7\u00e3o disciplinar; m. deliberar sobre aproveitamento de disciplinas, ouvindo o departamento respectivo, se necess\u00e1rio; n. estabelecer, os crit\u00e9rios de sele\u00e7\u00e3o para preenchimento de vagas destinadas a reingresso, transfer\u00eancias, mudan\u00e7as de curso e graduados; o. decidir sobre todos os aspectos da vida acad\u00eamica do grupo discente, tais como: adapta\u00e7\u00e3o curricular, matr\u00edcula, trancamento, op\u00e7\u00f5es, dispensas e cancelamentos de matr\u00edcula, bem como estabelecer o controle da respectiva integraliza\u00e7\u00e3o curricular; p. zelar para que todos os hor\u00e1rios das disciplinas sejam adequadas \u00e0 natureza das mesmas e do Curso; q. definir e propor ao CEPE normas e crit\u00e9rios para a realiza\u00e7\u00e3o de est\u00e1gios curriculares; r. exercer as demais atribui\u00e7\u00f5es que lhe sejam previstas em lei ou estabelecidas pelo CEPE.<\/p>\n<p><strong>FAQ Colegiado:<\/strong><\/p>\n<p><strong>1. Como s\u00e3o escolhidos os integrantes do Colegiado?<\/strong><\/p>\n<p>Pela normativa da UFSM, fazem parte do Colegiado de Curso, obrigatoriamente, o Coordenador de Curso (atuando como presidente) e o Coordenador Substituto. Al\u00e9m deles, o Regimento da UFSM exige a participa\u00e7\u00e3o de 1 docente e 1 acad\u00eamico do Curso. O docente \u00e9 escolhido por aclama\u00e7\u00e3o dos pares: os demais professores do Curso indicam e aprovam um colega para atuar como seu representante no Colegiado. O acad\u00eamico \u00e9 escolhido pelo Diret\u00f3rio Acad\u00eamico da Comunica\u00e7\u00e3o (DACOM), que define internamente as modalidades de indica\u00e7\u00e3o. Por solicita\u00e7\u00e3o do Colegiado de Curso, o DACOM escolhe sempre um acad\u00eamico para atuar como representante discente e outro para atuar como suplente. Al\u00e9m disso, o Curso de Jornalismo define, tradicionalmente, a participa\u00e7\u00e3o de um membro externo \u00e0 academia: a indica\u00e7\u00e3o de um profissional jornalista \u00e9 feita pelo pr\u00f3prio Colegiado de Curso. Todos os integrantes do Colegiado de Curso atuam a partir de uma portaria expedida pelo CCSH, e apenas com a vig\u00eancia da portaria os membros do colegiado podem participar das reuni\u00f5es e ter direito \u00e0 voto.<\/p>\n<p><strong>2. Como aluno, como posso participar do Colegiado?<\/strong><\/p>\n<p>O Colegiado de Curso \u00e9 parte fundamental da organiza\u00e7\u00e3o do ensino. A participa\u00e7\u00e3o discente no Colegiado \u00e9 obrigat\u00f3ria e fundamental, de modo que o Projeto Pedag\u00f3gico do Curso estabeleceu que a participa\u00e7\u00e3o discente no Colegiado ser\u00e1 reconhecida a partir da atribui\u00e7\u00e3o de cr\u00e9ditos de Atividades Complementares de Gradua\u00e7\u00e3o (ACGs). Para participar do Colegiado, entretanto, o acad\u00eamico precisa ser eleito e indicado pelo DACOM. Se voc\u00ea tiver interesse em participar das atividades do Curso como representante discente, procure o Diret\u00f3rio Acad\u00eamico e se candidate.<\/p>\n","protected":false},"excerpt":{"rendered":"<p>O Colegiado do Curso de Comunica\u00e7\u00e3o Social \u2013 Jornalismo da UFSM \u00e9 assim constitu\u00eddo (desde agosto\/2025): Docentes: Luciana Menezes Carvalho Reges Toni Schwaab C\u00e1ssio dos Santos Tomaim Maicon Elias Kroth Discente: Camille Silveira de Moraes Representante Profissional: O funcionamento do Colegiado de Curso \u00e9 regrado pelas normas institucionais da UFSM (Regimento Geral da UFSM, Resolu\u00e7\u00e3o [&hellip;]<\/p>\n","protected":false},"author":194,"featured_media":0,"parent":0,"menu_order":0,"comment_status":"closed","ping_status":"closed","template":"","meta":{"footnotes":""},"categories":[],"tags":[],"class_list":["post-165","page","type-page","status-publish","hentry"],"acf":[],"_links":{"self":[{"href":"https:\/\/www.ufsm.br\/cursos\/graduacao\/santa-maria\/jornalismo\/wp-json\/wp\/v2\/pages\/165","targetHints":{"allow":["GET"]}}],"collection":[{"href":"https:\/\/www.ufsm.br\/cursos\/graduacao\/santa-maria\/jornalismo\/wp-json\/wp\/v2\/pages"}],"about":[{"href":"https:\/\/www.ufsm.br\/cursos\/graduacao\/santa-maria\/jornalismo\/wp-json\/wp\/v2\/types\/page"}],"author":[{"embeddable":true,"href":"https:\/\/www.ufsm.br\/cursos\/graduacao\/santa-maria\/jornalismo\/wp-json\/wp\/v2\/users\/194"}],"replies":[{"embeddable":true,"href":"https:\/\/www.ufsm.br\/cursos\/graduacao\/santa-maria\/jornalismo\/wp-json\/wp\/v2\/comments?post=165"}],"version-history":[{"count":0,"href":"https:\/\/www.ufsm.br\/cursos\/graduacao\/santa-maria\/jornalismo\/wp-json\/wp\/v2\/pages\/165\/revisions"}],"wp:attachment":[{"href":"https:\/\/www.ufsm.br\/cursos\/graduacao\/santa-maria\/jornalismo\/wp-json\/wp\/v2\/media?parent=165"}],"wp:term":[{"taxonomy":"category","embeddable":true,"href":"https:\/\/www.ufsm.br\/cursos\/graduacao\/santa-maria\/jornalismo\/wp-json\/wp\/v2\/categories?post=165"},{"taxonomy":"post_tag","embeddable":true,"href":"https:\/\/www.ufsm.br\/cursos\/graduacao\/santa-maria\/jornalismo\/wp-json\/wp\/v2\/tags?post=165"}],"curies":[{"name":"wp","href":"https:\/\/api.w.org\/{rel}","templated":true}]}}