{"id":181,"date":"2018-12-13T10:59:55","date_gmt":"2018-12-13T12:59:55","guid":{"rendered":"https:\/\/www.ufsm.br\/cursos\/graduacao\/santa-maria\/jornalismo\/?page_id=181"},"modified":"2018-12-13T10:59:56","modified_gmt":"2018-12-13T12:59:56","slug":"integralizacao-curricular","status":"publish","type":"page","link":"https:\/\/www.ufsm.br\/cursos\/graduacao\/santa-maria\/jornalismo\/integralizacao-curricular","title":{"rendered":"Integraliza\u00e7\u00e3o Curricular"},"content":{"rendered":"<div align=\"center\">\n<p>Para ser considerado apto a obter titula\u00e7\u00e3o acad\u00eamica de Bacharel em Comunica\u00e7\u00e3o Social &#8211; Jornalismo, o estudante dever\u00e1 cumprir os requisitos m\u00ednimos do Curso, definidos pelo Projeto Pedag\u00f3gico, que validam a sua integraliza\u00e7\u00e3o curricular.<\/p>\n<p>&nbsp;<\/p>\n<table rules=\"all\" cellspacing=\"0\" cellpadding=\"0\">\n<tbody>\n<tr>\n<td style=\"text-align: center\" colspan=\"2\" width=\"682\">\n<h5>DADOS INERENTES \u00c0 INTEGRALIZA\u00c7\u00c3O CURRICULAR:<\/h5>\n<\/td>\n<\/tr>\n<tr>\n<td style=\"text-align: center\" colspan=\"2\" width=\"682\">\n<p align=\"left\"><strong>Carga hor\u00e1ria a ser vencida em:<\/strong><\/p>\n<\/td>\n<\/tr>\n<tr>\n<td style=\"text-align: center\" width=\"587\">\n<p align=\"left\">\u00a0\u00a0\u00a0\u00a0\u00a0\u00a0\u00a0Disciplinas Obrigat\u00f3rias<\/p>\n<\/td>\n<td style=\"text-align: center\" width=\"95\">\n<p align=\"left\">2595 horas<\/p>\n<\/td>\n<\/tr>\n<tr>\n<td style=\"text-align: center\" width=\"587\">\n<p align=\"left\">\u00a0\u00a0\u00a0\u00a0\u00a0\u00a0 Disciplinas Complementares de Gradua\u00e7\u00e3o<\/p>\n<\/td>\n<td style=\"text-align: center\" width=\"95\">\n<p align=\"left\">240 horas<\/p>\n<\/td>\n<\/tr>\n<tr>\n<td style=\"text-align: center\" width=\"587\">\n<p align=\"left\">\u00a0\u00a0\u00a0\u00a0\u00a0\u00a0 Atividades Complementares de Gradua\u00e7\u00e3o<\/p>\n<\/td>\n<td style=\"text-align: center\" width=\"95\">\n<p align=\"left\">180 horas<\/p>\n<\/td>\n<\/tr>\n<tr>\n<td style=\"text-align: center\" width=\"587\">\n<p align=\"left\"><strong>Carga hor\u00e1ria total m\u00ednima a ser vencida:<\/strong><\/p>\n<\/td>\n<td style=\"text-align: center\" width=\"95\">\n<p align=\"left\"><strong>3015 horas<\/strong><\/p>\n<\/td>\n<\/tr>\n<tr>\n<td style=\"text-align: center\" colspan=\"2\" width=\"682\">\n<p align=\"left\"><strong>PRAZO PARA A INTEGRALIZA\u00c7\u00c3O CURRICULAR EM SEMESTRES:<\/strong><\/p>\n<\/td>\n<\/tr>\n<tr>\n<td style=\"text-align: center\" width=\"587\">\n<p align=\"left\">\u00a0\u00a0\u00a0\u00a0\u00a0\u00a0\u00a0M\u00ednimo<\/p>\n<\/td>\n<td style=\"text-align: center\" width=\"95\"><\/td>\n<\/tr>\n<tr>\n<td style=\"text-align: center\" width=\"587\">\n<p align=\"left\">\u00a0\u00a0\u00a0\u00a0\u00a0\u00a0 M\u00e9dio\u00a0\u00a0 (estabelecido pela Seq\u00fc\u00eancia Aconselhada do Curso)<\/p>\n<\/td>\n<td style=\"text-align: center\" width=\"95\">\n<p align=\"left\">08 sem<\/p>\n<\/td>\n<\/tr>\n<tr>\n<td style=\"text-align: center\" width=\"587\">\n<p align=\"left\">\u00a0\u00a0\u00a0\u00a0\u00a0\u00a0 M\u00e1ximo\u00a0 (estabelecido pela Seq. Aconselhada + 50%)<\/p>\n<\/td>\n<td style=\"text-align: center\" width=\"95\">\n<p align=\"left\">12 sem<\/p>\n<\/td>\n<\/tr>\n<tr>\n<td style=\"text-align: center\" colspan=\"2\" width=\"682\">\n<p align=\"left\"><strong>LIMITES DE CARGA HOR\u00c1RIA REQUER\u00cdVEL POR SEMESTRE:<\/strong><\/p>\n<\/td>\n<\/tr>\n<tr>\n<td style=\"text-align: center\" width=\"587\">\n<p align=\"left\">\u00a0\u00a0\u00a0\u00a0\u00a0\u00a0\u00a0M\u00e1ximo<strong>*<\/strong><\/p>\n<\/td>\n<td style=\"text-align: center\" width=\"95\"><\/td>\n<\/tr>\n<tr>\n<td style=\"text-align: center\" width=\"587\">\n<p align=\"left\">\u00a0\u00a0\u00a0\u00a0\u00a0\u00a0 M\u00ednimo\u00a0 (C.H.T. dividido pelo prazo m\u00e1x. de integr.\u00a0+ arredond.)<\/p>\n<\/td>\n<td style=\"text-align: center\" width=\"95\">\n<p align=\"left\">255 horas<\/p>\n<\/td>\n<\/tr>\n<tr>\n<td style=\"text-align: center\" colspan=\"2\" width=\"682\">\n<p align=\"left\"><strong>N\u00daMERO DE TRANCAMENTOS POSS\u00cdVEIS:<\/strong><\/p>\n<\/td>\n<\/tr>\n<tr>\n<td style=\"text-align: center\" width=\"587\">\n<p align=\"left\">\u00a0\u00a0\u00a0\u00a0\u00a0\u00a0 Parciais<\/p>\n<\/td>\n<td style=\"text-align: center\" width=\"95\">\n<p align=\"left\">08<\/p>\n<\/td>\n<\/tr>\n<tr>\n<td style=\"text-align: center\" width=\"587\">\n<p align=\"left\">\u00a0\u00a0\u00a0\u00a0\u00a0\u00a0 Totais<\/p>\n<\/td>\n<td style=\"text-align: center\" width=\"95\">\n<p align=\"left\">04<\/p>\n<\/td>\n<\/tr>\n<\/tbody>\n<\/table>\n<\/div>\n<p><strong>\u00a0<\/strong><\/p>\n<p><strong>*<\/strong>O m\u00e1ximo de carga hor\u00e1ria requer\u00edvel por semestre n\u00e3o ter\u00e1 limite fixado devendo, por\u00e9m, atender o disposto na Resolu\u00e7\u00e3o n. 14\/2000-UFSM.<\/p>\n<p>&nbsp;<\/p>\n<p><strong>FAQ Curr\u00edculo:<\/strong><\/p>\n<p>&nbsp;<\/p>\n<p><strong>1. Preciso me matricular em todas as disciplinas oferecidas no semestre?<\/strong><\/p>\n<p>N\u00e3o, voc\u00ea n\u00e3o \u00e9 obrigado a se matricular em todas as disciplinas ofertadas no semestre. Essa \u00e9 uma recomenda\u00e7\u00e3o do Projeto Pedag\u00f3gico do Curso, para que voc\u00ea consiga completar todos os requisitos da integraliza\u00e7\u00e3o curricular no tempo regulamentar, e possa solicitar a formatura. Mas antes de decidir por atrasar uma disciplina, voc\u00ea deve ter em mente: 1) que a oferta de disciplinas no Curso de Jornalismo da UFSM \u00e9 anual &#8211; o que significa que voc\u00ea s\u00f3 poder\u00e1 se matricular na cadeira atrasada no pr\u00f3ximo ano, podendo haver conflito de hor\u00e1rio com as disciplinas dos outros semestres; 2) que algumas disciplinas s\u00e3o consideradas pr\u00e9-requisitos para matr\u00edcula em disciplinas posteriores, de modo que se voc\u00ea n\u00e3o tiver cursado essas cadeiras com aproveitamento de nota e presen\u00e7as n\u00e3o poder\u00e1 se matricular nas cadeiras seguintes, o que pode atrasar ainda mais a integraliza\u00e7\u00e3o curricular. Voc\u00ea tamb\u00e9m precisa considerar os prazos para integraliza\u00e7\u00e3o curricular, indicados na tabela acima. Se voc\u00ea n\u00e3o cumprir os prazos de integraliza\u00e7\u00e3o, pode ser &#8220;jubilado&#8221; e perder a sua vaga. LEMBRE: voc\u00ea est\u00e1 ocupando uma vaga em Universidade p\u00fablica, e tamb\u00e9m \u00e9 respons\u00e1vel pelo bom uso do seu tempo e dos recursos investidos pela sociedade na sua forma\u00e7\u00e3o!\u00a0<strong>\ud83d\ude09<\/strong><\/p>\n<p>&nbsp;<\/p>\n<p><strong>2. Posso adiantar alguma disciplina?<\/strong><\/p>\n<p>Sim, voc\u00ea pode adiantar discplinas desde que: 1) n\u00e3o aconte\u00e7a sobreposi\u00e7\u00e3o de hor\u00e1rios (voc\u00ea n\u00e3o pode fazer duas disciplinas no mesmo hor\u00e1rio); 2) n\u00e3o exista limita\u00e7\u00e3o no seu curr\u00edculo quanto \u00e0 pr\u00e9-requisitos (voc\u00ea n\u00e3o pode cursar uma disciplina \u00e0 frente do seu per\u00edodo sugerido se ela exigir aproveitamento de uma disciplina que voc\u00ea ainda n\u00e3o cursou). Qualquer d\u00favida quanto \u00e0 matr\u00edcula, procure a Coordena\u00e7\u00e3o de Curso.<\/p>\n<p>&nbsp;<\/p>\n<p><strong>3. Quero trabalhar em r\u00e1dio. Posso cursar apenas as disciplinas do meu interesse ou preciso fazer tamb\u00e9m as disciplinas de Televis\u00e3o e Impresso, por exemplo?<\/strong><\/p>\n<p>A forma\u00e7\u00e3o em Comunica\u00e7\u00e3o Social &#8211; Jornalismo exige o cumprimento de toda a grade de disciplinas, al\u00e9m das cargas hor\u00e1rias em Disciplinas Complementares e Atividades Complementares. Dessa forma, para receber a titula\u00e7\u00e3o de Bacharel em Comunica\u00e7\u00e3o Social &#8211; Jornalismo, e exercer a profiss\u00e3o de Jornalista como diplomado, voc\u00ea precisa cumprir todos os cr\u00e9ditos, com disciplinas te\u00f3ricas e pr\u00e1ticas.<\/p>\n<p>&nbsp;<\/p>\n","protected":false},"excerpt":{"rendered":"<p>Para ser considerado apto a obter titula\u00e7\u00e3o acad\u00eamica de Bacharel em Comunica\u00e7\u00e3o Social &#8211; Jornalismo, o estudante dever\u00e1 cumprir os requisitos m\u00ednimos do Curso, definidos pelo Projeto Pedag\u00f3gico, que validam a sua integraliza\u00e7\u00e3o curricular. &nbsp; DADOS INERENTES \u00c0 INTEGRALIZA\u00c7\u00c3O CURRICULAR: Carga hor\u00e1ria a ser vencida em: \u00a0\u00a0\u00a0\u00a0\u00a0\u00a0\u00a0Disciplinas Obrigat\u00f3rias 2595 horas \u00a0\u00a0\u00a0\u00a0\u00a0\u00a0 Disciplinas Complementares de Gradua\u00e7\u00e3o [&hellip;]<\/p>\n","protected":false},"author":194,"featured_media":0,"parent":0,"menu_order":0,"comment_status":"closed","ping_status":"closed","template":"","meta":{"footnotes":""},"categories":[],"tags":[],"class_list":["post-181","page","type-page","status-publish","hentry"],"acf":[],"_links":{"self":[{"href":"https:\/\/www.ufsm.br\/cursos\/graduacao\/santa-maria\/jornalismo\/wp-json\/wp\/v2\/pages\/181","targetHints":{"allow":["GET"]}}],"collection":[{"href":"https:\/\/www.ufsm.br\/cursos\/graduacao\/santa-maria\/jornalismo\/wp-json\/wp\/v2\/pages"}],"about":[{"href":"https:\/\/www.ufsm.br\/cursos\/graduacao\/santa-maria\/jornalismo\/wp-json\/wp\/v2\/types\/page"}],"author":[{"embeddable":true,"href":"https:\/\/www.ufsm.br\/cursos\/graduacao\/santa-maria\/jornalismo\/wp-json\/wp\/v2\/users\/194"}],"replies":[{"embeddable":true,"href":"https:\/\/www.ufsm.br\/cursos\/graduacao\/santa-maria\/jornalismo\/wp-json\/wp\/v2\/comments?post=181"}],"version-history":[{"count":0,"href":"https:\/\/www.ufsm.br\/cursos\/graduacao\/santa-maria\/jornalismo\/wp-json\/wp\/v2\/pages\/181\/revisions"}],"wp:attachment":[{"href":"https:\/\/www.ufsm.br\/cursos\/graduacao\/santa-maria\/jornalismo\/wp-json\/wp\/v2\/media?parent=181"}],"wp:term":[{"taxonomy":"category","embeddable":true,"href":"https:\/\/www.ufsm.br\/cursos\/graduacao\/santa-maria\/jornalismo\/wp-json\/wp\/v2\/categories?post=181"},{"taxonomy":"post_tag","embeddable":true,"href":"https:\/\/www.ufsm.br\/cursos\/graduacao\/santa-maria\/jornalismo\/wp-json\/wp\/v2\/tags?post=181"}],"curies":[{"name":"wp","href":"https:\/\/api.w.org\/{rel}","templated":true}]}}