{"id":182,"date":"2018-12-13T11:00:50","date_gmt":"2018-12-13T13:00:50","guid":{"rendered":"https:\/\/www.ufsm.br\/cursos\/graduacao\/santa-maria\/jornalismo\/?page_id=182"},"modified":"2022-08-29T08:35:29","modified_gmt":"2022-08-29T11:35:29","slug":"dcgs","status":"publish","type":"page","link":"https:\/\/www.ufsm.br\/cursos\/graduacao\/santa-maria\/jornalismo\/dcgs","title":{"rendered":"DCGs"},"content":{"rendered":"<p>Tutorial para requisi\u00e7\u00e3o de dispensa de disciplina: https:\/\/www.ufsm.br\/pro-reitorias\/prograd\/cofre-corem\/dispensa-de-disciplinas\/<\/p>\n<p>Considerando a necessidade de flexibiliza\u00e7\u00e3o curricular, que atende aos anseios dos alunos e concomitantemente os responsabiliza pela sua forma\u00e7\u00e3o profissional, o Curso de Jornalismo abre a possibilidade de que os mesmos definam parte de sua forma\u00e7\u00e3o profissional de acordo com seus interesses e habilidades, atrav\u00e9s de Disciplinas Complementares de Gradua\u00e7\u00e3o (DCG).<\/p>\n<p>O Projeto Pedag\u00f3gico do Curso estabelece que o quadro de Disciplinas Complementares de Gradua\u00e7\u00e3o ser\u00e1 organizado, em primeiro lugar, pelas disciplinas dos demais Cursos do Departamento de Comunica\u00e7\u00e3o Social \u2013 Rela\u00e7\u00f5es P\u00fablicas, Publicidade e Propaganda e Produ\u00e7\u00e3o Editorial. Desse modo,\u00a0o acad\u00eamico que cursar uma disciplina constante na oferta curricular dos referidos Cursos, ter\u00e1 automaticamente no seu hist\u00f3rico escolar o registro da disciplina e sua respectiva carga hor\u00e1ria computadas na forma de DCG.<\/p>\n<p>As DCG tamb\u00e9m ser\u00e3o compostas por\u00a0disciplinas eletivas do curr\u00edculo de Jornalismo, de car\u00e1ter interdisciplinar e que abordem conte\u00fados para forma\u00e7\u00e3o profissional dos futuros jornalistas atrav\u00e9s da conex\u00e3o entre diferentes \u00e1reas do conhecimento. A oferta destas disciplinas ser\u00e1 espor\u00e1dica, de acordo com os\u00a0recursos materiais e humanos do Curso de Comunica\u00e7\u00e3o Social &#8211; Jornalismo e do Departamento de Comunica\u00e7\u00e3o, e considerando ainda o desenvolvimento das linhas de conhecimento dos N\u00facleos de Estrutura\u00e7\u00e3o e Forma\u00e7\u00e3o.<\/p>\n<p>Por fim,\u00a0poder\u00e3o ser consideradas como DCG, disciplinas de outros cursos de gradua\u00e7\u00e3o (da UFSM ou de outras institui\u00e7\u00f5es de ensino superior), desde que estejam relacionadas ao escopo de conhecimentos da Comunica\u00e7\u00e3o Social e que tenham a devida aprova\u00e7\u00e3o do Colegiado do Curso, a partir da avalia\u00e7\u00e3o do programa da disciplina e de sua carga hor\u00e1ria total.<\/p>\n<hr \/>\n<p><strong>FAQ DCG:<\/strong><\/p>\n<p><strong>1. Sou aluno de Jornalismo e quero cursar uma DCG do curr\u00edculo do curso.<\/strong><\/p>\n<p>Como aluno de Jornalismo voc\u00ea tem prioridade na matr\u00edcula de DCGs ofertadas pelo Curso. Consulte a oferta de disciplinas do semestre vigente e verifique se h\u00e1 disponibilidade de DCGs para o seu semestre. Lembre que ser\u00e1 necess\u00e1rio compatibilidade de hor\u00e1rios entre as disciplinas obrigat\u00f3rias e as DCG &#8211; voc\u00ea n\u00e3o pode cursar disciplinas diferentes em um mesmo hor\u00e1rio.<\/p>\n<p><strong>2. Sou aluno de Jornalismo e quero cursar uma disciplina ofertada por outro curso da FACOS.<\/strong><\/p>\n<p>Voc\u00ea pode solicitar vagas remanecentes em outros cursos da FACOS durante o ajuste de matr\u00edculas (consulte o calend\u00e1rio da UFSM). As secretarias da FACOS divulgam um cronograma de ajuste de disciplinas contendo um dia espec\u00edfico para cada curso &#8211; quando apenas alunos daquele Curso recebem atendimento &#8211; e um dia para ajustes gerais, quando alunos de um curso podem solicitar matr\u00edcula em outro. Voc\u00ea deve solicitar a matr\u00edcula em outro curso no dia indicado para os ajustes gerais.<\/p>\n<p><strong>3. Sou aluno de Jornalismo e quero cursar uma disciplina ofertada por outro curso do CCSH ou de outro Centro da UFSM.<\/strong><\/p>\n<p>Voc\u00ea vai precisar de um formul\u00e1rio de solicita\u00e7\u00e3o de discplina em outro curso, que \u00e9 fornecido pela secretaria. Com este documento em m\u00e3os, voc\u00ea deve fazer contato direto com a secretaria do curso que oferta a disciplina desejada. Cada secretaria tem liberdade para organizar os ajustes de matr\u00edcula e alguns cursos costumam abrir listas de espera de vagas antes mesmo do prazo de ajuste de matr\u00edcula.<\/p>\n<p><strong>4. N\u00e3o sou aluno de Jornalismo e quero cursar uma disciplina do curr\u00edculo do curso.<\/strong><\/p>\n<p>Se voc\u00ea \u00e9 aluno de outro curso da UFSM, pode solicitar matr\u00edcula em vagas remanecentes da oferta de Jornalismo\u00a0durante o ajuste de matr\u00edculas (consulte o calend\u00e1rio da UFSM). As secretarias da FACOS divulgam um cronograma de ajuste de disciplinas contendo um dia espec\u00edfico para ajustes gerais, quando alunos de um curso podem solicitar matr\u00edcula em outro. Voc\u00ea deve solicitar a matr\u00edcula em outro curso no dia indicado para os ajustes gerais. N\u00e3o esque\u00e7a de trazer assinado o\u00a0formul\u00e1rio de solicita\u00e7\u00e3o de discplina em outro curso, fornecido pela sua secretaria.<\/p>\n<p><strong>5. Sou aluno de Jornalismo e cursei uma disciplina em outro curso da UFSM. Como posso solicitar a valida\u00e7\u00e3o de DCG?<\/strong><\/p>\n<p>Voc\u00ea deve protocolar, junto \u00e0 secretaria do Curso, um pedido de valida\u00e7\u00e3o de DCG. O\u00a0formul\u00e1rio de solicita\u00e7\u00e3o\u00a0est\u00e1 dispon\u00edvel na secretaria do Curso e deve estar acompanhado de uma\u00a0c\u00f3pia do hist\u00f3rico\u00a0(pe\u00e7a na secretaria de curso) contendo a nota obtida na disciplina que deseja validar e uma\u00a0c\u00f3pia do programa da disciplina.<\/p>\n","protected":false},"excerpt":{"rendered":"<p>Tutorial para requisi\u00e7\u00e3o de dispensa de disciplina: https:\/\/www.ufsm.br\/pro-reitorias\/prograd\/cofre-corem\/dispensa-de-disciplinas\/ Considerando a necessidade de flexibiliza\u00e7\u00e3o curricular, que atende aos anseios dos alunos e concomitantemente os responsabiliza pela sua forma\u00e7\u00e3o profissional, o Curso de Jornalismo abre a possibilidade de que os mesmos definam parte de sua forma\u00e7\u00e3o profissional de acordo com seus interesses e habilidades, atrav\u00e9s de Disciplinas [&hellip;]<\/p>\n","protected":false},"author":194,"featured_media":0,"parent":0,"menu_order":0,"comment_status":"closed","ping_status":"closed","template":"","meta":{"footnotes":""},"categories":[],"tags":[],"class_list":["post-182","page","type-page","status-publish","hentry"],"acf":[],"_links":{"self":[{"href":"https:\/\/www.ufsm.br\/cursos\/graduacao\/santa-maria\/jornalismo\/wp-json\/wp\/v2\/pages\/182","targetHints":{"allow":["GET"]}}],"collection":[{"href":"https:\/\/www.ufsm.br\/cursos\/graduacao\/santa-maria\/jornalismo\/wp-json\/wp\/v2\/pages"}],"about":[{"href":"https:\/\/www.ufsm.br\/cursos\/graduacao\/santa-maria\/jornalismo\/wp-json\/wp\/v2\/types\/page"}],"author":[{"embeddable":true,"href":"https:\/\/www.ufsm.br\/cursos\/graduacao\/santa-maria\/jornalismo\/wp-json\/wp\/v2\/users\/194"}],"replies":[{"embeddable":true,"href":"https:\/\/www.ufsm.br\/cursos\/graduacao\/santa-maria\/jornalismo\/wp-json\/wp\/v2\/comments?post=182"}],"version-history":[{"count":0,"href":"https:\/\/www.ufsm.br\/cursos\/graduacao\/santa-maria\/jornalismo\/wp-json\/wp\/v2\/pages\/182\/revisions"}],"wp:attachment":[{"href":"https:\/\/www.ufsm.br\/cursos\/graduacao\/santa-maria\/jornalismo\/wp-json\/wp\/v2\/media?parent=182"}],"wp:term":[{"taxonomy":"category","embeddable":true,"href":"https:\/\/www.ufsm.br\/cursos\/graduacao\/santa-maria\/jornalismo\/wp-json\/wp\/v2\/categories?post=182"},{"taxonomy":"post_tag","embeddable":true,"href":"https:\/\/www.ufsm.br\/cursos\/graduacao\/santa-maria\/jornalismo\/wp-json\/wp\/v2\/tags?post=182"}],"curies":[{"name":"wp","href":"https:\/\/api.w.org\/{rel}","templated":true}]}}