{"id":183,"date":"2018-12-13T11:03:14","date_gmt":"2018-12-13T13:03:14","guid":{"rendered":"https:\/\/www.ufsm.br\/cursos\/graduacao\/santa-maria\/jornalismo\/?page_id=183"},"modified":"2025-10-22T06:30:47","modified_gmt":"2025-10-22T09:30:47","slug":"acgs","status":"publish","type":"page","link":"https:\/\/www.ufsm.br\/cursos\/graduacao\/santa-maria\/jornalismo\/acgs","title":{"rendered":"ACGs &#8211; Curr\u00edculo 2023"},"content":{"rendered":"\n\n\n<p><\/p>\n\n\n\n<p>Considerando que para a integraliza\u00e7\u00e3o curricular do Curso de Jornalismo, o\/a estudante dever\u00e1 perfazer no m\u00ednimo <strong>60 horas de ACGs<\/strong>;<\/p>\n\n\n\n<p>Considerando que tais normas se aplicam aos\/\u00e0s estudantes ingressantes a partir de 2023, sob vig\u00eancia do Projeto Pol\u00edtico Pedag\u00f3gico denominado 2023 (corrente);<\/p>\n\n\n\n<p>O Colegiado do Curso de Jornalismo aprova e regulamenta as seguintes normas referentes \u00e0s Atividades Complementares de Gradua\u00e7\u00e3o (ACGs):<\/p>\n\n\n\n<p>1. Como ACG, o\/a estudante dever\u00e1 participar de atividades promovidas nos \u00e2mbitos do ensino e da pesquisa, possibilitando o cont\u00ednuo aperfei\u00e7oamento e atualiza\u00e7\u00e3o dos conte\u00fados curriculares, como est\u00edmulo para:<\/p>\n\n\n\n<p>a) participa\u00e7\u00e3o em eventos acad\u00eamico-cient\u00edficos;<\/p>\n\n\n\n<p>b) atua\u00e7\u00e3o em n\u00facleos tem\u00e1ticos;<\/p>\n\n\n\n<p>c) publica\u00e7\u00f5es;<\/p>\n\n\n\n<p>d) est\u00e1gios extracurriculares;<\/p>\n\n\n\n<p>e) inicia\u00e7\u00e3o cient\u00edfica e pesquisa;<\/p>\n\n\n\n<p>f) publica\u00e7\u00e3o de trabalhos acad\u00eamicos ou cient\u00edficos;<\/p>\n\n\n\n<p>g) participa\u00e7\u00e3o em \u00f3rg\u00e3os colegiados;<\/p>\n\n\n\n<p>h) monitoria;<\/p>\n\n\n\n<p>i) participa\u00e7\u00e3o no movimento estudantil;<\/p>\n\n\n\n<p>j) outras atividades.<\/p>\n\n\n\n<p>2. As ACGs ter\u00e3o os seguintes crit\u00e9rios de aproveitamento:<\/p>\n\n\n\n<ol style=\"list-style-type:lower-alpha\" class=\"wp-block-list\">\n<li><strong>Participa\u00e7\u00e3o em eventos acad\u00eamico-cient\u00edficos<\/strong><\/li>\n\n\n\n<li><em>Cursos extracurriculares (l\u00ednguas, inform\u00e1tica, etc):<\/em> caber\u00e1 ao Colegiado do Curso analisar a vincula\u00e7\u00e3o do tema \u00e0 forma\u00e7\u00e3o e \u00e0 carga hor\u00e1ria do curso. Nessa modalidade, a atribui\u00e7\u00e3o m\u00e1xima ser\u00e1 de 30 horas. A atividade deve ser realizada depois do ingresso no Curso para ser validada como ACG, mediante apresenta\u00e7\u00e3o de certificado.<\/li>\n\n\n\n<li><em>Congressos nacionais ou internacionais como participante: <\/em>A carga hor\u00e1ria computada ser\u00e1 a registrada no certificado do\/da estudante, e a atribui\u00e7\u00e3o m\u00e1xima ser\u00e1 de 30 horas. A atividade deve ser realizada depois do ingresso no Curso para ser validada.<\/li>\n\n\n\n<li><em>Congressos nacionais e\/ou internacionais como apresentador de trabalho: <\/em>A carga hor\u00e1ria computada ser\u00e1 a registrada no certificado do aluno, e nesta modalidade o aluno poder\u00e1 validar at\u00e9 30 horas. A atividade deve ser realizada depois do ingresso no Curso.<\/li>\n\n\n\n<li><em>Apresenta\u00e7\u00e3o de trabalhos (ministrante de curso, expositor) em jornadas acad\u00eamicas, semin\u00e1rios, simp\u00f3sios, e outros eventos da \u00e1rea: <\/em>A carga hor\u00e1ria computada ser\u00e1 a registrada no certificado do aluno, e nesta modalidade poder\u00e1 validar at\u00e9 30 horas. A atividade deve ser realizada depois do ingresso no curso.<\/li>\n\n\n\n<li><em>Como participante\/ouvinte em jornadas acad\u00eamicas, semin\u00e1rios, simp\u00f3sios, congressos e outros eventos da \u00e1rea:<\/em> a atribui\u00e7\u00e3o m\u00e1xima ser\u00e1 de 30 horas nesta modalidade. A carga hor\u00e1ria computada ser\u00e1 a registrada no certificado do aluno. A atividade deve ser realizada depois do ingresso no Curso.<\/li>\n\n\n\n<li><em>Como organizador de evento: <\/em>ser\u00e1 validada a quantidade de horas descrita no certificado, at\u00e9 o limite de 15 horas por evento organizado e at\u00e9 30 horas na modalidade.<\/li>\n<\/ol>\n\n\n\n<p><strong>b) Atua\u00e7\u00e3o em n\u00facleos tem\u00e1ticos<\/strong><\/p>\n\n\n\n<ul class=\"wp-block-list\">\n<li><em>Programa de Educa\u00e7\u00e3o Tutorial (PET):<\/em> o\/a estudante bolsista ou volunt\u00e1rio poder\u00e1 dispensar, observando a data de ingresso no programa, at\u00e9 30 horas, conforme certificado do programa e\/ou recomenda\u00e7\u00f5es do professor, at\u00e9 o m\u00e1ximo de 60 horas na modalidade. O aluno dever\u00e1 apresentar relat\u00f3rio ou certificado assinado pelo professor coordenador ou tutor. N\u00e3o ser\u00e3o computadas como ACG atividades no \u00e2mbito da extens\u00e3o realizadas no PET.<\/li>\n\n\n\n<li><em>Grupos de Estudo<\/em>: o aluno dever\u00e1 comprovar sua participa\u00e7\u00e3o, por meio de impress\u00e3o\/captura de tela da p\u00e1gina do grupo e link que direcione para o site, incluindo relat\u00f3rio assinado pelo l\u00edder do grupo indicando as atividades desenvolvidas (desde que sejam posteriores ao seu ingresso no curso) e per\u00edodo de cada uma. Poder\u00e3o ser dispensadas 5 horas por atividade, at\u00e9 o limite de 30 horas na modalidade. O Colegiado analisar\u00e1 se o grupo tem rela\u00e7\u00e3o com a \u00e1rea da Comunica\u00e7\u00e3o.<\/li>\n\n\n\n<li><em>Projetos de ensino: <\/em>como bolsista, o\/a estudante obter\u00e1 at\u00e9 30 horas a cada projeto j\u00e1 como participante volunt\u00e1rio, o\/a acad\u00eamico\/a poder\u00e1 validar at\u00e9 20 horas a cada projeto. Deve ser apresentado certificado e\/ou relat\u00f3rio validado pelo coordenador do projeto.<\/li>\n<\/ul>\n\n\n\n<p><strong>c) Publica\u00e7\u00f5es<\/strong><\/p>\n\n\n\n<ul class=\"wp-block-list\">\n<li><em>Publica\u00e7\u00e3o de conte\u00fados jornal\u00edsticos em ve\u00edculos institucionais, laboratoriais ou independentes (digitais, impressos, audiovisuais ou sonoros)<\/em>: mediante comprova\u00e7\u00e3o com relat\u00f3rio em que constem links e\/ou prints em que apare\u00e7am o nome do(a) estudante como autor\/a, com data de publica\u00e7\u00e3o posterior \u00e0 de seu ingresso no curso. O relat\u00f3rio deve estar assinado pelo jornalista respons\u00e1vel pelo ve\u00edculo, que n\u00e3o pode ser o mesmo local em que o\/a estudante tenha realizado est\u00e1gio. Ser\u00e3o validadas at\u00e9 04 horas por reportagem, at\u00e9 o limite m\u00e1ximo de 20 horas na modalidade. Ser\u00e3o considerados conte\u00fados jornal\u00edsticos: not\u00edcias, reportagens, artigos de opini\u00e3o, apresenta\u00e7\u00e3o de programas, entrevistas, conte\u00fados jornal\u00edsticos em redes sociais e outros, mediante an\u00e1lise do Colegiado do curso.<\/li>\n<\/ul>\n\n\n\n<p><strong>d) Est\u00e1gios extracurriculares<\/strong><\/p>\n\n\n\n<ul class=\"wp-block-list\">\n<li>O\/A estudante poder\u00e1 obter no m\u00ednimo 30 horas em est\u00e1gio extracurricular mediante a apresenta\u00e7\u00e3o do n\u00famero do processo de est\u00e1gio, que deve constar como encerrado.<\/li>\n<\/ul>\n\n\n\n<p><strong>e) Inicia\u00e7\u00e3o cient\u00edfica e pesquisa<\/strong><\/p>\n\n\n\n<ul class=\"wp-block-list\">\n<li><em>Grupo de pesquisa: <\/em>o\/a aluno\/a dever\u00e1 comprovar sua participa\u00e7\u00e3o, por meio de impress\u00e3o da p\u00e1gina do grupo no diret\u00f3rio do CNPq e link que direcione para o espelho do grupo, incluindo relat\u00f3rio assinado pelo l\u00edder do GP indicando as atividades desenvolvidas (desde que sejam posteriores ao seu ingresso no curso) e per\u00edodo de cada uma. Poder\u00e3o ser dispensadas at\u00e9 5 horas por atividade, at\u00e9 o limite de 30 horas na modalidade. O Colegiado analisar\u00e1 se o grupo tem rela\u00e7\u00e3o com a \u00e1rea da Comunica\u00e7\u00e3o.<\/li>\n\n\n\n<li><em>Projeto de pesquisa:<\/em> como bolsista de projeto de pesquisa registrado no portal de projetos da UFSM, o\/a aluno\/a obter\u00e1 at\u00e9 20 horas por projeto, levando-se em conta a certifica\u00e7\u00e3o. Como volunt\u00e1rio\/a, o\/a estudante obter\u00e1 at\u00e9 10 horas a cada projeto. O limite de horas na modalidade \u00e9 de 30 horas. O\/A estudante dever\u00e1 apresentar certificado obtido direto da p\u00e1gina de registro do projeto no portal da UFSM e c\u00f3pia do relat\u00f3rio final com assinatura do coordenador da pesquisa.<\/li>\n<\/ul>\n\n\n\n<p><strong>f) Publica\u00e7\u00e3o de trabalhos acad\u00eamicos ou cient\u00edficos<\/strong><\/p>\n\n\n\n<ul class=\"wp-block-list\">\n<li><em>Resumo publicado em anais de congressos regionais, estaduais, nacionais ou internacionais:<\/em> o\/a estudante obter\u00e1 05 horas para cada resumo publicado como autor ou co-autor, at\u00e9 atingir 20 horas na modalidade. A atividade deve ser realizada depois do ingresso no Curso e o aluno dever\u00e1 apresentar c\u00f3pia da publica\u00e7\u00e3o oficial, c\u00f3pia da ficha t\u00e9cnica e do \u00edndice. O tema dever\u00e1 ser na \u00e1rea de Comunica\u00e7\u00e3o e sua validade ser\u00e1 analisada pelo Colegiado do Curso.<\/li>\n\n\n\n<li><em>Resumo expandido publicado em anais de congressos regionais, estaduais, nacionais ou internacionais: <\/em>o\/a estudante obter\u00e1 10 horas para cada resumo publicado como autor ou co-autor, at\u00e9 atingir 30 horas na modalidade. A atividade deve ser realizada depois do ingresso no Curso e o aluno dever\u00e1 apresentar c\u00f3pia da publica\u00e7\u00e3o oficial, c\u00f3pia da ficha t\u00e9cnica e do \u00edndice. O tema dever\u00e1 ser na \u00e1rea de Comunica\u00e7\u00e3o e sua validade ser\u00e1 analisada pelo Colegiado do Curso.<\/li>\n\n\n\n<li><em>Artigo completo publicado em anais de congressos regionais, estaduais, nacionais ou internacionais: <\/em>o\/a estudante obter\u00e1 20 horas para cada resumo publicado como autor ou co-autor, at\u00e9 atingir 40 horas na modalidade. A atividade deve ser realizada depois do ingresso no Curso e o aluno dever\u00e1 apresentar c\u00f3pia da publica\u00e7\u00e3o oficial, c\u00f3pia da ficha t\u00e9cnica e do \u00edndice. O tema dever\u00e1 ser na \u00e1rea de Comunica\u00e7\u00e3o e sua validade ser\u00e1 analisada pelo Colegiado do Curso.<\/li>\n\n\n\n<li><em>Artigo completo publicado em revista nacional e\/ou internacional da \u00e1rea <\/em>ou cap\u00edtulo de livro: o\/a aluno\/a obter\u00e1 at\u00e9 30 horas para cada artigo\/cap\u00edtulo completo publicado como autor ou co- autor, at\u00e9 atingir 60 horas na modalidade. A atividade deve ser realizada depois do ingresso no Curso e o aluno dever\u00e1 apresentar c\u00f3pia da publica\u00e7\u00e3o oficial, c\u00f3pia da ficha t\u00e9cnica e do \u00edndice. O tema dever\u00e1 ser na \u00e1rea de Comunica\u00e7\u00e3o e sua validade ser\u00e1 analisada pelo Colegiado do Curso.<\/li>\n<\/ul>\n\n\n\n<p><strong>g) Participa\u00e7\u00e3o em \u00f3rg\u00e3os colegiados<\/strong><\/p>\n\n\n\n<ul class=\"wp-block-list\">\n<li>R<em>epresentante discente em conselhos ou colegiados de Curso, Departamento, Centro ou Universidade: <\/em>o\/a aluno\/a obter\u00e1, para cada participa\u00e7\u00e3o comprovada mediante portaria, at\u00e9 30 horas em ACG.<\/li>\n<\/ul>\n\n\n\n<p><strong>h) Monitoria:<\/strong><\/p>\n\n\n\n<ul class=\"wp-block-list\">\n<li>Nesta modalidade, o\/a estudante poder\u00e1 dispensar at\u00e9 60 horas por bolsa de monitoria, e 30 horas por monitoria sem bolsa, valendo para pr\u00e1tica nos laborat\u00f3rios de ensino e no aux\u00edlio de atividades did\u00e1ticas orientadas pelos professores do departamento. O\/a estudante deve apresentar certificado assinado pelo curso ou professor respons\u00e1vel.<\/li>\n<\/ul>\n\n\n\n<p><strong>i) Participa\u00e7\u00e3o no movimento estudantil: <\/strong>o\/a aluno\/a obter\u00e1, para cada participa\u00e7\u00e3o comprovada mediante comprovante, at\u00e9 30 horas em ACG.<\/p>\n\n\n\n<p><strong>j) Outras atividades: <\/strong>atividades de ensino ou pesquisa, at\u00e9 o limite de 30 horas, que n\u00e3o se enquadrem em qualquer uma das modalidades anteriores, desde que haja comprova\u00e7\u00e3o e alinhamento \u00e0s normas da institui\u00e7\u00e3o.<em><\/em><\/p>\n\n\n\n<p>As atividades de extens\u00e3o dever\u00e3o ser registradas no \u00e2mbito das ACEx &#8211; Atividades Complementares de Extens\u00e3o, conforme normatiza\u00e7\u00e3o do Curso.<\/p>\n\n\n\n<p>Casos omissos ser\u00e3o resolvidos pelo Colegiado do Curso de Jornalismo.<\/p>\n\n\n\n<p>Santa Maria, 15 de setembro de 2025.<\/p>\n\n\n\n<p><strong>Profa. Dra. Luciana Menezes Carvalho\u00a0<\/strong> <\/p>\n\n\n\n<p>Coordenadora do Curso de Jornalismo \/ Presidente do Colegiado<\/p>\n","protected":false},"excerpt":{"rendered":"<p>Considerando que para a integraliza\u00e7\u00e3o curricular do Curso de Jornalismo, o\/a estudante dever\u00e1 perfazer no m\u00ednimo 60 horas de ACGs; Considerando que tais normas se aplicam aos\/\u00e0s estudantes ingressantes a partir de 2023, sob vig\u00eancia do Projeto Pol\u00edtico Pedag\u00f3gico denominado 2023 (corrente); O Colegiado do Curso de Jornalismo aprova e regulamenta as seguintes normas referentes [&hellip;]<\/p>\n","protected":false},"author":194,"featured_media":0,"parent":0,"menu_order":0,"comment_status":"closed","ping_status":"closed","template":"","meta":{"footnotes":""},"categories":[],"tags":[],"class_list":["post-183","page","type-page","status-publish","hentry"],"acf":[],"_links":{"self":[{"href":"https:\/\/www.ufsm.br\/cursos\/graduacao\/santa-maria\/jornalismo\/wp-json\/wp\/v2\/pages\/183","targetHints":{"allow":["GET"]}}],"collection":[{"href":"https:\/\/www.ufsm.br\/cursos\/graduacao\/santa-maria\/jornalismo\/wp-json\/wp\/v2\/pages"}],"about":[{"href":"https:\/\/www.ufsm.br\/cursos\/graduacao\/santa-maria\/jornalismo\/wp-json\/wp\/v2\/types\/page"}],"author":[{"embeddable":true,"href":"https:\/\/www.ufsm.br\/cursos\/graduacao\/santa-maria\/jornalismo\/wp-json\/wp\/v2\/users\/194"}],"replies":[{"embeddable":true,"href":"https:\/\/www.ufsm.br\/cursos\/graduacao\/santa-maria\/jornalismo\/wp-json\/wp\/v2\/comments?post=183"}],"version-history":[{"count":0,"href":"https:\/\/www.ufsm.br\/cursos\/graduacao\/santa-maria\/jornalismo\/wp-json\/wp\/v2\/pages\/183\/revisions"}],"wp:attachment":[{"href":"https:\/\/www.ufsm.br\/cursos\/graduacao\/santa-maria\/jornalismo\/wp-json\/wp\/v2\/media?parent=183"}],"wp:term":[{"taxonomy":"category","embeddable":true,"href":"https:\/\/www.ufsm.br\/cursos\/graduacao\/santa-maria\/jornalismo\/wp-json\/wp\/v2\/categories?post=183"},{"taxonomy":"post_tag","embeddable":true,"href":"https:\/\/www.ufsm.br\/cursos\/graduacao\/santa-maria\/jornalismo\/wp-json\/wp\/v2\/tags?post=183"}],"curies":[{"name":"wp","href":"https:\/\/api.w.org\/{rel}","templated":true}]}}