{"id":186,"date":"2018-12-13T11:06:08","date_gmt":"2018-12-13T13:06:08","guid":{"rendered":"https:\/\/www.ufsm.br\/cursos\/graduacao\/santa-maria\/jornalismo\/?page_id=186"},"modified":"2025-12-08T14:40:39","modified_gmt":"2025-12-08T17:40:39","slug":"tcc","status":"publish","type":"page","link":"https:\/\/www.ufsm.br\/cursos\/graduacao\/santa-maria\/jornalismo\/tcc","title":{"rendered":"TCC E PROJETOS EXPERIMENTAIS"},"content":{"rendered":"\n\n\n\n\n\nNo contexto curricular do Curso de Comunica\u00e7\u00e3o Social \u2013 Jornalismo da UFSM, a experi\u00eancia de inicia\u00e7\u00e3o \u00e0 pesquisa se desenvolve nas disciplinas\u00a0Teorias Aplicadas em Comunica\u00e7\u00e3o I e II. Essas disciplinas correspondem ao desenvolvimento dos Trabalhos de Conclus\u00e3o de curso, e nelas os alunos tem a oportunidade de desenvolver compet\u00eancias b\u00e1sicas de pesquisa, considerando o Jornalismo como campo de investiga\u00e7\u00e3o cient\u00edfica particular.\n\n\n\nO desenvolvimento destas disciplinas est\u00e1 orientado pelas defini\u00e7\u00f5es que seguem:\n\n\n\n1) a matr\u00edcula em Teorias Aplicadas em Comunica\u00e7\u00e3o I est\u00e1 condicionada a conclus\u00e3o, com aproveitamento de frequ\u00eancia e notas, nas disciplinas Teorias e M\u00e9todos de Pesquisa em Comunica\u00e7\u00e3o I e II. Nelas, os alunos ser\u00e3o apresentados \u00e0s teorias e aos m\u00e9todos de pesquisa em comunica\u00e7\u00e3o e, de modo particular, aos refer\u00eancias da pesquisa em Jornalismo. Tamb\u00e9m ser\u00e3o aproximados das linhas de pesquisa desenvolvidas no Departamento de Comunica\u00e7\u00e3o pelo corpo docente dos Cursos de Comunica\u00e7\u00e3o;\n\n\n\n2) o acad\u00eamico dever\u00e1 desenvolver, na disciplina de Teoria e M\u00e9todo de Pesquisa em Comunica\u00e7\u00e3o II, um projeto de pesquisa em Jornalismo \u2013 de car\u00e1ter te\u00f3rico ou experimental &#8211; detalhando prioritariamente o objeto, o problema, o m\u00e9todo e o referencial te\u00f3rico a ser mobilizado;\n\n\n\n3) a oferta da disciplina Teorias Aplicadas em Comunica\u00e7\u00e3o I ser\u00e1 nominal a cada professor orientador, sendo reservado o n\u00famero de matr\u00edculas e orienta\u00e7\u00f5es a 05 (cinco) vagas por docente;\n\n\n\n4) a oferta da disciplina de Teorias Aplicadas em Comunica\u00e7\u00e3o II seguir\u00e1 a sistem\u00e1tica da disciplina Teorias Aplicadas em Comunica\u00e7\u00e3o I, entretanto a orienta\u00e7\u00e3o ser\u00e1 individualizada e a avalia\u00e7\u00e3o ser\u00e1 mediante apresenta\u00e7\u00e3o de monografia, resultante de projeto de pesquisa ou experimental;\n\n\n\n5) a disciplina Teorias Aplicadas em Comunica\u00e7\u00e3o I totaliza 60 horas e constitui pr\u00e9-requisito obrigat\u00f3rio para a matr\u00edcula em Teorias Aplicadas em Comunica\u00e7\u00e3o II. A disciplina Teorias Aplicadas em Comunica\u00e7\u00e3o II totaliza 210 horas e se refere \u00e0 elabora\u00e7\u00e3o de uma monografia ou projeto experimental orientados por um professor, constituindo requisito obrigat\u00f3rio para a obten\u00e7\u00e3o do diploma;\n\n\n\n6) para a matr\u00edcula e a conclus\u00e3o da disciplina Teorias Aplicadas em Comunica\u00e7\u00e3o II dever\u00e3o ser observadas as normas espec\u00edficas presentes no PPC do Curso.\n\n\n\nA regulamenta\u00e7\u00e3o de trabalho de conclus\u00e3o de curso est\u00e1 estabelecida pelo Projeto Pedag\u00f3gico do Curso e obedece a legisla\u00e7\u00e3o vigente. As regras de Trabalho de Conclus\u00e3o de Curso constantes do PPC do Curso de Jornalismo preveem as formas de apresenta\u00e7\u00e3o dos TCCs e suas regras gerais de funcionamento (m\u00e9todos de avalia\u00e7\u00e3o, entre outros): est\u00e3o previstas duas modalidades de TCC, quer sejam, a monografia ou o projeto experimental.\n\n\n<h3><strong>\u00a0 \u00a0 \u00a0 \u00a0 \u00a0 \u00a0 \u00a0 \u00a0 \u00a0 \u00a0 \u00a0 \u00a0 \u00a0 \u00a0 \u00a0 \u00a0 \u00a0DEFESA DE TCC\/PROJETOS EXPERIMENTAIS<\/strong><\/h3>\n<h3><\/h3>\n<h3><strong>Orienta\u00e7\u00f5es gerais:<\/strong><\/h3>\n\n<h5>A defesa de TCC poder\u00e1 ser realizada de forma presencial ou ocorrer em plataforma online. A plataforma dever\u00e1 ser escolhida pelo orientador em comum acordo com o orientando e membros da banca.<\/h5>\n<h5><\/h5>\n<h5>Recomenda-se que a sess\u00e3o de defesa tenha, aproximadamente, 1 hora de dura\u00e7\u00e3o. Sendo entre 15 a 20 minutos o tempo dedicado ao acad\u00eamico para realizar a apresenta\u00e7\u00e3o do trabalho, e o restante para argui\u00e7\u00e3o da banca e demais ritualidades como preenchimento e leitura da Ata.<\/h5>\n<h5><\/h5>\n<h5>\u00c9 responsabilidade dos estudantes e dos orientadores comunicar a coordena\u00e7\u00e3o do curso sobre a realiza\u00e7\u00e3o da Defesa do TCC.<\/h5>\n<h5><\/h5>\n<h5>No m\u00ednimo, com 7 dias de anteced\u00eancia da data de defesa, deve-se enviar por email (coordenacaojn@ufsm.br) as informa\u00e7\u00f5es da banca de defesa: nome do acad\u00eamico; matr\u00edcula; t\u00edtulo do trabalho; modalidade (monografia ou projeto experimental); data, hora e plataforma. Em anexo ao email, deve constar c\u00f3pia do TCC. A partir destes documentos, o discente \u00e9 considerado apto para realiza\u00e7\u00e3o da defesa de TCC. Os dados da defesa poder\u00e3o ser publicados no site, visto seu car\u00e1ter p\u00fablico.<\/h5>\n<h5><strong style=\"font-size: 18pt;background-color: white\">Ap\u00f3s a defesa do TCC ou Projeto Experimental<\/strong><\/h5>\n\n\n\n<h5>Havendo aprova\u00e7\u00e3o na defesa do TCC, o acad\u00eamico ter\u00e1 prazo (entre 7 a 20 dias a ser definido no ato da banca de defesa), para efetuar as altera\u00e7\u00f5es\/corre\u00e7\u00f5es necess\u00e1rias ao trabalho. Todas as altera\u00e7\u00f5es devem estar em acordo com o professor orientador.<\/h5>\n<h5><\/h5>\n<h5>Ap\u00f3s a realiza\u00e7\u00e3o das altera\u00e7\u00f5es\/corre\u00e7\u00f5es da monografia\/projeto experimental \u00e9 responsabilidade do discente enviar uma c\u00f3pia (em formato PDF) da vers\u00e3o final do TCC\u00a0 e do produto final (se Projeto Experimental) para a secretaria do DAACOM e para a Coordena\u00e7\u00e3o do Curso (conforme tr\u00e2mite demonstrado abaixo). No caso do arquivo estender o limite do email, enviar o link de dep\u00f3sito da monografia\/relat\u00f3rio.<\/h5>\n<h5><\/h5>\n<h5>Juntamente com a c\u00f3pia da vers\u00e3o final do TCC deve ser enviada a Autoriza\u00e7\u00e3o para publica\u00e7\u00e3o do TCC no Reposit\u00f3rio Institucional \u2013 Manancial, conforme tr\u00e2mite para autorizar publica\u00e7\u00e3o de TCC (descrito abaixo).<\/h5>\n<h5><\/h5>\n<h5>A partir do recebimento da vers\u00e3o final do TCC e Autoriza\u00e7\u00e3o para publica\u00e7\u00e3o, a Coordena\u00e7\u00e3o de curso ir\u00e1 verificar a integraliza\u00e7\u00e3o curricular e as condi\u00e7\u00f5es para diploma\u00e7\u00e3o do acad\u00eamico: conclus\u00e3o de curso.<\/h5>\n<h5>\u00a0<strong style=\"font-size: calc(1.325rem + 0.9vw);background-color: white\">Aten\u00e7\u00e3o aos tr\u00e2mites:\u00a0<\/strong><\/h5>\n\n\n\n<h5><b>****Fique atento \u00e0s regras de TCC (nos anexos)<\/b><\/h5>\n<h5><b>1. Tr\u00e2mite da ata de Defesa de TCC\u00a0<\/b><\/h5>\n<h5><strong style=\"font-size: 12pt\">Orientador (a):<\/strong><\/h5>\n<h5><\/h5>\n<ol class=\"wp-block-list\">\n \t<li>\n<h5>Fa\u00e7a download da\u00a0<a href=\"https:\/\/www.ufsm.br\/app\/uploads\/sites\/470\/2022\/07\/ATA-DE-DEFESA-graduac%CC%A7a%CC%83o-modelo-rp.doc\">formul\u00e1rio de Ata de Defesa de TCC<\/a> <strong>(no anexo)<\/strong><\/h5>\n<\/li>\n \t<li>\n<h5>Preencha editando o *.doc \/ Salve em formato *.PDF &#8211;<strong> n\u00e3o pode ser preenchido e nem assinado \u00e0 m\u00e3o.<\/strong><\/h5>\n<\/li>\n \t<li>\n<h5>Envie para a secretaria daacom.ccsh@ufsm.br solicitando o processo de homologa\u00e7\u00e3o digital \/ PEN-SIE.<\/h5>\n<\/li>\n \t<li>\n<h5>O Secret\u00e1rio tramitar\u00e1 via PEN-SIE para assinatura do presidente da banca (orientador) que ap\u00f3s assinar eletronicamente devolver\u00e1 para os tr\u00e2mites de arquivamento, os membros da banca N\u00c3O assinam a ata, somente receber\u00e3o o processo<strong> (um link em seu e-mail) <\/strong>para conferir a ata anexada e baixar o atestado de participa\u00e7\u00e3o em banca.*<\/h5>\n<\/li>\n<\/ol>\n<h5><\/h5>\n<h5><strong>2. Tr\u00e2mite para autorizar publica\u00e7\u00e3o do TCC<\/strong><\/h5>\n<h5><\/h5>\n<h5><strong>Aluno(a)<\/strong>, ao final da defesa ou depois de poss\u00edveis ajustes sugeridos pela banca:<\/h5>\n<h5><\/h5>\n<h5>\u00a0 \u00a0 1. Preencha o formul\u00e1rio de\u00a0<a href=\"https:\/\/www.ufsm.br\/orgaos-suplementares\/biblioteca\/autorizacoes\/\" target=\"_blank\" rel=\"noreferrer noopener\">Autoriza\u00e7\u00e3o para libera\u00e7\u00e3o on-line de trabalhos de conclus\u00e3o dos cursos de gradua\u00e7\u00e3o \u2013 baixar formul\u00e1rio<\/a> <strong>(no anexo)<\/strong><\/h5>\n<h5><\/h5>\n<h5>\u00a0 \u00a0 2. Envie para\u00a0daacom.ccsh@ufsm.br com \u2018de acordo\u2019 do seu orientador(a), junto com c\u00f3pia final do TCC em pdf.<\/h5>\n<h5><\/h5>\n<h5>.<\/h5>\n","protected":false},"excerpt":{"rendered":"<p>No contexto curricular do Curso de Comunica\u00e7\u00e3o Social \u2013 Jornalismo da UFSM, a experi\u00eancia de inicia\u00e7\u00e3o \u00e0 pesquisa se desenvolve nas disciplinas\u00a0Teorias Aplicadas em Comunica\u00e7\u00e3o I e II. Essas disciplinas correspondem ao desenvolvimento dos Trabalhos de Conclus\u00e3o de curso, e nelas os alunos tem a oportunidade de desenvolver compet\u00eancias b\u00e1sicas de pesquisa, considerando o Jornalismo [&hellip;]<\/p>\n","protected":false},"author":194,"featured_media":0,"parent":0,"menu_order":0,"comment_status":"closed","ping_status":"closed","template":"","meta":{"footnotes":""},"categories":[],"tags":[],"class_list":["post-186","page","type-page","status-publish","hentry"],"acf":[],"_links":{"self":[{"href":"https:\/\/www.ufsm.br\/cursos\/graduacao\/santa-maria\/jornalismo\/wp-json\/wp\/v2\/pages\/186","targetHints":{"allow":["GET"]}}],"collection":[{"href":"https:\/\/www.ufsm.br\/cursos\/graduacao\/santa-maria\/jornalismo\/wp-json\/wp\/v2\/pages"}],"about":[{"href":"https:\/\/www.ufsm.br\/cursos\/graduacao\/santa-maria\/jornalismo\/wp-json\/wp\/v2\/types\/page"}],"author":[{"embeddable":true,"href":"https:\/\/www.ufsm.br\/cursos\/graduacao\/santa-maria\/jornalismo\/wp-json\/wp\/v2\/users\/194"}],"replies":[{"embeddable":true,"href":"https:\/\/www.ufsm.br\/cursos\/graduacao\/santa-maria\/jornalismo\/wp-json\/wp\/v2\/comments?post=186"}],"version-history":[{"count":0,"href":"https:\/\/www.ufsm.br\/cursos\/graduacao\/santa-maria\/jornalismo\/wp-json\/wp\/v2\/pages\/186\/revisions"}],"wp:attachment":[{"href":"https:\/\/www.ufsm.br\/cursos\/graduacao\/santa-maria\/jornalismo\/wp-json\/wp\/v2\/media?parent=186"}],"wp:term":[{"taxonomy":"category","embeddable":true,"href":"https:\/\/www.ufsm.br\/cursos\/graduacao\/santa-maria\/jornalismo\/wp-json\/wp\/v2\/categories?post=186"},{"taxonomy":"post_tag","embeddable":true,"href":"https:\/\/www.ufsm.br\/cursos\/graduacao\/santa-maria\/jornalismo\/wp-json\/wp\/v2\/tags?post=186"}],"curies":[{"name":"wp","href":"https:\/\/api.w.org\/{rel}","templated":true}]}}