{"id":200,"date":"2018-12-13T11:15:10","date_gmt":"2018-12-13T13:15:10","guid":{"rendered":"https:\/\/www.ufsm.br\/cursos\/graduacao\/santa-maria\/jornalismo\/?page_id=200"},"modified":"2025-09-14T16:19:24","modified_gmt":"2025-09-14T19:19:24","slug":"projetos-de-pesquisa","status":"publish","type":"page","link":"https:\/\/www.ufsm.br\/cursos\/graduacao\/santa-maria\/jornalismo\/projetos-de-pesquisa","title":{"rendered":"Projetos de Pesquisa"},"content":{"rendered":"\n<p><strong><a href=\"http:\/\/lattes.cnpq.br\/0962895520743039\">Profa. Ada Cristina Machado Silveira<\/a><\/strong><\/p>\n\n\n\n<p><strong>2024 \u2013 Atual<\/strong><\/p>\n\n\n\n<p>PROJETO DE IMPLANTA\u00c7\u00c3O DO MUSEU DO CONHECIMENTO &#8211; Complexo interativo de Pesquisa em Tecnologias Sociais para Inova\u00e7\u00e3o e Populariza\u00e7\u00e3o de Ci\u00eancias das Humanidades<\/p>\n\n\n\n<p><strong>2024 &#8211; Atual<\/strong><\/p>\n\n\n\n<p>A guerra de mundos: Midiosfera e nova ordem da noticiabilidade no Brasil<\/p>\n\n\n\n<p><strong>2024 &#8211; Atual<\/strong><\/p>\n\n\n\n<p>Governan\u00e7a e multidimensionalidade dos riscos clim\u00e1ticos: abordagem multidisciplinar em Comunica\u00e7\u00e3o de proximidade, Interpreta\u00e7\u00e3o geopatrimonial e Economia Ecol\u00f3gica aplicada aos Geoparques Unesco no Rio Grande do Sul.<\/p>\n\n\n\n<p>&#8212;&#8212;&#8212;&#8212;&#8212;&#8212;&#8212;&#8212;&#8212;&#8212;&#8212;&#8211;<\/p>\n\n\n\n<p><a href=\"http:\/\/lattes.cnpq.br\/3376343720313755\">&nbsp;<strong>Prof. C\u00e1ssio Tomaim<\/strong><\/a><\/p>\n\n\n\n<p><strong>2024 &#8211; Atual<\/strong><\/p>\n\n\n\n<p>Audiovisualidades, mem\u00f3rias e identidades: lugares e performances da recorda\u00e7\u00e3o e do esquecimento<\/p>\n\n\n\n<p>&#8212;&#8212;&#8212;&#8212;&#8212;&#8212;&#8212;&#8212;&#8212;&#8212;&#8212;&#8211;&nbsp;<\/p>\n\n\n\n<p><strong><a href=\"http:\/\/lattes.cnpq.br\/6137715030357738\">Profa.&nbsp;Cristina Marques Gomes<\/a><\/strong><\/p>\n\n\n\n<p><strong>2019 &#8211; Atual<\/strong><\/p>\n\n\n\n<p>Reescritura da comunica\u00e7\u00e3o cient\u00edfica: um caminho para a ci\u00eancia aberta<\/p>\n\n\n\n<p><strong>2018 &#8211; Atual<\/strong><\/p>\n\n\n\n<p>Fric\u00e7\u00f5es dissonantes: performance e ci\u00eancia<\/p>\n\n\n\n<p>&#8212;&#8212;&#8212;&#8212;&#8212;&#8212;&#8212;&#8212;&#8212;&#8212;&#8212;&nbsp;<\/p>\n\n\n\n<p><strong><a href=\"http:\/\/lattes.cnpq.br\/2030145751550956\">Profa. Laura Storch<\/a><\/strong><\/p>\n\n\n\n<p><strong>2022 &#8211; Atual<\/strong><\/p>\n\n\n\n<p><em>Worlds of Journalism Study<\/em> &#8211; WJS3 | Etapa Brasil<\/p>\n\n\n\n<p><strong>2023 \u2013 Atual<\/strong><\/p>\n\n\n\n<p>Os mundos locais da informa\u00e7\u00e3o: uma compara\u00e7\u00e3o Brasil-Canad\u00e1-Fran\u00e7a<\/p>\n\n\n\n<p><strong>&#8212;&#8212;&#8212;&#8212;&#8212;&#8212;&#8212;&#8212;&#8212;-<\/strong><\/p>\n\n\n\n<p><strong><a href=\"http:\/\/lattes.cnpq.br\/3677950351492634\">Profa. Luciana Carvalho<\/a><\/strong><\/p>\n\n\n\n<p><strong>2023 &#8211; Atual<\/strong><\/p>\n\n\n\n<p>Desinforma\u00e7\u00e3o no Ecossistema Midi\u00e1tico: identifica\u00e7\u00e3o, compreens\u00e3o e estrat\u00e9gias de enfrentamento<\/p>\n\n\n\n<p><strong>&#8212;&#8212;&#8212;&#8212;&#8212;&#8212;&#8212;&#8212;&#8212;&#8211;<\/strong><\/p>\n\n\n\n<p><strong><a href=\"http:\/\/lattes.cnpq.br\/6875515171456764\">Prof. Maicon Elias Kroth<\/a><\/strong><\/p>\n\n\n\n<p><strong>2023 &#8211; Atual<\/strong><\/p>\n\n\n\n<p>Plataformiza\u00e7\u00e3o do som: um estudo sobre a produ\u00e7\u00e3o, circula\u00e7\u00e3o e consumo de jornalismo sonoro<\/p>\n\n\n\n<p><strong>2021 &#8211; Atual<\/strong><\/p>\n\n\n\n<p>CONECTA: Comunica\u00e7\u00e3o e Experimenta\u00e7\u00e3o Criativa<\/p>\n\n\n\n<p>&#8212;&#8212;&#8212;&#8212;&#8212;&#8212;&#8212;&#8212;&#8212;&#8212;-<\/p>\n\n\n\n<p><strong>&nbsp;<a href=\"http:\/\/lattes.cnpq.br\/9809314817287629\">Prof. Reges Toni Schwaab<\/a><\/strong><\/p>\n\n\n\n<p><strong>2022 &#8211; Atual<\/strong><\/p>\n\n\n\n<p>Escrituras poss\u00edveis, lugares (in)comuns: saberes, sujeitos e compreens\u00f5es sobre o jornalismo narrativo latino-americano<\/p>\n\n\n\n<p>&#8212;&#8212;&#8212;&#8212;&#8212;&#8212;&#8212;&#8212;&#8212;&#8212;&#8212;-<\/p>\n\n\n\n<p><strong>Profa. <a href=\"https:\/\/buscatextual.cnpq.br\/buscatextual\/visualizacv.do\">Viviane Borelli<\/a><\/strong><\/p>\n\n\n\n<p><strong>2024 &#8211; Atual<\/strong><\/p>\n\n\n\n<p>Midiatiza\u00e7\u00e3o em plataformas: metodologias de pesquisa em perspectiva comparada Brasil &#8211; Argentina<\/p>\n\n\n\n<p><strong>2024 &#8211; Atual<\/strong><\/p>\n\n\n\n<p>Forma\u00e7\u00e3o em vi\u00e9s e justi\u00e7a algor\u00edtmica para comunica\u00e7\u00e3o \u00e9tica: pesquisa e ensino de inova\u00e7\u00e3o no Brasil e na Espanha<\/p>\n\n\n\n<p><strong>2023 &#8211; Atual<\/strong><\/p>\n\n\n\n<p>Sociedades em midiatiza\u00e7\u00e3o: circula\u00e7\u00e3o, discursos e plataformas<\/p>\n","protected":false},"excerpt":{"rendered":"<p>Profa. Ada Cristina Machado Silveira 2024 \u2013 Atual PROJETO DE IMPLANTA\u00c7\u00c3O DO MUSEU DO CONHECIMENTO &#8211; Complexo interativo de Pesquisa em Tecnologias Sociais para Inova\u00e7\u00e3o e Populariza\u00e7\u00e3o de Ci\u00eancias das Humanidades 2024 &#8211; Atual A guerra de mundos: Midiosfera e nova ordem da noticiabilidade no Brasil 2024 &#8211; Atual Governan\u00e7a e multidimensionalidade dos riscos clim\u00e1ticos: [&hellip;]<\/p>\n","protected":false},"author":194,"featured_media":0,"parent":0,"menu_order":0,"comment_status":"closed","ping_status":"closed","template":"","meta":{"footnotes":""},"categories":[],"tags":[],"class_list":["post-200","page","type-page","status-publish","hentry"],"acf":[],"_links":{"self":[{"href":"https:\/\/www.ufsm.br\/cursos\/graduacao\/santa-maria\/jornalismo\/wp-json\/wp\/v2\/pages\/200","targetHints":{"allow":["GET"]}}],"collection":[{"href":"https:\/\/www.ufsm.br\/cursos\/graduacao\/santa-maria\/jornalismo\/wp-json\/wp\/v2\/pages"}],"about":[{"href":"https:\/\/www.ufsm.br\/cursos\/graduacao\/santa-maria\/jornalismo\/wp-json\/wp\/v2\/types\/page"}],"author":[{"embeddable":true,"href":"https:\/\/www.ufsm.br\/cursos\/graduacao\/santa-maria\/jornalismo\/wp-json\/wp\/v2\/users\/194"}],"replies":[{"embeddable":true,"href":"https:\/\/www.ufsm.br\/cursos\/graduacao\/santa-maria\/jornalismo\/wp-json\/wp\/v2\/comments?post=200"}],"version-history":[{"count":0,"href":"https:\/\/www.ufsm.br\/cursos\/graduacao\/santa-maria\/jornalismo\/wp-json\/wp\/v2\/pages\/200\/revisions"}],"wp:attachment":[{"href":"https:\/\/www.ufsm.br\/cursos\/graduacao\/santa-maria\/jornalismo\/wp-json\/wp\/v2\/media?parent=200"}],"wp:term":[{"taxonomy":"category","embeddable":true,"href":"https:\/\/www.ufsm.br\/cursos\/graduacao\/santa-maria\/jornalismo\/wp-json\/wp\/v2\/categories?post=200"},{"taxonomy":"post_tag","embeddable":true,"href":"https:\/\/www.ufsm.br\/cursos\/graduacao\/santa-maria\/jornalismo\/wp-json\/wp\/v2\/tags?post=200"}],"curies":[{"name":"wp","href":"https:\/\/api.w.org\/{rel}","templated":true}]}}