{"id":1535,"date":"2023-08-07T14:01:15","date_gmt":"2023-08-07T17:01:15","guid":{"rendered":"https:\/\/www.ufsm.br\/cursos\/graduacao\/santa-maria\/letras\/?page_id=1535"},"modified":"2023-08-07T14:09:37","modified_gmt":"2023-08-07T17:09:37","slug":"projetos-de-ensino-e-pesquisa","status":"publish","type":"page","link":"https:\/\/www.ufsm.br\/cursos\/graduacao\/santa-maria\/letras\/projetos-de-ensino-e-pesquisa","title":{"rendered":"Projetos de Ensino e Pesquisa"},"content":{"rendered":"\t\t<div data-elementor-type=\"wp-page\" data-elementor-id=\"1535\" class=\"elementor elementor-1535\">\n\t\t\t\t\t\t<section class=\"elementor-section elementor-top-section elementor-element elementor-element-3adea027 elementor-section-boxed elementor-section-height-default elementor-section-height-default\" data-id=\"3adea027\" data-element_type=\"section\">\n\t\t\t\t\t\t<div class=\"elementor-container elementor-column-gap-default\">\n\t\t\t\t\t<div class=\"elementor-column elementor-col-100 elementor-top-column elementor-element elementor-element-67831f8e\" data-id=\"67831f8e\" data-element_type=\"column\">\n\t\t\t<div class=\"elementor-widget-wrap elementor-element-populated\">\n\t\t\t\t\t\t<div class=\"elementor-element elementor-element-195b3145 elementor-widget elementor-widget-text-editor\" data-id=\"195b3145\" data-element_type=\"widget\" data-widget_type=\"text-editor.default\">\n\t\t\t\t<div class=\"elementor-widget-container\">\n\t\t\t\t\t\t\t<h5><strong>T\u00edtulo:<\/strong><\/h5>\n<p><!-- \/wp:paragraph --><!-- wp:paragraph --><\/p>\n<h4><strong>Um continente liter\u00e1rio: cartografias do horror nos romances brasileiro e hispano-americanos contempor\u00e2neos<\/strong><\/h4>\n<p><!-- \/wp:paragraph --><\/p>\t\t\t\t\t\t<\/div>\n\t\t\t\t<\/div>\n\t\t\t\t<div class=\"elementor-element elementor-element-57a0e01 elementor-widget-divider--view-line elementor-widget elementor-widget-divider\" data-id=\"57a0e01\" data-element_type=\"widget\" data-widget_type=\"divider.default\">\n\t\t\t\t<div class=\"elementor-widget-container\">\n\t\t\t\t\t<div class=\"elementor-divider\">\n\t\t\t<span class=\"elementor-divider-separator\">\n\t\t\t\t\t\t<\/span>\n\t\t<\/div>\n\t\t\t\t<\/div>\n\t\t\t\t<\/div>\n\t\t\t\t<div class=\"elementor-element elementor-element-8ccd9e2 elementor-widget elementor-widget-text-editor\" data-id=\"8ccd9e2\" data-element_type=\"widget\" data-widget_type=\"text-editor.default\">\n\t\t\t\t<div class=\"elementor-widget-container\">\n\t\t\t\t\t\t\t<p style=\"color: #000000;font-size: 16px\"><span style=\"font-weight: bolder\">Classifica\u00e7\u00e3o principal:\u00a0<\/span>Pesquisa<\/p>\n<p style=\"color: #000000;font-size: 16px\"><span style=\"font-weight: bolder\">Coordenadora:\u00a0<\/span>Renata Farias de Felippe &#8211; 1372231<\/p>\n<p style=\"color: #000000;font-size: 16px\"><span style=\"font-weight: bolder\">Resumo:\u00a0<\/span>O projeto proposto pretende dar continuidade \u00e0s atividades de pesquisa iniciadas em 2015 pelo projeto \u201cRomance, um monstro de muitas patas\u201d, cujo objetivo era o de discutir os contornos e a relev\u00e2ncia do g\u00eanero romanesco no \u00e2mbito das literaturas brasileira e hispano-americanas contempor\u00e2neas. Se o t\u00edtulo do projeto primeiro remonta a c\u00e9lebre afirma\u00e7\u00e3o de Julio Cort\u00e1zar, para quem o romance seria \u201cuna cosa impura, muonstro de muchas patas y muchos ojos\u201d, a m\u00e1xima nos parece redimensionada na contemporaneidade, j\u00e1 que as \u201cmonstruosidades\u201d de muitas das manifesta\u00e7\u00f5es romanescas recentes ultrapassam o aspecto formal do g\u00eanero e passam a ser, reiteradamente, abordadas pelos romances latino-americanos publicados na \u00faltima d\u00e9cada. O projeto atual pretende abordar as \u201cmonstruosidades\u201d dos\/nos romances brasileiros e hispano-americanos contempor\u00e2neos a partir de uma \u00f3tica espec\u00edfica: tratando-os como poss\u00edveis desdobramentos do denominado boom latino-americano setentista, per\u00edodo no qual o cerceamento pol\u00edtico e expressivo encontrou no fant\u00e1stico um vi\u00e9s preponderante. Se nas d\u00e9cadas de 1960 e 1970 a abordagem ficcional se dava, sobretudo, pelo fant\u00e1stico, muitas das manifesta\u00e7\u00f5es romanescas dos \u00faltimos dez anos parecem atravessadas pelo horror, tra\u00e7o que n\u00e3o apenas evoca in\u00fameras tradi\u00e7\u00f5es fabulat\u00f3rias como permite a abordagem das \u201cnovas\u201d urg\u00eancias de ordem cultural e pol\u00edtica. Assim, o trabalho de pesquisa proposto envolver\u00e1 tanto uma an\u00e1lise de cunho arqueol\u00f3gico (no sentido foucaultiano), quanto a considera\u00e7\u00e3o de textos cl\u00e1ssicos e recentes da cr\u00edtica liter\u00e1ria latino-americana (sobretudo, a cr\u00edtica voltada para as formas romanescas e para os g\u00eaneros ficcionais). A amplitude da proposi\u00e7\u00e3o e os in\u00fameros desdobramentos que a envolvem permitem entrever o car\u00e1ter extensivo do projeto, o qual exigir\u00e1 um intenso trabalho anal\u00edtico bem como um vasto levantamento da fortuna cr\u00edtica que o estudo compreende. A princ\u00edpio, os escritores que movimentam as proposi\u00e7\u00f5es expostas s\u00e3o o brasileiro Joca Reiners Terron, os mexicanos Guadalupe Nettel e Mario Bellat\u00edn, as argentinas Mariana Enriquez e Samanta Schweblin. Escritores cujas marcas autorais s\u00e3o t\u00e3o peculiares quanto distintas entre si, suas respectivas fic\u00e7\u00f5es delineiam uma esp\u00e9cie de \u201ccontinente liter\u00e1rio\u201d, de territ\u00f3rio simb\u00f3lico que Terron, ficcionalmente, definiu &#8211; no romance\u00a0<em>Noite dentro da noite<\/em>\u00a0(2017) &#8211; como \u201cum imenso cemit\u00e9rio ind\u00edgena\u201d (2017, p. 376). Atentas \u00e0 reiterada presen\u00e7a do horror e da viol\u00eancia nas manifesta\u00e7\u00f5es liter\u00e1rias mencionadas, as an\u00e1lises porvir tratar\u00e3o as poss\u00edveis rela\u00e7\u00f5es entre as reincid\u00eancias em quest\u00e3o e as tens\u00f5es (hist\u00f3ricas, culturais, sociais) contempor\u00e2neas.<\/p>\t\t\t\t\t\t<\/div>\n\t\t\t\t<\/div>\n\t\t\t\t\t<\/div>\n\t\t<\/div>\n\t\t\t\t\t<\/div>\n\t\t<\/section>\n\t\t\t\t<\/div>\n\t\t","protected":false},"excerpt":{"rendered":"<p>T\u00edtulo: Um continente liter\u00e1rio: cartografias do horror nos romances brasileiro e hispano-americanos contempor\u00e2neos Classifica\u00e7\u00e3o principal:\u00a0Pesquisa Coordenadora:\u00a0Renata Farias de Felippe &#8211; 1372231 Resumo:\u00a0O projeto proposto pretende dar continuidade \u00e0s atividades de pesquisa iniciadas em 2015 pelo projeto \u201cRomance, um monstro de muitas patas\u201d, cujo objetivo era o de discutir os contornos e a relev\u00e2ncia do g\u00eanero [&hellip;]<\/p>\n","protected":false},"author":243,"featured_media":0,"parent":0,"menu_order":0,"comment_status":"closed","ping_status":"closed","template":"","meta":{"footnotes":""},"categories":[],"tags":[],"class_list":["post-1535","page","type-page","status-publish","hentry"],"acf":[],"_links":{"self":[{"href":"https:\/\/www.ufsm.br\/cursos\/graduacao\/santa-maria\/letras\/wp-json\/wp\/v2\/pages\/1535","targetHints":{"allow":["GET"]}}],"collection":[{"href":"https:\/\/www.ufsm.br\/cursos\/graduacao\/santa-maria\/letras\/wp-json\/wp\/v2\/pages"}],"about":[{"href":"https:\/\/www.ufsm.br\/cursos\/graduacao\/santa-maria\/letras\/wp-json\/wp\/v2\/types\/page"}],"author":[{"embeddable":true,"href":"https:\/\/www.ufsm.br\/cursos\/graduacao\/santa-maria\/letras\/wp-json\/wp\/v2\/users\/243"}],"replies":[{"embeddable":true,"href":"https:\/\/www.ufsm.br\/cursos\/graduacao\/santa-maria\/letras\/wp-json\/wp\/v2\/comments?post=1535"}],"version-history":[{"count":0,"href":"https:\/\/www.ufsm.br\/cursos\/graduacao\/santa-maria\/letras\/wp-json\/wp\/v2\/pages\/1535\/revisions"}],"wp:attachment":[{"href":"https:\/\/www.ufsm.br\/cursos\/graduacao\/santa-maria\/letras\/wp-json\/wp\/v2\/media?parent=1535"}],"wp:term":[{"taxonomy":"category","embeddable":true,"href":"https:\/\/www.ufsm.br\/cursos\/graduacao\/santa-maria\/letras\/wp-json\/wp\/v2\/categories?post=1535"},{"taxonomy":"post_tag","embeddable":true,"href":"https:\/\/www.ufsm.br\/cursos\/graduacao\/santa-maria\/letras\/wp-json\/wp\/v2\/tags?post=1535"}],"curies":[{"name":"wp","href":"https:\/\/api.w.org\/{rel}","templated":true}]}}