{"id":1733,"date":"2024-07-25T14:07:17","date_gmt":"2024-07-25T17:07:17","guid":{"rendered":"https:\/\/www.ufsm.br\/cursos\/graduacao\/santa-maria\/letras\/?page_id=1733"},"modified":"2024-08-22T14:02:01","modified_gmt":"2024-08-22T17:02:01","slug":"normas-tcc-bacharelado","status":"publish","type":"page","link":"https:\/\/www.ufsm.br\/cursos\/graduacao\/santa-maria\/letras\/normas-tcc-bacharelado","title":{"rendered":"Normas TCC Bacharelado"},"content":{"rendered":"\n<p>As normativas para o Trabalho de Conclus\u00e3o de Curso do Bacharelado em Letras Portugu\u00eas est\u00e3o dispon\u00edveis integralmente no link abaixo, ou <a href=\"https:\/\/www.ufsm.br\/app\/uploads\/sites\/483\/2023\/11\/NORMAS-TCC-BACHARELADO-EM-LETRAS.pdf\">clicando AQUI<\/a>.<\/p>\n\n\n\n<p><strong>Tramita\u00e7\u00e3o PEN-SIE<\/strong><\/p>\n\n\n\n<p>A tramita\u00e7\u00e3o dos TCCs e TFGs devem seguir o seguinte fluxo:<\/p>\n\n\n\n<figure class=\"wp-block-image size-full\"><img fetchpriority=\"high\" decoding=\"async\" width=\"884\" height=\"548\" src=\"https:\/\/www.ufsm.br\/app\/uploads\/sites\/483\/2024\/07\/tramite_TFG.png\" alt=\"\" class=\"wp-image-1732\" srcset=\"https:\/\/www.ufsm.br\/app\/uploads\/sites\/483\/2024\/07\/tramite_TFG.png 884w, https:\/\/www.ufsm.br\/app\/uploads\/sites\/483\/2024\/07\/tramite_TFG-300x186.png 300w, https:\/\/www.ufsm.br\/app\/uploads\/sites\/483\/2024\/07\/tramite_TFG-768x476.png 768w\" sizes=\"(max-width: 884px) 100vw, 884px\" \/><\/figure>\n\n\n\n<p><\/p>\n","protected":false},"excerpt":{"rendered":"<p>As normativas para o Trabalho de Conclus\u00e3o de Curso do Bacharelado em Letras Portugu\u00eas est\u00e3o dispon\u00edveis integralmente no link abaixo, ou clicando AQUI. Tramita\u00e7\u00e3o PEN-SIE A tramita\u00e7\u00e3o dos TCCs e TFGs devem seguir o seguinte fluxo:<\/p>\n","protected":false},"author":243,"featured_media":0,"parent":0,"menu_order":0,"comment_status":"closed","ping_status":"closed","template":"","meta":{"footnotes":""},"categories":[],"tags":[],"class_list":["post-1733","page","type-page","status-publish","hentry"],"acf":[],"_links":{"self":[{"href":"https:\/\/www.ufsm.br\/cursos\/graduacao\/santa-maria\/letras\/wp-json\/wp\/v2\/pages\/1733","targetHints":{"allow":["GET"]}}],"collection":[{"href":"https:\/\/www.ufsm.br\/cursos\/graduacao\/santa-maria\/letras\/wp-json\/wp\/v2\/pages"}],"about":[{"href":"https:\/\/www.ufsm.br\/cursos\/graduacao\/santa-maria\/letras\/wp-json\/wp\/v2\/types\/page"}],"author":[{"embeddable":true,"href":"https:\/\/www.ufsm.br\/cursos\/graduacao\/santa-maria\/letras\/wp-json\/wp\/v2\/users\/243"}],"replies":[{"embeddable":true,"href":"https:\/\/www.ufsm.br\/cursos\/graduacao\/santa-maria\/letras\/wp-json\/wp\/v2\/comments?post=1733"}],"version-history":[{"count":0,"href":"https:\/\/www.ufsm.br\/cursos\/graduacao\/santa-maria\/letras\/wp-json\/wp\/v2\/pages\/1733\/revisions"}],"wp:attachment":[{"href":"https:\/\/www.ufsm.br\/cursos\/graduacao\/santa-maria\/letras\/wp-json\/wp\/v2\/media?parent=1733"}],"wp:term":[{"taxonomy":"category","embeddable":true,"href":"https:\/\/www.ufsm.br\/cursos\/graduacao\/santa-maria\/letras\/wp-json\/wp\/v2\/categories?post=1733"},{"taxonomy":"post_tag","embeddable":true,"href":"https:\/\/www.ufsm.br\/cursos\/graduacao\/santa-maria\/letras\/wp-json\/wp\/v2\/tags?post=1733"}],"curies":[{"name":"wp","href":"https:\/\/api.w.org\/{rel}","templated":true}]}}