{"id":185,"date":"2018-12-19T09:21:09","date_gmt":"2018-12-19T11:21:09","guid":{"rendered":"https:\/\/www.ufsm.br\/cursos\/graduacao\/santa-maria\/letras\/?page_id=185"},"modified":"2018-12-19T09:21:12","modified_gmt":"2018-12-19T11:21:12","slug":"empresa-junior","status":"publish","type":"page","link":"https:\/\/www.ufsm.br\/cursos\/graduacao\/santa-maria\/letras\/empresa-junior","title":{"rendered":"Empresa J\u00fanior"},"content":{"rendered":"\n<div class=\"col-md-10\">\n<div class=\"item-page\">\n<div>\n<p><img decoding=\"async\" class=\"alignnone size-medium wp-image-186\" src=\"https:\/\/www.ufsm.br\/cursos\/graduacao\/santa-maria\/letras\/wp-content\/uploads\/sites\/483\/2018\/12\/Gr\u00e1mmatos_3-300x72.jpg\" alt=\"\" width=\"300\" height=\"72\" srcset=\"https:\/\/www.ufsm.br\/app\/uploads\/sites\/483\/2018\/12\/Gr\u00e1mmatos_3-300x72.jpg 300w, https:\/\/www.ufsm.br\/app\/uploads\/sites\/483\/2018\/12\/Gr\u00e1mmatos_3-768x186.jpg 768w, https:\/\/www.ufsm.br\/app\/uploads\/sites\/483\/2018\/12\/Gr\u00e1mmatos_3-1024x247.jpg 1024w, https:\/\/www.ufsm.br\/app\/uploads\/sites\/483\/2018\/12\/Gr\u00e1mmatos_3.jpg 1821w\" sizes=\"(max-width: 300px) 100vw, 300px\" \/><\/p>\n<p><strong>Quem somos<\/strong><\/p>\n<p>A\u00a0<strong>Gr\u00e1mmatos Jr.<\/strong>\u00a0\u00e9 uma empresa j\u00fanior de revis\u00e3o de textos vinculada ao curso de Letras &#8211; Bacharelado da Universidade Federal de Santa Maria (UFSM). Foi fundada em julho de 2017, sob a orienta\u00e7\u00e3o dos professores Pablo Nunes Ribeiro e Francieli Matzembacher Pinton. Atualmente, conta com a participa\u00e7\u00e3o de oito colaboradores.<\/p>\n<p>A empresa surgiu a partir da necessidade de colocar em pr\u00e1tica os conhecimentos te\u00f3ricos adquiridos ao longo do curso de Bacharelado. Foi pensada, tamb\u00e9m, como uma forma de valorizar o trabalho profissional do bacharel em Letras enquanto revisor de textos. Al\u00e9m disso, \u00e9 um espa\u00e7o em que o aluno tem a oportunidade de entrar em contato com o mercado de trabalho, desenvolvendo habilidades de gest\u00e3o, empreendedorismo e trabalho em equipe.<\/p>\n<p><strong>Servi\u00e7os<\/strong><\/p>\n<p>Oferecemos servi\u00e7os de revis\u00e3o de textos, atividade que abrange n\u00e3o somente aspectos ortogr\u00e1ficos, mas tamb\u00e9m morfol\u00f3gicos, sint\u00e1ticos e sem\u00e2nticos, a fim de organizar as informa\u00e7\u00f5es e apresent\u00e1-las da forma mais intelig\u00edvel poss\u00edvel.\u00a0<\/p>\n<p>Oferecemos, tamb\u00e9m, o servi\u00e7o de formata\u00e7\u00e3o textual, que se preocupa especificamente com a adequa\u00e7\u00e3o \u00e0s normas solicitadas pela institui\u00e7\u00e3o (MDT-UFSM, ABNT e de peri\u00f3dicos diversos).<\/p>\n<p><strong>Processo Seletivo<\/strong><\/p>\n<p>Est\u00e1 aberto o Edital segundo processo seletivo de 2018 da Gr\u00e1mmatos J\u00fanior. Para mais informa\u00e7\u00f5es, acesse o link abaixo:<\/p>\n<p><a href=\"http:\/\/coral.ufsm.br\/letras\/bacharelado\/images\/Edital-Gr%C3%A1mmatos-2018-segundo-Edital-1.pdf\">Edital 002\/2018 &#8211; Processo seletivo 2018 &#8211; Gr\u00e1mmatos J\u00fanior<\/a>\u00a0\u00a0<\/p>\n<p><strong>Contato<\/strong><\/p>\n<p>Para mais informa\u00e7\u00f5es, entrem em contato conosco atrav\u00e9s dos endere\u00e7os listados abaixo:<\/p>\n<p><strong>e-mail<\/strong>:\u00a0<span id=\"cloakcfa709dcc6009ed532e3c5e429aca597\"><a href=\"mailto:grammatosjunior@gmail.com\">grammatosjunior@gmail.com<\/a><\/span><\/p>\n<p><strong>blog<\/strong>:\u00a0<a href=\"https:\/\/grammatosjr.tumblr.com\/\">https:\/\/grammatosjr.tumblr.com\/<\/a><\/p>\n<p><strong>facebook<\/strong>:\u00a0<a href=\"http:\/\/facebook.com\/grammatosjr\">http:\/\/facebook.com\/grammatosjr<\/a><\/p>\n<p>Enviem seus trabalhos para nosso e-mail ou nossa p\u00e1gina do Facebook e solicitem um or\u00e7amento!<\/p>\n<p>\u00a0<\/p>\n<\/div>\n<\/div>\n<\/div>\n","protected":false},"excerpt":{"rendered":"<p>Quem somos A\u00a0Gr\u00e1mmatos Jr.\u00a0\u00e9 uma empresa j\u00fanior de revis\u00e3o de textos vinculada ao curso de Letras &#8211; Bacharelado da Universidade Federal de Santa Maria (UFSM). Foi fundada em julho de 2017, sob a orienta\u00e7\u00e3o dos professores Pablo Nunes Ribeiro e Francieli Matzembacher Pinton. Atualmente, conta com a participa\u00e7\u00e3o de oito colaboradores. A empresa surgiu a [&hellip;]<\/p>\n","protected":false},"author":201,"featured_media":0,"parent":0,"menu_order":0,"comment_status":"closed","ping_status":"closed","template":"","meta":{"footnotes":""},"categories":[],"tags":[],"class_list":["post-185","page","type-page","status-publish","hentry"],"acf":[],"_links":{"self":[{"href":"https:\/\/www.ufsm.br\/cursos\/graduacao\/santa-maria\/letras\/wp-json\/wp\/v2\/pages\/185","targetHints":{"allow":["GET"]}}],"collection":[{"href":"https:\/\/www.ufsm.br\/cursos\/graduacao\/santa-maria\/letras\/wp-json\/wp\/v2\/pages"}],"about":[{"href":"https:\/\/www.ufsm.br\/cursos\/graduacao\/santa-maria\/letras\/wp-json\/wp\/v2\/types\/page"}],"author":[{"embeddable":true,"href":"https:\/\/www.ufsm.br\/cursos\/graduacao\/santa-maria\/letras\/wp-json\/wp\/v2\/users\/201"}],"replies":[{"embeddable":true,"href":"https:\/\/www.ufsm.br\/cursos\/graduacao\/santa-maria\/letras\/wp-json\/wp\/v2\/comments?post=185"}],"version-history":[{"count":0,"href":"https:\/\/www.ufsm.br\/cursos\/graduacao\/santa-maria\/letras\/wp-json\/wp\/v2\/pages\/185\/revisions"}],"wp:attachment":[{"href":"https:\/\/www.ufsm.br\/cursos\/graduacao\/santa-maria\/letras\/wp-json\/wp\/v2\/media?parent=185"}],"wp:term":[{"taxonomy":"category","embeddable":true,"href":"https:\/\/www.ufsm.br\/cursos\/graduacao\/santa-maria\/letras\/wp-json\/wp\/v2\/categories?post=185"},{"taxonomy":"post_tag","embeddable":true,"href":"https:\/\/www.ufsm.br\/cursos\/graduacao\/santa-maria\/letras\/wp-json\/wp\/v2\/tags?post=185"}],"curies":[{"name":"wp","href":"https:\/\/api.w.org\/{rel}","templated":true}]}}