{"id":234,"date":"2018-12-19T10:01:25","date_gmt":"2018-12-19T12:01:25","guid":{"rendered":"https:\/\/www.ufsm.br\/cursos\/graduacao\/santa-maria\/letras\/?page_id=234"},"modified":"2024-02-01T11:24:23","modified_gmt":"2024-02-01T14:24:23","slug":"mural-2","status":"publish","type":"page","link":"https:\/\/www.ufsm.br\/cursos\/graduacao\/santa-maria\/letras\/mural-2","title":{"rendered":"Mural"},"content":{"rendered":"\n<div class=\"item-page\">\n<div>\n<p><strong>Hor\u00e1rio de expediente externo<\/strong><\/p>\n<p>Manh\u00e3: segunda-feira \u00e0 sexta-feira, das 8h30min \u00e0s 11h30min.<\/p>\n<p>Tarde: segunda-feira \u00e0 sexta-feira, das 13h30min \u00e0s 16h30min.<\/p>\n<p>Noite: segunda-feira \u00e0 quinta-feira, das 18h30min \u00e0s 20h30min.<\/p>\n<p>\u00a0<\/p>\n<p><strong>Lembretes<\/strong><\/p>\n<p><strong>Matr\u00edcula e ajustes de matr\u00edcula de alunos regulares<\/strong><\/p>\n<p>Durante os per\u00edodos de matr\u00edcula (via Portal do Aluno) e ajuste de matr\u00edcula (via Portal do Aluno e presencialmente) que acontecem semestralmente para a renova\u00e7\u00e3o do v\u00ednculo, o acad\u00eamico deve observar o disposto nas Normativas Gerais de Matr\u00edcula da UFSM, publicados no Guia do Estudante, al\u00e9m dos prazos estipulados no Calend\u00e1rio Acad\u00eamico do ano vigente. O controle do cumprimento de pr\u00e9-requisitos para a matr\u00edcula e a confer\u00eancia quanto ao saldo final de disciplinas solicitadas e confirmadas \u00e9 de responsabilidade do pr\u00f3prio acad\u00eamico. Al\u00e9m disso, durante o referido per\u00edodo, a frequ\u00eancia nas aulas e atividades de qualquer disciplina em que o acad\u00eamico n\u00e3o est\u00e1 matriculado \u00e9 considerada sem efeito.<\/p>\n<p><strong>Matr\u00edcula e ajuste de matr\u00edcula \u2013 Carga hor\u00e1ria m\u00ednima e m\u00e1xima requer\u00edvel por semestre<\/strong><\/p>\n<p>Durante o per\u00edodo de matr\u00edcula (via Portal do Aluno) e ajustes de matr\u00edcula (via Portal do Aluno e presencialmente), deve-se ter especial aten\u00e7\u00e3o quanto \u00e0 carga hor\u00e1ria m\u00ednima e m\u00e1xima requer\u00edvel por semestre, prevista no respectivo Projeto Pol\u00edtico-Pedag\u00f3gico do Curso. Matr\u00edculas com carga hor\u00e1ria inferior ao m\u00ednimo e ao m\u00e1ximo determinado na estrutura curricular do Curso ficar\u00e3o sujeitas ao disposto nas Normativas Gerais de Matr\u00edcula da UFSM, em particular nos Artigos n. 10, 11, 20 e 22. As Normativas Gerais de Matr\u00edcula da UFSM est\u00e3o dispon\u00edveis no Guia do Estudante da UFSM.<\/p>\n<p><strong>Matr\u00edcula extracurricular<\/strong><\/p>\n<p>O procedimento de matr\u00edcula extracurricular de acad\u00eamicos de outros cursos da UFSM obedecer\u00e1 aos prazos estipulados no Calend\u00e1rio Acad\u00eamico do ano vigente. O acad\u00eamico interessado em disciplinas ofertadas em cada um dos Cursos de Letras \u2013 Licenciatura deve apresentar \u00e0 Coordena\u00e7\u00e3o do Curso de Letras \u2013 Licenciatura o formul\u00e1rio de autoriza\u00e7\u00e3o assinado pelo Coordenador do Curso de origem e observar o disposto nas Normativas Gerais de Matr\u00edcula da UFSM, especialmente no que concerne ao Artigo n. 15.\u00a0As Normativas Gerais de Matr\u00edcula da UFSM est\u00e3o dispon\u00edveis no Guia do Estudante da UFSM.<\/p>\n<p><strong>Trancamento total<\/strong><\/p>\n<p>O trancamento total consiste um uma modalidade de matr\u00edcula em que o acad\u00eamico permanece vinculado ao Curso, por\u00e9m n\u00e3o matriculado em disciplinas. A modalidade tem dura\u00e7\u00e3o de um semestre letivo, atende a prazos estabelecidos no Calend\u00e1rio Acad\u00eamico e \u00e9 efetuada diretamente no Portal do Aluno. O n\u00famero m\u00e1ximo de trancamentos totais permitidos em cada Curso est\u00e1 previsto na estrutura curricular, determinada pelo Projeto Pol\u00edtico-Pedag\u00f3gico do Curso. O per\u00edodo em que o aluno est\u00e1 em situa\u00e7\u00e3o de trancamento total n\u00e3o \u00e9 contabilizado para o tempo de integraliza\u00e7\u00e3o curricular do Curso.<\/p>\n<p><strong>Obrigatoriedade de frequ\u00eancia<\/strong><\/p>\n<p>A\u00a0frequ\u00eancia m\u00ednima para aprova\u00e7\u00e3o \u00e9 de 75% do total da carga hor\u00e1ria de cada disciplina em que o acad\u00eamico est\u00e1 regularmente matriculado. O abono de faltas \u00e9 vedado, exceto nos casos de amparo previstos pela Lei n. 4.375\/64 e Decreto-Lei n. 715\/69 e pelo Decreto n. 80.228\/77.<\/p>\n<p><strong>Recupera\u00e7\u00e3o de avalia\u00e7\u00f5es<\/strong><\/p>\n<p>Podem solicitar recupera\u00e7\u00e3o de avalia\u00e7\u00e3o os acad\u00eamicos que, por motivos devidamente justificados (doen\u00e7a que impossibilite o aluno de realizar a avalia\u00e7\u00e3o, comprovada por atestado m\u00e9dico, com CID), n\u00e3o comparecerem \u00e0s atividades escolares sujeitas \u00e0 avalia\u00e7\u00e3o. O acad\u00eamico interessado deve dirigir-se ao Protocolo Geral da UFSM, em at\u00e9 48 horas da data da avalia\u00e7\u00e3o, portando o requerimento de Recupera\u00e7\u00e3o de Avalia\u00e7\u00e3o, dispon\u00edvel no link Formul\u00e1rios, neste site, devidamente preenchido e assinado, para abertura de processo capa-verde. A aprova\u00e7\u00e3o do pedido fica a cargo do Chefe de Departamento.<\/p>\n<p><strong>Regime de exerc\u00edcios domiciliares<\/strong><\/p>\n<p>A solicita\u00e7\u00e3o para o regime de exerc\u00edcios domiciliares \u00e9 permitida somente para os casos de amparo ao estudante, previstos no cap\u00edtulo 2.25 do Guia do Estudante da UFSM. O acad\u00eamico interessado deve dirigir-se ao Protocolo Geral da UFSM, portando um atestado m\u00e9dico e o Requerimento \u2013 Regime de Exerc\u00edcios Domiciliares, presente no link Formul\u00e1rios, neste site, devidamente preenchido e assinado, para abertura de processo capa-verde. A solicita\u00e7\u00e3o de amparo deve ser oficializada em at\u00e9 tr\u00eas dias \u00fateis contados da data de emiss\u00e3o do atestado m\u00e9dico.\u00a0<\/p>\n<p><strong>C\u00f4mputo de ACG\u2019s<\/strong><\/p>\n<p>O acad\u00eamico que desejar computar ACG\u2019s ao seu hist\u00f3rico deve entregar \u00e0 Secretaria da Coordena\u00e7\u00e3o o Requerimento \u2013 C\u00f4mputo de ACG\u2019s, dispon\u00edvel no link Formul\u00e1rios, deste site, devidamente preenchido e assinado, em conjunto com a c\u00f3pia dos certificados e comprovantes. A Secretaria n\u00e3o receber\u00e1 certificados e comprovantes originais. A an\u00e1lise das solicita\u00e7\u00f5es \u00e9 feita pelo Colegiado de Curso.<\/p>\n<p><strong>Aproveitamento ou dispensa de disciplinas<\/strong><\/p>\n<p>O acad\u00eamico que deseja solicitar aproveitamento ou dispensa de disciplinas obrigat\u00f3rias deve fazer a solicita\u00e7\u00e3o diretamente no Portal do Aluno. S\u00e3o necess\u00e1rias a c\u00f3pia do programa da disciplina bem como a c\u00f3pia do hist\u00f3rico acad\u00eamico que cont\u00e9m a nota de aprova\u00e7\u00e3o na disciplina utilizada para dispensa. A an\u00e1lise das solicita\u00e7\u00f5es respeitar\u00e1 os prazos estipulados no Calend\u00e1rio Acad\u00eamico do ano vigente. Aproveitamento de disciplinas como DCG\u2019s exigem a mesma documenta\u00e7\u00e3o, por\u00e9m deve ser feito por meio de formul\u00e1rio impresso, dispon\u00edvel no link Formul\u00e1rios, neste site.\u00a0<\/p>\n<p><strong>Aux\u00edlio \u00e0 participa\u00e7\u00e3o em eventos<\/strong><\/p>\n<p>O acad\u00eamico que desejar solicitar aux\u00edlio \u00e0 participa\u00e7\u00e3o em eventos deve entregar \u00e0 Coordena\u00e7\u00e3o de Curso o Requerimento \u2013 Aux\u00edlio \u00e0 participa\u00e7\u00e3o em eventos, dispon\u00edvel no link \u2013 Formul\u00e1rios, neste site, devidamente preenchido e assinado, em conjunto com a c\u00f3pia da carta de aceite. A solicita\u00e7\u00e3o pode ser feita apenas por acad\u00eamicos que apresentar\u00e3o trabalhos e ser\u00e1 avaliada pelo Colegiado de Curso. Os acad\u00eamicos beneficiados com bolsa dever\u00e3o apresentar relat\u00f3rio \u00e0 Coordena\u00e7\u00e3o de Curso, em at\u00e9 30 dias da data de participa\u00e7\u00e3o do evento. O modelo de Relat\u00f3rio est\u00e1 dispon\u00edvel no link Formul\u00e1rios, neste site.<\/p>\n<\/div>\n<\/div>\n<div class=\"custom\">\n<h4>\u00a0<\/h4>\n<h4 class=\"footer-widget-title\">COORDENA\u00c7\u00c3O DO CURSO DE LETRAS &#8211; LICENCIATURA<\/h4>\n<p>Universidade Federal de Santa Maria \u2013 Campus Universit\u00e1rio<\/p>\n<p>Avenida Roraima, n. 1000 &#8211;\u00a0Centro de Artes e Letras<\/p>\n<p>Pr\u00e9dio 40A &#8211; Sala 2200<\/p>\n<p>Bairro Camobi &#8211; Santa Maria\/RS<br \/><strong>CEP:\u00a0<\/strong>97105-000<\/p>\n<p><strong>E-mail:\u00a0<\/strong>coord.letrasportugues@ufsm.br e coord.letrasestrangeiras@ufsm.br<br \/><strong>Facebook:\u00a0<\/strong><a href=\"https:\/\/www.facebook.com\/groups\/letrasufsm\/\">Letras &#8211; UFSM<\/a><\/p>\n<p><strong>Telefones:\u00a0<\/strong>55 3220 8267 e 55 3220 8985<\/p>\n<p><strong>Coordenadora<\/strong>: Prof.\u00aa Ta\u00eds da Silva Martins<\/p>\n<p><strong>Coordenadora Substituta<\/strong>: Prof.\u00aa Andrea do Roccio Souto<\/p>\n<\/div>\n","protected":false},"excerpt":{"rendered":"<p>Hor\u00e1rio de expediente externo Manh\u00e3: segunda-feira \u00e0 sexta-feira, das 8h30min \u00e0s 11h30min. Tarde: segunda-feira \u00e0 sexta-feira, das 13h30min \u00e0s 16h30min. Noite: segunda-feira \u00e0 quinta-feira, das 18h30min \u00e0s 20h30min. \u00a0 Lembretes Matr\u00edcula e ajustes de matr\u00edcula de alunos regulares Durante os per\u00edodos de matr\u00edcula (via Portal do Aluno) e ajuste de matr\u00edcula (via Portal do Aluno [&hellip;]<\/p>\n","protected":false},"author":201,"featured_media":0,"parent":0,"menu_order":0,"comment_status":"closed","ping_status":"closed","template":"","meta":{"footnotes":""},"categories":[],"tags":[],"class_list":["post-234","page","type-page","status-publish","hentry"],"acf":[],"_links":{"self":[{"href":"https:\/\/www.ufsm.br\/cursos\/graduacao\/santa-maria\/letras\/wp-json\/wp\/v2\/pages\/234","targetHints":{"allow":["GET"]}}],"collection":[{"href":"https:\/\/www.ufsm.br\/cursos\/graduacao\/santa-maria\/letras\/wp-json\/wp\/v2\/pages"}],"about":[{"href":"https:\/\/www.ufsm.br\/cursos\/graduacao\/santa-maria\/letras\/wp-json\/wp\/v2\/types\/page"}],"author":[{"embeddable":true,"href":"https:\/\/www.ufsm.br\/cursos\/graduacao\/santa-maria\/letras\/wp-json\/wp\/v2\/users\/201"}],"replies":[{"embeddable":true,"href":"https:\/\/www.ufsm.br\/cursos\/graduacao\/santa-maria\/letras\/wp-json\/wp\/v2\/comments?post=234"}],"version-history":[{"count":0,"href":"https:\/\/www.ufsm.br\/cursos\/graduacao\/santa-maria\/letras\/wp-json\/wp\/v2\/pages\/234\/revisions"}],"wp:attachment":[{"href":"https:\/\/www.ufsm.br\/cursos\/graduacao\/santa-maria\/letras\/wp-json\/wp\/v2\/media?parent=234"}],"wp:term":[{"taxonomy":"category","embeddable":true,"href":"https:\/\/www.ufsm.br\/cursos\/graduacao\/santa-maria\/letras\/wp-json\/wp\/v2\/categories?post=234"},{"taxonomy":"post_tag","embeddable":true,"href":"https:\/\/www.ufsm.br\/cursos\/graduacao\/santa-maria\/letras\/wp-json\/wp\/v2\/tags?post=234"}],"curies":[{"name":"wp","href":"https:\/\/api.w.org\/{rel}","templated":true}]}}