{"id":312,"date":"2019-02-11T11:08:22","date_gmt":"2019-02-11T13:08:22","guid":{"rendered":"https:\/\/www.ufsm.br\/cursos\/graduacao\/santa-maria\/letras\/?page_id=312"},"modified":"2019-02-11T11:08:53","modified_gmt":"2019-02-11T13:08:53","slug":"atelie-de-textos","status":"publish","type":"page","link":"https:\/\/www.ufsm.br\/cursos\/graduacao\/santa-maria\/letras\/atelie-de-textos","title":{"rendered":"Ateli\u00ea de Textos"},"content":{"rendered":"\t\t<div data-elementor-type=\"wp-post\" data-elementor-id=\"312\" class=\"elementor elementor-312 elementor-bc-flex-widget\">\n\t\t\t\t\t\t<section class=\"elementor-section elementor-top-section elementor-element elementor-element-058e442 elementor-section-boxed elementor-section-height-default elementor-section-height-default\" data-id=\"058e442\" data-element_type=\"section\">\n\t\t\t\t\t\t<div class=\"elementor-container elementor-column-gap-default\">\n\t\t\t\t\t<div class=\"elementor-column elementor-col-100 elementor-top-column elementor-element elementor-element-f8dfeb3\" data-id=\"f8dfeb3\" data-element_type=\"column\">\n\t\t\t<div class=\"elementor-widget-wrap elementor-element-populated\">\n\t\t\t\t\t\t<div class=\"elementor-element elementor-element-d3595a5 elementor-widget elementor-widget-image\" data-id=\"d3595a5\" data-element_type=\"widget\" data-widget_type=\"image.default\">\n\t\t\t\t<div class=\"elementor-widget-container\">\n\t\t\t\t\t\t\t\t\t\t\t\t\t<img fetchpriority=\"high\" decoding=\"async\" width=\"557\" height=\"255\" src=\"https:\/\/www.ufsm.br\/app\/uploads\/sites\/483\/2018\/12\/banner.jpg\" class=\"attachment-large size-large wp-image-231\" alt=\"\" srcset=\"https:\/\/www.ufsm.br\/app\/uploads\/sites\/483\/2018\/12\/banner.jpg 557w, https:\/\/www.ufsm.br\/app\/uploads\/sites\/483\/2018\/12\/banner-300x137.jpg 300w\" sizes=\"(max-width: 557px) 100vw, 557px\" \/>\t\t\t\t\t\t\t\t\t\t\t\t\t<\/div>\n\t\t\t\t<\/div>\n\t\t\t\t\t<\/div>\n\t\t<\/div>\n\t\t\t\t\t<\/div>\n\t\t<\/section>\n\t\t\t\t<section class=\"elementor-section elementor-top-section elementor-element elementor-element-1d342c5 elementor-section-boxed elementor-section-height-default elementor-section-height-default\" data-id=\"1d342c5\" data-element_type=\"section\">\n\t\t\t\t\t\t<div class=\"elementor-container elementor-column-gap-default\">\n\t\t\t\t\t<div class=\"elementor-column elementor-col-100 elementor-top-column elementor-element elementor-element-ef28442\" data-id=\"ef28442\" data-element_type=\"column\">\n\t\t\t<div class=\"elementor-widget-wrap elementor-element-populated\">\n\t\t\t\t\t\t<div class=\"elementor-element elementor-element-b54a22f elementor-widget elementor-widget-text-editor\" data-id=\"b54a22f\" data-element_type=\"widget\" data-widget_type=\"text-editor.default\">\n\t\t\t\t<div class=\"elementor-widget-container\">\n\t\t\t\t\t\t\t<p>O\u00a0<strong>Ateli\u00ea de Textos<\/strong>\u00a0\u00e9 um projeto de ensino e extens\u00e3o que tem por objetivo contribuir para o aprimoramento de conhecimentos e habilidades de professores em forma\u00e7\u00e3o da \u00e1rea de Letras e, ao mesmo tempo, beneficiar a comunidade com resultados de pesquisas acad\u00eamicas recentes e consolidadas voltadas para o trabalho com a linguagem.\u00a0Para conhec\u00ea-lo, acesse &lt;<a href=\"http:\/\/w3.ufsm.br\/ateliedetextos\/\">http:\/\/w3.ufsm.br\/ateliedetextos\/<\/a>&gt;. Email de contato:\u00a0<span id=\"cloak8baea0a081355ee6a3171438c836daf4\"><a href=\"mailto:ufsm.ateliedetextos@gmail.com\">ufsm.ateliedetextos@gmail.com<\/a><\/span>.<\/p>\t\t\t\t\t\t<\/div>\n\t\t\t\t<\/div>\n\t\t\t\t\t<\/div>\n\t\t<\/div>\n\t\t\t\t\t<\/div>\n\t\t<\/section>\n\t\t\t\t<\/div>\n\t\t","protected":false},"excerpt":{"rendered":"<p>O\u00a0Ateli\u00ea de Textos\u00a0\u00e9 um projeto de ensino e extens\u00e3o que tem por objetivo contribuir para o aprimoramento de conhecimentos e habilidades de professores em forma\u00e7\u00e3o da \u00e1rea de Letras e, ao mesmo tempo, beneficiar a comunidade com resultados de pesquisas acad\u00eamicas recentes e consolidadas voltadas para o trabalho com a linguagem.\u00a0Para conhec\u00ea-lo, acesse &lt;http:\/\/w3.ufsm.br\/ateliedetextos\/&gt;. Email [&hellip;]<\/p>\n","protected":false},"author":117,"featured_media":0,"parent":0,"menu_order":0,"comment_status":"closed","ping_status":"closed","template":"","meta":{"footnotes":""},"categories":[],"tags":[],"class_list":["post-312","page","type-page","status-publish","hentry"],"acf":[],"_links":{"self":[{"href":"https:\/\/www.ufsm.br\/cursos\/graduacao\/santa-maria\/letras\/wp-json\/wp\/v2\/pages\/312","targetHints":{"allow":["GET"]}}],"collection":[{"href":"https:\/\/www.ufsm.br\/cursos\/graduacao\/santa-maria\/letras\/wp-json\/wp\/v2\/pages"}],"about":[{"href":"https:\/\/www.ufsm.br\/cursos\/graduacao\/santa-maria\/letras\/wp-json\/wp\/v2\/types\/page"}],"author":[{"embeddable":true,"href":"https:\/\/www.ufsm.br\/cursos\/graduacao\/santa-maria\/letras\/wp-json\/wp\/v2\/users\/117"}],"replies":[{"embeddable":true,"href":"https:\/\/www.ufsm.br\/cursos\/graduacao\/santa-maria\/letras\/wp-json\/wp\/v2\/comments?post=312"}],"version-history":[{"count":0,"href":"https:\/\/www.ufsm.br\/cursos\/graduacao\/santa-maria\/letras\/wp-json\/wp\/v2\/pages\/312\/revisions"}],"wp:attachment":[{"href":"https:\/\/www.ufsm.br\/cursos\/graduacao\/santa-maria\/letras\/wp-json\/wp\/v2\/media?parent=312"}],"wp:term":[{"taxonomy":"category","embeddable":true,"href":"https:\/\/www.ufsm.br\/cursos\/graduacao\/santa-maria\/letras\/wp-json\/wp\/v2\/categories?post=312"},{"taxonomy":"post_tag","embeddable":true,"href":"https:\/\/www.ufsm.br\/cursos\/graduacao\/santa-maria\/letras\/wp-json\/wp\/v2\/tags?post=312"}],"curies":[{"name":"wp","href":"https:\/\/api.w.org\/{rel}","templated":true}]}}