{"id":5,"date":"2018-01-18T08:39:17","date_gmt":"2018-01-18T10:39:17","guid":{"rendered":"https:\/\/www.ufsm.br\/cursos\/graduacao\/nutricao\/12352\/?page_id=5"},"modified":"2021-04-28T11:32:08","modified_gmt":"2021-04-28T14:32:08","slug":"pagina-inicial","status":"publish","type":"page","link":"https:\/\/www.ufsm.br\/cursos\/graduacao\/santa-maria\/licenciatura-em-teatro\/","title":{"rendered":"P\u00e1gina Inicial"},"content":{"rendered":"\t\t<div data-elementor-type=\"wp-post\" data-elementor-id=\"5\" class=\"elementor elementor-5\">\n\t\t\t\t\t\t<section class=\"elementor-section elementor-top-section elementor-element elementor-element-f6a61e1 elementor-section-boxed elementor-section-height-default elementor-section-height-default\" data-id=\"f6a61e1\" data-element_type=\"section\">\n\t\t\t\t\t\t<div class=\"elementor-container elementor-column-gap-default\">\n\t\t\t\t\t<div class=\"elementor-column elementor-col-100 elementor-top-column elementor-element elementor-element-81ce27f\" data-id=\"81ce27f\" data-element_type=\"column\">\n\t\t\t<div class=\"elementor-widget-wrap elementor-element-populated\">\n\t\t\t\t\t\t<div class=\"elementor-element elementor-element-8d1f660 elementor-widget elementor-widget-wp-widget-ufsm_noticias_widget\" data-id=\"8d1f660\" data-element_type=\"widget\" data-widget_type=\"wp-widget-ufsm_noticias_widget.default\">\n\t\t\t\t<div class=\"elementor-widget-container\">\n\t\t\t<div id='ufsm-carousel-1775257791-1704982279' class='carousel slide carousel-ufsm' data-bs-ride='carousel' aria-hidden='true'>\n    <div class='carousel-inner'>\n                    \n\n            <div class='carousel-item active' data-bs-interval='4000'>\n                                    <!-- Slider Image -->\n                    <img class='w-100'  style='max-height:250px; object-fit:cover;' alt=\"No m\u00eas de abril de 2023, a\u00a0Editora UFSM\u00a0- em parceria com o Centro de Artes e Letras da UFSM - lan\u00e7a seu\u00a0primeiro box\u00a0promocional, reunindo os\u00a0tr\u00eas volumes\u00a0das antologias cr\u00edticas\u00a0Discursos\u00a0do\u00a0Corpo\u00a0na Arte. O conjunto conta com a participa\u00e7\u00e3o de mais de trinta autores,&hellip;\" srcset=\"https:\/\/www.ufsm.br\/app\/uploads\/sites\/368\/2023\/04\/Capa_BOX_Facebook-02-300x222.jpg 300w, https:\/\/www.ufsm.br\/app\/uploads\/sites\/368\/2023\/04\/Capa_BOX_Facebook-02.jpg 468w\">\n                \n                \n                                                            <\/div>\n                    \n\n            <div class='carousel-item ' data-bs-interval='4000'>\n                                    <!-- Slider Image -->\n                    <img class='w-100'  style='max-height:250px; object-fit:cover;' alt=\"A terceira cartilha do Ateli\u00ea de Textos com atividades de leitura e produ\u00e7\u00e3o textual \u00e9 publicada na S\u00e9rie Extens\u00e3o, da Pr\u00f3-Reitoria de Extens\u00e3o da UFSM.\u00a0 A fim de fortalecer a pr\u00e1tica extensionista e estimular a produ\u00e7\u00e3o e a populariza\u00e7\u00e3o do&hellip;\" srcset=\"https:\/\/www.ufsm.br\/app\/uploads\/sites\/368\/2022\/11\/posts_livros_001-300x300.jpg 300w, https:\/\/www.ufsm.br\/app\/uploads\/sites\/368\/2022\/11\/posts_livros_001-1024x1024.jpg 1024w, https:\/\/www.ufsm.br\/app\/uploads\/sites\/368\/2022\/11\/posts_livros_001-150x150.jpg 150w, https:\/\/www.ufsm.br\/app\/uploads\/sites\/368\/2022\/11\/posts_livros_001-768x768.jpg 768w, https:\/\/www.ufsm.br\/app\/uploads\/sites\/368\/2022\/11\/posts_livros_001.jpg 1200w\">\n                \n                \n                                                            <\/div>\n                    <!-- Exibi Indicadores -->\n                    <ol class='carousel-indicators carousel-indicators-numbers d-none d-md-flex align-self-end m-0'>\n                <li data-bs-target='#ufsm-carousel-1775257791-1704982279' data-bs-slide-to='0' class='d-flex rounded-circle active'><span class='m-auto fw-bold'>1<\/span><\/li><li data-bs-target='#ufsm-carousel-1775257791-1704982279' data-bs-slide-to='1' class='d-flex rounded-circle '><span class='m-auto fw-bold'>2<\/span><\/li>            <\/ol>\n            <a class='carousel-control-prev' href='#ufsm-carousel-1775257791-1704982279' role='button' data-bs-slide='prev'>\n                <span class='carousel-control-prev-icon' aria-hidden='true'><\/span>\n                <span class='visually-hidden'>Previous<\/span>\n            <\/a>\n            <a class='carousel-control-next' href='#ufsm-carousel-1775257791-1704982279' role='button' data-bs-slide='next'>\n                <span class='carousel-control-next-icon' aria-hidden='true'><\/span>\n                <span class='visually-hidden'>Next<\/span>\n            <\/a>\n            <\/div>\n<\/div>\n<!-- Acessibilidade, apenas leitor de tela -->\n<ul class='visually-hidden'>\n    <li><a href='https:\/\/www.ufsm.br\/unidades-universitarias\/cal\/2023\/04\/12\/lancamento-da-colecao-discursos-do-corpo-na-arte'>Lan\u00e7amento da Cole\u00e7\u00e3o &#8220;Discursos\u00a0do\u00a0Corpo\u00a0na Arte&#8221;<\/a><\/li><li><a href='https:\/\/www.ufsm.br\/unidades-universitarias\/cal\/2022\/11\/07\/atelie-de-textos-tem-publicada-mais-uma-cartilha-para-o-ensino-de-leitura-e-producao-textual-na-escola'>Ateli\u00ea de Textos tem publicada mais uma cartilha para o ensino de leitura e produ\u00e7\u00e3o textual na escola<\/a><\/li><\/ul>\n\t\t<\/div>\n\t\t\t\t<\/div>\n\t\t\t\t\t<\/div>\n\t\t<\/div>\n\t\t\t\t\t<\/div>\n\t\t<\/section>\n\t\t\t\t<section class=\"elementor-section elementor-top-section elementor-element elementor-element-e5bcc64 elementor-section-boxed elementor-section-height-default elementor-section-height-default\" data-id=\"e5bcc64\" data-element_type=\"section\">\n\t\t\t\t\t\t<div class=\"elementor-container elementor-column-gap-default\">\n\t\t\t\t\t<div class=\"elementor-column elementor-col-100 elementor-top-column elementor-element elementor-element-c09ac3d\" data-id=\"c09ac3d\" data-element_type=\"column\">\n\t\t\t<div class=\"elementor-widget-wrap elementor-element-populated\">\n\t\t\t\t\t\t<div class=\"elementor-element elementor-element-9bf8518 elementor-widget elementor-widget-heading\" data-id=\"9bf8518\" data-element_type=\"widget\" data-widget_type=\"heading.default\">\n\t\t\t\t<div class=\"elementor-widget-container\">\n\t\t\t<h5 class=\"elementor-heading-title elementor-size-default\">Apresenta\u00e7\u00e3o<\/h5>\t\t<\/div>\n\t\t\t\t<\/div>\n\t\t\t\t\t<\/div>\n\t\t<\/div>\n\t\t\t\t\t<\/div>\n\t\t<\/section>\n\t\t\t\t<section class=\"elementor-section elementor-top-section elementor-element elementor-element-71f1b01 elementor-section-boxed elementor-section-height-default elementor-section-height-default\" data-id=\"71f1b01\" data-element_type=\"section\">\n\t\t\t\t\t\t<div class=\"elementor-container elementor-column-gap-default\">\n\t\t\t\t\t<div class=\"elementor-column elementor-col-100 elementor-top-column elementor-element elementor-element-c711c96\" data-id=\"c711c96\" data-element_type=\"column\">\n\t\t\t<div class=\"elementor-widget-wrap elementor-element-populated\">\n\t\t\t\t\t\t<div class=\"elementor-element elementor-element-32089a5 elementor-widget elementor-widget-text-editor\" data-id=\"32089a5\" data-element_type=\"widget\" data-widget_type=\"text-editor.default\">\n\t\t\t\t<div class=\"elementor-widget-container\">\n\t\t\t\t\t\t\t<p><div class='row'><div class='col-12 col-lg-9 pe-lg-1 align-self-center'><p>O curso de <b>Teatro<\/b> est\u00e1 localizado em <b>Campus Camobi &#8211; UFSM<\/b> na modalidade <b>Licenciatura &#8211; Presencial<\/b> sendo <b>Integral<\/b> o seu turno de funcionamento. A \u00e1rea de conhecimento do curso \u00e9 classificada como <b>LINGU\u00cdSTICA, LETRAS E ARTES<\/b>. Atualmente, a coordena\u00e7\u00e3o \u00e9 de responsabilidade de <b>CAMILA BORGES DOS SANTOS<\/b>, a coordena\u00e7\u00e3o substituta de <b>C\u00c2NDICE MOURA LORENZONI<\/b> e a secretaria de <b>CRISTIANO FREIRE ZIMMER<\/b>.<\/p><p>O curso \u00e9 ofertado em per\u00edodo <b>Semestral<\/b>, sendo <b>8<\/b> o n\u00famero de per\u00edodos indicados para sua conclus\u00e3o.<\/p><p class='mt-3'>Reconhecido pela Portaria n. 298\/2013\/MEC, publicada no DOU, de 10\/07\/2013 e Portaria n. 846\/2025\/MEC, publicada no DOU, de 19\/11\/2025..<\/p><\/div><div class='col-12 col-lg-3'><div class='row d-flex justify-content-around'><h3 class='visually-hidden'>Conceitos<\/h3><div class='col-12 col-md-4 col-lg-12 d-flex flex-column conceito-curso'><div class='flex-fill p-3 my-2 my-md-0 my-lg-1 mx-0 mx-md-2 mx-lg-0'><div class='text-center conceito-descricao'>Conceito de Curso (2025)<\/div><div class='text-center text-primary conceito-valor'>5<\/div><\/div><\/div><\/div><\/div><\/div><\/p>\t\t\t\t\t\t<\/div>\n\t\t\t\t<\/div>\n\t\t\t\t\t<\/div>\n\t\t<\/div>\n\t\t\t\t\t<\/div>\n\t\t<\/section>\n\t\t\t\t<section class=\"elementor-section elementor-top-section elementor-element elementor-element-ad762b4 elementor-section-boxed elementor-section-height-default elementor-section-height-default\" data-id=\"ad762b4\" data-element_type=\"section\">\n\t\t\t\t\t\t<div class=\"elementor-container elementor-column-gap-default\">\n\t\t\t\t\t<div class=\"elementor-column elementor-col-100 elementor-top-column elementor-element elementor-element-b96e6df\" data-id=\"b96e6df\" data-element_type=\"column\">\n\t\t\t<div class=\"elementor-widget-wrap elementor-element-populated\">\n\t\t\t\t\t\t<div class=\"elementor-element elementor-element-2ef132c elementor-widget elementor-widget-wp-widget-ufsm_utilidades\" data-id=\"2ef132c\" data-element_type=\"widget\" data-widget_type=\"wp-widget-ufsm_utilidades.default\">\n\t\t\t\t<div class=\"elementor-widget-container\">\n\t\t\t\t\t<h5 class=\"card-title titulo-conteudos\">Utilidades<\/h5>\n\t\t\t\t\n\t\t<div class=\"row d-flex justify-content-around\">\n\t\t\t\t\t\t\t<div class=\"col-12 col-sm-6 col-md-2 mt-4 text-center\">\n\t\t\t\t\t\t\t\t\t\t\t<a href=\"https:\/\/www.ufsm.br\/cursos\/graduacao\/santa-maria\/licenciatura-em-teatro\/horarios\" class=\"item-utilidades d-block\">\n\t\t\t\t\t\t\t\t\t\t<i class=\"fas fa-pencil-alt animation-pulse\" aria-hidden=\"true\"><\/i><b>Oferta \/ Hor\u00e1rios<\/b><\/a>\n\t\t\t\t<\/div>\n\t\t\t\t\t\t\t<div class=\"col-12 col-sm-6 col-md-2 mt-4 text-center\">\n\t\t\t\t\t\t\t\t\t\t\t<a href=\"https:\/\/portal.ufsm.br\/aluno\/\" class=\"item-utilidades d-block\">\n\t\t\t\t\t\t\t\t\t\t<i class=\"fa fa-user animation-pulse\" aria-hidden=\"true\"><\/i><b>Portal do Aluno<\/b><\/a>\n\t\t\t\t<\/div>\n\t\t\t\t\t\t\t<div class=\"col-12 col-sm-6 col-md-2 mt-4 text-center\">\n\t\t\t\t\t\t\t\t\t\t\t<a href=\"https:\/\/www.ufsm.br\/cursos\/graduacao\/santa-maria\/licenciatura-em-teatro\/informacoes-do-curriculo\" class=\"item-utilidades d-block\">\n\t\t\t\t\t\t\t\t\t\t<i class=\"fa fa-clipboard animation-pulse\" aria-hidden=\"true\"><\/i><b>Informa\u00e7\u00f5es Curriculares<\/b><\/a>\n\t\t\t\t<\/div>\n\t\t\t\t\t\t\t<div class=\"col-12 col-sm-6 col-md-2 mt-4 text-center\">\n\t\t\t\t\t\t\t\t\t\t\t<a href=\"https:\/\/www.ufsm.br\/cursos\/graduacao\/santa-maria\/licenciatura-em-teatro\/projeto-pedagogico\" class=\"item-utilidades d-block\">\n\t\t\t\t\t\t\t\t\t\t<i class=\"fa fa-book animation-pulse\" aria-hidden=\"true\"><\/i><b>Projeto Pedag\u00f3gico<\/b><\/a>\n\t\t\t\t<\/div>\n\t\t\t\t\t\t\t<div class=\"col-12 col-sm-6 col-md-2 mt-4 text-center\">\n\t\t\t\t\t\t\t\t\t\t\t<a href=\"https:\/\/ead06.proj.ufsm.br\/login\/\" class=\"item-utilidades d-block\">\n\t\t\t\t\t\t\t\t\t\t<i class=\"ufsm ufsm-moodle animation-pulse\" aria-hidden=\"true\"><\/i><b>Ambiente Virtual Moodle<\/b><\/a>\n\t\t\t\t<\/div>\n\t\t\t\t\t<\/div>\n\t\t\t\t<\/div>\n\t\t\t\t<\/div>\n\t\t\t\t\t<\/div>\n\t\t<\/div>\n\t\t\t\t\t<\/div>\n\t\t<\/section>\n\t\t\t\t<section class=\"elementor-section elementor-top-section elementor-element elementor-element-2563da0 elementor-section-boxed elementor-section-height-default elementor-section-height-default\" data-id=\"2563da0\" data-element_type=\"section\">\n\t\t\t\t\t\t<div class=\"elementor-container elementor-column-gap-default\">\n\t\t\t\t\t<div class=\"elementor-column elementor-col-100 elementor-top-column elementor-element elementor-element-a7fc8d7\" data-id=\"a7fc8d7\" data-element_type=\"column\">\n\t\t\t<div class=\"elementor-widget-wrap elementor-element-populated\">\n\t\t\t\t\t\t<div class=\"elementor-element elementor-element-cfe1c53 elementor-widget elementor-widget-wp-widget-ufsm_noticias_widget\" data-id=\"cfe1c53\" data-element_type=\"widget\" data-widget_type=\"wp-widget-ufsm_noticias_widget.default\">\n\t\t\t\t<div class=\"elementor-widget-container\">\n\t\t\t<h5 class='titulo-conteudos'>Not\u00edcias<\/h5><div class='widget-noticias-inside'>\n                        <div class=\"row\">\n                                    <div class=\"col-12 col-lg-12 pb-4\">\n                                        \n                                        \n                    \n                    <a class=\"noticias-widget-title d-block \"  title=\"Nota de pesar\" href=\"https:\/\/www.ufsm.br\/cursos\/graduacao\/santa-maria\/licenciatura-em-teatro\/2025\/08\/12\/nota-de-pesar-2\">\n                                                Nota de pesar                    <\/a>\n                    \n                                            <div class=\"noticias-widget-introtext\">\n                            O Curso de Teatro manifesta profundo pesar pelo falecimento de\u00a0Maria Zelinde Guaragni Miorando, m\u00e3e da professora\u00a0T\u00e2nia Micheline Miorando. Expressamos nossos sentimentos aos familiares e amigos.                        <\/div>\n                    \n                                        \n                                        \n                                            \n                                                    <div title=\"Publicado em 12\/08\/2025 - 16:44\" class=\"data-publicacao-widget\">\n                                <i  class=\"far fa-clock\"><\/i>\n                                12\/08\/2025 - 16:44                            <\/div>\n                                                                <\/div>\n                            <\/div>\n                    <div class=\"row\">\n                                    <div class=\"col-12 col-lg-12 pb-4\">\n                                        \n                                        \n                    \n                    <a class=\"noticias-widget-title d-block \"  title=\"V F\u00d3RUM DE EST\u00c1GIOS DE DOC\u00caNCIA EM TEATRO\" href=\"https:\/\/www.ufsm.br\/cursos\/graduacao\/santa-maria\/licenciatura-em-teatro\/2025\/04\/22\/v-forum-de-estagios-de-docencia-em-teatro\">\n                                                V F\u00d3RUM DE EST\u00c1GIOS DE DOC\u00caNCIA EM TEATRO                    <\/a>\n                    \n                                            <div class=\"noticias-widget-introtext\">\n                            O F\u00f3rum de Est\u00e1gios de Doc\u00eancia em Teatro possui a caracter\u00edstica de ser interinstitucional, uma vez que congregar\u00e1 as quatro institui\u00e7\u00f5es de ensino superior do estado do Rio Grande do Sul que ofertam o curso de Licenciatura em Teatro. S\u00e3o&hellip;                        <\/div>\n                    \n                                        \n                                        \n                                            \n                                                    <div title=\"Publicado em 22\/04\/2025 - 15:20\" class=\"data-publicacao-widget\">\n                                <i  class=\"far fa-clock\"><\/i>\n                                22\/04\/2025 - 15:20                            <\/div>\n                                                                <\/div>\n                            <\/div>\n                    <div class=\"row\">\n                                    <div class=\"col-12 col-lg-12 pb-4\">\n                                        \n                                        \n                    \n                    <a class=\"noticias-widget-title d-block \"  title=\"Nota de pesar\" href=\"https:\/\/www.ufsm.br\/cursos\/graduacao\/santa-maria\/licenciatura-em-teatro\/2024\/10\/06\/nota-de-pesar\">\n                                                Nota de pesar                    <\/a>\n                    \n                                            <div class=\"noticias-widget-introtext\">\n                            Com muita tristeza recebemos a not\u00edcia da morte de nossa aluna, Luana Prates dos Santos, ocorrida neste domingo, dia 06 de outubro. Queremos manifestar nossos sentimentos aos familiares, amigos(as) e colegas.                        <\/div>\n                    \n                                        \n                                        \n                                            \n                                                    <div title=\"Publicado em 06\/10\/2024 - 16:13\" class=\"data-publicacao-widget\">\n                                <i  class=\"far fa-clock\"><\/i>\n                                06\/10\/2024 - 16:13                            <\/div>\n                                                                <\/div>\n                            <\/div>\n                    <div class=\"row\">\n                                    <div class=\"col-12 col-lg-12 pb-4\">\n                                        \n                                        \n                    \n                    <a class=\"noticias-widget-title d-block \"  title=\"BANCA DE DEFESA DE TCC\" href=\"https:\/\/www.ufsm.br\/cursos\/graduacao\/santa-maria\/licenciatura-em-teatro\/2023\/07\/13\/banca-de-defesa-de-tcc\">\n                                                BANCA DE DEFESA DE TCC                    <\/a>\n                    \n                                            <div class=\"noticias-widget-introtext\">\n                            Nesta sexta-feira, dia 14 de julho de 2023, teremos a defesa de Trabalho de Conclus\u00e3o de Curso da estudante Vict\u00f3ria Blini Strasser. T\u00edtulo do trabalho: Teatro e neurodiversidade: an\u00e1lise de metodologias de ensino\/cria\u00e7\u00e3o com pessoas neurodivergentes Estudante: Vict\u00f3ria Blini Strasser&hellip;                        <\/div>\n                    \n                                        \n                                        \n                                            \n                                                    <div title=\"Publicado em 13\/07\/2023 - 09:48\" class=\"data-publicacao-widget\">\n                                <i  class=\"far fa-clock\"><\/i>\n                                13\/07\/2023 - 09:48                            <\/div>\n                                                                <\/div>\n                            <\/div>\n                    <div class=\"row\">\n                                    <div class=\"col-12 col-lg-12 pb-4\">\n                                        \n                                        \n                    \n                    <a class=\"noticias-widget-title d-block \"  title=\"Viol\u00eancias nos campi universit\u00e1rios: guia de apoio \u00e0s mulheres da UFSM\" href=\"https:\/\/www.ufsm.br\/cursos\/graduacao\/santa-maria\/licenciatura-em-teatro\/2023\/05\/18\/violencias-nos-campi-universitarios-guia-de-apoio-as-mulheres-da-ufsm\">\n                                                Viol\u00eancias nos campi universit\u00e1rios: guia de apoio \u00e0s mulheres da UFSM                    <\/a>\n                    \n                                            <div class=\"noticias-widget-introtext\">\n                            O Curso de Teatro vem promovendo algumas a\u00e7\u00f5es de combate \u00e0 viol\u00eancia de g\u00eanero e ao ass\u00e9dio na universidade. Nesse sentido, compartilhamos a cartilha Viol\u00eancias nos campi universit\u00e1rios: guia de apoio \u00e0s mulheres da UFSM que apresenta elementos da Pol\u00edtica&hellip;                        <\/div>\n                    \n                                        \n                                        \n                                            \n                                                    <div title=\"Publicado em 18\/05\/2023 - 09:20\" class=\"data-publicacao-widget\">\n                                <i  class=\"far fa-clock\"><\/i>\n                                18\/05\/2023 - 09:20                            <\/div>\n                                                                <\/div>\n                            <\/div>\n            <\/div>\n<div class=\"leia-mais p-1\">\n                <a href=\"https:\/\/www.ufsm.br\/cursos\/graduacao\/santa-maria\/licenciatura-em-teatro\/busca\/?q=&area=post&orderby=date&sites%5B%5D=503\">\n            LEIA MAIS            <span class=\"icon-box\">\n                <span class=\"bg-ufsm-widget-icon\">\n                    <i class=\"fas fa-chevron-right\" aria-hidden=\"true\"><\/i>\n                <\/span>\n            <\/span>\n        <\/a>\n    <\/div>\n\t\t<\/div>\n\t\t\t\t<\/div>\n\t\t\t\t\t<\/div>\n\t\t<\/div>\n\t\t\t\t\t<\/div>\n\t\t<\/section>\n\t\t\t\t<\/div>\n\t\t","protected":false},"excerpt":{"rendered":"<p>Apresenta\u00e7\u00e3o O Curso de Licenciatura em Teatro tem como objetivo formar artistas-docentes que exer\u00e7am suas atividades com compet\u00eancia e responsabilidade, capazes de empreender a\u00e7\u00f5es educacionais sens\u00edveis e criativas no contexto do ensino de Teatro. Para isso, ele se sustenta sobre o car\u00e1ter investigativo, te\u00f3rico e pr\u00e1tico da cria\u00e7\u00e3o c\u00eanica e articula\u00e7\u00e3o dessa pr\u00e1xis no Ensino [&hellip;]<\/p>\n","protected":false},"author":8,"featured_media":0,"parent":0,"menu_order":0,"comment_status":"closed","ping_status":"closed","template":"","meta":{"footnotes":""},"categories":[],"tags":[],"class_list":["post-5","page","type-page","status-publish","hentry"],"acf":[],"_links":{"self":[{"href":"https:\/\/www.ufsm.br\/cursos\/graduacao\/santa-maria\/licenciatura-em-teatro\/wp-json\/wp\/v2\/pages\/5","targetHints":{"allow":["GET"]}}],"collection":[{"href":"https:\/\/www.ufsm.br\/cursos\/graduacao\/santa-maria\/licenciatura-em-teatro\/wp-json\/wp\/v2\/pages"}],"about":[{"href":"https:\/\/www.ufsm.br\/cursos\/graduacao\/santa-maria\/licenciatura-em-teatro\/wp-json\/wp\/v2\/types\/page"}],"author":[{"embeddable":true,"href":"https:\/\/www.ufsm.br\/cursos\/graduacao\/santa-maria\/licenciatura-em-teatro\/wp-json\/wp\/v2\/users\/8"}],"replies":[{"embeddable":true,"href":"https:\/\/www.ufsm.br\/cursos\/graduacao\/santa-maria\/licenciatura-em-teatro\/wp-json\/wp\/v2\/comments?post=5"}],"version-history":[{"count":0,"href":"https:\/\/www.ufsm.br\/cursos\/graduacao\/santa-maria\/licenciatura-em-teatro\/wp-json\/wp\/v2\/pages\/5\/revisions"}],"wp:attachment":[{"href":"https:\/\/www.ufsm.br\/cursos\/graduacao\/santa-maria\/licenciatura-em-teatro\/wp-json\/wp\/v2\/media?parent=5"}],"wp:term":[{"taxonomy":"category","embeddable":true,"href":"https:\/\/www.ufsm.br\/cursos\/graduacao\/santa-maria\/licenciatura-em-teatro\/wp-json\/wp\/v2\/categories?post=5"},{"taxonomy":"post_tag","embeddable":true,"href":"https:\/\/www.ufsm.br\/cursos\/graduacao\/santa-maria\/licenciatura-em-teatro\/wp-json\/wp\/v2\/tags?post=5"}],"curies":[{"name":"wp","href":"https:\/\/api.w.org\/{rel}","templated":true}]}}