{"id":512,"date":"2025-01-07T12:01:46","date_gmt":"2025-01-07T15:01:46","guid":{"rendered":"https:\/\/www.ufsm.br\/cursos\/graduacao\/santa-maria\/licenciatura-em-teatro\/?page_id=512"},"modified":"2026-01-30T10:02:21","modified_gmt":"2026-01-30T13:02:21","slug":"laurea-academica","status":"publish","type":"page","link":"https:\/\/www.ufsm.br\/cursos\/graduacao\/santa-maria\/licenciatura-em-teatro\/laurea-academica","title":{"rendered":"L\u00e1urea Acad\u00eamica"},"content":{"rendered":"\n<div data-wp-interactive=\"core\/file\" class=\"wp-block-file\"><object data-wp-bind--hidden=\"!state.hasPdfPreview\" hidden class=\"wp-block-file__embed\" data=\"https:\/\/www.ufsm.br\/app\/uploads\/sites\/503\/2025\/01\/ATO-NORMATIVO_LAUREA_TEATRO.pdf\" type=\"application\/pdf\" style=\"width:100%;height:600px\" aria-label=\"Incorporado de ATO NORMATIVO_LAUREA_TEATRO.\"><\/object><a id=\"wp-block-file--media-67a6a882-760b-4553-9c7e-f023c61eb5aa\" href=\"https:\/\/www.ufsm.br\/app\/uploads\/sites\/503\/2025\/01\/ATO-NORMATIVO_LAUREA_TEATRO.pdf\">ATO NORMATIVO_LAUREA_TEATRO<\/a><a href=\"https:\/\/www.ufsm.br\/app\/uploads\/sites\/503\/2025\/01\/ATO-NORMATIVO_LAUREA_TEATRO.pdf\" class=\"wp-block-file__button wp-element-button\" download aria-describedby=\"wp-block-file--media-67a6a882-760b-4553-9c7e-f023c61eb5aa\">Baixar<\/a><\/div>\n\n\n\n<p><strong>L\u00e1ureas Acad\u00eamicas concedidas pelo Curso de Teatro:<\/strong><\/p>\n\n\n\n<p><strong>2024<\/strong>:<\/p>\n\n\n\n<p>Acad\u00eamicas Daniele Wilhelm e Duane Castro da Rosa. Concess\u00e3o de L\u00e1urea aprovada em reuni\u00e3o de Colegiado ocorrida em 10\/03\/2025. NUP 23081.051235\/2025-79.<\/p>\n\n\n\n<p><strong>2025<\/strong>:<\/p>\n\n\n\n<p>Acad\u00eamicas Sofia Lopez Dotto e Vict\u00f3ria Pinto Leal. Concess\u00e3o de L\u00e1urea aprovada em reuni\u00e3o de Colegiado ocorrida em 08\/12\/2025. NUP 23081.160454\/2025-48.<\/p>\n\n\n\n<p><\/p>\n","protected":false},"excerpt":{"rendered":"<p>L\u00e1ureas Acad\u00eamicas concedidas pelo Curso de Teatro: 2024: Acad\u00eamicas Daniele Wilhelm e Duane Castro da Rosa. Concess\u00e3o de L\u00e1urea aprovada em reuni\u00e3o de Colegiado ocorrida em 10\/03\/2025. NUP 23081.051235\/2025-79. 2025: Acad\u00eamicas Sofia Lopez Dotto e Vict\u00f3ria Pinto Leal. Concess\u00e3o de L\u00e1urea aprovada em reuni\u00e3o de Colegiado ocorrida em 08\/12\/2025. NUP 23081.160454\/2025-48.<\/p>\n","protected":false},"author":2470,"featured_media":0,"parent":0,"menu_order":0,"comment_status":"closed","ping_status":"closed","template":"","meta":{"footnotes":""},"categories":[],"tags":[],"class_list":["post-512","page","type-page","status-publish","hentry"],"acf":[],"_links":{"self":[{"href":"https:\/\/www.ufsm.br\/cursos\/graduacao\/santa-maria\/licenciatura-em-teatro\/wp-json\/wp\/v2\/pages\/512","targetHints":{"allow":["GET"]}}],"collection":[{"href":"https:\/\/www.ufsm.br\/cursos\/graduacao\/santa-maria\/licenciatura-em-teatro\/wp-json\/wp\/v2\/pages"}],"about":[{"href":"https:\/\/www.ufsm.br\/cursos\/graduacao\/santa-maria\/licenciatura-em-teatro\/wp-json\/wp\/v2\/types\/page"}],"author":[{"embeddable":true,"href":"https:\/\/www.ufsm.br\/cursos\/graduacao\/santa-maria\/licenciatura-em-teatro\/wp-json\/wp\/v2\/users\/2470"}],"replies":[{"embeddable":true,"href":"https:\/\/www.ufsm.br\/cursos\/graduacao\/santa-maria\/licenciatura-em-teatro\/wp-json\/wp\/v2\/comments?post=512"}],"version-history":[{"count":0,"href":"https:\/\/www.ufsm.br\/cursos\/graduacao\/santa-maria\/licenciatura-em-teatro\/wp-json\/wp\/v2\/pages\/512\/revisions"}],"wp:attachment":[{"href":"https:\/\/www.ufsm.br\/cursos\/graduacao\/santa-maria\/licenciatura-em-teatro\/wp-json\/wp\/v2\/media?parent=512"}],"wp:term":[{"taxonomy":"category","embeddable":true,"href":"https:\/\/www.ufsm.br\/cursos\/graduacao\/santa-maria\/licenciatura-em-teatro\/wp-json\/wp\/v2\/categories?post=512"},{"taxonomy":"post_tag","embeddable":true,"href":"https:\/\/www.ufsm.br\/cursos\/graduacao\/santa-maria\/licenciatura-em-teatro\/wp-json\/wp\/v2\/tags?post=512"}],"curies":[{"name":"wp","href":"https:\/\/api.w.org\/{rel}","templated":true}]}}