{"id":156,"date":"2018-12-12T11:55:44","date_gmt":"2018-12-12T13:55:44","guid":{"rendered":"https:\/\/www.ufsm.br\/cursos\/graduacao\/santa-maria\/matematica\/?page_id=156"},"modified":"2025-04-30T11:19:46","modified_gmt":"2025-04-30T14:19:46","slug":"nucleo-docente-estruturante-nde","status":"publish","type":"page","link":"https:\/\/www.ufsm.br\/cursos\/graduacao\/santa-maria\/matematica\/nucleo-docente-estruturante-nde","title":{"rendered":"N\u00facleo Docente Estruturante (NDE )"},"content":{"rendered":"<p>\u00c9 formado por, no m\u00ednimo, cinco docentes que atuam no curso e s\u00e3o indicados pelo colegiado do mesmo. \u00c9 respons\u00e1vel pela concep\u00e7\u00e3o, consolida\u00e7\u00e3o e avalia\u00e7\u00e3o do Projeto Pol\u00edtico Pedag\u00f3gico do Curso. As propostas do NDE s\u00e3o submetidas \u00e1 aprecia\u00e7\u00e3o e delibera\u00e7\u00e3o pelo Colegiado do Curso.<\/p>\n<p><strong>NDE &#8211; Curso de Matem\u00e1tica Licenciatura Diurno e Noturno<\/strong>:<\/p>\n<p>Prof\u00aa. Fabiane Cristina H\u00f6pner Noguti (Presidente)<\/p>\n<p>Prof\u00aa. Carmen Vieira Mathias<\/p>\n<p>Prof\u00aa. Luciane Gobbi Tonet<\/p>\n<p>Prof.\u00a0 Ricardo Fajardo<\/p>\n<p>Prof\u00aa. Rita de C\u00e1ssia Pist\u00f3ia Mariani<\/p>\n<p>Prof\u00aa. Simone Pozebon<\/p>\n<p><strong>NDE &#8211; Curso de Matem\u00e1tica Bacharelado:<\/strong><\/p>\n<p>Prof\u00aa. Saradia Sturza Della Flora (Presidente)<\/p>\n<p>Prof\u00aa. Carmen Vieira Mathias<\/p>\n<p>Prof. Charles Rog\u00e9rio Paveglio Szinvelski<\/p>\n<p>Prof\u00aa. Juliana Fernandes Larrosa<\/p>\n<p>Prof. M\u00e1rcio Luis Miotto<\/p>\n<p>Prof\u00aa. Ta\u00edsa Junges Miotto<\/p>\n","protected":false},"excerpt":{"rendered":"<p>\u00c9 formado por, no m\u00ednimo, cinco docentes que atuam no curso e s\u00e3o indicados pelo colegiado do mesmo. \u00c9 respons\u00e1vel pela concep\u00e7\u00e3o, consolida\u00e7\u00e3o e avalia\u00e7\u00e3o do Projeto Pol\u00edtico Pedag\u00f3gico do Curso. As propostas do NDE s\u00e3o submetidas \u00e1 aprecia\u00e7\u00e3o e delibera\u00e7\u00e3o pelo Colegiado do Curso. NDE &#8211; Curso de Matem\u00e1tica Licenciatura Diurno e Noturno: Prof\u00aa. [&hellip;]<\/p>\n","protected":false},"author":117,"featured_media":0,"parent":0,"menu_order":0,"comment_status":"closed","ping_status":"closed","template":"","meta":{"footnotes":""},"categories":[],"tags":[],"class_list":["post-156","page","type-page","status-publish","hentry"],"acf":[],"_links":{"self":[{"href":"https:\/\/www.ufsm.br\/cursos\/graduacao\/santa-maria\/matematica\/wp-json\/wp\/v2\/pages\/156","targetHints":{"allow":["GET"]}}],"collection":[{"href":"https:\/\/www.ufsm.br\/cursos\/graduacao\/santa-maria\/matematica\/wp-json\/wp\/v2\/pages"}],"about":[{"href":"https:\/\/www.ufsm.br\/cursos\/graduacao\/santa-maria\/matematica\/wp-json\/wp\/v2\/types\/page"}],"author":[{"embeddable":true,"href":"https:\/\/www.ufsm.br\/cursos\/graduacao\/santa-maria\/matematica\/wp-json\/wp\/v2\/users\/117"}],"replies":[{"embeddable":true,"href":"https:\/\/www.ufsm.br\/cursos\/graduacao\/santa-maria\/matematica\/wp-json\/wp\/v2\/comments?post=156"}],"version-history":[{"count":0,"href":"https:\/\/www.ufsm.br\/cursos\/graduacao\/santa-maria\/matematica\/wp-json\/wp\/v2\/pages\/156\/revisions"}],"wp:attachment":[{"href":"https:\/\/www.ufsm.br\/cursos\/graduacao\/santa-maria\/matematica\/wp-json\/wp\/v2\/media?parent=156"}],"wp:term":[{"taxonomy":"category","embeddable":true,"href":"https:\/\/www.ufsm.br\/cursos\/graduacao\/santa-maria\/matematica\/wp-json\/wp\/v2\/categories?post=156"},{"taxonomy":"post_tag","embeddable":true,"href":"https:\/\/www.ufsm.br\/cursos\/graduacao\/santa-maria\/matematica\/wp-json\/wp\/v2\/tags?post=156"}],"curies":[{"name":"wp","href":"https:\/\/api.w.org\/{rel}","templated":true}]}}