{"id":174,"date":"2018-12-12T12:54:59","date_gmt":"2018-12-12T14:54:59","guid":{"rendered":"https:\/\/www.ufsm.br\/cursos\/graduacao\/santa-maria\/matematica\/?page_id=174"},"modified":"2025-06-13T11:13:49","modified_gmt":"2025-06-13T14:13:49","slug":"solicitacao-de-auxilio-para-eventos","status":"publish","type":"page","link":"https:\/\/www.ufsm.br\/cursos\/graduacao\/santa-maria\/matematica\/solicitacao-de-auxilio-para-eventos","title":{"rendered":"Solicita\u00e7\u00e3o de Aux\u00edlio para Eventos"},"content":{"rendered":"<p>Atrav\u00e9s da Resolu\u00e7\u00e3o 001\/2015, o Colegiado do Curso estabeleceu crit\u00e9rios para a concess\u00e3o de apoio financeiro aos acad\u00eamicos com o objetivo de estimular e auxiliar a participa\u00e7\u00e3o dos mesmos em eventos cient\u00edficos, contribuindo para sua qualifica\u00e7\u00e3o.<\/p>\n<p>Caso deseje solicitar apoio financeiro, clique no link abaixo e siga as instru\u00e7\u00f5es.<\/p>\n","protected":false},"excerpt":{"rendered":"<p>Atrav\u00e9s da Resolu\u00e7\u00e3o 001\/2015, o Colegiado do Curso estabeleceu crit\u00e9rios para a concess\u00e3o de apoio financeiro aos acad\u00eamicos com o objetivo de estimular e auxiliar a participa\u00e7\u00e3o dos mesmos em eventos cient\u00edficos, contribuindo para sua qualifica\u00e7\u00e3o. Caso deseje solicitar apoio financeiro, clique no link abaixo e siga as instru\u00e7\u00f5es.<\/p>\n","protected":false},"author":117,"featured_media":0,"parent":0,"menu_order":0,"comment_status":"closed","ping_status":"closed","template":"","meta":{"footnotes":""},"categories":[],"tags":[],"class_list":["post-174","page","type-page","status-publish","hentry"],"acf":[],"_links":{"self":[{"href":"https:\/\/www.ufsm.br\/cursos\/graduacao\/santa-maria\/matematica\/wp-json\/wp\/v2\/pages\/174","targetHints":{"allow":["GET"]}}],"collection":[{"href":"https:\/\/www.ufsm.br\/cursos\/graduacao\/santa-maria\/matematica\/wp-json\/wp\/v2\/pages"}],"about":[{"href":"https:\/\/www.ufsm.br\/cursos\/graduacao\/santa-maria\/matematica\/wp-json\/wp\/v2\/types\/page"}],"author":[{"embeddable":true,"href":"https:\/\/www.ufsm.br\/cursos\/graduacao\/santa-maria\/matematica\/wp-json\/wp\/v2\/users\/117"}],"replies":[{"embeddable":true,"href":"https:\/\/www.ufsm.br\/cursos\/graduacao\/santa-maria\/matematica\/wp-json\/wp\/v2\/comments?post=174"}],"version-history":[{"count":0,"href":"https:\/\/www.ufsm.br\/cursos\/graduacao\/santa-maria\/matematica\/wp-json\/wp\/v2\/pages\/174\/revisions"}],"wp:attachment":[{"href":"https:\/\/www.ufsm.br\/cursos\/graduacao\/santa-maria\/matematica\/wp-json\/wp\/v2\/media?parent=174"}],"wp:term":[{"taxonomy":"category","embeddable":true,"href":"https:\/\/www.ufsm.br\/cursos\/graduacao\/santa-maria\/matematica\/wp-json\/wp\/v2\/categories?post=174"},{"taxonomy":"post_tag","embeddable":true,"href":"https:\/\/www.ufsm.br\/cursos\/graduacao\/santa-maria\/matematica\/wp-json\/wp\/v2\/tags?post=174"}],"curies":[{"name":"wp","href":"https:\/\/api.w.org\/{rel}","templated":true}]}}