{"id":182,"date":"2018-12-12T13:36:44","date_gmt":"2018-12-12T15:36:44","guid":{"rendered":"https:\/\/www.ufsm.br\/cursos\/graduacao\/santa-maria\/matematica\/?page_id=182"},"modified":"2018-12-12T13:36:44","modified_gmt":"2018-12-12T15:36:44","slug":"links-uteis","status":"publish","type":"page","link":"https:\/\/www.ufsm.br\/cursos\/graduacao\/santa-maria\/matematica\/links-uteis","title":{"rendered":"Links \u00dateis"},"content":{"rendered":"<div class=\"row\">\n<div class=\"col-md-11 fundo-laranja\">\u00a0<a class=\"hb\" href=\"http:\/\/site.ufsm.br\/\">UFSM<\/a><\/div>\n<div class=\"col-md-11 fundo-laranja\">\u00a0<a class=\"hb\" href=\"http:\/\/site.ufsm.br\/onibus\/\">HOR\u00c1RIOS DE \u00d4NIBUS<\/a><\/div>\n<\/div>\n<div class=\"row\">\n<div class=\"col-md-11 fundo-laranja\">\u00a0<a class=\"hb\" href=\"http:\/\/w3.ufsm.br\/ru\/\">RESTAURANTE UNIVERSIT\u00c1RIO<\/a><\/div>\n<\/div>\n<div class=\"row\">\n<div class=\"col-md-11 fundo-laranja\">\u00a0<a class=\"hb\" href=\"https:\/\/portal.ufsm.br\/aluno\/\">PORTAL DO ALUNO<\/a><\/div>\n<\/div>\n<div class=\"row\">\n<div class=\"col-md-11 fundo-laranja\">\u00a0<a class=\"hb\" href=\"http:\/\/site.ufsm.br\/ufsm\/calendario-academico\">CALEND\u00c1RIO ACAD\u00caMICO<\/a><\/div>\n<div class=\"col-md-11 fundo-laranja\"><a class=\"hb\" href=\"http:\/\/www.atu.com.br\/\">ATU<\/a><\/div>\n<div class=\"col-md-11 fundo-laranja\"><a class=\"hb\" href=\"http:\/\/w3.ufsm.br\/coordmat\/index.php\/links\">EBOOKS E MATERIAIS DID\u00c1DICOS<\/a><\/div>\n<\/div>\n<p><strong>Material Did\u00e1tico:<\/strong><\/p>\n<p><a href=\"http:\/\/www.dominiopublico.gov.br\/pesquisa\/DetalheObraForm.do?select_action=&amp;co_obra=17169\">Explorando o Ensino da Matem\u00e1tica &#8211; volume 1<\/a><br \/>\n<a href=\"http:\/\/www.dominiopublico.gov.br\/pesquisa\/DetalheObraForm.do?select_action=&amp;co_obra=17170\">Explorando o Ensino da Matem\u00e1tica &#8211; volume 2\u00a0<\/a><br \/>\n<a href=\"http:\/\/www.dominiopublico.gov.br\/pesquisa\/DetalheObraForm.do?select_action=&amp;co_obra=17171\">Explorando o Ensino da Matem\u00e1tica &#8211; volume 3<\/a><\/p>\n<p><strong>Peri\u00f3dicos:<\/strong><\/p>\n<p>Peri\u00f3dicos [<a href=\"http:\/\/acessolivre.capes.gov.br\/\">Acesso livre\u2013Capes<\/a>]<br \/>\nPortal de Peri\u00f3dicos [<a href=\"http:\/\/www.periodicos.capes.gov.br\/portugues\/index.jsp\">Capes<\/a>] . A conex\u00e3o deve ser atrav\u00e9s da UFSM. Se desejar mais informa\u00e7\u00e3o,\u00a0<a href=\"http:\/\/sucuri.cpd.ufsm.br\/_outros\/capes.php\">clique aqui<\/a>.<br \/>\nBanco de Teses [<a href=\"http:\/\/servicos.capes.gov.br\/capesdw\/\">Capes<\/a>]<\/p>\n<p>&nbsp;<\/p>\n<p><strong>Materiais Diversos<\/strong><\/p>\n<p><a href=\"http:\/\/www.dominiopublico.gov.br\/\">Biblioteca Digital desenvolvida em software livre<\/a><\/p>\n<p><a href=\"http:\/\/www.gutenberg.org\/\">Projeto Gutenberg [Em v\u00e1rios idiomas. O site \u00e9 em Ingl\u00eas.]\u00a0<\/a><\/p>\n<p><a href=\"http:\/\/portail.mathdoc.fr\/cgi-bin\/oeitem?id=OE_CAUCHY_2_3_P5_0\">Cours d&#8217;analyse de l&#8217;\u00c9cole Royale Polytechnique de autoria de Augustin-Louis Cauchy.\u00a0<\/a><\/p>\n<p><a href=\"http:\/\/www.gutenberg.org\/files\/16713\/16713-h\/16713-h.htm\">Divirta-se com a Matem\u00e1tica. Leia e estude Amusements in Mathematics de autoria de Henry Ernest Dudeney (1857\u20131930).\u00a0<\/a><\/p>\n<p><a href=\"http:\/\/www.gutenberg.org\/dirs\/etext05\/hsmmt10p.pdf\">History of Modern Mathematics: Mathematical Monographs N0 1 por David Eugene Smith (1860\u20131944).\u00a0<\/a><\/p>\n<p><a href=\"http:\/\/www.gutenberg.org\/files\/22599\/22599-h\/22599-h.htm\">The Hindu-Arabic Numerals por Louis Charles Karpinski e David Eugene Smith.\u00a0<\/a><\/p>\n<p><a href=\"http:\/\/www.gutenberg.org\/files\/25664\/25664-h\/25664-h.htm\">The Earliest Arithmetics in English. A autoria \u00e9 an\u00f4nima. O editor \u00e9 Robert Steele.<\/a><\/p>\n<p><a href=\"http:\/\/www.gutenberg.org\/files\/13447\/13447-pdf.pdf\">Philosophy and Fun of Algebra, escrito por Mary Everest Boole (1832\u20131916).\u00a0<\/a><\/p>\n<p><a href=\"http:\/\/www.gutenberg.org\/files\/13309\/13309-pdf.pdf\">A First Book in Algebra de autoria de Wallace C. Boyden (1858\u2013 )<\/a>.<\/p>\n<p><a href=\"http:\/\/www.dominiopublico.gov.br\/pesquisa\/DetalheObraForm.do?select_action=&amp;co_obra=17169\">The Algebra of Logic por Louis Couturat (1868\u20131914).\u00a0<\/a><\/p>\n<p><a href=\"http:\/\/www.gutenberg.org\/files\/17920\/17920-pdf.pdf\">The Number-System of Algebra (2nd edition) Treated Theoretically and Historically, escrito por Henry B. Fine (1858\u20131928).<\/a><\/p>\n<p><a href=\"http:\/\/www.gutenberg.org\/files\/25156\/25156-pdf.pdf\">An Introduction to Nonassociative Algebras de autoria de Richard D. Schafer (1918\u2013 ).\u00a0<\/a><\/p>\n<p><a href=\"http:\/\/www.gutenberg.org\/files\/18741\/18741-pdf.pdf\">Introduction to Infinitesimal Analysis Functions of one real variable, escrito por Nels Johann Lennes (1874\u2013 ) e Oswald Veblen (1880\u20131960).<\/a><\/p>\n<p><a href=\"http:\/\/www.gutenberg.org\/files\/26373\/26373-pdf.pdf\">The Elements of non-Euclidean Geometry por Julian Lowell Coolidge (1873\u20131954).\u00a0<\/a><\/p>\n<p><a href=\"http:\/\/www.gutenberg.org\/files\/17384\/17384-pdf.pdf\">The Foundations of Geometry de autoria de David Hilbert (1862\u20131943).\u00a0<\/a><\/p>\n<p><a href=\"http:\/\/www.gutenberg.org\/files\/11925\/11925-p.pdf\">Elementare Arithmetik und Algebra por Hermann C\u00e4sar Hannibal Schubert (1848\u20131911).<\/a><a href=\"http:\/\/www.gutenberg.org\/files\/11925\/11925-p.pdf\">\u00a0<\/a><\/p>\n<p><a href=\"http:\/\/www.gutenberg.org\/files\/20313\/20313-pdf.pdf\">Ueber Riemann\u2019s Theorie der Algebraischen Functionen, escrito por Felix Klein (1849\u20131925).\u00a0<\/a><\/p>\n","protected":false},"excerpt":{"rendered":"<p>\u00a0UFSM \u00a0HOR\u00c1RIOS DE \u00d4NIBUS \u00a0RESTAURANTE UNIVERSIT\u00c1RIO \u00a0PORTAL DO ALUNO \u00a0CALEND\u00c1RIO ACAD\u00caMICO ATU EBOOKS E MATERIAIS DID\u00c1DICOS Material Did\u00e1tico: Explorando o Ensino da Matem\u00e1tica &#8211; volume 1 Explorando o Ensino da Matem\u00e1tica &#8211; volume 2\u00a0 Explorando o Ensino da Matem\u00e1tica &#8211; volume 3 Peri\u00f3dicos: Peri\u00f3dicos [Acesso livre\u2013Capes] Portal de Peri\u00f3dicos [Capes] . A conex\u00e3o deve ser [&hellip;]<\/p>\n","protected":false},"author":117,"featured_media":0,"parent":0,"menu_order":0,"comment_status":"closed","ping_status":"closed","template":"","meta":{"footnotes":""},"categories":[],"tags":[],"class_list":["post-182","page","type-page","status-publish","hentry"],"acf":[],"_links":{"self":[{"href":"https:\/\/www.ufsm.br\/cursos\/graduacao\/santa-maria\/matematica\/wp-json\/wp\/v2\/pages\/182","targetHints":{"allow":["GET"]}}],"collection":[{"href":"https:\/\/www.ufsm.br\/cursos\/graduacao\/santa-maria\/matematica\/wp-json\/wp\/v2\/pages"}],"about":[{"href":"https:\/\/www.ufsm.br\/cursos\/graduacao\/santa-maria\/matematica\/wp-json\/wp\/v2\/types\/page"}],"author":[{"embeddable":true,"href":"https:\/\/www.ufsm.br\/cursos\/graduacao\/santa-maria\/matematica\/wp-json\/wp\/v2\/users\/117"}],"replies":[{"embeddable":true,"href":"https:\/\/www.ufsm.br\/cursos\/graduacao\/santa-maria\/matematica\/wp-json\/wp\/v2\/comments?post=182"}],"version-history":[{"count":0,"href":"https:\/\/www.ufsm.br\/cursos\/graduacao\/santa-maria\/matematica\/wp-json\/wp\/v2\/pages\/182\/revisions"}],"wp:attachment":[{"href":"https:\/\/www.ufsm.br\/cursos\/graduacao\/santa-maria\/matematica\/wp-json\/wp\/v2\/media?parent=182"}],"wp:term":[{"taxonomy":"category","embeddable":true,"href":"https:\/\/www.ufsm.br\/cursos\/graduacao\/santa-maria\/matematica\/wp-json\/wp\/v2\/categories?post=182"},{"taxonomy":"post_tag","embeddable":true,"href":"https:\/\/www.ufsm.br\/cursos\/graduacao\/santa-maria\/matematica\/wp-json\/wp\/v2\/tags?post=182"}],"curies":[{"name":"wp","href":"https:\/\/api.w.org\/{rel}","templated":true}]}}