{"id":29,"date":"2018-01-18T09:10:07","date_gmt":"2018-01-18T11:10:07","guid":{"rendered":"https:\/\/www.ufsm.br\/cursos\/graduacao\/nutricao\/12352\/?page_id=29"},"modified":"2025-04-30T10:44:07","modified_gmt":"2025-04-30T13:44:07","slug":"contato","status":"publish","type":"page","link":"https:\/\/www.ufsm.br\/cursos\/graduacao\/santa-maria\/matematica\/contato","title":{"rendered":"Contato"},"content":{"rendered":"<p>Secretaria Integrada dos Cursos de Gradua\u00e7\u00e3o das Ci\u00eancias Exatas: Pr\u00e9dio 13, sala 1108 B.<\/p>\n<p><strong>Hor\u00e1rio:<\/strong><\/p>\n<p>Segunda \u00e0 sexta-feira, das 8h30min \u00e0s 11h30min, das 14h \u00e0s 17h30min e das 18h30min \u00e0s 22 horas.<\/p>\n<p><strong>Contatos:<\/strong><\/p>\n<p>Telefone:<br \/>E-mail:\u00a0<span id=\"cloak87774\"><a href=\"mailto:cmat@ufsm.br\" data-wplink-edit=\"true\">cmat@ufsm.br<\/a><\/span><\/p>\n<p>graduacao.exatas@ufsm.br (Secretaria Integrada)<\/p>\n\n\n<p><\/p>\n","protected":false},"excerpt":{"rendered":"<p>Secretaria Integrada dos Cursos de Gradua\u00e7\u00e3o das Ci\u00eancias Exatas: Pr\u00e9dio 13, sala 1108 B. Hor\u00e1rio: Segunda \u00e0 sexta-feira, das 8h30min \u00e0s 11h30min, das 14h \u00e0s 17h30min e das 18h30min \u00e0s 22 horas. Contatos: Telefone:E-mail:\u00a0cmat@ufsm.br graduacao.exatas@ufsm.br (Secretaria Integrada)<\/p>\n","protected":false},"author":8,"featured_media":0,"parent":0,"menu_order":0,"comment_status":"closed","ping_status":"closed","template":"","meta":{"footnotes":""},"categories":[],"tags":[],"class_list":["post-29","page","type-page","status-publish","hentry"],"acf":[],"_links":{"self":[{"href":"https:\/\/www.ufsm.br\/cursos\/graduacao\/santa-maria\/matematica\/wp-json\/wp\/v2\/pages\/29","targetHints":{"allow":["GET"]}}],"collection":[{"href":"https:\/\/www.ufsm.br\/cursos\/graduacao\/santa-maria\/matematica\/wp-json\/wp\/v2\/pages"}],"about":[{"href":"https:\/\/www.ufsm.br\/cursos\/graduacao\/santa-maria\/matematica\/wp-json\/wp\/v2\/types\/page"}],"author":[{"embeddable":true,"href":"https:\/\/www.ufsm.br\/cursos\/graduacao\/santa-maria\/matematica\/wp-json\/wp\/v2\/users\/8"}],"replies":[{"embeddable":true,"href":"https:\/\/www.ufsm.br\/cursos\/graduacao\/santa-maria\/matematica\/wp-json\/wp\/v2\/comments?post=29"}],"version-history":[{"count":0,"href":"https:\/\/www.ufsm.br\/cursos\/graduacao\/santa-maria\/matematica\/wp-json\/wp\/v2\/pages\/29\/revisions"}],"wp:attachment":[{"href":"https:\/\/www.ufsm.br\/cursos\/graduacao\/santa-maria\/matematica\/wp-json\/wp\/v2\/media?parent=29"}],"wp:term":[{"taxonomy":"category","embeddable":true,"href":"https:\/\/www.ufsm.br\/cursos\/graduacao\/santa-maria\/matematica\/wp-json\/wp\/v2\/categories?post=29"},{"taxonomy":"post_tag","embeddable":true,"href":"https:\/\/www.ufsm.br\/cursos\/graduacao\/santa-maria\/matematica\/wp-json\/wp\/v2\/tags?post=29"}],"curies":[{"name":"wp","href":"https:\/\/api.w.org\/{rel}","templated":true}]}}