{"id":155,"date":"2024-12-12T17:10:05","date_gmt":"2024-12-12T20:10:05","guid":{"rendered":"https:\/\/www.ufsm.br\/cursos\/graduacao\/santa-maria\/mbya-guarani\/?page_id=155"},"modified":"2024-12-12T17:24:05","modified_gmt":"2024-12-12T20:24:05","slug":"informacoes-gerais","status":"publish","type":"page","link":"https:\/\/www.ufsm.br\/cursos\/graduacao\/santa-maria\/mbya-guarani\/informacoes-gerais","title":{"rendered":"Sobre"},"content":{"rendered":"\t\t<div data-elementor-type=\"wp-page\" data-elementor-id=\"155\" class=\"elementor elementor-155\">\n\t\t\t\t\t\t<section class=\"elementor-section elementor-top-section elementor-element elementor-element-20ce01f2 elementor-section-boxed elementor-section-height-default elementor-section-height-default\" data-id=\"20ce01f2\" data-element_type=\"section\">\n\t\t\t\t\t\t<div class=\"elementor-container elementor-column-gap-default\">\n\t\t\t\t\t<div class=\"elementor-column elementor-col-100 elementor-top-column elementor-element elementor-element-60720ccd\" data-id=\"60720ccd\" data-element_type=\"column\">\n\t\t\t<div class=\"elementor-widget-wrap elementor-element-populated\">\n\t\t\t\t\t\t<div class=\"elementor-element elementor-element-38bc711 elementor-widget elementor-widget-text-editor\" data-id=\"38bc711\" data-element_type=\"widget\" data-widget_type=\"text-editor.default\">\n\t\t\t\t<div class=\"elementor-widget-container\">\n\t\t\t\t\t\t\t<p><!-- wp:paragraph --><\/p>\n<p>O curso <strong>Mbya Guarani Educa\u00e7\u00e3o Intercultural Ind\u00edgena<\/strong> est\u00e1 vinculado ao <strong>Campus Camobi \u2013 UFSM. <\/strong>O curso ocoore na modalidade <strong>Licenciatura \u2013 Presencial<\/strong> sendo ofertado em regime de altern\u00e2ncia. O curso est\u00e1 vinculado \u00e0 Secretaria Integrada de Cursos II do Centro de Artes e Letras, e tem como secret\u00e1rio respons\u00e1vel <strong>AUGUSTO ELIAS PENNA E SOUZA<\/strong>. A coordena\u00e7\u00e3o do curso est\u00e1 a cargo do docente <strong>V\u00cdTOR JOCHIMS SCHNEIDER.<\/strong><\/p>\n<p><!-- \/wp:paragraph --><!-- wp:paragraph --><\/p>\n<p>A oferta do curso <strong>Mbya Guarani Educa\u00e7\u00e3o Intercultural Ind\u00edgena <\/strong>na <strong>UFSM<\/strong> \u00e9 viabilizada pelo <strong>Programa Nacional de Fomento \u00e0 Equidade na Forma\u00e7\u00e3o de Professores(as) da Educa\u00e7\u00e3o B\u00e1sica<\/strong>&nbsp;(<strong>PARFOR Equidade<\/strong>).&nbsp;<\/p>\n<p><!-- \/wp:paragraph --><!-- wp:paragraph --><\/p>\n<p>O curso \u00e9 ofertado em per\u00edodo&nbsp;<strong>Semestral<\/strong>, sendo&nbsp;<strong>8<\/strong> o n\u00famero de per\u00edodos indicados para sua conclus\u00e3o.<\/p>\n<p><br><\/p>\n<p><!-- \/wp:paragraph --><!-- wp:image {\"id\":157,\"width\":\"325px\",\"height\":\"auto\",\"sizeSlug\":\"full\",\"linkDestination\":\"none\"} --><\/p>\n<figure>&nbsp; &nbsp; &nbsp; &nbsp; &nbsp; &nbsp; &nbsp; &nbsp; &nbsp;<img decoding=\"async\" src=\"https:\/\/www.ufsm.br\/app\/uploads\/sites\/951\/2024\/12\/Marca-Curso-Mbya-Guarani-Educacao-Intercultural-Indigena-02.png\" alt=\"\" style=\"font-size: 1rem;font-weight: var( --e-global-typography-text-font-weight );text-align: var(--bs-body-text-align);width: 309px\">&nbsp; &nbsp; &nbsp; &nbsp; &nbsp; &nbsp; &nbsp;<img decoding=\"async\" style=\"width: 325px;height: auto\" src=\"https:\/\/www.ufsm.br\/app\/uploads\/sites\/951\/2024\/12\/LOGO-Parfor.jpeg\" alt=\"\">&nbsp; &nbsp; &nbsp; &nbsp; &nbsp; &nbsp; &nbsp; &nbsp; &nbsp; &nbsp;<img decoding=\"async\" src=\"https:\/\/www.ufsm.br\/app\/uploads\/sites\/951\/2024\/12\/LOGO-CAL-1.png\" alt=\"\" style=\"font-size: 1rem;font-weight: var( --e-global-typography-text-font-weight );text-align: var(--bs-body-text-align);width: 219px\"><\/figure>\n<p><!-- \/wp:image --><!-- wp:paragraph --><\/p>\n<p><!-- \/wp:paragraph --><\/p>\t\t\t\t\t\t<\/div>\n\t\t\t\t<\/div>\n\t\t\t\t\t<\/div>\n\t\t<\/div>\n\t\t\t\t\t<\/div>\n\t\t<\/section>\n\t\t\t\t<\/div>\n\t\t","protected":false},"excerpt":{"rendered":"<p>O curso Mbya Guarani Educa\u00e7\u00e3o Intercultural Ind\u00edgena est\u00e1 vinculado ao Campus Camobi \u2013 UFSM. O curso ocoore na modalidade Licenciatura \u2013 Presencial sendo ofertado em regime de altern\u00e2ncia. O curso est\u00e1 vinculado \u00e0 Secretaria Integrada de Cursos II do Centro de Artes e Letras, e tem como secret\u00e1rio respons\u00e1vel AUGUSTO ELIAS PENNA E SOUZA. A [&hellip;]<\/p>\n","protected":false},"author":5791,"featured_media":0,"parent":0,"menu_order":0,"comment_status":"closed","ping_status":"closed","template":"","meta":{"footnotes":""},"categories":[],"tags":[],"class_list":["post-155","page","type-page","status-publish","hentry"],"acf":[],"_links":{"self":[{"href":"https:\/\/www.ufsm.br\/cursos\/graduacao\/santa-maria\/mbya-guarani\/wp-json\/wp\/v2\/pages\/155","targetHints":{"allow":["GET"]}}],"collection":[{"href":"https:\/\/www.ufsm.br\/cursos\/graduacao\/santa-maria\/mbya-guarani\/wp-json\/wp\/v2\/pages"}],"about":[{"href":"https:\/\/www.ufsm.br\/cursos\/graduacao\/santa-maria\/mbya-guarani\/wp-json\/wp\/v2\/types\/page"}],"author":[{"embeddable":true,"href":"https:\/\/www.ufsm.br\/cursos\/graduacao\/santa-maria\/mbya-guarani\/wp-json\/wp\/v2\/users\/5791"}],"replies":[{"embeddable":true,"href":"https:\/\/www.ufsm.br\/cursos\/graduacao\/santa-maria\/mbya-guarani\/wp-json\/wp\/v2\/comments?post=155"}],"version-history":[{"count":0,"href":"https:\/\/www.ufsm.br\/cursos\/graduacao\/santa-maria\/mbya-guarani\/wp-json\/wp\/v2\/pages\/155\/revisions"}],"wp:attachment":[{"href":"https:\/\/www.ufsm.br\/cursos\/graduacao\/santa-maria\/mbya-guarani\/wp-json\/wp\/v2\/media?parent=155"}],"wp:term":[{"taxonomy":"category","embeddable":true,"href":"https:\/\/www.ufsm.br\/cursos\/graduacao\/santa-maria\/mbya-guarani\/wp-json\/wp\/v2\/categories?post=155"},{"taxonomy":"post_tag","embeddable":true,"href":"https:\/\/www.ufsm.br\/cursos\/graduacao\/santa-maria\/mbya-guarani\/wp-json\/wp\/v2\/tags?post=155"}],"curies":[{"name":"wp","href":"https:\/\/api.w.org\/{rel}","templated":true}]}}