{"id":156,"date":"2018-12-03T09:11:47","date_gmt":"2018-12-03T11:11:47","guid":{"rendered":"https:\/\/www.ufsm.br\/cursos\/graduacao\/santa-maria\/medicina\/?page_id=156"},"modified":"2021-09-03T14:49:50","modified_gmt":"2021-09-03T17:49:50","slug":"internato-curricular-obrigatorio","status":"publish","type":"page","link":"https:\/\/www.ufsm.br\/cursos\/graduacao\/santa-maria\/medicina\/internato-curricular-obrigatorio","title":{"rendered":"Internato Curricular Obrigat\u00f3rio"},"content":{"rendered":"\t\t<div data-elementor-type=\"wp-page\" data-elementor-id=\"156\" class=\"elementor elementor-156\">\n\t\t\t\t\t\t<section class=\"elementor-section elementor-top-section elementor-element elementor-element-76ecf691 elementor-section-boxed elementor-section-height-default elementor-section-height-default\" data-id=\"76ecf691\" data-element_type=\"section\">\n\t\t\t\t\t\t<div class=\"elementor-container elementor-column-gap-default\">\n\t\t\t\t\t<div class=\"elementor-column elementor-col-100 elementor-top-column elementor-element elementor-element-1071155d\" data-id=\"1071155d\" data-element_type=\"column\">\n\t\t\t<div class=\"elementor-widget-wrap elementor-element-populated\">\n\t\t\t\t\t\t<div class=\"elementor-element elementor-element-16f5a54c elementor-widget elementor-widget-text-editor\" data-id=\"16f5a54c\" data-element_type=\"widget\" data-widget_type=\"text-editor.default\">\n\t\t\t\t<div class=\"elementor-widget-container\">\n\t\t\t\t\t\t\t<p><img fetchpriority=\"high\" decoding=\"async\" class=\"aligncenter wp-image-418 size-large\" src=\"https:\/\/www.ufsm.br\/cursos\/graduacao\/santa-maria\/medicina\/wp-content\/uploads\/sites\/441\/2019\/08\/fluxograma-30-08-e1567187685445-1024x728.png\" alt=\"FLUXOGRAMA PARA SOLICITA\u00c7\u00c3O DE INTERNATO FORA\" width=\"1024\" height=\"728\" srcset=\"https:\/\/www.ufsm.br\/app\/uploads\/sites\/441\/2019\/08\/fluxograma-30-08-e1567187685445-1024x728.png 1024w, https:\/\/www.ufsm.br\/app\/uploads\/sites\/441\/2019\/08\/fluxograma-30-08-e1567187685445-300x213.png 300w, https:\/\/www.ufsm.br\/app\/uploads\/sites\/441\/2019\/08\/fluxograma-30-08-e1567187685445-768x546.png 768w, https:\/\/www.ufsm.br\/app\/uploads\/sites\/441\/2019\/08\/fluxograma-30-08-e1567187685445.png 1195w\" sizes=\"(max-width: 1024px) 100vw, 1024px\" \/><\/p>\n<p><!-- wp:tadv\/classic-paragraph \/--><\/p>\t\t\t\t\t\t<\/div>\n\t\t\t\t<\/div>\n\t\t\t\t\t<\/div>\n\t\t<\/div>\n\t\t\t\t\t<\/div>\n\t\t<\/section>\n\t\t\t\t<section class=\"elementor-section elementor-top-section elementor-element elementor-element-2f89e35 elementor-section-boxed elementor-section-height-default elementor-section-height-default\" data-id=\"2f89e35\" data-element_type=\"section\">\n\t\t\t\t\t\t<div class=\"elementor-container elementor-column-gap-default\">\n\t\t\t\t\t<div class=\"elementor-column elementor-col-33 elementor-top-column elementor-element elementor-element-bd3ae1e\" data-id=\"bd3ae1e\" data-element_type=\"column\">\n\t\t\t<div class=\"elementor-widget-wrap elementor-element-populated\">\n\t\t\t\t\t\t<div class=\"elementor-element elementor-element-6364166 elementor-align-center elementor-widget elementor-widget-button\" data-id=\"6364166\" data-element_type=\"widget\" data-widget_type=\"button.default\">\n\t\t\t\t<div class=\"elementor-widget-container\">\n\t\t\t\t\t\t\t<div class=\"elementor-button-wrapper\">\n\t\t\t\t\t<a class=\"elementor-button elementor-button-link elementor-size-sm\" href=\"https:\/\/www.ufsm.br\/pro-reitorias\/proplan\/wp-content\/uploads\/sites\/344\/2019\/08\/Conv%C3%AAnios-em-Vig%C3%AAncia.xls\">\n\t\t\t\t\t\t<span class=\"elementor-button-content-wrapper\">\n\t\t\t\t\t\t\t\t\t<span class=\"elementor-button-text\">Conv\u00eanios em Vig\u00eancia (PROPLAN)<\/span>\n\t\t\t\t\t<\/span>\n\t\t\t\t\t<\/a>\n\t\t\t\t<\/div>\n\t\t\t\t\t\t<\/div>\n\t\t\t\t<\/div>\n\t\t\t\t\t<\/div>\n\t\t<\/div>\n\t\t\t\t<div class=\"elementor-column elementor-col-33 elementor-top-column elementor-element elementor-element-77b77dc\" data-id=\"77b77dc\" data-element_type=\"column\">\n\t\t\t<div class=\"elementor-widget-wrap elementor-element-populated\">\n\t\t\t\t\t\t<div class=\"elementor-element elementor-element-c221d3e elementor-align-center elementor-widget elementor-widget-button\" data-id=\"c221d3e\" data-element_type=\"widget\" data-widget_type=\"button.default\">\n\t\t\t\t<div class=\"elementor-widget-container\">\n\t\t\t\t\t\t\t<div class=\"elementor-button-wrapper\">\n\t\t\t\t\t<a class=\"elementor-button elementor-button-link elementor-size-sm\" href=\"https:\/\/www.ufsm.br\/cursos\/graduacao\/santa-maria\/medicina\/wp-content\/uploads\/sites\/441\/2018\/12\/NORMAS_DO_INTERNATO_2.pdf\">\n\t\t\t\t\t\t<span class=\"elementor-button-content-wrapper\">\n\t\t\t\t\t\t\t\t\t<span class=\"elementor-button-text\">Regulamento do Internato<\/span>\n\t\t\t\t\t<\/span>\n\t\t\t\t\t<\/a>\n\t\t\t\t<\/div>\n\t\t\t\t\t\t<\/div>\n\t\t\t\t<\/div>\n\t\t\t\t\t<\/div>\n\t\t<\/div>\n\t\t\t\t<div class=\"elementor-column elementor-col-33 elementor-top-column elementor-element elementor-element-5905092\" data-id=\"5905092\" data-element_type=\"column\">\n\t\t\t<div class=\"elementor-widget-wrap elementor-element-populated\">\n\t\t\t\t\t\t<div class=\"elementor-element elementor-element-f78beb1 elementor-align-center elementor-widget elementor-widget-button\" data-id=\"f78beb1\" data-element_type=\"widget\" data-widget_type=\"button.default\">\n\t\t\t\t<div class=\"elementor-widget-container\">\n\t\t\t\t\t\t\t<div class=\"elementor-button-wrapper\">\n\t\t\t\t\t<a class=\"elementor-button elementor-button-link elementor-size-sm\" href=\"https:\/\/www.ufsm.br\/app\/uploads\/sites\/441\/2021\/09\/Rotacao-do-Internato.pdf\">\n\t\t\t\t\t\t<span class=\"elementor-button-content-wrapper\">\n\t\t\t\t\t\t\t\t\t<span class=\"elementor-button-text\">Distribui\u00e7\u00e3o do Internato<\/span>\n\t\t\t\t\t<\/span>\n\t\t\t\t\t<\/a>\n\t\t\t\t<\/div>\n\t\t\t\t\t\t<\/div>\n\t\t\t\t<\/div>\n\t\t\t\t\t<\/div>\n\t\t<\/div>\n\t\t\t\t\t<\/div>\n\t\t<\/section>\n\t\t\t\t<section class=\"elementor-section elementor-top-section elementor-element elementor-element-1d0a445 elementor-section-boxed elementor-section-height-default elementor-section-height-default\" data-id=\"1d0a445\" data-element_type=\"section\">\n\t\t\t\t\t\t<div class=\"elementor-container elementor-column-gap-default\">\n\t\t\t\t\t<div class=\"elementor-column elementor-col-100 elementor-top-column elementor-element elementor-element-14d4adf\" data-id=\"14d4adf\" data-element_type=\"column\">\n\t\t\t<div class=\"elementor-widget-wrap elementor-element-populated\">\n\t\t\t\t\t\t<div class=\"elementor-element elementor-element-e059abd elementor-widget elementor-widget-image\" data-id=\"e059abd\" data-element_type=\"widget\" data-widget_type=\"image.default\">\n\t\t\t\t<div class=\"elementor-widget-container\">\n\t\t\t\t\t\t\t\t\t\t\t\t\t<img decoding=\"async\" width=\"572\" height=\"773\" src=\"https:\/\/www.ufsm.br\/app\/uploads\/sites\/441\/2021\/07\/Rotacao-internato.png\" class=\"attachment-large size-large wp-image-681\" alt=\"\" srcset=\"https:\/\/www.ufsm.br\/app\/uploads\/sites\/441\/2021\/07\/Rotacao-internato.png 572w, https:\/\/www.ufsm.br\/app\/uploads\/sites\/441\/2021\/07\/Rotacao-internato-222x300.png 222w\" sizes=\"(max-width: 572px) 100vw, 572px\" \/>\t\t\t\t\t\t\t\t\t\t\t\t\t<\/div>\n\t\t\t\t<\/div>\n\t\t\t\t\t<\/div>\n\t\t<\/div>\n\t\t\t\t\t<\/div>\n\t\t<\/section>\n\t\t\t\t<section class=\"elementor-section elementor-top-section elementor-element elementor-element-1cc467d elementor-section-boxed elementor-section-height-default elementor-section-height-default\" data-id=\"1cc467d\" data-element_type=\"section\">\n\t\t\t\t\t\t<div class=\"elementor-container elementor-column-gap-default\">\n\t\t\t\t\t<div class=\"elementor-column elementor-col-100 elementor-top-column elementor-element elementor-element-6932856\" data-id=\"6932856\" data-element_type=\"column\">\n\t\t\t<div class=\"elementor-widget-wrap elementor-element-populated\">\n\t\t\t\t\t\t<div class=\"elementor-element elementor-element-c8b2fd7 elementor-widget elementor-widget-text-editor\" data-id=\"c8b2fd7\" data-element_type=\"widget\" data-widget_type=\"text-editor.default\">\n\t\t\t\t<div class=\"elementor-widget-container\">\n\t\t\t\t\t\t\t<p><span style=\"color: #000000;font-size: 16px\">\u00a0 \u00a0 \u00a0 \u00a0\u00a0<\/span><span style=\"color: #000000;font-size: 16px\">\u00a0 \u00a0 \u00a0 \u00a0\u00a0<\/span><span style=\"color: #000000;font-size: 16px\">\u00a0 \u00a0 \u00a0 \u00a0\u00a0<\/span><span style=\"color: #000000;font-size: 16px\">\u00a0 \u00a0 \u00a0 \u00a0\u00a0<\/span><span style=\"color: #000000;font-size: 16px\">\u00a0 \u00a0 \u00a0 \u00a0\u00a0<\/span><span style=\"color: #000000;font-size: 16px\">\u00a0 \u00a0 \u00a0 \u00a0\u00a0<\/span><span style=\"color: #000000;font-size: 16px\">\u00a0 \u00a0 \u00a0 \u00a0\u00a0<\/span><span style=\"color: #000000;font-size: 16px\">\u00a0 \u00a0 \u00a0 \u00a0\u00a0<\/span><span style=\"color: #000000;font-size: 16px\">\u00a0 \u00a0 \u00a0 \u00a0\u00a0<\/span><span style=\"color: #000000;font-size: 16px\">\u00a0 \u00a0 \u00a0 \u00a0\u00a0<\/span><span style=\"color: #000000;font-size: 16px\">\u00a0 \u00a0 \u00a0 \u00a0\u00a0<\/span><span style=\"color: #000000;font-size: 16px\">\u00a0 \u00a0 \u00a0 \u00a0\u00a0<\/span><span style=\"color: #000000;font-size: 16px\">\u00a0 \u00a0 \u00a0 \u00a0\u00a0<\/span><span style=\"color: #000000;font-size: 14.4px;text-align: center;background-color: #eeeff1\">Distribui\u00e7\u00e3o do Internato Curricular Obrigat\u00f3rio<\/span><\/p>\n<p>\u00a0<\/p>\t\t\t\t\t\t<\/div>\n\t\t\t\t<\/div>\n\t\t\t\t\t<\/div>\n\t\t<\/div>\n\t\t\t\t\t<\/div>\n\t\t<\/section>\n\t\t\t\t<\/div>\n\t\t","protected":false},"excerpt":{"rendered":"<p>Conv\u00eanios em Vig\u00eancia (PROPLAN) Regulamento do Internato Distribui\u00e7\u00e3o do Internato \u00a0 \u00a0 \u00a0 \u00a0\u00a0\u00a0 \u00a0 \u00a0 \u00a0\u00a0\u00a0 \u00a0 \u00a0 \u00a0\u00a0\u00a0 \u00a0 \u00a0 \u00a0\u00a0\u00a0 \u00a0 \u00a0 \u00a0\u00a0\u00a0 \u00a0 \u00a0 \u00a0\u00a0\u00a0 \u00a0 \u00a0 \u00a0\u00a0\u00a0 \u00a0 \u00a0 \u00a0\u00a0\u00a0 \u00a0 \u00a0 \u00a0\u00a0\u00a0 \u00a0 \u00a0 \u00a0\u00a0\u00a0 \u00a0 \u00a0 \u00a0\u00a0\u00a0 \u00a0 \u00a0 \u00a0\u00a0\u00a0 \u00a0 \u00a0 \u00a0\u00a0Distribui\u00e7\u00e3o do Internato Curricular Obrigat\u00f3rio \u00a0<\/p>\n","protected":false},"author":115,"featured_media":0,"parent":0,"menu_order":0,"comment_status":"closed","ping_status":"closed","template":"","meta":{"footnotes":""},"categories":[],"tags":[],"class_list":["post-156","page","type-page","status-publish","hentry"],"acf":[],"_links":{"self":[{"href":"https:\/\/www.ufsm.br\/cursos\/graduacao\/santa-maria\/medicina\/wp-json\/wp\/v2\/pages\/156","targetHints":{"allow":["GET"]}}],"collection":[{"href":"https:\/\/www.ufsm.br\/cursos\/graduacao\/santa-maria\/medicina\/wp-json\/wp\/v2\/pages"}],"about":[{"href":"https:\/\/www.ufsm.br\/cursos\/graduacao\/santa-maria\/medicina\/wp-json\/wp\/v2\/types\/page"}],"author":[{"embeddable":true,"href":"https:\/\/www.ufsm.br\/cursos\/graduacao\/santa-maria\/medicina\/wp-json\/wp\/v2\/users\/115"}],"replies":[{"embeddable":true,"href":"https:\/\/www.ufsm.br\/cursos\/graduacao\/santa-maria\/medicina\/wp-json\/wp\/v2\/comments?post=156"}],"version-history":[{"count":0,"href":"https:\/\/www.ufsm.br\/cursos\/graduacao\/santa-maria\/medicina\/wp-json\/wp\/v2\/pages\/156\/revisions"}],"wp:attachment":[{"href":"https:\/\/www.ufsm.br\/cursos\/graduacao\/santa-maria\/medicina\/wp-json\/wp\/v2\/media?parent=156"}],"wp:term":[{"taxonomy":"category","embeddable":true,"href":"https:\/\/www.ufsm.br\/cursos\/graduacao\/santa-maria\/medicina\/wp-json\/wp\/v2\/categories?post=156"},{"taxonomy":"post_tag","embeddable":true,"href":"https:\/\/www.ufsm.br\/cursos\/graduacao\/santa-maria\/medicina\/wp-json\/wp\/v2\/tags?post=156"}],"curies":[{"name":"wp","href":"https:\/\/api.w.org\/{rel}","templated":true}]}}