{"id":490,"date":"2019-10-31T13:07:43","date_gmt":"2019-10-31T16:07:43","guid":{"rendered":"https:\/\/www.ufsm.br\/cursos\/graduacao\/santa-maria\/medicina\/?page_id=490"},"modified":"2026-01-14T10:56:40","modified_gmt":"2026-01-14T13:56:40","slug":"departamentos-do-curso-de-medicina","status":"publish","type":"page","link":"https:\/\/www.ufsm.br\/cursos\/graduacao\/santa-maria\/medicina\/departamentos-do-curso-de-medicina","title":{"rendered":"Internatos"},"content":{"rendered":"\t\t<div data-elementor-type=\"wp-page\" data-elementor-id=\"490\" class=\"elementor elementor-490\">\n\t\t\t\t\t\t<section class=\"elementor-section elementor-top-section elementor-element elementor-element-2b3bc4b8 elementor-section-boxed elementor-section-height-default elementor-section-height-default\" data-id=\"2b3bc4b8\" data-element_type=\"section\">\n\t\t\t\t\t\t<div class=\"elementor-container elementor-column-gap-default\">\n\t\t\t\t\t<div class=\"elementor-column elementor-col-100 elementor-top-column elementor-element elementor-element-2e5f319c\" data-id=\"2e5f319c\" data-element_type=\"column\">\n\t\t\t<div class=\"elementor-widget-wrap elementor-element-populated\">\n\t\t\t\t\t\t<div class=\"elementor-element elementor-element-46e57c87 elementor-widget__width-initial elementor-widget elementor-widget-text-editor\" data-id=\"46e57c87\" data-element_type=\"widget\" data-widget_type=\"text-editor.default\">\n\t\t\t\t<div class=\"elementor-widget-container\">\n\t\t\t\t\t\t\t<p><a href=\"https:\/\/www.ufsm.br\/app\/uploads\/sites\/441\/2025\/06\/Manual-do-Internato-Curricular-v2025.pdf\">Manual do Internato<\/a><\/p>\n<p><a href=\"https:\/\/www.ufsm.br\/app\/uploads\/sites\/441\/2024\/11\/NORMATIVAS-PARA-SORTEIO-DE-GRUPOS-DO-INTERNATO.pdf\">Normativas para sorteio de grupos do Internato<\/a><\/p>\n<p><a style=\"font-size: 1rem;font-weight: var( --e-global-typography-text-font-weight );text-align: var(--bs-body-text-align)\" href=\"https:\/\/www.ufsm.br\/app\/uploads\/sites\/441\/2024\/09\/Ficha-CONTROLE-DE-FREQUENCIA.pdf\">Ficha de Controle de Frequ\u00eancia<\/a><\/p>\n<p><a href=\"https:\/\/www.ufsm.br\/app\/uploads\/sites\/441\/2024\/09\/Instrucoes-para-preenchimento-da-ficha-de-frequencia.pdf\">Instru\u00e7\u00f5es para preenchimento da ficha de frequ\u00eancia<\/a><\/p>\n<p><a href=\"https:\/\/www.ufsm.br\/app\/uploads\/sites\/441\/2023\/11\/Ficha-de-avaliacao.pdf\">Ficha de Avalia\u00e7\u00e3o<\/a><\/p>\n<p><!-- \/wp:paragraph --><\/p>\n<p><!-- wp:paragraph {\"fontSize\":\"medium\"} --><\/p>\n<p><a href=\"https:\/\/www.ufsm.br\/app\/uploads\/sites\/441\/2023\/04\/SOLICITACAO-DE-TROCA-DE-ESCALA.docx.pdf\">Solicita\u00e7\u00e3o de troca de escala<\/a><\/p>\n<p><!-- \/wp:paragraph --><\/p>\n<p><!-- wp:paragraph {\"fontSize\":\"medium\"} --><\/p>\n<p><a href=\"https:\/\/docs.google.com\/spreadsheets\/d\/15MGql3l9C9Kmjx4zjD9_CcrH4BmkNnNH\/edit?usp=sharing&amp;ouid=101759665932472518730&amp;rtpof=true&amp;sd=true\">Rota\u00e7\u00f5es do internato<\/a><\/p>\n<p><!-- \/wp:paragraph --><\/p>\n<p><!-- wp:paragraph {\"fontSize\":\"medium\"} --><\/p>\n<p><a href=\"https:\/\/www.ufsm.br\/cursos\/graduacao\/santa-maria\/medicina\/internato-eletivo\/\">Internato Eletivo A<\/a><\/p>\n<p><!-- \/wp:paragraph --><\/p>\n<p><!-- wp:paragraph {\"fontSize\":\"medium\"} --><\/p>\n<p><a href=\"https:\/\/www.ufsm.br\/cursos\/graduacao\/santa-maria\/medicina\/internato-em-atencao-primaria-a-saude-clm1043\/\" data-type=\"URL\" data-id=\"https:\/\/www.ufsm.br\/cursos\/graduacao\/santa-maria\/medicina\/internato-em-atencao-primaria-a-saude-clm1043\/\">Internato em Aten\u00e7\u00e3o Prim\u00e1ria a Sa\u00fade<\/a><\/p>\n<p><a href=\"https:\/\/www.ufsm.br\/cursos\/graduacao\/santa-maria\/medicina\/internato-em-saude-mentall\">Internato em Sa\u00fade Mental<\/a><\/p>\n<p><a href=\"https:\/\/www.ufsm.br\/cursos\/graduacao\/santa-maria\/medicina\/formularios\">Formul\u00e1rios<\/a><\/p>\n<p><a href=\"https:\/\/www.ufsm.br\/cursos\/graduacao\/santa-maria\/medicina\/internato-em-urgencia-e-emergencia-clinica\">Internato em Urg\u00eancia e Emerg\u00eancia Cl\u00ednica<\/a><\/p>\n<p><a href=\"https:\/\/www.ufsm.br\/app\/uploads\/sites\/441\/2026\/01\/avaliacao_teorica_internato_assinado.pdf\">Avalia\u00e7\u00e3o te\u00f3rica<\/a><\/p>\n<p>\u00a0<\/p>\n<p><!-- \/wp:paragraph --><\/p>\n<p><!-- wp:paragraph {\"fontSize\":\"medium\"} --><\/p>\n<p><!-- \/wp:paragraph --><\/p>\t\t\t\t\t\t<\/div>\n\t\t\t\t<\/div>\n\t\t\t\t\t<\/div>\n\t\t<\/div>\n\t\t\t\t\t<\/div>\n\t\t<\/section>\n\t\t\t\t<\/div>\n\t\t","protected":false},"excerpt":{"rendered":"<p>Manual do Internato Normativas para sorteio de grupos do Internato Ficha de Controle de Frequ\u00eancia Instru\u00e7\u00f5es para preenchimento da ficha de frequ\u00eancia Ficha de Avalia\u00e7\u00e3o Solicita\u00e7\u00e3o de troca de escala Rota\u00e7\u00f5es do internato Internato Eletivo A Internato em Aten\u00e7\u00e3o Prim\u00e1ria a Sa\u00fade Internato em Sa\u00fade Mental Formul\u00e1rios Internato em Urg\u00eancia e Emerg\u00eancia Cl\u00ednica Avalia\u00e7\u00e3o te\u00f3rica [&hellip;]<\/p>\n","protected":false},"author":1163,"featured_media":0,"parent":0,"menu_order":0,"comment_status":"closed","ping_status":"closed","template":"","meta":{"footnotes":""},"categories":[],"tags":[],"class_list":["post-490","page","type-page","status-publish","hentry"],"acf":[],"_links":{"self":[{"href":"https:\/\/www.ufsm.br\/cursos\/graduacao\/santa-maria\/medicina\/wp-json\/wp\/v2\/pages\/490","targetHints":{"allow":["GET"]}}],"collection":[{"href":"https:\/\/www.ufsm.br\/cursos\/graduacao\/santa-maria\/medicina\/wp-json\/wp\/v2\/pages"}],"about":[{"href":"https:\/\/www.ufsm.br\/cursos\/graduacao\/santa-maria\/medicina\/wp-json\/wp\/v2\/types\/page"}],"author":[{"embeddable":true,"href":"https:\/\/www.ufsm.br\/cursos\/graduacao\/santa-maria\/medicina\/wp-json\/wp\/v2\/users\/1163"}],"replies":[{"embeddable":true,"href":"https:\/\/www.ufsm.br\/cursos\/graduacao\/santa-maria\/medicina\/wp-json\/wp\/v2\/comments?post=490"}],"version-history":[{"count":0,"href":"https:\/\/www.ufsm.br\/cursos\/graduacao\/santa-maria\/medicina\/wp-json\/wp\/v2\/pages\/490\/revisions"}],"wp:attachment":[{"href":"https:\/\/www.ufsm.br\/cursos\/graduacao\/santa-maria\/medicina\/wp-json\/wp\/v2\/media?parent=490"}],"wp:term":[{"taxonomy":"category","embeddable":true,"href":"https:\/\/www.ufsm.br\/cursos\/graduacao\/santa-maria\/medicina\/wp-json\/wp\/v2\/categories?post=490"},{"taxonomy":"post_tag","embeddable":true,"href":"https:\/\/www.ufsm.br\/cursos\/graduacao\/santa-maria\/medicina\/wp-json\/wp\/v2\/tags?post=490"}],"curies":[{"name":"wp","href":"https:\/\/api.w.org\/{rel}","templated":true}]}}