{"id":967,"date":"2023-11-14T10:28:24","date_gmt":"2023-11-14T13:28:24","guid":{"rendered":"https:\/\/www.ufsm.br\/cursos\/graduacao\/santa-maria\/medicina\/?page_id=967"},"modified":"2023-11-14T11:44:53","modified_gmt":"2023-11-14T14:44:53","slug":"atividades-complementares-de-extensao-acex","status":"publish","type":"page","link":"https:\/\/www.ufsm.br\/cursos\/graduacao\/santa-maria\/medicina\/atividades-complementares-de-extensao-acex","title":{"rendered":"Atividades Complementares de Extens\u00e3o (ACEx)"},"content":{"rendered":"\n<p>A Resolu\u00e7\u00e3o n. 06\/2019 da UFSM, que aprovou a Pol\u00edtica de Extens\u00e3o da Universidade Federal de Santa Maria, estabelece:<br><strong>10% da CH total do curso em Atividades de Extens\u00e3o<\/strong><\/p>\n\n\n\n<p>O Curso de Medicina da UFSM possui carga hor\u00e1ria total de 8815 horas, logo a&nbsp;<strong>carga hor\u00e1ria Extensionista \u00e9 885h com 765h inclu\u00eddas nas disciplinas curriculares do pilar fixo do PPC e 120h em Atividades Complementares de Extens\u00e3o.<\/strong><br>As Atividades Complementares podem ser:<br>\u2013 Programas de Extens\u00e3o;<br>\u2013 Projetos de Extens\u00e3o;<br>\u2013 Cursos de Extens\u00e3o;<br>\u2013 Eventos cient\u00edficos cujo foco \u00e9 divulgar conhecimento na tem\u00e1tica de Extens\u00e3o.<br>Os estudantes poder\u00e3o engajar-se em a\u00e7\u00f5es de extens\u00e3o oferecidas por diferentes unidades de ensino, fomentando a experi\u00eancia em a\u00e7\u00f5es interdisciplinares.<\/p>\n\n\n\n<p>A valida\u00e7\u00e3o das horas de extens\u00e3o dever\u00e1 ser solicitadas pelos prov\u00e1veis formandos, ao final do curso, em prazo informado pela Secretaria do Curso.<\/p>\n","protected":false},"excerpt":{"rendered":"<p>A Resolu\u00e7\u00e3o n. 06\/2019 da UFSM, que aprovou a Pol\u00edtica de Extens\u00e3o da Universidade Federal de Santa Maria, estabelece:10% da CH total do curso em Atividades de Extens\u00e3o O Curso de Medicina da UFSM possui carga hor\u00e1ria total de 8815 horas, logo a&nbsp;carga hor\u00e1ria Extensionista \u00e9 885h com 765h inclu\u00eddas nas disciplinas curriculares do pilar [&hellip;]<\/p>\n","protected":false},"author":1163,"featured_media":0,"parent":0,"menu_order":0,"comment_status":"closed","ping_status":"closed","template":"","meta":{"footnotes":""},"categories":[],"tags":[],"class_list":["post-967","page","type-page","status-publish","hentry"],"acf":[],"_links":{"self":[{"href":"https:\/\/www.ufsm.br\/cursos\/graduacao\/santa-maria\/medicina\/wp-json\/wp\/v2\/pages\/967","targetHints":{"allow":["GET"]}}],"collection":[{"href":"https:\/\/www.ufsm.br\/cursos\/graduacao\/santa-maria\/medicina\/wp-json\/wp\/v2\/pages"}],"about":[{"href":"https:\/\/www.ufsm.br\/cursos\/graduacao\/santa-maria\/medicina\/wp-json\/wp\/v2\/types\/page"}],"author":[{"embeddable":true,"href":"https:\/\/www.ufsm.br\/cursos\/graduacao\/santa-maria\/medicina\/wp-json\/wp\/v2\/users\/1163"}],"replies":[{"embeddable":true,"href":"https:\/\/www.ufsm.br\/cursos\/graduacao\/santa-maria\/medicina\/wp-json\/wp\/v2\/comments?post=967"}],"version-history":[{"count":0,"href":"https:\/\/www.ufsm.br\/cursos\/graduacao\/santa-maria\/medicina\/wp-json\/wp\/v2\/pages\/967\/revisions"}],"wp:attachment":[{"href":"https:\/\/www.ufsm.br\/cursos\/graduacao\/santa-maria\/medicina\/wp-json\/wp\/v2\/media?parent=967"}],"wp:term":[{"taxonomy":"category","embeddable":true,"href":"https:\/\/www.ufsm.br\/cursos\/graduacao\/santa-maria\/medicina\/wp-json\/wp\/v2\/categories?post=967"},{"taxonomy":"post_tag","embeddable":true,"href":"https:\/\/www.ufsm.br\/cursos\/graduacao\/santa-maria\/medicina\/wp-json\/wp\/v2\/tags?post=967"}],"curies":[{"name":"wp","href":"https:\/\/api.w.org\/{rel}","templated":true}]}}