{"id":167,"date":"2018-12-07T09:04:23","date_gmt":"2018-12-07T11:04:23","guid":{"rendered":"https:\/\/www.ufsm.br\/cursos\/graduacao\/santa-maria\/meteorologia\/?page_id=167"},"modified":"2022-04-19T16:33:36","modified_gmt":"2022-04-19T19:33:36","slug":"pet","status":"publish","type":"page","link":"https:\/\/www.ufsm.br\/cursos\/graduacao\/santa-maria\/meteorologia\/pet","title":{"rendered":"PET"},"content":{"rendered":"<p>O grupo\u00a0<span class=\"il\">PET<\/span>\u00a0Ci\u00eancias Sociais Aplicadas (<span class=\"il\">PET<\/span>\u00a0CiSA), \u00e9 formado por tr\u00eas cursos da gradua\u00e7\u00e3o &#8211; Comunica\u00e7\u00e3o Social &#8211; Produ\u00e7\u00e3o Editorial, Meteorologia e Hist\u00f3ria &#8211; da Universidade Federal de Santa Maria (UFSM), articula-se por um eixo inter, multi e transdiciplinar. Adota-se a perspectiva de aprendizado e participa\u00e7\u00e3o coletiva, priorizando o compartilhamento de conhecimentos entre os diferentes cursos para a constru\u00e7\u00e3o conjunta de novos saberes.<\/p>\n<p>Os integrantes do curso de Meteorologia no PET CiSA s\u00e3o:<\/p>\n<p><strong>Andressa Gularte Ribas<\/strong><\/p>\n<p><strong>Douglas Carmo de Avila<\/strong><\/p>\n<div><strong>Lucas Caye da Silva<\/strong><\/div>\n<div><\/div>\n<div>Contato PET CiSA:\u00a0<span id=\"cloak75e999aea2171b1f8f8e848f956eb79a\"><a href=\"mailto:petcisa@gmail.com\" target=\"_blank\" rel=\"noopener noreferrer\">petcisa@gmail.com<\/a><\/span><\/div>\n<div><\/div>\n<div><strong><img decoding=\"async\" class=\"\" src=\"http:\/\/meteorologia.ufsm.br\/images\/pet_logo.png\" alt=\"pet logo\" width=\"215\" height=\"214\" \/><\/strong><\/div>\n","protected":false},"excerpt":{"rendered":"<p>O grupo\u00a0PET\u00a0Ci\u00eancias Sociais Aplicadas (PET\u00a0CiSA), \u00e9 formado por tr\u00eas cursos da gradua\u00e7\u00e3o &#8211; Comunica\u00e7\u00e3o Social &#8211; Produ\u00e7\u00e3o Editorial, Meteorologia e Hist\u00f3ria &#8211; da Universidade Federal de Santa Maria (UFSM), articula-se por um eixo inter, multi e transdiciplinar. Adota-se a perspectiva de aprendizado e participa\u00e7\u00e3o coletiva, priorizando o compartilhamento de conhecimentos entre os diferentes cursos para [&hellip;]<\/p>\n","protected":false},"author":194,"featured_media":0,"parent":0,"menu_order":0,"comment_status":"closed","ping_status":"closed","template":"","meta":{"footnotes":""},"categories":[],"tags":[],"class_list":["post-167","page","type-page","status-publish","hentry"],"acf":[],"_links":{"self":[{"href":"https:\/\/www.ufsm.br\/cursos\/graduacao\/santa-maria\/meteorologia\/wp-json\/wp\/v2\/pages\/167","targetHints":{"allow":["GET"]}}],"collection":[{"href":"https:\/\/www.ufsm.br\/cursos\/graduacao\/santa-maria\/meteorologia\/wp-json\/wp\/v2\/pages"}],"about":[{"href":"https:\/\/www.ufsm.br\/cursos\/graduacao\/santa-maria\/meteorologia\/wp-json\/wp\/v2\/types\/page"}],"author":[{"embeddable":true,"href":"https:\/\/www.ufsm.br\/cursos\/graduacao\/santa-maria\/meteorologia\/wp-json\/wp\/v2\/users\/194"}],"replies":[{"embeddable":true,"href":"https:\/\/www.ufsm.br\/cursos\/graduacao\/santa-maria\/meteorologia\/wp-json\/wp\/v2\/comments?post=167"}],"version-history":[{"count":0,"href":"https:\/\/www.ufsm.br\/cursos\/graduacao\/santa-maria\/meteorologia\/wp-json\/wp\/v2\/pages\/167\/revisions"}],"wp:attachment":[{"href":"https:\/\/www.ufsm.br\/cursos\/graduacao\/santa-maria\/meteorologia\/wp-json\/wp\/v2\/media?parent=167"}],"wp:term":[{"taxonomy":"category","embeddable":true,"href":"https:\/\/www.ufsm.br\/cursos\/graduacao\/santa-maria\/meteorologia\/wp-json\/wp\/v2\/categories?post=167"},{"taxonomy":"post_tag","embeddable":true,"href":"https:\/\/www.ufsm.br\/cursos\/graduacao\/santa-maria\/meteorologia\/wp-json\/wp\/v2\/tags?post=167"}],"curies":[{"name":"wp","href":"https:\/\/api.w.org\/{rel}","templated":true}]}}