{"id":210,"date":"2018-12-07T09:37:24","date_gmt":"2018-12-07T11:37:24","guid":{"rendered":"https:\/\/www.ufsm.br\/cursos\/graduacao\/santa-maria\/meteorologia\/?page_id=210"},"modified":"2021-06-29T17:03:33","modified_gmt":"2021-06-29T20:03:33","slug":"estagio-curricular","status":"publish","type":"page","link":"https:\/\/www.ufsm.br\/cursos\/graduacao\/santa-maria\/meteorologia\/estagio-curricular","title":{"rendered":"Est\u00e1gio Curricular"},"content":{"rendered":"<p class=\"western\">A grade curricular do Curso de Meteorologia da Universidade Federal de Santa Maria (UFSM) \u00e9 composta de uma carga hor\u00e1ria de 3300 horas, das quais 2340 horas constituem a parte fixa e 960 horas constituem a parte flex\u00edvel &#8211;\u00a0entre Disciplinas e Atividades Complementares de Gradua\u00e7\u00e3o. Das 2340 horas que comp\u00f5em a parte fixa, 90 horas dever\u00e3o ser dedicadas \u00e0s atividades de Est\u00e1gio Curricular. Todos os aspectos administrativos e legais associados ao desenvolvimento do Est\u00e1gio Curricular devem respeitar o Regimento Geral da UFSM e a Lei 11.788 de 25 de setembro de 2008.\u00a0\u00a0Esta atividade est\u00e1 organizada na grade curricular como uma disciplina, com a seguinte identifica\u00e7\u00e3o:<\/p>\n<p dir=\"ltr\"><strong>Nome:<\/strong>\u00a0Est\u00e1gio Curricular<br \/>\n<strong>C\u00f3digo:<\/strong>\u00a0FSC 1022<br \/>\n<strong>Car\u00e1ter:<\/strong>\u00a0Obrigat\u00f3rio<br \/>\n<strong>Carga hor\u00e1ria:<\/strong>\u00a090h<\/p>\n<p>Para cursar esta disciplina o(a) acad\u00eamico(a) deve ter cursado as seguintes disciplinas:\u00a0Termodin\u00e2mica da Atmosfera, Din\u00e2mica da Atmosfera I, Din\u00e2mica da Atmosfera II, e Meteorologia Sin\u00f3tica. A disciplina de Est\u00e1gio Curricular \u00e9 ministada por um(a)\u00a0<a href=\"https:\/\/www.ufsm.br\/cursos\/graduacao\/santa-maria\/meteorologia\/nucleo-de-disciplinas\/\" target=\"_blank\" rel=\"noopener noreferrer\">professor(a) que ministre disciplinas espec\u00edficas<\/a>\u00a0no curso.\u00a0A avalia\u00e7\u00e3o do est\u00e1gio \u00e9 realizada pelo(a) professor da disciplina, atrav\u00e9s de um relat\u00f3rio (<a href=\"https:\/\/www.ufsm.br\/cursos\/graduacao\/santa-maria\/meteorologia\/wp-content\/uploads\/sites\/453\/2018\/12\/relatorio_simples.pdf\" target=\"_blank\" rel=\"noopener noreferrer\">modelo de relat\u00f3rio<\/a>) e uma apresenta\u00e7\u00e3o. A crit\u00e9rio do(a) docente uma avalia\u00e7\u00e3o realizada no local de est\u00e1gio pode compor a m\u00e9dia do(a) aluno(a) (<a href=\"https:\/\/www.ufsm.br\/cursos\/graduacao\/santa-maria\/meteorologia\/wp-content\/uploads\/sites\/453\/2018\/12\/ficha_avaliacao_estagio.pdf\" target=\"_blank\" rel=\"noopener noreferrer\">planilha de avalia\u00e7\u00e3o externa<\/a>).<\/p>\n<p>As normas que regem a disciplina s\u00e3o discutidas pelo\u00a0<a href=\"https:\/\/www.ufsm.br\/cursos\/graduacao\/santa-maria\/meteorologia\/colegiado-e-nde\/\" target=\"_self\" rel=\"noopener\">N\u00facleo Docente Estruturante (NDE)<\/a>\u00a0e posteriormente aprovadas\/alteradas pelo\u00a0<a href=\"https:\/\/www.ufsm.br\/cursos\/graduacao\/santa-maria\/meteorologia\/colegiado-e-nde\/\" target=\"_self\" rel=\"noopener\">Colegiado do Curso de Meteorologia<\/a>. A normativa atual, com todas as informa\u00e7\u00f5es sobre o est\u00e1gio curricular est\u00e1 dispon\u00edvel\u00a0<a href=\"https:\/\/www.ufsm.br\/cursos\/graduacao\/santa-maria\/meteorologia\/wp-content\/uploads\/sites\/453\/2018\/12\/estagio_normas_meteorologia_final.pdf\" target=\"_blank\" rel=\"noopener noreferrer\">aqui<\/a>.<\/p>\n<p>Motivado pelas a\u00e7\u00f5es de combate \u00e0 dissemina\u00e7\u00e3o da doen\u00e7a COVID-19, a disciplina obrigat\u00f3ria FSC-1022, Est\u00e1gio Curricular, ser\u00e1 admitida sua realiza\u00e7\u00e3o remota por meio de tecnologias educacionais em rede, dentro do per\u00edodo de autoriza\u00e7\u00e3o tratado na Portaria n\u00ba 544 do MEC (at\u00e9 o dia 31 de dezembro de 2020), ou, na hip\u00f3tese de prorroga\u00e7\u00e3o deste prazo, outra data que seja oficialmente adotada pelo MEC para denotar o per\u00edodo extraordin\u00e1rio de que trata a Portaria n\u00ba 544. Detalhes sobre este processo s\u00e3o disponibilizados no Anexo ao Plano Pedag\u00f3gico do Curso dispon\u00edvel <a href=\"https:\/\/www.ufsm.br\/app\/uploads\/sites\/453\/2021\/06\/Processo_23081026864202056_ajuste_PPC_18ago2020.pdf\">aqui<\/a>.<\/p>\n","protected":false},"excerpt":{"rendered":"<p>A grade curricular do Curso de Meteorologia da Universidade Federal de Santa Maria (UFSM) \u00e9 composta de uma carga hor\u00e1ria de 3300 horas, das quais 2340 horas constituem a parte fixa e 960 horas constituem a parte flex\u00edvel &#8211;\u00a0entre Disciplinas e Atividades Complementares de Gradua\u00e7\u00e3o. Das 2340 horas que comp\u00f5em a parte fixa, 90 horas [&hellip;]<\/p>\n","protected":false},"author":194,"featured_media":0,"parent":0,"menu_order":0,"comment_status":"closed","ping_status":"closed","template":"","meta":{"footnotes":""},"categories":[],"tags":[],"class_list":["post-210","page","type-page","status-publish","hentry"],"acf":[],"_links":{"self":[{"href":"https:\/\/www.ufsm.br\/cursos\/graduacao\/santa-maria\/meteorologia\/wp-json\/wp\/v2\/pages\/210","targetHints":{"allow":["GET"]}}],"collection":[{"href":"https:\/\/www.ufsm.br\/cursos\/graduacao\/santa-maria\/meteorologia\/wp-json\/wp\/v2\/pages"}],"about":[{"href":"https:\/\/www.ufsm.br\/cursos\/graduacao\/santa-maria\/meteorologia\/wp-json\/wp\/v2\/types\/page"}],"author":[{"embeddable":true,"href":"https:\/\/www.ufsm.br\/cursos\/graduacao\/santa-maria\/meteorologia\/wp-json\/wp\/v2\/users\/194"}],"replies":[{"embeddable":true,"href":"https:\/\/www.ufsm.br\/cursos\/graduacao\/santa-maria\/meteorologia\/wp-json\/wp\/v2\/comments?post=210"}],"version-history":[{"count":0,"href":"https:\/\/www.ufsm.br\/cursos\/graduacao\/santa-maria\/meteorologia\/wp-json\/wp\/v2\/pages\/210\/revisions"}],"wp:attachment":[{"href":"https:\/\/www.ufsm.br\/cursos\/graduacao\/santa-maria\/meteorologia\/wp-json\/wp\/v2\/media?parent=210"}],"wp:term":[{"taxonomy":"category","embeddable":true,"href":"https:\/\/www.ufsm.br\/cursos\/graduacao\/santa-maria\/meteorologia\/wp-json\/wp\/v2\/categories?post=210"},{"taxonomy":"post_tag","embeddable":true,"href":"https:\/\/www.ufsm.br\/cursos\/graduacao\/santa-maria\/meteorologia\/wp-json\/wp\/v2\/tags?post=210"}],"curies":[{"name":"wp","href":"https:\/\/api.w.org\/{rel}","templated":true}]}}