{"id":215,"date":"2018-12-07T09:40:26","date_gmt":"2018-12-07T11:40:26","guid":{"rendered":"https:\/\/www.ufsm.br\/cursos\/graduacao\/santa-maria\/meteorologia\/?page_id=215"},"modified":"2018-12-07T09:40:26","modified_gmt":"2018-12-07T11:40:26","slug":"tcc","status":"publish","type":"page","link":"https:\/\/www.ufsm.br\/cursos\/graduacao\/santa-maria\/meteorologia\/tcc","title":{"rendered":"TCC"},"content":{"rendered":"<p>A grade curricular do Curso de Gradua\u00e7\u00e3o em Meteorologia da Universidade Federal de Santa Maria (UFSM) prev\u00ea a elabora\u00e7\u00e3o, pelo(a) acad\u00eamico(a), de um Trabalho de Conclus\u00e3o de Curso (TCC) como parte das atividades\/disciplinas obrigat\u00f3rias do Curso. \u00a0Esta atividade est\u00e1 organizada na grade curricular como uma disciplina, com a seguinte identifica\u00e7\u00e3o:<\/p>\n<p dir=\"ltr\"><strong>Nome:<\/strong>\u00a0Trabalho de Conclus\u00e3o de Curso<br \/>\n<strong>C\u00f3digo:<\/strong>\u00a0FSC 1093<br \/>\n<strong>Car\u00e1ter:<\/strong>\u00a0Obrigat\u00f3rio<br \/>\n<strong>Carga hor\u00e1ria:<\/strong>\u00a060h<\/p>\n<p>Para cursar esta disciplina o(a) acad\u00eamico(a) deve ter cursado as seguintes disciplinas:\u00a0Termodin\u00e2mica da Atmosfera, Din\u00e2mica da Atmosfera I, Din\u00e2mica da Atmosfera II, e Meteorologia Sin\u00f3tica.<\/p>\n<p>Al\u00e9m do(a) professor(a) respons\u00e1vel pela disciplina, o acad\u00eamico(a) conta com a orienta\u00e7\u00e3o direta de um(a) professor(a)\/pesquisador(a) na realiza\u00e7\u00e3o de seu TCC. Podem ser orientadores(as) de TCC no Curso de Meteorologia os\u00a0<a href=\"https:\/\/www.ufsm.br\/cursos\/graduacao\/santa-maria\/meteorologia\/nucleo-de-disciplinas\/\" target=\"_blank\" rel=\"noopener noreferrer\">professores(as) que ministram disciplinas espec\u00edficas<\/a>\u00a0do curso ou pesquisadores(as) do CRS\/INPE.\u00a0A avalia\u00e7\u00e3o do TCC \u00e9 realizada por uma banca espec\u00edfica, composta por tr\u00eas avaliadores. As normas que regem a disciplina s\u00e3o discutidas pelo\u00a0<a href=\"https:\/\/www.ufsm.br\/cursos\/graduacao\/santa-maria\/meteorologia\/colegiado-e-nde\/\" target=\"_self\">N\u00facleo Docente Estruturante (NDE)<\/a>\u00a0e posteriormente aprovadas\/alteradas pelo\u00a0<a href=\"https:\/\/www.ufsm.br\/cursos\/graduacao\/santa-maria\/meteorologia\/colegiado-e-nde\/\" target=\"_self\">Colegiado do Curso de Meteorologia<\/a>. A normativa atual, com todas as informa\u00e7\u00f5es sobre o TCC est\u00e1 dispon\u00edvel\u00a0<a href=\"https:\/\/www.ufsm.br\/cursos\/graduacao\/santa-maria\/meteorologia\/wp-content\/uploads\/sites\/453\/2018\/12\/TCC_normas_meteorologia_NDE-COLEGIADO.pdf\" target=\"_blank\" rel=\"noopener noreferrer\">aqui<\/a>.<\/p>\n<p>A formata\u00e7\u00e3o do trabalho deve seguir as normas vigentes da UFSM. Atualmente, a norma \u00e9 a\u00a0<a href=\"http:\/\/w3.ufsm.br\/biblioteca\/index.php\/sib-ufsm\/normas\" target=\"_self\">MDT 2015<\/a>.<\/p>\n<p>Para aqueles que desejarem, existe uma classe\u00a0<a href=\"https:\/\/pt.wikipedia.org\/wiki\/LaTeX\" target=\"_blank\" rel=\"noopener noreferrer\">LaTeX<\/a>\u00a0(em constante desenvolvimento) para as normas da UFSM. Essa classe \u00e9 desenvolvida, em grande parte, pelo Grupo de Meteorologia da UFSM e pode ser obtida\u00a0<a href=\"https:\/\/www.ufsm.br\/cursos\/graduacao\/santa-maria\/meteorologia\/wp-content\/uploads\/sites\/453\/2018\/12\/ufsm_latex_2015.tar_.gz\" target=\"_blank\" rel=\"noopener noreferrer\">neste link<\/a>. Al\u00e9m disso, o grupo de emails\u00a0<span id=\"cloak359a35603e4714c3b50aef6c43cedc1c\"><a href=\"mailto:latexufsm@googlegroups.com\" target=\"_blank\" rel=\"noopener noreferrer\">latexufsm@googlegroups.com<\/a><\/span>\u00a0\u00e9 o canal de comunica\u00e7\u00e3o para d\u00favidas e divulga\u00e7\u00e3o de novas vers\u00f5es da classe.<\/p>\n","protected":false},"excerpt":{"rendered":"<p>A grade curricular do Curso de Gradua\u00e7\u00e3o em Meteorologia da Universidade Federal de Santa Maria (UFSM) prev\u00ea a elabora\u00e7\u00e3o, pelo(a) acad\u00eamico(a), de um Trabalho de Conclus\u00e3o de Curso (TCC) como parte das atividades\/disciplinas obrigat\u00f3rias do Curso. \u00a0Esta atividade est\u00e1 organizada na grade curricular como uma disciplina, com a seguinte identifica\u00e7\u00e3o: Nome:\u00a0Trabalho de Conclus\u00e3o de Curso [&hellip;]<\/p>\n","protected":false},"author":194,"featured_media":0,"parent":0,"menu_order":0,"comment_status":"closed","ping_status":"closed","template":"","meta":{"footnotes":""},"categories":[],"tags":[],"class_list":["post-215","page","type-page","status-publish","hentry"],"acf":[],"_links":{"self":[{"href":"https:\/\/www.ufsm.br\/cursos\/graduacao\/santa-maria\/meteorologia\/wp-json\/wp\/v2\/pages\/215","targetHints":{"allow":["GET"]}}],"collection":[{"href":"https:\/\/www.ufsm.br\/cursos\/graduacao\/santa-maria\/meteorologia\/wp-json\/wp\/v2\/pages"}],"about":[{"href":"https:\/\/www.ufsm.br\/cursos\/graduacao\/santa-maria\/meteorologia\/wp-json\/wp\/v2\/types\/page"}],"author":[{"embeddable":true,"href":"https:\/\/www.ufsm.br\/cursos\/graduacao\/santa-maria\/meteorologia\/wp-json\/wp\/v2\/users\/194"}],"replies":[{"embeddable":true,"href":"https:\/\/www.ufsm.br\/cursos\/graduacao\/santa-maria\/meteorologia\/wp-json\/wp\/v2\/comments?post=215"}],"version-history":[{"count":0,"href":"https:\/\/www.ufsm.br\/cursos\/graduacao\/santa-maria\/meteorologia\/wp-json\/wp\/v2\/pages\/215\/revisions"}],"wp:attachment":[{"href":"https:\/\/www.ufsm.br\/cursos\/graduacao\/santa-maria\/meteorologia\/wp-json\/wp\/v2\/media?parent=215"}],"wp:term":[{"taxonomy":"category","embeddable":true,"href":"https:\/\/www.ufsm.br\/cursos\/graduacao\/santa-maria\/meteorologia\/wp-json\/wp\/v2\/categories?post=215"},{"taxonomy":"post_tag","embeddable":true,"href":"https:\/\/www.ufsm.br\/cursos\/graduacao\/santa-maria\/meteorologia\/wp-json\/wp\/v2\/tags?post=215"}],"curies":[{"name":"wp","href":"https:\/\/api.w.org\/{rel}","templated":true}]}}